{"id":9,"date":"2025-11-13T18:41:16","date_gmt":"2025-11-13T18:41:16","guid":{"rendered":"https:\/\/www.fresnillo.gob.mx\/Atencion-Ciudadana\/?page_id=9"},"modified":"2025-11-13T18:41:16","modified_gmt":"2025-11-13T18:41:16","slug":"inicio","status":"publish","type":"page","link":"https:\/\/www.fresnillo.gob.mx\/Atencion-Ciudadana\/","title":{"rendered":"Inicio"},"content":{"rendered":"        <section class=\"frc-hero-min\">\r\n          <div class=\"frc-hero-min__inner\">\r\n            <h1 class=\"frc-hero-min__title\">Atenci\u00f3n Ciudadana<\/h1>\r\n            <div class=\"frc-hero-min__bar\" aria-hidden=\"true\"><\/div>\r\n            <p class=\"frc-hero-min__sub\">Env\u00edanos tu denuncia a trav\u00e9s de esta plataforma para darle seguimiento en el \u00e1rea correspondiente, intentaremos darte una respuesta lo m\u00e1s pronto posible.<\/p>\r\n\r\n            <div class=\"frc-hero-min__actions\">\r\n              <a class=\"frc-btn-lg\" href=\"https:\/\/www.fresnillo.gob.mx\/Atencion-Ciudadana\/atencion-ciudadana\/levantar-reporte\/\">\r\n                <span class=\"frc-btn-ico\" aria-hidden=\"true\">\r\n                  <!-- chat bubble svg -->\r\n                  <svg viewBox=\"0 0 24 24\" width=\"18\" height=\"18\" fill=\"currentColor\"><path d=\"M2 12a8 8 0 0 1 8-8h4a8 8 0 1 1 0 16h-2.2l-3.7 2.6a1 1 0 0 1-1.6-.8V20A8 8 0 0 1 2 12Z\"\/><\/svg>\r\n                <\/span>\r\n                Denunciar              <\/a>\r\n\r\n              <a class=\"frc-btn-lg ghost\" href=\"https:\/\/www.fresnillo.gob.mx\/Atencion-Ciudadana\/atencion-ciudadana\/seguimiento-de-reporte\/\">\r\n                <span class=\"frc-btn-ico\" aria-hidden=\"true\">\r\n                  <!-- search svg -->\r\n                  <svg viewBox=\"0 0 24 24\" width=\"18\" height=\"18\" fill=\"currentColor\"><path d=\"M15.5 14h-.8l-.3-.3a6.5 6.5 0 1 0-.9.9l.3.3v.8l5 5 1.5-1.5-5-5Zm-6 0A4.5 4.5 0 1 1 14 9.5 4.5 4.5 0 0 1 9.5 14Z\"\/><\/svg>\r\n                <\/span>\r\n                Consultar              <\/a>\r\n            <\/div>\r\n          <\/div>\r\n        <\/section>\r\n        \n","protected":false},"excerpt":{"rendered":"","protected":false},"author":1,"featured_media":0,"parent":0,"menu_order":0,"comment_status":"closed","ping_status":"closed","template":"","meta":{"footnotes":""},"class_list":["post-9","page","type-page","status-publish","hentry"],"_links":{"self":[{"href":"https:\/\/www.fresnillo.gob.mx\/Atencion-Ciudadana\/wp-json\/wp\/v2\/pages\/9","targetHints":{"allow":["GET"]}}],"collection":[{"href":"https:\/\/www.fresnillo.gob.mx\/Atencion-Ciudadana\/wp-json\/wp\/v2\/pages"}],"about":[{"href":"https:\/\/www.fresnillo.gob.mx\/Atencion-Ciudadana\/wp-json\/wp\/v2\/types\/page"}],"author":[{"embeddable":true,"href":"https:\/\/www.fresnillo.gob.mx\/Atencion-Ciudadana\/wp-json\/wp\/v2\/users\/1"}],"replies":[{"embeddable":true,"href":"https:\/\/www.fresnillo.gob.mx\/Atencion-Ciudadana\/wp-json\/wp\/v2\/comments?post=9"}],"version-history":[{"count":1,"href":"https:\/\/www.fresnillo.gob.mx\/Atencion-Ciudadana\/wp-json\/wp\/v2\/pages\/9\/revisions"}],"predecessor-version":[{"id":11,"href":"https:\/\/www.fresnillo.gob.mx\/Atencion-Ciudadana\/wp-json\/wp\/v2\/pages\/9\/revisions\/11"}],"wp:attachment":[{"href":"https:\/\/www.fresnillo.gob.mx\/Atencion-Ciudadana\/wp-json\/wp\/v2\/media?parent=9"}],"curies":[{"name":"wp","href":"https:\/\/api.w.org\/{rel}","templated":true}]}}