{"id":13,"date":"2025-10-31T16:25:16","date_gmt":"2025-10-31T16:25:16","guid":{"rendered":"https:\/\/www.fresnillo.gob.mx\/Portal_Licitaciones\/?page_id=13"},"modified":"2025-12-04T17:29:32","modified_gmt":"2025-12-04T17:29:32","slug":"licitaciones","status":"publish","type":"page","link":"https:\/\/www.fresnillo.gob.mx\/Portal_Licitaciones\/","title":{"rendered":"Licitaciones"},"content":{"rendered":"<div class=\"lic-listado\"><h1>Licitaciones<\/h1><table class=\"lic-table\"><thead><tr><th>No.<\/th><th>Nombre<\/th><th>Inicio y t\u00e9rmino<\/th><\/tr><\/thead><tbody><tr>\n            <td class=\"lic-num\">MF SA LP AE IP-02-26<\/td>\n            <td class=\"lic-name\"><a href=\"https:\/\/www.fresnillo.gob.mx\/Portal_Licitaciones\/licitaciones\/adquisicion-de-software\/\">ADQUISICI\u00d3N DE SOFTWARE<\/a><\/td>\n            <td class=\"lic-fechas\">2026\/04\/23 \u2013 2026\/05\/22<\/td>\n          <\/tr><tr>\n            <td class=\"lic-num\">MF SA LP AE IP-01-26<\/td>\n            <td class=\"lic-name\"><a href=\"https:\/\/www.fresnillo.gob.mx\/Portal_Licitaciones\/licitaciones\/adquisicion-de-articulos-de-limpieza\/\">ADQUISICI\u00d3N DE ART\u00cdCULOS DE LIMPIEZA<\/a><\/td>\n            <td class=\"lic-fechas\">2026\/04\/23 \u2013 2026\/08\/20<\/td>\n          <\/tr><tr>\n            <td class=\"lic-num\">MF OP LP AE FIV-01-26<\/td>\n            <td class=\"lic-name\"><a href=\"https:\/\/www.fresnillo.gob.mx\/Portal_Licitaciones\/licitaciones\/adquisicion-de-luminarias-para-alumbrado-publico\/\">ADQUISICI\u00d3N DE LUMINARIAS EN DIVERSOS PUNTOS ESTRAT\u00c9GICOS DEL TERRITORIO MUNICIPAL<\/a><\/td>\n            <td class=\"lic-fechas\">2026\/04\/21 \u2013 2026\/05\/20<\/td>\n          <\/tr><tr>\n            <td class=\"lic-num\">MF IC CP AS IP-01-26<\/td>\n            <td class=\"lic-name\"><a href=\"https:\/\/www.fresnillo.gob.mx\/Portal_Licitaciones\/licitaciones\/contratacion-de-servicios-para-el-festival-cultural-fresnillo-2026\/\">CONTRATACI\u00d3N DE SERVICIOS PARA EL FESTIVAL CULTURAL FRESNILLO 2026<\/a><\/td>\n            <td class=\"lic-fechas\">2026\/04\/13 \u2013 2026\/04\/19<\/td>\n          <\/tr><tr>\n            <td class=\"lic-num\">MF CS CP AS IP-01-26<\/td>\n            <td class=\"lic-name\"><a href=\"https:\/\/www.fresnillo.gob.mx\/Portal_Licitaciones\/licitaciones\/servicio-de-material-en-frio-para-comunicacion-social-del-ayuntamiento-de-fresnillo-zacatecas\/\">SERVICIO DE MATERIAL EN FR\u00cdO PARA COMUNICACI\u00d3N SOCIAL DEL AYUNTAMIENTO DE FRESNILLO, ZACATECAS<\/a><\/td>\n            <td class=\"lic-fechas\">2026\/02\/05 \u2013 2026\/02\/14<\/td>\n          <\/tr><tr>\n            <td class=\"lic-num\">MF OP AD OF RVUPE-05-25<\/td>\n            <td class=\"lic-name\"><a href=\"https:\/\/www.fresnillo.gob.mx\/Portal_Licitaciones\/licitaciones\/pavimentacion-con-mezcla-asfaltica-guarniciones-y-banquetas-de-concreto-hidraulico-en-la-calle-honduras-cuerpo-b-entre-calle-gabriel-lugo-y-av-enrique-estrada-en-fresnillo-zacatecas-3\/\">PAVIMENTACI\u00d3N CON MEZCLA ASFALTICA, GUARNICIONES Y BANQUETAS DE CONCRETO HIDR\u00c1ULICO EN LA CALLE HONDURAS CUERPO B, ENTRE CALLE GABRIEL LUGO Y AV. ENRIQUE ESTRADA, EN FRESNILLO, ZACATECAS.<\/a><\/td>\n            <td class=\"lic-fechas\">2025\/12\/31 \u2013 2026\/06\/28<\/td>\n          <\/tr><tr>\n            <td class=\"lic-num\">MF OP AD OF RVUPE-04-25<\/td>\n            <td class=\"lic-name\"><a href=\"https:\/\/www.fresnillo.gob.mx\/Portal_Licitaciones\/licitaciones\/pavimentacion-con-mezcla-asfaltica-guarniciones-y-banquetas-de-concreto-hidraulico-en-la-calle-honduras-cuerpo-a-entre-calle-gabriel-lugo-y-av-enrique-estrada-en-fresnillo-zacatecas-3\/\">PAVIMENTACI\u00d3N CON MEZCLA ASFALTICA, GUARNICIONES Y BANQUETAS DE CONCRETO HIDR\u00c1ULICO EN LA CALLE HONDURAS CUERPO A, ENTRE CALLE GABRIEL LUGO Y AV. ENRIQUE ESTRADA, EN FRESNILLO, ZACATECAS.<\/a><\/td>\n            <td class=\"lic-fechas\">2025\/12\/31 \u2013 2026\/06\/28<\/td>\n          <\/tr><tr>\n            <td class=\"lic-num\">MF OP AD OF RVUPE-03-25<\/td>\n            <td class=\"lic-name\"><a href=\"https:\/\/www.fresnillo.gob.mx\/Portal_Licitaciones\/licitaciones\/pavimentacion-guarniciones-y-banquetas-de-concreto-hidraulico-en-la-calle-jacarandas-entre-calle-de-los-cipreses-y-calle-de-los-abedules-fresnillo-zacatecas\/\">PAVIMENTACI\u00d3N, GUARNICIONES Y BANQUETAS DE CONCRETO HIDR\u00c1ULICO EN LA CALLE JACARANDAS ENTRE CALLE DE LOS CIPRESES Y CALLE DE LOS ABEDULES FRESNILLO, ZACATECAS<\/a><\/td>\n            <td class=\"lic-fechas\">2025\/12\/31 \u2013 2026\/03\/30<\/td>\n          <\/tr><tr>\n            <td class=\"lic-num\">MF OP AD OF RVUPE-02-25<\/td>\n            <td class=\"lic-name\"><a href=\"https:\/\/www.fresnillo.gob.mx\/Portal_Licitaciones\/licitaciones\/pavimentacion-con-mezcla-asfaltica-guarniciones-y-banquetas-de-concreto-hidraulico-en-la-calle-honduras-cuerpo-b-entre-calle-gabriel-lugo-y-av-enrique-estrada-en-fresnillo-zacatecas-2\/\">PAVIMENTACI\u00d3N CON MEZCLA ASFALTICA, GUARNICIONES Y BANQUETAS DE CONCRETO HIDR\u00c1ULICO EN LA CALLE HONDURAS CUERPO B, ENTRE CALLE GABRIEL LUGO Y AV. ENRIQUE ESTRADA, EN FRESNILLO, ZACATECAS.<\/a><\/td>\n            <td class=\"lic-fechas\">2025\/12\/31 \u2013 2026\/06\/28<\/td>\n          <\/tr><tr>\n            <td class=\"lic-num\">MF OP AD OF RVUPE-01-25<\/td>\n            <td class=\"lic-name\"><a href=\"https:\/\/www.fresnillo.gob.mx\/Portal_Licitaciones\/licitaciones\/pavimentacion-con-mezcla-asfaltica-guarniciones-y-banquetas-de-concreto-hidraulico-en-la-calle-honduras-cuerpo-a-entre-calle-gabriel-lugo-y-av-enrique-estrada-en-fresnillo-zacatecas-2\/\">PAVIMENTACI\u00d3N CON MEZCLA ASFALTICA, GUARNICIONES Y BANQUETAS DE CONCRETO HIDR\u00c1ULICO EN LA CALLE HONDURAS CUERPO A, ENTRE CALLE GABRIEL LUGO Y AV. ENRIQUE ESTRADA, EN FRESNILLO, ZACATECAS.<\/a><\/td>\n            <td class=\"lic-fechas\">2025\/12\/31 \u2013 2026\/06\/28<\/td>\n          <\/tr><tr>\n            <td class=\"lic-num\">MF OP IR OF RVUPE-01-25<\/td>\n            <td class=\"lic-name\"><a href=\"https:\/\/www.fresnillo.gob.mx\/Portal_Licitaciones\/licitaciones\/pavimentacion-guarniciones-y-banquetas-de-concreto-hidraulico-en-la-calle-industria-artesanal-entre-calle-industria-maderera-y-calle-industria-hotelera-fresnillo-zacatecas\/\">PAVIMENTACI\u00d3N, GUARNICIONES Y BANQUETAS DE CONCRETO HIDR\u00c1ULICO EN LA CALLE INDUSTRIA ARTESANAL ENTRE CALLE INDUSTRIA MADERERA Y CALLE INDUSTRIA HOTELERA FRESNILLO, ZACATECAS.<\/a><\/td>\n            <td class=\"lic-fechas\">2026\/01\/01 \u2013 2026\/05\/30<\/td>\n          <\/tr><tr>\n            <td class=\"lic-num\">MF SS CP AS FIV-01-25<\/td>\n            <td class=\"lic-name\"><a href=\"https:\/\/www.fresnillo.gob.mx\/Portal_Licitaciones\/licitaciones\/adquisicion-de-polizas-de-seguros-de-vida-para-el-personal-de-seguridad-publica-de-fresnillo-zacatecas\/\">ADQUISICI\u00d3N DE P\u00d3LIZAS DE SEGUROS DE VIDA PARA EL PERSONAL DE SEGURIDAD P\u00daBLICA DE FRESNILLO, ZACATECAS<\/a><\/td>\n            <td class=\"lic-fechas\">2026\/01\/01 \u2013 2026\/12\/31<\/td>\n          <\/tr><tr>\n            <td class=\"lic-num\">MF SS CP AE FIV-01-25<\/td>\n            <td class=\"lic-name\"><a href=\"https:\/\/www.fresnillo.gob.mx\/Portal_Licitaciones\/licitaciones\/adquisicion-de-2-vehiculos-para-seguridad-publica-de-fresnillo-zacatecas\/\">ADQUISICION DE 2 VEH\u00cdCULOS PARA SEGURIDAD P\u00daBLICA DE FRESNILLO, ZACATECAS<\/a><\/td>\n            <td class=\"lic-fechas\">2025\/12\/30 \u2013 2025\/12\/31<\/td>\n          <\/tr><tr>\n            <td class=\"lic-num\">MF DS AD OE FIII-29-25<\/td>\n            <td class=\"lic-name\"><a href=\"https:\/\/www.fresnillo.gob.mx\/Portal_Licitaciones\/licitaciones\/suministro-de-mezcla-asfaltica-para-aplicacion-en-diferentes-colonias-y-localidades-de-fresnillo-zacatecas\/\">SUMINISTRO DE MEZCLA ASFALTICA PARA APLICACI\u00d3N EN DIFERENTES COLONIAS Y LOCALIDADES DE FRESNILLO, ZACATECAS<\/a><\/td>\n            <td class=\"lic-fechas\">2025\/12\/25 \u2013 2026\/03\/24<\/td>\n          <\/tr><tr>\n            <td class=\"lic-num\">MF DS AD OE FIII-28-25<\/td>\n            <td class=\"lic-name\"><a href=\"https:\/\/www.fresnillo.gob.mx\/Portal_Licitaciones\/licitaciones\/ampliacion-de-red-electrica-en-calle-de-la-preparatoria-y-sin-nombre-en-la-localidad-buenavista-de-trujillo-fresnillo-zacatecas\/\">AMPLIACI\u00d3N DE RED EL\u00c9CTRICA EN CALLE DE LA PREPARATORIA Y SIN NOMBRE EN LA LOCALIDAD BUENAVISTA DE TRUJILLO, FRESNILLO, ZACATECAS<\/a><\/td>\n            <td class=\"lic-fechas\">2025\/12\/25 \u2013 2026\/03\/24<\/td>\n          <\/tr><tr>\n            <td class=\"lic-num\">MF DS IR OE FIII-33-25<\/td>\n            <td class=\"lic-name\"><a href=\"https:\/\/www.fresnillo.gob.mx\/Portal_Licitaciones\/licitaciones\/ampliacion-de-red-electrica-en-calles-reforma-ayuntamiento-independencia-y-sin-nombre-en-la-localidad-nuevo-zaragoza-fresnillo-zacatecas\/\">AMPLIACI\u00d3N DE RED EL\u00c9CTRICA EN CALLES REFORMA, AYUNTAMIENTO, INDEPENDENCIA Y SIN NOMBRE EN LA LOCALIDAD NUEVO ZARAGOZA, FRESNILLO, ZACATECAS.<\/a><\/td>\n            <td class=\"lic-fechas\">2025\/12\/31 \u2013 2026\/03\/24<\/td>\n          <\/tr><tr>\n            <td class=\"lic-num\">MF DS AD OE FIII-27-25<\/td>\n            <td class=\"lic-name\"><a href=\"https:\/\/www.fresnillo.gob.mx\/Portal_Licitaciones\/licitaciones\/ampliacion-de-red-electrica-en-calles-independencia-guadalupe-victoria-en-la-localidad-de-saucito-del-poleo-fresnillo-zacatecas\/\">AMPLIACI\u00d3N DE RED EL\u00c9CTRICA EN CALLES INDEPENDENCIA, GUADALUPE VICTORIA, EN LA LOCALIDAD SAUCITO DEL POLEO, FRESNILLO, ZACATECAS.<\/a><\/td>\n            <td class=\"lic-fechas\">2025\/12\/25 \u2013 2026\/03\/24<\/td>\n          <\/tr><tr>\n            <td class=\"lic-num\">MF DS AD OE FIII-26-25<\/td>\n            <td class=\"lic-name\"><a href=\"https:\/\/www.fresnillo.gob.mx\/Portal_Licitaciones\/licitaciones\/ampliacion-de-red-electrica-en-calles-morelos-mirador-y-sin-nombre-en-la-localidad-de-ramon-lopez-velarde-la-chicharrona-fresnillo-zacatecas\/\">AMPLIACI\u00d3N DE RED EL\u00c9CTRICA EN CALLES MORELOS, MIRADOR Y SIN NOMBRE EN LA LOCALIDAD RAMON L\u00d3PEZ VELARDE (LA CHICHARRONA), FRESNILLO, ZACATECAS.<\/a><\/td>\n            <td class=\"lic-fechas\">2025\/12\/25 \u2013 2026\/03\/24<\/td>\n          <\/tr><tr>\n            <td class=\"lic-num\">MF OP CP OF RVUPE-04-25<\/td>\n            <td class=\"lic-name\"><a href=\"https:\/\/www.fresnillo.gob.mx\/Portal_Licitaciones\/licitaciones\/pavimentacion-con-mezcla-asfaltica-guarniciones-y-banquetas-de-concreto-hidraulico-en-la-calle-honduras-cuerpo-b-entre-calle-gabriel-lugo-y-av-enrique-estrada-en-fresnillo-zacatecas\/\">PAVIMENTACI\u00d3N CON MEZCLA ASFALTICA, GUARNICIONES Y BANQUETAS DE CONCRETO HIDR\u00c1ULICO EN LA CALLE HONDURAS CUERPO B, ENTRE CALLE GABRIEL LUGO Y AV. ENRIQUE ESTRADA, EN FRESNILLO, ZACATECAS.<\/a><\/td>\n            <td class=\"lic-fechas\">2025\/12\/30 \u2013 2026\/06\/27<\/td>\n          <\/tr><tr>\n            <td class=\"lic-num\">MF OP CP OF RVUPE-03-25<\/td>\n            <td class=\"lic-name\"><a href=\"https:\/\/www.fresnillo.gob.mx\/Portal_Licitaciones\/licitaciones\/pavimentacion-con-mezcla-asfaltica-guarniciones-y-banquetas-de-concreto-hidraulico-en-la-calle-honduras-cuerpo-a-entre-calle-gabriel-lugo-y-av-enrique-estrada-en-fresnillo-zacatecas\/\">PAVIMENTACI\u00d3N CON MEZCLA ASFALTICA, GUARNICIONES Y BANQUETAS DE CONCRETO HIDR\u00c1ULICO EN LA CALLE HONDURAS CUERPO A, ENTRE CALLE GABRIEL LUGO Y AV. ENRIQUE ESTRADA, EN FRESNILLO, ZACATECAS.<\/a><\/td>\n            <td class=\"lic-fechas\">2025\/12\/30 \u2013 2026\/06\/27<\/td>\n          <\/tr><\/tbody><\/table><div class=\"lic-paginacion\"><ul class='page-numbers'>\n\t<li><span aria-current=\"page\" class=\"page-numbers current\">1<\/span><\/li>\n\t<li><a class=\"page-numbers\" href=\"https:\/\/www.fresnillo.gob.mx\/Portal_Licitaciones\/wp-json\/wp\/v2\/pages\/13\/page\/2\/\">2<\/a><\/li>\n\t<li><a class=\"page-numbers\" href=\"https:\/\/www.fresnillo.gob.mx\/Portal_Licitaciones\/wp-json\/wp\/v2\/pages\/13\/page\/3\/\">3<\/a><\/li>\n\t<li><a class=\"next page-numbers\" href=\"https:\/\/www.fresnillo.gob.mx\/Portal_Licitaciones\/wp-json\/wp\/v2\/pages\/13\/page\/2\/\">Siguiente &raquo;<\/a><\/li>\n<\/ul>\n<\/div><\/div>\n\n\n\n<div class=\"wp-block-buttons is-layout-flex wp-block-buttons-is-layout-flex\">\n<div class=\"wp-block-button has-custom-width wp-block-button__width-100 is-style-fill\"><a class=\"wp-block-button__link has-white-color has-text-color has-background has-link-color has-small-font-size has-custom-font-size wp-element-button\" href=\"https:\/\/fresnillo.gob.mx\/licitaciones\/\" style=\"background-color:#021760\">Hist\u00f3rico de Licitaciones<\/a><\/div>\n<\/div>\n\n\n\n<p><\/p>\n","protected":false},"excerpt":{"rendered":"","protected":false},"author":1,"featured_media":0,"parent":0,"menu_order":0,"comment_status":"closed","ping_status":"closed","template":"","meta":{"footnotes":""},"class_list":["post-13","page","type-page","status-publish","hentry"],"_links":{"self":[{"href":"https:\/\/www.fresnillo.gob.mx\/Portal_Licitaciones\/wp-json\/wp\/v2\/pages\/13","targetHints":{"allow":["GET"]}}],"collection":[{"href":"https:\/\/www.fresnillo.gob.mx\/Portal_Licitaciones\/wp-json\/wp\/v2\/pages"}],"about":[{"href":"https:\/\/www.fresnillo.gob.mx\/Portal_Licitaciones\/wp-json\/wp\/v2\/types\/page"}],"author":[{"embeddable":true,"href":"https:\/\/www.fresnillo.gob.mx\/Portal_Licitaciones\/wp-json\/wp\/v2\/users\/1"}],"replies":[{"embeddable":true,"href":"https:\/\/www.fresnillo.gob.mx\/Portal_Licitaciones\/wp-json\/wp\/v2\/comments?post=13"}],"version-history":[{"count":4,"href":"https:\/\/www.fresnillo.gob.mx\/Portal_Licitaciones\/wp-json\/wp\/v2\/pages\/13\/revisions"}],"predecessor-version":[{"id":293,"href":"https:\/\/www.fresnillo.gob.mx\/Portal_Licitaciones\/wp-json\/wp\/v2\/pages\/13\/revisions\/293"}],"wp:attachment":[{"href":"https:\/\/www.fresnillo.gob.mx\/Portal_Licitaciones\/wp-json\/wp\/v2\/media?parent=13"}],"curies":[{"name":"wp","href":"https:\/\/api.w.org\/{rel}","templated":true}]}}