{"id":1054,"date":"2018-10-11T06:49:32","date_gmt":"2018-10-11T06:49:32","guid":{"rendered":"https:\/\/www.seguiremoshaciendohistoria.gob.mx\/transparencia\/i-manuales-leyes-y-reglamentos\/x-procedimientos-y-convocatorias-a-licitaciones\/"},"modified":"2025-01-14T16:21:12","modified_gmt":"2025-01-14T16:21:12","slug":"10-procedimientos-y-convocatorias-a-licitaciones","status":"publish","type":"page","link":"https:\/\/www.fresnillo.gob.mx\/transparencia\/transparencia\/articulo-11\/10-procedimientos-y-convocatorias-a-licitaciones\/","title":{"rendered":"X. Procedimientos y convocatorias a licitaciones"},"content":{"rendered":"<div class=\"wpb-content-wrapper\"><p>[vc_row][vc_column][vc_tta_tabs title_tag=\u00bbh3&#8243; section_title_tag=\u00bbh5&#8243; alignment=\u00bbcenter\u00bb active_section=\u00bb1&#8243; title=\u00bbProcedimientos y convocatorias a licitaciones\u00bb][vc_tta_section i_icon_fontawesome=\u00bbfa fa-file-text-o\u00bb add_icon=\u00bbtrue\u00bb title=\u00bbConvocatorias\u00bb tab_id=\u00bb1540405200962-5182c4b6-3746&#8243;][vc_column_text css=\u00bb\u00bb]<\/p>\n<p style=\"text-align: right;\">Informaci\u00f3n actualizada al 4to trimestre 2016<br \/>\nFecha de \u00faltima actualizaci\u00f3n: 02\/02\/17<br \/>\nInformaci\u00f3n proporcionada por el Departamento de Licitaciones<\/p>\n<p>&nbsp;<\/p>\n<p>Presiona aqu\u00ed para consultar informaci\u00f3n actualizada<br \/>\ncon mayor detalle<\/p>\n<p><a href=\"https:\/\/compranet.funcionpublica.gob.mx\/web\/login.html\">LINK DE CONSULTA <\/a><\/p>\n<p>&nbsp;<\/p>\n<p><a href=\"https:\/\/www.fresnillo.gob.mx\/wp-content\/uploads\/2018\/11\/1_conv_op_trim0216.pdf\">\u00a01 conv op trim0216<\/a><\/p>\n<p>Convocatorias Del periodo<\/p>\n<p>&nbsp;<\/p>\n<p><a href=\"https:\/\/www.fresnillo.gob.mx\/wp-content\/uploads\/2018\/11\/2_conv_op_trim0216_1.pdf\">2 conv op trim0216 <\/a><\/p>\n<p>Convocatorias Del periodo<\/p>\n<p>&nbsp;<\/p>\n<p><a href=\"https:\/\/www.fresnillo.gob.mx\/wp-content\/uploads\/2018\/11\/3_conv_op_trim0116.pdf\">3 conv op trim0116<\/a><\/p>\n<p>Convocatorias Del Periodo<\/p>\n<p>&nbsp;<\/p>\n<p><a href=\"https:\/\/www.fresnillo.gob.mx\/wp-content\/uploads\/2018\/11\/4_info_trim0115.pdf\">4 info trim0115<\/a><\/p>\n<p>Convocatorias Del periodo<\/p>\n<p>&nbsp;<\/p>\n<p><a href=\"https:\/\/www.fresnillo.gob.mx\/wp-content\/uploads\/2018\/11\/5_info_trim0414.pdf\">5 info trim0414<\/a><\/p>\n<p>Convocatorias Del periodo<\/p>\n<p>&nbsp;<\/p>\n<p><a href=\"https:\/\/www.fresnillo.gob.mx\/wp-content\/uploads\/2018\/11\/6_info_trim0414.pdf\">6 info trim0414<\/a><\/p>\n<p>Convocatorias Del periodo<\/p>\n<p>&nbsp;<\/p>\n<p><a href=\"https:\/\/www.fresnillo.gob.mx\/wp-content\/uploads\/2018\/11\/7_licitaciones_2013.pdf\">7 licitaciones 2013<\/a><\/p>\n<p>Convocatorias Del periodo<\/p>\n<p>&nbsp;<\/p>\n<p>Listado de Licitaciones Federales y Estatales del 2012<\/p>\n<p>&nbsp;<\/p>\n<p>Nota: Para consultar el detalle de la licitaci\u00f3n deseada favor de visitar el sitio: <a href=\"https:\/\/compranet.funcionpublica.gob.mx\/web\/login.html\">https:\/\/compranet.funcionpublica.gob.mx\/web\/login.html<\/a>, elegir la opci\u00f3n de Difusi\u00f3n de Procedimientos, y a su vez la subopci\u00f3n de Vigentes, se presentar\u00e1 un listado, donde se podr\u00e1 localizar la licitaci\u00f3n elegida.<\/p>\n<p><strong>\u00a0<\/strong><\/p>\n<p><strong>Convocatorias el periodo:<\/strong><\/p>\n<p><strong><a href=\"https:\/\/www.fresnillo.gob.mx\/wp-content\/uploads\/2018\/11\/8_A_constancia_benjamin_medrano_quezada.pdf\">Constancia Benjam\u00edn Medrano Quezada<\/a> <\/strong><\/p>\n<p><strong><a href=\"https:\/\/www.fresnillo.gob.mx\/wp-content\/uploads\/2018\/11\/8_B_constancia_jose_haro_de_la_torre1.pdf\">Constancia Jos\u00e9 Haro de la torre<\/a><\/strong>[\/vc_column_text][\/vc_tta_section][vc_tta_section i_icon_fontawesome=\u00bbfa fa-file-text-o\u00bb add_icon=\u00bbtrue\u00bb title=\u00bbProceso a licitaciones\u00bb tab_id=\u00bb1540408084365-d288f0a0-d3d8&#8243;][vc_column_text css=\u00bb\u00bb]<\/p>\n<p style=\"text-align: right;\">Informaci\u00f3n actualizada al 4to trimestre 2016<br \/>\nFecha de \u00faltima actualizaci\u00f3n: 02\/02\/17<br \/>\nInformaci\u00f3n proporcionada por el Departamento de Licitaciones<\/p>\n<p>&nbsp;<\/p>\n<p>Presiona aqu\u00ed para consultar informaci\u00f3n actualizada<br \/>\ncon mayor detalle:<br \/>\n<a href=\"https:\/\/compranet.funcionpublica.gob.mx\/web\/login.html\">LINK DE CONSULTA <\/a><\/p>\n<p><strong>Informaci\u00f3n al 3er. Trimestre 2015<\/strong><\/p>\n<p>La documentaci\u00f3n que hace referencia a obras, como actas de visita<br \/>\njunta, apertura y acta de fallo podr\u00e1 consultarse en:<\/p>\n<p><a href=\"https:\/\/compranet.funcionpublica.gob.mx\/web\/login.html\">https:\/\/compranet.funcionpublica.gob.mx\/web\/login.html<\/a>,<\/p>\n<p>NOTA: Usar la opci\u00f3n de \u00abDifusi\u00f3n de Procedimientos\u00bb[\/vc_column_text][\/vc_tta_section][vc_tta_section i_icon_fontawesome=\u00bbfa fa-file-text-o\u00bb add_icon=\u00bbtrue\u00bb title=\u00bbResultado de Licitaciones\u00bb tab_id=\u00bb1540407961172-6edeeec7-fd9b\u00bb][vc_column_text css=\u00bb\u00bb]<\/p>\n<p style=\"text-align: right;\">Informaci\u00f3n actualizada al 4to trimestre 2016<br \/>\nFecha de \u00faltima actualizaci\u00f3n: 02\/02\/17<br \/>\nInformaci\u00f3n proporcionada por el Departamento de Licitaciones<\/p>\n<p>&nbsp;<\/p>\n<p>Presiona aqu\u00ed para consultar informaci\u00f3n actualizada con mayor detalle:<\/p>\n<p>&nbsp;<\/p>\n<p>La documentaci\u00f3n que hace referencia a obras, como actas de visita, junta, apertura y acta de fallo se podr\u00e1n encontrar en:<\/p>\n<p>&nbsp;<\/p>\n<p><strong>COMPRANET<\/strong><\/p>\n<p><a href=\"https:\/\/compranet.funcionpublica.gob.mx\/web\/login.html\">https:\/\/compranet.funcionpublica.gob.mx\/web\/login.html<\/a><\/p>\n<p><strong>Para consultar Procedimientos Vigentes:<\/strong><\/p>\n<p><a href=\"https:\/\/compranet.funcionpublica.gob.mx\/esop\/toolkit\/opportunity\/opportunityList.do?reset=true&amp;resetstored=true&amp;oppList=CURRENT&amp;userAct=changeLangIndex&amp;language=es_MX&amp;_ncp=1439228455266.756663-1\">https:\/\/compranet.funcionpublica.gob.mx\/esop\/toolkit\/opportunity\/opportunityList.do?reset=true&amp;resetstored=true&amp;oppList=CURRENT&amp;userAct=changeLangIndex&amp;language=es_MX&amp;_ncp=1439228455266.756663-1<\/a><\/p>\n<p><strong>Para consultar Procedimientos Vigentes, en seguimiento y concluidos:<\/strong><\/p>\n<p><a href=\"https:\/\/compranet.funcionpublica.gob.mx\/esop\/toolkit\/opportunity\/opportunityList.do?reset=true&amp;resetstored=true&amp;oppList=PAST&amp;userAct=changeLangIndex&amp;language=es_MX&amp;_ncp=1439228779594.757437-1\">https:\/\/compranet.funcionpublica.gob.mx\/esop\/toolkit\/opportunity\/opportunityList.do?reset=true&amp;resetstored=true&amp;oppList=PAST&amp;userAct=changeLangIndex&amp;language=es_MX&amp;_ncp=1439228779594.757437-1<\/a>[\/vc_column_text][\/vc_tta_section][vc_tta_section i_icon_fontawesome=\u00bbfa fa-file-text-o\u00bb add_icon=\u00bbtrue\u00bb title=\u00bbAdjudicaci\u00f3n Directa o invitaci\u00f3n restringida\u00bb tab_id=\u00bb1540408225030-f6c7ea56-0eac\u00bb][vc_column_text css=\u00bb\u00bb]<\/p>\n<p style=\"text-align: right;\">Informaci\u00f3n actualizada al 4to trimestre 2016<br \/>\nFecha de \u00faltima actualizaci\u00f3n: 02\/02\/17<br \/>\nInformaci\u00f3n proporcionada por el departamento de licitaciones<\/p>\n<p>&nbsp;<\/p>\n<p>Presiona aqu\u00ed para consultar informaci\u00f3n actualizada con mayor detalle:<\/p>\n<p><a href=\"https:\/\/compranet.funcionpublica.gob.mx\/web\/login.html\">LINK DE CONSULTA <\/a><\/p>\n<p><strong>\u00a0<\/strong><\/p>\n<p><strong>4to trimestre 2016<\/strong><\/p>\n<p><a href=\"https:\/\/www.fresnillo.gob.mx\/wp-content\/uploads\/2018\/11\/3_A_inv_rest__trim0216.pdf\">_3_A_inv_rest__trim0216<\/a><\/p>\n<p><strong>\u00a0<\/strong><\/p>\n<p><strong>3re Trimestre 2016<\/strong><\/p>\n<p><a href=\"https:\/\/www.fresnillo.gob.mx\/wp-content\/uploads\/2018\/11\/4_A_adj_dir_trim0216.pdf\">_4_A_adj_dir_trim0216<\/a><\/p>\n<p>Informaci\u00f3n Actualizada al 2o. Trim. 2016<\/p>\n<p>&nbsp;<\/p>\n<p>Invitaciones Restringidas del periodo:<\/p>\n<p><a href=\"https:\/\/www.fresnillo.gob.mx\/wp-content\/uploads\/2018\/11\/5_B_adj_dir_trim0216_1.pdf\">_5_B_adj_dir_trim0216_1<\/a><\/p>\n<p>Adjudicaciones Directas del periodo:<\/p>\n<p><a href=\"https:\/\/www.fresnillo.gob.mx\/wp-content\/uploads\/2018\/11\/5_A_inv_rest__trim0216_1.pdf\">_5_A_inv_rest__trim0216_1<\/a><\/p>\n<p>Informaci\u00f3n Actualizada al 1er. Trim. 2016<\/p>\n<p>&nbsp;<\/p>\n<p>Invitaciones Restringidas del periodo:<\/p>\n<p><a href=\"https:\/\/www.fresnillo.gob.mx\/wp-content\/uploads\/2018\/11\/adj_dir_trim0116.pdf\">adj_dir_trim011<\/a><\/p>\n<p>Adjudicaciones Directas del periodo:<\/p>\n<p><a href=\"https:\/\/www.fresnillo.gob.mx\/wp-content\/uploads\/2018\/11\/inv_rest__trim0116.pdf\">inv_rest__trim0116<\/a><\/p>\n<p>&nbsp;<\/p>\n<p>Informaci\u00f3n Actualizada al 4o. Trim. 2015<\/p>\n<p>&nbsp;<\/p>\n<p>Invitaciones Restringidas del periodo:<\/p>\n<p><a href=\"https:\/\/www.fresnillo.gob.mx\/wp-content\/uploads\/2018\/11\/licitaciones_adjudicacion_directa_de_obra_4to_trimestre_oct-dic_2015.pdf\">licitaciones_adjudicacion_directa_de_obra_4to_trimestre_oct-dic_2015<\/a><\/p>\n<p>Adjudicaciones Directas del periodo:<\/p>\n<p><a href=\"https:\/\/www.fresnillo.gob.mx\/wp-content\/uploads\/2018\/11\/licitaciones_invitacion_rectringida_de_obra_4to_trimestre_oct-dic_2015-1.pdf\">licitaciones_invitacion_rectringida_de_obra_4to_trimestre_oct-dic_2015<\/a><\/p>\n<p>&nbsp;<\/p>\n<p>Informaci\u00f3n Actualizada al 1er. Trim. 2015<\/p>\n<p><a href=\"https:\/\/www.fresnillo.gob.mx\/wp-content\/uploads\/2018\/11\/9_A_info_trim0414_1.pdf\">_9_A_info_trim0414_1<\/a><\/p>\n<p>Informaci\u00f3n Actualizada al 4o. Trim. 2014<\/p>\n<p><a href=\"https:\/\/www.fresnillo.gob.mx\/wp-content\/uploads\/2018\/11\/10_A_info_trim0314_1.pdf\">_10_A_info_trim0314_1<\/a><\/p>\n<p>Informaci\u00f3n Actualizada al 2o. Trim. 2014<\/p>\n<p><a href=\"https:\/\/www.fresnillo.gob.mx\/wp-content\/uploads\/2018\/11\/10_A_info_trim0314_1-1.pdf\">_10_A_info_trim0314_1<\/a><\/p>\n<p>&nbsp;<\/p>\n<p>&nbsp;<\/p>\n<p>Informaci\u00f3n Actualizada al 3er. Trim. 2014<\/p>\n<p><a href=\"https:\/\/www.fresnillo.gob.mx\/wp-content\/uploads\/2018\/11\/9_A_info_trim0414_1-1.pdf\">_9_A_info_trim0414_1<\/a><\/p>\n<p>&nbsp;<\/p>\n<p><a href=\"http:\/\/transparencia.fllo.gob.mx\/deptos\/licitaciones\/comp_oya_2014.pdf\">Complemento de obras y acciones 2013<\/a><\/p>\n<p>&nbsp;<\/p>\n<p>Convocatoria(s) Invitaci\u00f3n Restringida 2010 &#8211; 2013<\/p>\n<p><a href=\"http:\/\/transparencia.fllo.gob.mx\/licitaciones\/conv_01_10.pdf\">1.- Construcci\u00f3n de Sup. de Rodamiento C. Morelos Comunidad Hidalgo de Ojuelos.<\/a><\/p>\n<p><a href=\"http:\/\/transparencia.fllo.gob.mx\/licitaciones\/conv_02_10.pdf\">2.- Construcci\u00f3n de Sup. de Rodamiento C. 20 de Noviembre Comunidad Rio Florido.<\/a><\/p>\n<p><a href=\"http:\/\/transparencia.fllo.gob.mx\/licitaciones\/conv_03_10.pdf\">3.- Remodelaci\u00f3n de camell\u00f3n entronque Plateros.<\/a><\/p>\n<p><a href=\"http:\/\/transparencia.fllo.gob.mx\/licitaciones\/conv_04_10.pdf\">4.- Construcci\u00f3n de banquetas, privada Justo Sierra por calle Emiliano Zapata, 370.40 m2 de banqueta. Pardillo III. Fresnillo, zac.<\/a><\/p>\n<p><a href=\"http:\/\/transparencia.fllo.gob.mx\/licitaciones\/conv_05_10.pdf\">5.- Construcci\u00f3n de superficie de rodamiento, Calle Principal, El 6 de Enero, Plazuela y calle sin nombre, 197.6 ml 1738.00 m2.<\/a><\/p>\n<p><a href=\"http:\/\/transparencia.fllo.gob.mx\/licitaciones\/conv_06_10.pdf\">6.- Construcci\u00f3n De Guarnici\u00f3n, Lateral Salida a Valpara\u00edso, C. Rio Verde y Hospital Regional. 3095.00 Ml, Fresnillo, Zac.<\/a><\/p>\n<p><a href=\"http:\/\/transparencia.fllo.gob.mx\/licitaciones\/conv_07_10.pdf\">7.- Construcci\u00f3n de banquetas ubicadas en: privada justo sierra, (c. Emiliano zapata; c. Venustiano carranza por lateral carretera a c. Emiliano zapata); c. Guadalupe victoria (c. P\u00e1nfilo Natera y c. L\u00e1zaro C\u00e1rdenas); calle justo sierra (lateral carretera a c. Emiliano zapata). En L\u00e1zaro C\u00e1rdenas; (lateral a carretera Emiliano zapata) \u201cconstrucci\u00f3n de banquetas y colector de aguas pluviales en c. Justo sierra (lateral carretera a c. Emiliano zapata)<\/a><\/p>\n<p><a href=\"http:\/\/transparencia.fllo.gob.mx\/licitaciones\/conv_08_10.pdf\">8.- \u201cConstrucci\u00f3n de canal pluvial huertas de abajo\u201d ubicado en huertas de abajo y el vergel.<\/a><\/p>\n<p><a href=\"http:\/\/transparencia.fllo.gob.mx\/licitaciones\/conv_09_10.pdf\">9.- Construcci\u00f3n de puente peatonal. Prolongaci\u00f3n Sonora (crucero salida a Durango) de la ciudad de Fresnillo, Zac.<\/a><\/p>\n<p><a href=\"http:\/\/transparencia.fllo.gob.mx\/licitaciones\/conv_10_10.pdf\">10.- Construcci\u00f3n de Superficie de Rodamiento. C. 16 De Septiembre de la Col. Miguel Hidalgo de Fresnillo, Zac.<\/a><\/p>\n<p><a href=\"http:\/\/transparencia.fllo.gob.mx\/licitaciones\/conv_11_10.pdf\">11.- Construcci\u00f3n de Superficie de Rodamiento. Municipio de la Col. Plan de Ayala de Fresnillo, Zac.<\/a><\/p>\n<p><a href=\"http:\/\/transparencia.fllo.gob.mx\/licitaciones\/conv_12_10.pdf\">12.- Construcci\u00f3n de Banquetas y Colector Aguas Pluviales. C. Adelaido Gonz\u00e1lez de la Comunidad Plenitud, Municipio de Fresnillo, Zac.<\/a><\/p>\n<p><a href=\"http:\/\/transparencia.fllo.gob.mx\/licitaciones\/conv_13_10.pdf\">13.- \u201cConstrucci\u00f3n de Elevador Otis para 6 Personas \u201c. En Patio posterior de la Presidencia Municipal, en Calle Juan de Tolosa No. 100 Centro, Fresnillo, Zac.<\/a><\/p>\n<p><a href=\"http:\/\/transparencia.fllo.gob.mx\/licitaciones\/conv_14_10.pdf\">14.- Pavimentaci\u00f3n de Concreto Hidr\u00e1ulico de la calle Cd. Obreg\u00f3n (Av. Caborca y C. Toltecas), Col. Francisco I. Madero.<\/a><\/p>\n<p><a href=\"http:\/\/transparencia.fllo.gob.mx\/licitaciones\/conv_15_10.pdf\">15.- Pavimentaci\u00f3n de Concreto Hidr\u00e1ulico de la calle Av. Progreso (Matamoros y Empalme), Col. Francisco I. Madero.<\/a><\/p>\n<p><a href=\"http:\/\/transparencia.fllo.gob.mx\/licitaciones\/conv_16_10.pdf\">16.- Pavimentaci\u00f3n de Concreto Hidr\u00e1ulico de la calle Huatabampo (C. Guaymas y C. Progreso), Col. Francisco I. Madero.<\/a><\/p>\n<p><a href=\"http:\/\/transparencia.fllo.gob.mx\/licitaciones\/conv_17_10.pdf\">17.- Pavimentaci\u00f3n de Concreto Hidr\u00e1ulico de calle 30 De Octubre (C. 2 De Septiembre y C. 10 De Abril), Col. Plan De Ayala.<\/a><\/p>\n<p><a href=\"http:\/\/transparencia.fllo.gob.mx\/licitaciones\/conv_18_10.pdf\">18.- Pavimentaci\u00f3n de Concreto Hidr\u00e1ulico de la calle Los Nogales (Calle Parras y C. Los Sauces). Col. Arboledas.<\/a><\/p>\n<p><a href=\"http:\/\/transparencia.fllo.gob.mx\/licitaciones\/conv_19_10.pdf\">19.- Pavimentaci\u00f3n de Concreto Hidr\u00e1ulico de la calle Manuel M. Ponce (C. Dorados y C. Agust\u00edn L\u00f3pez), Col. Francisco Villa.<\/a><\/p>\n<p><a href=\"http:\/\/transparencia.fllo.gob.mx\/licitaciones\/conv_20_10.pdf\">20.- Pavimentaci\u00f3n de Concreto Hidr\u00e1ulico de la calle Navojoa (C. Av. Caborca y Av. Progreso), Col. Francisco I. Madero.<\/a><\/p>\n<p><a href=\"http:\/\/transparencia.fllo.gob.mx\/licitaciones\/conv_21_10.pdf\">21.- Pavimentaci\u00f3n de Concreto Hidr\u00e1ulico de la calle Municipio (C. Av. Revoluci\u00f3n y C. Eufemio Zapata. \u00a0(Col. Plan De Ayala).<\/a><\/p>\n<p><a href=\"http:\/\/transparencia.fllo.gob.mx\/licitaciones\/conv_22_10.pdf\">22.- Pavimentaci\u00f3n de Concreto Hidr\u00e1ulico de la calle Cananea (Av. Progreso y Av. Caborca), Col. Francisco I. Madero.<\/a><\/p>\n<p><a href=\"http:\/\/transparencia.fllo.gob.mx\/licitaciones\/conv_23_10.pdf\">23.- Pavimentaci\u00f3n de Concreto Hidr\u00e1ulico de la calle Nogales (Av. Caborca y Av. Guaymas), Col. Francisco. I. Madero.<\/a><\/p>\n<p><a href=\"http:\/\/transparencia.fllo.gob.mx\/licitaciones\/conv_24_10.pdf\">24.- Pavimentaci\u00f3n de Concreto Hidr\u00e1ulico de la calle Jalpa (C. Caborca y Toltecas), Col. Francisco I. Madero.<\/a><\/p>\n<p><a href=\"http:\/\/transparencia.fllo.gob.mx\/licitaciones\/conv_25_10.pdf\">25.- Pavimentaci\u00f3n de Concreto Hidr\u00e1ulico de la calle Cananea (Av. Guaymas y Av. Caborca), Col. Francisco I. Madero.<\/a><\/p>\n<p><a href=\"http:\/\/transparencia.fllo.gob.mx\/licitaciones\/conv_26_10.pdf\">26.- Pavimentaci\u00f3n de Concreto Hidr\u00e1ulico de la calle 9 De Marzo (C. 30 De Octubre y C. Tierra y Libertad), Col. Plan De Ayala.<\/a><\/p>\n<p><a href=\"http:\/\/transparencia.fllo.gob.mx\/licitaciones\/conv_27_10.pdf\">27.- Pavimentaci\u00f3n de Concreto Hidr\u00e1ulico de la calle Agust\u00edn L\u00f3pez (C. Pascual Orozco y C. Manuel M. Ponce), Col. Francisco Villa.<\/a><\/p>\n<p><a href=\"http:\/\/transparencia.fllo.gob.mx\/licitaciones\/conv_28_10.pdf\">28.- Pavimentaci\u00f3n de Concreto Hidr\u00e1ulico de la calle Chabacanos (C. Palmeras y C. Cedros). Col. Arboledas.<\/a><\/p>\n<p><a href=\"http:\/\/transparencia.fllo.gob.mx\/licitaciones\/conv_29_10.pdf\">29.- Pavimentaci\u00f3n de Concreto Hidr\u00e1ulico de la calle Membrillos (C. Cedros y Duraznos), Col. Francisco. I. Madero.<\/a><\/p>\n<p><a href=\"http:\/\/transparencia.fllo.gob.mx\/licitaciones\/conv_30_10.pdf\">30.- Pavimentaci\u00f3n de Concreto Hidr\u00e1ulico de la calle Juana Gallo (C. Independencia y Divisi\u00f3n Del Norte), Col. Francisco Villa.<\/a><\/p>\n<p><a href=\"http:\/\/transparencia.fllo.gob.mx\/licitaciones\/conv_31_10.pdf\">31.- Pavimentaci\u00f3n de Concreto Hidr\u00e1ulico de la calle Pascual Orozco (C. Adelitas y Mariano Arrieta), Col. Francisco Villa.<\/a><\/p>\n<p><a href=\"http:\/\/transparencia.fllo.gob.mx\/licitaciones\/conv_32_10.pdf\">32.- Pavimentaci\u00f3n de Concreto Hidr\u00e1ulico de la calle Chabacanos (C. Limas y C. Palmeras), Col. Arboledas.<\/a><\/p>\n<p><a href=\"http:\/\/transparencia.fllo.gob.mx\/licitaciones\/conv_33_10.pdf\">33.- Pavimentaci\u00f3n de Concreto Hidr\u00e1ulico de la calle Chabacanos (C. Granados y Limas), Col. Arboledas.<\/a><\/p>\n<p><a href=\"http:\/\/transparencia.fllo.gob.mx\/licitaciones\/conv_34_10.pdf\">34.- Pavimentaci\u00f3n de Concreto Hidr\u00e1ulico de la calle Maya (Calle Jalpa y Calle Libertad). Col. Francisco I. Madero.<\/a><\/p>\n<p>&nbsp;<\/p>\n<p>&nbsp;<\/p>\n<p>Informaci\u00f3n Actualizada al 1er. Trim. 2014<\/p>\n<p><a href=\"https:\/\/www.fresnillo.gob.mx\/wp-content\/uploads\/2018\/11\/11_A_adj_dir_trim0214.pdf\">_11_A_adj_dir_trim0214<\/a>[\/vc_column_text][\/vc_tta_section][\/vc_tta_tabs][\/vc_column][\/vc_row]<\/p>\n<\/div>","protected":false},"excerpt":{"rendered":"<p>[vc_row][vc_column][vc_tta_tabs title_tag=\u00bbh3&#8243; section_title_tag=\u00bbh5&#8243; alignment=\u00bbcenter\u00bb active_section=\u00bb1&#8243; title=\u00bbProcedimientos y convocatorias a licitaciones\u00bb][vc_tta_section i_icon_fontawesome=\u00bbfa fa-file-text-o\u00bb add_icon=\u00bbtrue\u00bb title=\u00bbConvocatorias\u00bb tab_id=\u00bb1540405200962-5182c4b6-3746&#8243;][vc_column_text css=\u00bb\u00bb] Informaci\u00f3n actualizada al 4to trimestre 2016 Fecha de \u00faltima actualizaci\u00f3n: 02\/02\/17 Informaci\u00f3n proporcionada por el Departamento de Licitaciones &nbsp; Presiona aqu\u00ed para consultar informaci\u00f3n actualizada con mayor detalle LINK DE CONSULTA &nbsp; \u00a01 conv op trim0216 Convocatorias Del periodo [&hellip;]<\/p>\n","protected":false},"author":1,"featured_media":0,"parent":1038,"menu_order":14,"comment_status":"closed","ping_status":"closed","template":"page-templates\/template-articulos.php","meta":{"_uag_custom_page_level_css":"","advgb_blocks_editor_width":"","advgb_blocks_columns_visual_guide":"","footnotes":""},"class_list":["post-1054","page","type-page","status-publish","hentry"],"uagb_featured_image_src":{"full":false,"thumbnail":false,"medium":false,"medium_large":false,"large":false,"1536x1536":false,"2048x2048":false},"uagb_author_info":{"display_name":"admin","author_link":"https:\/\/www.fresnillo.gob.mx\/transparencia\/author\/admin\/"},"uagb_comment_info":0,"uagb_excerpt":"[vc_row][vc_column][vc_tta_tabs title_tag=\u00bbh3&#8243; section_title_tag=\u00bbh5&#8243; alignment=\u00bbcenter\u00bb active_section=\u00bb1&#8243; title=\u00bbProcedimientos y convocatorias a licitaciones\u00bb][vc_tta_section i_icon_fontawesome=\u00bbfa fa-file-text-o\u00bb add_icon=\u00bbtrue\u00bb title=\u00bbConvocatorias\u00bb tab_id=\u00bb1540405200962-5182c4b6-3746&#8243;][vc_column_text css=\u00bb\u00bb] Informaci\u00f3n actualizada al 4to trimestre 2016 Fecha de \u00faltima actualizaci\u00f3n: 02\/02\/17 Informaci\u00f3n proporcionada por el Departamento de Licitaciones &nbsp; Presiona aqu\u00ed para consultar informaci\u00f3n actualizada con mayor detalle LINK DE CONSULTA &nbsp; \u00a01 conv op trim0216 Convocatorias Del periodo&hellip;","coauthors":[],"author_meta":{"author_link":"https:\/\/www.fresnillo.gob.mx\/transparencia\/author\/admin\/","display_name":"admin"},"relative_dates":{"created":"Publicado 8 a\u00f1os hace","modified":"Actualizado 1 a\u00f1o hace"},"absolute_dates":{"created":"Publicado el octubre 11, 2018","modified":"Actualizado el enero 14, 2025"},"absolute_dates_time":{"created":"Publicado el octubre 11, 2018 6:49 am","modified":"Actualizado el enero 14, 2025 4:21 pm"},"featured_img_caption":"","featured_img":false,"series_order":"","_links":{"self":[{"href":"https:\/\/www.fresnillo.gob.mx\/transparencia\/wp-json\/wp\/v2\/pages\/1054","targetHints":{"allow":["GET"]}}],"collection":[{"href":"https:\/\/www.fresnillo.gob.mx\/transparencia\/wp-json\/wp\/v2\/pages"}],"about":[{"href":"https:\/\/www.fresnillo.gob.mx\/transparencia\/wp-json\/wp\/v2\/types\/page"}],"author":[{"embeddable":true,"href":"https:\/\/www.fresnillo.gob.mx\/transparencia\/wp-json\/wp\/v2\/users\/1"}],"replies":[{"embeddable":true,"href":"https:\/\/www.fresnillo.gob.mx\/transparencia\/wp-json\/wp\/v2\/comments?post=1054"}],"version-history":[{"count":2,"href":"https:\/\/www.fresnillo.gob.mx\/transparencia\/wp-json\/wp\/v2\/pages\/1054\/revisions"}],"predecessor-version":[{"id":70187,"href":"https:\/\/www.fresnillo.gob.mx\/transparencia\/wp-json\/wp\/v2\/pages\/1054\/revisions\/70187"}],"up":[{"embeddable":true,"href":"https:\/\/www.fresnillo.gob.mx\/transparencia\/wp-json\/wp\/v2\/pages\/1038"}],"wp:attachment":[{"href":"https:\/\/www.fresnillo.gob.mx\/transparencia\/wp-json\/wp\/v2\/media?parent=1054"}],"curies":[{"name":"wp","href":"https:\/\/api.w.org\/{rel}","templated":true}]}}