{"id":1067,"date":"2018-10-11T06:51:15","date_gmt":"2018-10-11T06:51:15","guid":{"rendered":"https:\/\/www.seguiremoshaciendohistoria.gob.mx\/transparencia\/i-manuales-leyes-y-reglamentos\/xxiii-resultados-de-estudios-y-encuesta-realizadas-a-la-opinion-publica\/"},"modified":"2025-01-14T18:48:34","modified_gmt":"2025-01-14T18:48:34","slug":"xxiii-resultados-de-estudios-y-encuesta-realizadas-a-la-opinion-publica","status":"publish","type":"page","link":"https:\/\/www.fresnillo.gob.mx\/transparencia\/transparencia\/articulo-11\/xxiii-resultados-de-estudios-y-encuesta-realizadas-a-la-opinion-publica\/","title":{"rendered":"XXIII. Resultados de estudios y encuesta realizadas a la opini\u00f3n p\u00fablica"},"content":{"rendered":"<div class=\"wpb-content-wrapper\"><p>[vc_row][vc_column][vc_column_text css=\u00bb\u00bb]<\/p>\n<h3 class=\"cms-plugin cms-plugin-619\"><span style=\"color: #183889;\"><strong>Art\u00edculo 11, Fracci\u00f3n XXIII<\/strong>.<\/span>-Los resultados de estudios y encuestas de opini\u00f3n p\u00fablica realizadas o contratadas excepto que se trate de informaci\u00f3n interna para la toma de decisiones.<\/h3>\n<p class=\"cms-plugin cms-plugin-619\" style=\"text-align: center;\"><span style=\"color: #183889;\">INFORMACION ACTUALIZADA AL 4to TRIMESTRE 2016<\/span><\/p>\n<p class=\"cms-plugin cms-plugin-619\" align=\"center\">Responsable de Actualizar: Secretaria de Gobierno.<\/p>\n<p class=\"cms-plugin cms-plugin-619\">Hasta el momento y en la historia de este Municipio de Fresnillo no ha elaborado alg\u00fan estudio y\/o encuesta de opini\u00f3n p\u00fablica (No se cuenta con Hist\u00f3rico).<\/p>\n<p>[\/vc_column_text][\/vc_column][\/vc_row][vc_row][vc_column][\/vc_column][\/vc_row]<\/p>\n<\/div>","protected":false},"excerpt":{"rendered":"<p>[vc_row][vc_column][vc_column_text css=\u00bb\u00bb] Art\u00edculo 11, Fracci\u00f3n XXIII.-Los resultados de estudios y encuestas de opini\u00f3n p\u00fablica realizadas o contratadas excepto que se trate de informaci\u00f3n interna para la toma de decisiones. INFORMACION ACTUALIZADA AL 4to TRIMESTRE 2016 Responsable de Actualizar: Secretaria de Gobierno. Hasta el momento y en la historia de este Municipio de Fresnillo no ha [&hellip;]<\/p>\n","protected":false},"author":1,"featured_media":0,"parent":1038,"menu_order":27,"comment_status":"closed","ping_status":"closed","template":"page-templates\/template-articulos.php","meta":{"_uag_custom_page_level_css":"","advgb_blocks_editor_width":"","advgb_blocks_columns_visual_guide":"","footnotes":""},"class_list":["post-1067","page","type-page","status-publish","hentry"],"uagb_featured_image_src":{"full":false,"thumbnail":false,"medium":false,"medium_large":false,"large":false,"1536x1536":false,"2048x2048":false},"uagb_author_info":{"display_name":"admin","author_link":"https:\/\/www.fresnillo.gob.mx\/transparencia\/author\/admin\/"},"uagb_comment_info":0,"uagb_excerpt":"[vc_row][vc_column][vc_column_text css=\u00bb\u00bb] Art\u00edculo 11, Fracci\u00f3n XXIII.-Los resultados de estudios y encuestas de opini\u00f3n p\u00fablica realizadas o contratadas excepto que se trate de informaci\u00f3n interna para la toma de decisiones. INFORMACION ACTUALIZADA AL 4to TRIMESTRE 2016 Responsable de Actualizar: Secretaria de Gobierno. Hasta el momento y en la historia de este Municipio de Fresnillo no ha&hellip;","coauthors":[],"author_meta":{"author_link":"https:\/\/www.fresnillo.gob.mx\/transparencia\/author\/admin\/","display_name":"admin"},"relative_dates":{"created":"Publicado 8 a\u00f1os hace","modified":"Actualizado 1 a\u00f1o hace"},"absolute_dates":{"created":"Publicado el octubre 11, 2018","modified":"Actualizado el enero 14, 2025"},"absolute_dates_time":{"created":"Publicado el octubre 11, 2018 6:51 am","modified":"Actualizado el enero 14, 2025 6:48 pm"},"featured_img_caption":"","featured_img":false,"series_order":"","_links":{"self":[{"href":"https:\/\/www.fresnillo.gob.mx\/transparencia\/wp-json\/wp\/v2\/pages\/1067","targetHints":{"allow":["GET"]}}],"collection":[{"href":"https:\/\/www.fresnillo.gob.mx\/transparencia\/wp-json\/wp\/v2\/pages"}],"about":[{"href":"https:\/\/www.fresnillo.gob.mx\/transparencia\/wp-json\/wp\/v2\/types\/page"}],"author":[{"embeddable":true,"href":"https:\/\/www.fresnillo.gob.mx\/transparencia\/wp-json\/wp\/v2\/users\/1"}],"replies":[{"embeddable":true,"href":"https:\/\/www.fresnillo.gob.mx\/transparencia\/wp-json\/wp\/v2\/comments?post=1067"}],"version-history":[{"count":0,"href":"https:\/\/www.fresnillo.gob.mx\/transparencia\/wp-json\/wp\/v2\/pages\/1067\/revisions"}],"up":[{"embeddable":true,"href":"https:\/\/www.fresnillo.gob.mx\/transparencia\/wp-json\/wp\/v2\/pages\/1038"}],"wp:attachment":[{"href":"https:\/\/www.fresnillo.gob.mx\/transparencia\/wp-json\/wp\/v2\/media?parent=1067"}],"curies":[{"name":"wp","href":"https:\/\/api.w.org\/{rel}","templated":true}]}}