{"id":1070,"date":"2018-10-11T06:51:37","date_gmt":"2018-10-11T06:51:37","guid":{"rendered":"https:\/\/www.seguiremoshaciendohistoria.gob.mx\/transparencia\/i-manuales-leyes-y-reglamentos\/xxvi-convocatorias-a-concursos-licitaciones-publicas-o-enajenaciones\/"},"modified":"2025-01-14T18:36:11","modified_gmt":"2025-01-14T18:36:11","slug":"xxvi-convocatorias-a-concursos-licitaciones-publicas-o-enajenaciones","status":"publish","type":"page","link":"https:\/\/www.fresnillo.gob.mx\/transparencia\/transparencia\/articulo-11\/xxvi-convocatorias-a-concursos-licitaciones-publicas-o-enajenaciones\/","title":{"rendered":"XXVI. Convocatorias a concursos, licitaciones p\u00fablicas o enajenaciones"},"content":{"rendered":"<div class=\"wpb-content-wrapper\"><p>[vc_row][vc_column][vc_column_text css=\u00bb\u00bb]<\/p>\n<h4><span style=\"color: #183889;\">Art\u00edculo 11, Fracci\u00f3n XXVI.-<\/span> Las convocatorias a concursos, licitaciones p\u00fablicas o enajenaciones fuera de licitaci\u00f3n p\u00fablica, por los que el sujeto obligado transmita la propiedad o el uso de bienes, sus procedimientos y los resultados de los mismos.<\/h4>\n<p>Informaci\u00f3n Actualizada al 4to. Trimestre 2016<\/p>\n<p>Informaci\u00f3n Actualizada al 07\/02\/2017<\/p>\n<p>Responsable de Actualizar: Depto. de Licitaciones.<\/p>\n<p>En el Periodo que se informa no se generaron ning\u00fan convocatoria para concurso de Licitaciones P\u00fablicas y\/o Enajenaciones, ni transmisi\u00f3n de propiedad o uso de bienes de cualquier tipo.<\/p>\n<p><a href=\"https:\/\/compranet.funcionpublica.gob.mx\/web\/login.html\" target=\"_blank\" rel=\"noopener\">https:\/\/compranet.funcionpublica.gob.mx\/web\/login.html<\/a><\/p>\n<p>La informaci\u00f3n correspondiente al proceso de licitaci\u00f3n de obras se encuentra disponible en esta direcci\u00f3n:<\/p>\n<p>NOTA: para verificar la informaci\u00f3n correspondiente al Municipio de Fresnillo, en la Opci\u00f3n de \u00abDependencia o Entidad\u00bb se deber\u00e1 seleccionar la ultima opci\u00f3n: \u00abZAC -&gt; _Gobierno Municipal del Estado de Zacatecas\u00bb y presionar el bot\u00f3n \u00abBUSCAR\u00bb; de la Lista que se muestre, solo corresponde a Fresnillo aquella informaci\u00f3n donde la columna \u00abN\u00famero de Procedimiento\u00bb tenga los valores de 83????994 (despu\u00e9s de los primeros tres caracteres)<\/p>\n<p>en donde se puede apreciar al seleccionar en la parte de dependencia o entidad todas y cada una de la obras o acciones realizadas a trav\u00e9s de este departamento de licitaciones y que llevan un proceso de convocatoria o de adjudicaci\u00f3n directa. En este archivo una vez localizado en la parte derecha se tiene un clicks en donde se abre otra ventana en especial y el ella se encuentra toda la informaci\u00f3n correspondiente a cada obra o acci\u00f3n.<\/p>\n<p>Si existiera alguna dura sobre este apartado de informaci\u00f3n consultar en esta pagina:<\/p>\n<p><a href=\"https:\/\/compranet.funcionpublica.gob.mx\/web\/login.html\" target=\"_blank\" rel=\"noopener\">https:\/\/compranet.funcionpublica.gob.mx\/web\/login.htm<\/a><\/p>\n<p>en el apartado de vigentes y dentro de esta en la pesta\u00f1a de anuncios en seguimiento o concluidos.<\/p>\n<p>Complemento de obras y acciones 2013<br \/>\n(Al 3er. Trim 2013)<\/p>\n<p><strong>Complemento de obras y acciones 2013<\/strong>[\/vc_column_text][\/vc_column][\/vc_row][vc_row][vc_column][vc_column_text]<\/p>\n<h2 class=\"cms-plugin cms-plugin-614\"><span style=\"color: #183889;\"><strong>Art\u00edculo 11, Fracci\u00f3n XVIII<\/strong>.<\/span>&#8211; La informaci\u00f3n p\u00fablica sobre el endeudamiento de los sujetos obligados.<\/h2>\n<p>[\/vc_column_text][\/vc_column][\/vc_row][vc_row][vc_column][vc_column_text]<\/p>\n<p class=\"cms-plugin cms-plugin-614\" style=\"text-align: right;\">INFORMACI\u00d3N ACTUALIZADA AL 4to TRIMESTRE 2016<\/p>\n<p class=\"cms-plugin cms-plugin-614\"><strong>FECHA DE ULTIMA ACTUALIZACI\u00d3N: 07\/02\/2017<\/strong><\/p>\n<p class=\"cms-plugin cms-plugin-614\" style=\"text-align: center;\"><span style=\"color: #183889;\"><strong>Informaci\u00f3n Proporcionada por la Direcci\u00f3n de Finanzas y\u00a0<\/strong><b>Tesorer\u00eda<\/b><\/span><\/p>\n<p class=\"cms-plugin cms-plugin-614\" style=\"text-align: center;\"><strong>RELACI\u00d3N DE PASIVOS DEL<br \/>\nMUNICIPIO DE FRESNILLO<br \/>\nADMINISTRACI\u00d3N 2013-2016<\/strong><\/p>\n<p style=\"text-align: center;\"><a href=\"https:\/\/www.fresnillo.gob.mx\/wp-content\/uploads\/2018\/12\/1_just_info_trim0216.pdf\">_1_just_info_trim0216<\/a><a href=\"https:\/\/www.fresnillo.gob.mx\/wp-content\/uploads\/2018\/12\/2_just_info_trim0216_1.pdf\">_<\/a><\/p>\n<p style=\"text-align: center;\"><a href=\"https:\/\/www.fresnillo.gob.mx\/wp-content\/uploads\/2018\/12\/2_just_info_trim0216_1.pdf\">2_just_info_trim0216_1<\/a><a href=\"https:\/\/www.fresnillo.gob.mx\/wp-content\/uploads\/2018\/12\/3_just_info_trim0415.pdf\">_<\/a><\/p>\n<p style=\"text-align: center;\"><a href=\"https:\/\/www.fresnillo.gob.mx\/wp-content\/uploads\/2018\/12\/3_just_info_trim0415.pdf\">3_just_info_trim0415<\/a><a href=\"https:\/\/www.fresnillo.gob.mx\/wp-content\/uploads\/2018\/12\/4_anapas0915.pdf\">_<\/a><\/p>\n<p style=\"text-align: center;\"><a href=\"https:\/\/www.fresnillo.gob.mx\/wp-content\/uploads\/2018\/12\/4_anapas0915.pdf\">4_anapas0915<\/a><a href=\"https:\/\/www.fresnillo.gob.mx\/wp-content\/uploads\/2018\/12\/5_anapas0615.pdf\">_<\/a><\/p>\n<p style=\"text-align: center;\"><a href=\"https:\/\/www.fresnillo.gob.mx\/wp-content\/uploads\/2018\/12\/5_anapas0615.pdf\">5_anapas0615<\/a><a href=\"https:\/\/www.fresnillo.gob.mx\/wp-content\/uploads\/2018\/12\/6_anapas0315.pdf\">_<\/a><\/p>\n<p style=\"text-align: center;\"><a href=\"https:\/\/www.fresnillo.gob.mx\/wp-content\/uploads\/2018\/12\/6_anapas0315.pdf\">6_anapas0315<\/a><a href=\"https:\/\/www.fresnillo.gob.mx\/wp-content\/uploads\/2018\/12\/7_anapas1214.pdf\">_<\/a><\/p>\n<p style=\"text-align: center;\"><a href=\"https:\/\/www.fresnillo.gob.mx\/wp-content\/uploads\/2018\/12\/7_anapas1214.pdf\">7_anapas1214<\/a><a href=\"https:\/\/www.fresnillo.gob.mx\/wp-content\/uploads\/2018\/12\/8_anapas0914.pdf\">_<\/a><\/p>\n<p style=\"text-align: center;\"><a href=\"https:\/\/www.fresnillo.gob.mx\/wp-content\/uploads\/2018\/12\/8_anapas0914.pdf\">8_anapas0914<\/a><a href=\"https:\/\/www.fresnillo.gob.mx\/wp-content\/uploads\/2018\/12\/9_anapas0614.pdf\">_<\/a><\/p>\n<p style=\"text-align: center;\"><a href=\"https:\/\/www.fresnillo.gob.mx\/wp-content\/uploads\/2018\/12\/9_anapas0614.pdf\">9_anapas0614<\/a><a href=\"https:\/\/www.fresnillo.gob.mx\/wp-content\/uploads\/2018\/12\/10_anapas0314.pdf\">_<\/a><\/p>\n<p style=\"text-align: center;\"><a href=\"https:\/\/www.fresnillo.gob.mx\/wp-content\/uploads\/2018\/12\/10_anapas0314.pdf\">10_anapas0314<\/a><a href=\"https:\/\/www.fresnillo.gob.mx\/wp-content\/uploads\/2018\/12\/11_anapas1213.pdf\">_<\/a><\/p>\n<p style=\"text-align: center;\"><a href=\"https:\/\/www.fresnillo.gob.mx\/wp-content\/uploads\/2018\/12\/11_anapas1213.pdf\">11_anapas1213<\/a><a href=\"https:\/\/www.fresnillo.gob.mx\/wp-content\/uploads\/2018\/12\/12_anapas0913.pdf\">_<\/a><\/p>\n<p style=\"text-align: center;\"><a href=\"https:\/\/www.fresnillo.gob.mx\/wp-content\/uploads\/2018\/12\/12_anapas0913.pdf\">12_anapas0913<\/a><\/p>\n<p>&nbsp;<\/p>\n<table style=\"width: 40%; border-collapse: collapse;\" border=\"1\">\n<tbody>\n<tr>\n<td style=\"width: 100%;\"><span style=\"color: #000080;\">Deuda Publica SIAPAF<\/span><\/td>\n<\/tr>\n<tr>\n<td style=\"width: 100%;\"><a href=\"https:\/\/www.fresnillo.gob.mx\/wp-content\/uploads\/2018\/11\/1_-Deuda-Publica-1.pdf\">_1_ Deuda Publica<\/a><\/td>\n<\/tr>\n<\/tbody>\n<\/table>\n<p>&nbsp;<\/p>\n<p style=\"text-align: center;\"><a href=\"https:\/\/www.fresnillo.gob.mx\/wp-content\/uploads\/2018\/11\/adeudos0712jpg__644x1028_q85_crop_subsampling-2_upscale.jpg\"><img loading=\"lazy\" decoding=\"async\" class=\"alignnone wp-image-3655 size-full\" src=\"https:\/\/www.fresnillo.gob.mx\/wp-content\/uploads\/2018\/11\/adeudos0712jpg__644x1028_q85_crop_subsampling-2_upscale.jpg\" alt=\"\" width=\"644\" height=\"1028\" \/><\/a><\/p>\n<p>[\/vc_column_text][\/vc_column][\/vc_row]<\/p>\n<\/div>","protected":false},"excerpt":{"rendered":"<p>[vc_row][vc_column][vc_column_text css=\u00bb\u00bb] Art\u00edculo 11, Fracci\u00f3n XXVI.- Las convocatorias a concursos, licitaciones p\u00fablicas o enajenaciones fuera de licitaci\u00f3n p\u00fablica, por los que el sujeto obligado transmita la propiedad o el uso de bienes, sus procedimientos y los resultados de los mismos. Informaci\u00f3n Actualizada al 4to. Trimestre 2016 Informaci\u00f3n Actualizada al 07\/02\/2017 Responsable de Actualizar: Depto. de [&hellip;]<\/p>\n","protected":false},"author":1,"featured_media":0,"parent":1038,"menu_order":30,"comment_status":"closed","ping_status":"closed","template":"page-templates\/template-articulos.php","meta":{"_uag_custom_page_level_css":"","advgb_blocks_editor_width":"","advgb_blocks_columns_visual_guide":"","footnotes":""},"class_list":["post-1070","page","type-page","status-publish","hentry"],"uagb_featured_image_src":{"full":false,"thumbnail":false,"medium":false,"medium_large":false,"large":false,"1536x1536":false,"2048x2048":false},"uagb_author_info":{"display_name":"admin","author_link":"https:\/\/www.fresnillo.gob.mx\/transparencia\/author\/admin\/"},"uagb_comment_info":0,"uagb_excerpt":"[vc_row][vc_column][vc_column_text css=\u00bb\u00bb] Art\u00edculo 11, Fracci\u00f3n XXVI.- Las convocatorias a concursos, licitaciones p\u00fablicas o enajenaciones fuera de licitaci\u00f3n p\u00fablica, por los que el sujeto obligado transmita la propiedad o el uso de bienes, sus procedimientos y los resultados de los mismos. Informaci\u00f3n Actualizada al 4to. Trimestre 2016 Informaci\u00f3n Actualizada al 07\/02\/2017 Responsable de Actualizar: Depto. de&hellip;","coauthors":[],"author_meta":{"author_link":"https:\/\/www.fresnillo.gob.mx\/transparencia\/author\/admin\/","display_name":"admin"},"relative_dates":{"created":"Publicado 8 a\u00f1os hace","modified":"Actualizado 1 a\u00f1o hace"},"absolute_dates":{"created":"Publicado el octubre 11, 2018","modified":"Actualizado el enero 14, 2025"},"absolute_dates_time":{"created":"Publicado el octubre 11, 2018 6:51 am","modified":"Actualizado el enero 14, 2025 6:36 pm"},"featured_img_caption":"","featured_img":false,"series_order":"","_links":{"self":[{"href":"https:\/\/www.fresnillo.gob.mx\/transparencia\/wp-json\/wp\/v2\/pages\/1070","targetHints":{"allow":["GET"]}}],"collection":[{"href":"https:\/\/www.fresnillo.gob.mx\/transparencia\/wp-json\/wp\/v2\/pages"}],"about":[{"href":"https:\/\/www.fresnillo.gob.mx\/transparencia\/wp-json\/wp\/v2\/types\/page"}],"author":[{"embeddable":true,"href":"https:\/\/www.fresnillo.gob.mx\/transparencia\/wp-json\/wp\/v2\/users\/1"}],"replies":[{"embeddable":true,"href":"https:\/\/www.fresnillo.gob.mx\/transparencia\/wp-json\/wp\/v2\/comments?post=1070"}],"version-history":[{"count":0,"href":"https:\/\/www.fresnillo.gob.mx\/transparencia\/wp-json\/wp\/v2\/pages\/1070\/revisions"}],"up":[{"embeddable":true,"href":"https:\/\/www.fresnillo.gob.mx\/transparencia\/wp-json\/wp\/v2\/pages\/1038"}],"wp:attachment":[{"href":"https:\/\/www.fresnillo.gob.mx\/transparencia\/wp-json\/wp\/v2\/media?parent=1070"}],"curies":[{"name":"wp","href":"https:\/\/api.w.org\/{rel}","templated":true}]}}