{"id":12047,"date":"2019-01-03T16:19:56","date_gmt":"2019-01-03T16:19:56","guid":{"rendered":"https:\/\/www.seguiremoshaciendohistoria.gob.mx\/siapasf\/articulo-39\/iii-facultades-de-cada-area-3\/"},"modified":"2025-01-10T18:52:22","modified_gmt":"2025-01-10T18:52:22","slug":"iii-facultades-de-cada-area","status":"publish","type":"page","link":"https:\/\/www.fresnillo.gob.mx\/transparencia\/siapasf\/articulo-39\/iii-facultades-de-cada-area\/","title":{"rendered":"III. Facultades de cada \u00c1rea."},"content":{"rendered":"<div class=\"wpb-content-wrapper\"><p>[vc_row][vc_column][vc_tta_tabs style=\u00bbmodern\u00bb shape=\u00bbround\u00bb color=\u00bbblue\u00bb alignment=\u00bbcenter\u00bb active_section=\u00bb1&#8243; no_fill_content_area=\u00bbtrue\u00bb title=\u00bbFACULTADES\u00bb][vc_tta_section i_icon_fontawesome=\u00bbfas fa-book-open\u00bb add_icon=\u00bbtrue\u00bb title=\u00bb2017&#8243; tab_id=\u00bb1548807570598-afd36a00-cd5f\u00bb][vc_column_text]<\/p>\n<ul>\n<li><span style=\"color: #3366ff;\"><strong><a style=\"color: #3366ff;\" href=\"https:\/\/www.fresnillo.gob.mx\/wp-content\/uploads\/2019\/01\/facultades_del_area-comercial.pdf\">Direcci\u00f3n Comercial<\/a><\/strong><\/span><\/li>\n<li><span style=\"color: #3366ff;\"><strong><a style=\"color: #3366ff;\" href=\"https:\/\/www.fresnillo.gob.mx\/wp-content\/uploads\/2019\/01\/facultades-juridico-1.pdf\">Direcci\u00f3n Jur\u00eddica<\/a><\/strong><\/span><\/li>\n<li><span style=\"color: #3366ff;\"><strong><a style=\"color: #3366ff;\" href=\"https:\/\/www.fresnillo.gob.mx\/wp-content\/uploads\/2019\/01\/facultades_del_area_de_la_unidad_de_transparencia_del_siapasf2018-1.pdf\">Unidad de Transparencia<\/a><\/strong><\/span><\/li>\n<li><span style=\"color: #3366ff;\"><strong><a style=\"color: #3366ff;\" href=\"https:\/\/www.fresnillo.gob.mx\/wp-content\/uploads\/2019\/01\/fundamento_legal-comite-de-transparencia.pdf\">Fundamento Legal Comit\u00e9 de Transparencia<\/a><\/strong><\/span><\/li>\n<li><span style=\"color: #3366ff;\"><strong><a style=\"color: #3366ff;\" href=\"https:\/\/www.fresnillo.gob.mx\/wp-content\/uploads\/2019\/01\/facultades_del_area_de_direccion_gral.pdf\">Direcci\u00f3n General<\/a><\/strong><\/span><\/li>\n<li><span style=\"color: #3366ff;\"><strong><a style=\"color: #3366ff;\" href=\"https:\/\/www.fresnillo.gob.mx\/wp-content\/uploads\/2019\/01\/2o_trimestre_2018_funciones_coordinacion_de_ingenieria.pdf\">Coordinaci\u00f3n de Ingenier\u00eda<\/a><\/strong><\/span><\/li>\n<li><span style=\"color: #3366ff;\"><strong><a style=\"color: #3366ff;\" href=\"https:\/\/www.fresnillo.gob.mx\/wp-content\/uploads\/2019\/01\/facultades_contraloria.pdf\">Contralor\u00eda Interna<\/a><\/strong><\/span><\/li>\n<li><span style=\"color: #3366ff;\"><strong><a style=\"color: #3366ff;\" href=\"https:\/\/www.fresnillo.gob.mx\/wp-content\/uploads\/2019\/01\/facultades_de_direccion_de_recursos_humanos_y_materiales.pdf\">Direcci\u00f3n de Recursos Materiales y Humanos<\/a><\/strong><\/span><\/li>\n<li><span style=\"color: #3366ff;\"><strong><a style=\"color: #3366ff;\" href=\"https:\/\/www.fresnillo.gob.mx\/wp-content\/uploads\/2019\/01\/facultades_del_titular_de_coordinacion_de_comunicacion_social_2018-1.pdf\">Coordinaci\u00f3n de Comunicaci\u00f3n Social<\/a><\/strong><\/span><\/li>\n<li><span style=\"color: #3366ff;\"><strong><a style=\"color: #3366ff;\" href=\"https:\/\/www.fresnillo.gob.mx\/wp-content\/uploads\/2019\/01\/facultades_de_la_direccion_administrativa_del_siapasf_2018-1.pdf\">Direcci\u00f3n Administrativa<\/a><\/strong><\/span><\/li>\n<li><span style=\"color: #3366ff;\"><strong><a style=\"color: #3366ff;\" href=\"https:\/\/www.fresnillo.gob.mx\/wp-content\/uploads\/2019\/01\/facultades_de_cada_area_1-sap.pdf\">Direcci\u00f3n de Servicios de Agua Potable<\/a><\/strong><\/span><\/li>\n<li><span style=\"color: #3366ff;\"><strong><a style=\"color: #3366ff;\" href=\"https:\/\/www.fresnillo.gob.mx\/wp-content\/uploads\/2019\/01\/facultades_del_titular-CONSTRUCCION.pdf\">Direcci\u00f3n de Construcci\u00f3n<\/a><\/strong><\/span><\/li>\n<\/ul>\n<p>[\/vc_column_text][\/vc_tta_section][vc_tta_section i_icon_fontawesome=\u00bbfas fa-book-open\u00bb add_icon=\u00bbtrue\u00bb title=\u00bb2018&#8243; tab_id=\u00bb1548807570609-a716a658-fce6&#8243;][vc_column_text]<\/p>\n<ul>\n<li><span style=\"color: #3366ff;\"><strong><a style=\"color: #3366ff;\" href=\"https:\/\/www.fresnillo.gob.mx\/wp-content\/uploads\/2019\/01\/Facultades-del-\u00e1rea-Dir.-Comercial.pdf\">Direcci\u00f3n Comercial<\/a><\/strong><\/span><\/li>\n<li><span style=\"color: #3366ff;\"><strong><a style=\"color: #3366ff;\" href=\"https:\/\/www.fresnillo.gob.mx\/wp-content\/uploads\/2019\/01\/Facultades-del-\u00e1rea-Jefatura-de-Planeaci\u00f3n-2018.pdf\">Jefatura de Planeaci\u00f3n<\/a><\/strong><\/span><\/li>\n<li><span style=\"color: #3366ff;\"><strong><a style=\"color: #3366ff;\" href=\"https:\/\/www.fresnillo.gob.mx\/wp-content\/uploads\/2019\/01\/Facultades-del-\u00e1rea-Recursos-Humanos-2018.pdf\">Direcci\u00f3n de Recursos Humanos y Materiales<\/a><\/strong><\/span><\/li>\n<li><span style=\"color: #3366ff;\"><strong><a style=\"color: #3366ff;\" href=\"https:\/\/www.fresnillo.gob.mx\/wp-content\/uploads\/2019\/01\/Facultades-del-\u00e1rea-Servicios-de-Agua-2018.pdf\">Direcci\u00f3n de Servicios de Agua Potable<\/a><\/strong><\/span><\/li>\n<li><span style=\"color: #3366ff;\"><strong><a style=\"color: #3366ff;\" href=\"https:\/\/www.fresnillo.gob.mx\/wp-content\/uploads\/2019\/01\/Facultades-del-\u00e1rea-Comunicaci\u00f3n-Social-2018.pdf\">Comunicaci\u00f3n Social<\/a><\/strong><\/span><\/li>\n<li><span style=\"color: #3366ff;\"><strong><a style=\"color: #3366ff;\" href=\"https:\/\/www.fresnillo.gob.mx\/wp-content\/uploads\/2019\/01\/Facultades-del-\u00e1rea-Contralor\u00eda-2018.pdf\">Contralor\u00eda Interna<\/a><\/strong><\/span><\/li>\n<li><span style=\"color: #3366ff;\"><strong><a style=\"color: #3366ff;\" href=\"https:\/\/www.fresnillo.gob.mx\/wp-content\/uploads\/2019\/01\/Facultades-del-\u00e1rea-Subdirecci\u00f3n-Administrativa-2018.pdf\">Subdirecci\u00f3n Administrativa<\/a><\/strong><\/span><\/li>\n<li><span style=\"color: #3366ff;\"><strong><a style=\"color: #3366ff;\" href=\"https:\/\/www.fresnillo.gob.mx\/wp-content\/uploads\/2019\/01\/Facultades-del-\u00e1rea-Subdirecci\u00f3n-T\u00e9cnica-2018.pdf\">Subdirecci\u00f3n T\u00e9cnica<\/a><\/strong><\/span><\/li>\n<li><span style=\"color: #3366ff;\"><strong><a style=\"color: #3366ff;\" href=\"https:\/\/www.fresnillo.gob.mx\/wp-content\/uploads\/2019\/05\/facultades-juridico.pdf\">Unidad Jur\u00eddica<\/a><\/strong><\/span><\/li>\n<li><span style=\"color: #3366ff;\"><strong><a style=\"color: #3366ff;\" href=\"https:\/\/www.fresnillo.gob.mx\/wp-content\/uploads\/2019\/05\/facultades_del_area_de_la_unidad_de_transparencia_del_siapasf.pdf\">Unidad de Transparencia<\/a><\/strong><\/span><\/li>\n<li><span style=\"color: #3366ff;\"><strong><a style=\"color: #3366ff;\" href=\"https:\/\/www.fresnillo.gob.mx\/wp-content\/uploads\/2019\/05\/facultades_del_area_de_direccion_gral.pdf\">Direcci\u00f3n General<\/a><\/strong><\/span><\/li>\n<\/ul>\n<p>[\/vc_column_text][\/vc_tta_section][vc_tta_section i_icon_fontawesome=\u00bbfas fa-book-open\u00bb add_icon=\u00bbtrue\u00bb title=\u00bb2019&#8243; tab_id=\u00bb1556044524204-ec72f600-7f0d\u00bb][vc_column_text]<\/p>\n<ul>\n<li><span style=\"color: #3366ff;\"><strong><a style=\"color: #3366ff;\" href=\"https:\/\/www.fresnillo.gob.mx\/wp-content\/uploads\/2019\/04\/REGLAMENTO-INTERNO-SIAPASF.pdf\">Reglamento Interno SIAPASF<\/a><\/strong><\/span><\/li>\n<\/ul>\n<p>[\/vc_column_text][\/vc_tta_section][vc_tta_section i_icon_fontawesome=\u00bbfas fa-book-open\u00bb add_icon=\u00bbtrue\u00bb title=\u00bb2020&#8243; tab_id=\u00bb1587048855039-d864d59f-4e78&#8243;][vc_column_text]<\/p>\n<ul>\n<li><span style=\"color: #3366ff;\"><strong><a style=\"color: #3366ff;\" href=\"https:\/\/www.fresnillo.gob.mx\/wp-content\/uploads\/2019\/04\/REGLAMENTO-INTERNO-SIAPASF.pdf\">Reglamento Interno SIAPASF<\/a><\/strong><\/span><\/li>\n<\/ul>\n<p>[\/vc_column_text][\/vc_tta_section][vc_tta_section i_icon_fontawesome=\u00bbfas fa-book-open\u00bb add_icon=\u00bbtrue\u00bb title=\u00bb2021&#8243; tab_id=\u00bb1613412233071-cf1ddd7a-9fe2&#8243;][vc_column_text]<\/p>\n<ul>\n<li><span style=\"color: #3366ff;\"><strong><a style=\"color: #3366ff;\" href=\"https:\/\/www.fresnillo.gob.mx\/wp-content\/uploads\/2019\/04\/REGLAMENTO-INTERNO-SIAPASF.pdf\">Reglamento Interno SIAPASF<\/a><\/strong><\/span><\/li>\n<\/ul>\n<p>[\/vc_column_text][\/vc_tta_section][vc_tta_section title=\u00bb2022&#8243; tab_id=\u00bb1646683800568-5c6c7d41-6ed7&#8243;][vc_column_text]<\/p>\n<ul>\n<li><span style=\"color: #3366ff;\"><strong><a style=\"color: #3366ff;\" href=\"https:\/\/www.fresnillo.gob.mx\/wp-content\/uploads\/2019\/04\/REGLAMENTO-INTERNO-SIAPASF.pdf\">Reglamento Interno SIAPASF<\/a><\/strong><\/span><\/li>\n<\/ul>\n<p>[\/vc_column_text][\/vc_tta_section][\/vc_tta_tabs][\/vc_column][\/vc_row]<\/p>\n<\/div>","protected":false},"excerpt":{"rendered":"<p>[vc_row][vc_column][vc_tta_tabs style=\u00bbmodern\u00bb shape=\u00bbround\u00bb color=\u00bbblue\u00bb alignment=\u00bbcenter\u00bb active_section=\u00bb1&#8243; no_fill_content_area=\u00bbtrue\u00bb title=\u00bbFACULTADES\u00bb][vc_tta_section i_icon_fontawesome=\u00bbfas fa-book-open\u00bb add_icon=\u00bbtrue\u00bb title=\u00bb2017&#8243; tab_id=\u00bb1548807570598-afd36a00-cd5f\u00bb][vc_column_text] Direcci\u00f3n Comercial Direcci\u00f3n Jur\u00eddica Unidad de Transparencia Fundamento Legal Comit\u00e9 de Transparencia Direcci\u00f3n General Coordinaci\u00f3n de Ingenier\u00eda Contralor\u00eda Interna Direcci\u00f3n de Recursos Materiales y Humanos Coordinaci\u00f3n de Comunicaci\u00f3n Social Direcci\u00f3n Administrativa Direcci\u00f3n de Servicios de Agua Potable Direcci\u00f3n de Construcci\u00f3n [\/vc_column_text][\/vc_tta_section][vc_tta_section i_icon_fontawesome=\u00bbfas [&hellip;]<\/p>\n","protected":false},"author":1,"featured_media":0,"parent":9759,"menu_order":1,"comment_status":"closed","ping_status":"closed","template":"","meta":{"_uag_custom_page_level_css":"","advgb_blocks_editor_width":"","advgb_blocks_columns_visual_guide":"","footnotes":""},"class_list":["post-12047","page","type-page","status-publish","hentry"],"uagb_featured_image_src":{"full":false,"thumbnail":false,"medium":false,"medium_large":false,"large":false,"1536x1536":false,"2048x2048":false},"uagb_author_info":{"display_name":"admin","author_link":"https:\/\/www.fresnillo.gob.mx\/transparencia\/author\/admin\/"},"uagb_comment_info":0,"uagb_excerpt":"[vc_row][vc_column][vc_tta_tabs style=\u00bbmodern\u00bb shape=\u00bbround\u00bb color=\u00bbblue\u00bb alignment=\u00bbcenter\u00bb active_section=\u00bb1&#8243; no_fill_content_area=\u00bbtrue\u00bb title=\u00bbFACULTADES\u00bb][vc_tta_section i_icon_fontawesome=\u00bbfas fa-book-open\u00bb add_icon=\u00bbtrue\u00bb title=\u00bb2017&#8243; tab_id=\u00bb1548807570598-afd36a00-cd5f\u00bb][vc_column_text] Direcci\u00f3n Comercial Direcci\u00f3n Jur\u00eddica Unidad de Transparencia Fundamento Legal Comit\u00e9 de Transparencia Direcci\u00f3n General Coordinaci\u00f3n de Ingenier\u00eda Contralor\u00eda Interna Direcci\u00f3n de Recursos Materiales y Humanos Coordinaci\u00f3n de Comunicaci\u00f3n Social Direcci\u00f3n Administrativa Direcci\u00f3n de Servicios de Agua Potable Direcci\u00f3n de Construcci\u00f3n [\/vc_column_text][\/vc_tta_section][vc_tta_section i_icon_fontawesome=\u00bbfas&hellip;","coauthors":[],"author_meta":{"author_link":"https:\/\/www.fresnillo.gob.mx\/transparencia\/author\/admin\/","display_name":"admin"},"relative_dates":{"created":"Publicado 7 a\u00f1os hace","modified":"Actualizado 1 a\u00f1o hace"},"absolute_dates":{"created":"Publicado el enero 3, 2019","modified":"Actualizado el enero 10, 2025"},"absolute_dates_time":{"created":"Publicado el enero 3, 2019 4:19 pm","modified":"Actualizado el enero 10, 2025 6:52 pm"},"featured_img_caption":"","featured_img":false,"series_order":"","_links":{"self":[{"href":"https:\/\/www.fresnillo.gob.mx\/transparencia\/wp-json\/wp\/v2\/pages\/12047","targetHints":{"allow":["GET"]}}],"collection":[{"href":"https:\/\/www.fresnillo.gob.mx\/transparencia\/wp-json\/wp\/v2\/pages"}],"about":[{"href":"https:\/\/www.fresnillo.gob.mx\/transparencia\/wp-json\/wp\/v2\/types\/page"}],"author":[{"embeddable":true,"href":"https:\/\/www.fresnillo.gob.mx\/transparencia\/wp-json\/wp\/v2\/users\/1"}],"replies":[{"embeddable":true,"href":"https:\/\/www.fresnillo.gob.mx\/transparencia\/wp-json\/wp\/v2\/comments?post=12047"}],"version-history":[{"count":1,"href":"https:\/\/www.fresnillo.gob.mx\/transparencia\/wp-json\/wp\/v2\/pages\/12047\/revisions"}],"predecessor-version":[{"id":70030,"href":"https:\/\/www.fresnillo.gob.mx\/transparencia\/wp-json\/wp\/v2\/pages\/12047\/revisions\/70030"}],"up":[{"embeddable":true,"href":"https:\/\/www.fresnillo.gob.mx\/transparencia\/wp-json\/wp\/v2\/pages\/9759"}],"wp:attachment":[{"href":"https:\/\/www.fresnillo.gob.mx\/transparencia\/wp-json\/wp\/v2\/media?parent=12047"}],"curies":[{"name":"wp","href":"https:\/\/api.w.org\/{rel}","templated":true}]}}