{"id":1209,"date":"2018-10-17T04:19:43","date_gmt":"2018-10-17T04:19:43","guid":{"rendered":"https:\/\/www.seguiremoshaciendohistoria.gob.mx\/transparencia\/articulo-15\/ii-planes-de-ordenamiento-territorial-y-ecologico\/"},"modified":"2025-01-09T20:16:22","modified_gmt":"2025-01-09T20:16:22","slug":"ii-planes-de-ordenamiento-territorial-y-ecologico","status":"publish","type":"page","link":"https:\/\/www.fresnillo.gob.mx\/transparencia\/transparencia\/articulo-15\/ii-planes-de-ordenamiento-territorial-y-ecologico\/","title":{"rendered":"II. Planes de ordenamiento territorial y ecol\u00f3gico"},"content":{"rendered":"<div class=\"wpb-content-wrapper\"><p>[vc_row][vc_column][vc_tta_tabs color=\u00bbblack\u00bb active_section=\u00bb1&#8243; no_fill_content_area=\u00bbtrue\u00bb][vc_tta_section i_icon_fontawesome=\u00bbfa fa-road\u00bb add_icon=\u00bbtrue\u00bb title=\u00bbPlan de Ordenamiento Territorial y Ecol\u00f3gico\u00bb tab_id=\u00bb1541517837713-7b2d1eae-e495&#8243;][vc_column_text css=\u00bb\u00bb]<\/p>\n<h3 class=\"cms-plugin cms-plugin-1987\" style=\"text-align: center;\"><span style=\"color: #800000;\"><strong>INFORMACI\u00d3N\u00a0ACTUALIZADA AL 4to TRIMESTRE 2016<\/strong><\/span><\/h3>\n<h3 class=\"cms-plugin cms-plugin-1987\" style=\"text-align: center;\"><span style=\"color: #800000;\"><strong>FECHA DE ULTIMA ACTUALIZACI\u00d3N: 31\/12\/2017<\/strong><\/span><\/h3>\n<h3 class=\"cms-plugin cms-plugin-1987\" style=\"text-align: center;\"><span style=\"color: #800000;\"><strong>Informaci\u00f3n proporcionada por La Direcci\u00f3n de Obras P\u00fablicas<\/strong><\/span><\/h3>\n<h3 style=\"text-align: center;\"><span style=\"color: #800000;\"><strong>PLANES DE ORDENAMIENTO TERRITORIAL Y ECOL\u00d3GICO.<\/strong><\/span><\/h3>\n<p>&nbsp;<\/p>\n<h5 style=\"text-align: center;\"><span style=\"color: #808080;\"><strong>CONSULTA AQ<\/strong><strong>U\u00cd:<\/strong><\/span><\/h5>\n<h5 style=\"text-align: center;\"><strong><a href=\"https:\/\/www.fresnillo.gob.mx\/wp-content\/uploads\/2018\/11\/1_plan_ord_vig_1-1.pdf\">_<span style=\"color: #000000;\">1_plan_ord_vig_1<\/span><\/a><\/strong><\/h5>\n<h5 style=\"text-align: center;\"><span style=\"color: #000000;\"><strong><a style=\"color: #000000;\" href=\"https:\/\/www.fresnillo.gob.mx\/wp-content\/uploads\/2018\/11\/2_img_des_urbano-1.pdf\">_2_img_des_urbano<\/a><\/strong><\/span><\/h5>\n<p>&nbsp;<\/p>\n<h5 style=\"text-align: center;\"><\/h5>\n<p>[\/vc_column_text][\/vc_tta_section][vc_tta_section i_icon_fontawesome=\u00bbfa fa-road\u00bb add_icon=\u00bbtrue\u00bb title=\u00bbTipos y Usos De Suelo\u00bb tab_id=\u00bb1541517925194-7052bbe8-c811&#8243;][vc_column_text]<\/p>\n<h3 class=\"cms-plugin cms-plugin-1988\" style=\"text-align: center;\"><span style=\"color: #800000;\"><b>INFORMACI\u00d3N<\/b><strong>\u00a0ACTUALIZADA AL 4to TRIMESTRE 2016<\/strong><\/span><\/h3>\n<h3 class=\"cms-plugin cms-plugin-1988\" style=\"text-align: center;\"><span style=\"color: #800000;\"><strong>FECHA DE ULTIMA ACTUALIZACI\u00d3N: 31\/12\/2017<\/strong><\/span><\/h3>\n<h3 class=\"cms-plugin cms-plugin-1988\" style=\"text-align: center;\"><span style=\"color: #800000;\"><strong>Informaci\u00f3n proporcionada por La Direcci\u00f3n de Obras P\u00fablicas.<\/strong><\/span><\/h3>\n<h3 class=\"cms-plugin cms-plugin-1988\" align=\"center\"><span style=\"color: #800000;\"><strong>TIPOS Y USO DE SUELOS<\/strong><\/span><\/h3>\n<p>&nbsp;<\/p>\n<h5 style=\"text-align: center;\"><strong><span style=\"color: #808080;\">CONSULTA AQU\u00cd:\u00a0<\/span><\/strong><\/h5>\n<h4 style=\"text-align: center;\"><strong><span style=\"color: #000000;\"><a style=\"color: #000000;\" href=\"https:\/\/www.seguiremoshaciendohistoria.gob.mx\/wp-content\/uploads\/2018\/11\/1_uso_suelo.pdf\">_1_uso_suelo<\/a><\/span><\/strong><\/h4>\n<p><a href=\"https:\/\/www.seguiremoshaciendohistoria.gob.mx\/wp-content\/uploads\/2018\/11\/2_uso_suelo_gde.jpg\"><img loading=\"lazy\" decoding=\"async\" class=\"size-medium wp-image-2706 aligncenter\" src=\"https:\/\/www.seguiremoshaciendohistoria.gob.mx\/wp-content\/uploads\/2018\/11\/2_uso_suelo_gde-300x197.jpg\" alt=\"\" width=\"300\" height=\"197\" \/><\/a>[\/vc_column_text][\/vc_tta_section][vc_tta_section i_icon_fontawesome=\u00bbfa fa-road\u00bb add_icon=\u00bbtrue\u00bb title=\u00bbLicencias de Construcci\u00f3n de Transporte, V\u00eda P\u00fablica e informes Sobre Permisos y Licencias Otorgadas\u00bb tab_id=\u00bb1541518303042-ce6b45f3-1065&#8243;][vc_column_text]<\/p>\n<p style=\"text-align: center;\"><span style=\"color: #800000;\"><strong>INFORMACI\u00d3N<\/strong><strong>\u00a0ACTUALIZADA AL 4to. TRIMESTRE 2016\u00a0<\/strong><\/span><\/p>\n<p style=\"text-align: center;\"><span style=\"color: #800000;\"><strong>FECHA DE ULTIMA ACTUALIZACI\u00d3N: 31\/12\/2017<\/strong><\/span><\/p>\n<p style=\"text-align: center;\"><span style=\"color: #800000;\"><strong>Informaci\u00f3n proporcionada por La Direcci\u00f3n de Obras P\u00fablicas.<\/strong><\/span><\/p>\n<h4 class=\"cms-plugin cms-plugin-1990\" style=\"text-align: center;\" align=\"center\"><span style=\"color: #000000;\"><strong>LICENCIAS DE USO Y\/O CONSTRUCCI\u00d3N\u00a0OTORGADOS, DE TRANSPORTE, V\u00cdA P\u00daBLICA Y TODA LA INFORMACI\u00d3N SOBRE PERMISOS Y LICENCIAS OTORGADAS.<\/strong><\/span><\/h4>\n<p>&nbsp;<\/p>\n<h5><span style=\"color: #333333;\">LICENCIAS DE CONSTRUCCI\u00d3N<\/span><\/h5>\n<p><a href=\"https:\/\/www.seguiremoshaciendohistoria.gob.mx\/wp-content\/uploads\/2018\/11\/1_lic_construc_trim0216_licencia-de-construccion.pdf\">_1_lic_construc_trim0216_licencia de construccion<\/a><\/p>\n<h5>PERMISOS <span style=\"color: #333333;\">VARIOS<\/span><\/h5>\n<p><a href=\"https:\/\/www.seguiremoshaciendohistoria.gob.mx\/wp-content\/uploads\/2018\/11\/2_perm_varios_trim0216_Permisos-Varios.pdf\">_2_perm_varios_trim0216_Permisos Varios<\/a><\/p>\n<h5>LICENCIAS DE CONSTRUCCI\u00d3N<\/h5>\n<p><a href=\"https:\/\/www.seguiremoshaciendohistoria.gob.mx\/wp-content\/uploads\/2018\/11\/3_lic_construc_trim0415_Licencia-de-Construccion.pdf\">_3_lic_construc_trim0415_Licencia de Construccion<\/a><\/p>\n<h5>PERMISOS VARIOS<\/h5>\n<p><a href=\"https:\/\/www.seguiremoshaciendohistoria.gob.mx\/wp-content\/uploads\/2018\/11\/4_perm_varios_trim0415_Permisos-Varios.pdf\">_4_perm_varios_trim0415_Permisos Varios<\/a><\/p>\n<h5>LICENCIAS DE CONSTRUCCI\u00d3N<\/h5>\n<p><a href=\"https:\/\/www.seguiremoshaciendohistoria.gob.mx\/wp-content\/uploads\/2018\/11\/5_lic_construc_trim0315_Licencias-de-Construccion.pdf\">_5_lic_construc_trim0315_Licencias de Construccion<\/a><\/p>\n<h5>PERMISOS VARIOS<\/h5>\n<p><a href=\"https:\/\/www.seguiremoshaciendohistoria.gob.mx\/wp-content\/uploads\/2018\/11\/6_perm_varios_trim0315_Permisos-Varios.pdf\">_6_perm_varios_trim0315_Permisos Varios<\/a><\/p>\n<h5>LICENCIAS DE CONSTRUCCI\u00d3N<\/h5>\n<p><a href=\"https:\/\/www.seguiremoshaciendohistoria.gob.mx\/wp-content\/uploads\/2018\/11\/7_lic_construc_trim0215_Licencias-de-Construccion.pdf\">_7_lic_construc_trim0215_Licencias de Construccion<\/a><\/p>\n<h5>PERMISOS VARIOS<\/h5>\n<p><a href=\"https:\/\/www.seguiremoshaciendohistoria.gob.mx\/wp-content\/uploads\/2018\/11\/8_perm_varios_trim0215_Permisos-Varios.pdf\">_8_perm_varios_trim0215_Permisos Varios<\/a><\/p>\n<h5>LICENCIAS DE CONSTRUCCI\u00d3N<\/h5>\n<p><a href=\"https:\/\/www.seguiremoshaciendohistoria.gob.mx\/wp-content\/uploads\/2018\/11\/9_lic_construc_trim0115_Licencias-de-Construccion.pdf\">_9_lic_construc_trim0115_Licencias de Construccion<\/a><\/p>\n<h5>PERMISOS VARIOS<\/h5>\n<p><a href=\"https:\/\/www.seguiremoshaciendohistoria.gob.mx\/wp-content\/uploads\/2018\/11\/10_perm_varios_trim0115_Permisos-Varios.pdf\">_10_perm_varios_trim0115_Permisos Varios<\/a><\/p>\n<h5>LICENCIAS DE CONSTRUCCI\u00d3N<\/h5>\n<p><a href=\"https:\/\/www.seguiremoshaciendohistoria.gob.mx\/wp-content\/uploads\/2018\/11\/11_lic_construc_trim0414_Licencias-de-Construccion.pdf\">_11_lic_construc_trim0414_Licencias de Construccion<\/a><\/p>\n<h5>PERMISOS VARIOS<\/h5>\n<p><a href=\"https:\/\/www.seguiremoshaciendohistoria.gob.mx\/wp-content\/uploads\/2018\/11\/12_perm_varios_trim0414_Permisos-Varios.pdf\">_12_perm_varios_trim0414_Permisos Varios<\/a><\/p>\n<h5>PERMISOS VARIOS<\/h5>\n<p><a href=\"https:\/\/www.seguiremoshaciendohistoria.gob.mx\/wp-content\/uploads\/2018\/11\/13_perm_varios_trim0314_Permisos-Varios.pdf\">_13_perm_varios_trim0314_Permisos Varios<\/a><\/p>\n<h5>LICENCIAS DE CONSTRUCCI\u00d3N<\/h5>\n<p><a href=\"https:\/\/www.seguiremoshaciendohistoria.gob.mx\/wp-content\/uploads\/2018\/11\/14_lic_construc_trim0214_Licencias-de-Construccion.pdf\">_14_lic_construc_trim0214_Licencias de Construccion<\/a><\/p>\n<h5>PERMISOS VARIOS<\/h5>\n<p><a href=\"https:\/\/www.seguiremoshaciendohistoria.gob.mx\/wp-content\/uploads\/2018\/11\/15_perm_varios_trim0214_Permisos-Varios.pdf\">_15_perm_varios_trim0214_Permisos Varios<\/a><\/p>\n<h5>LICENCIAS DE CONSTRUCCI\u00d3N<\/h5>\n<p><a href=\"https:\/\/www.seguiremoshaciendohistoria.gob.mx\/wp-content\/uploads\/2018\/11\/16_lic_construc_trim0114_Licencias-de-Construccion.pdf\">_16_lic_construc_trim0114_Licencias de Construccion<\/a><\/p>\n<h5>PERMISOS VARIOS<\/h5>\n<p><a href=\"https:\/\/www.seguiremoshaciendohistoria.gob.mx\/wp-content\/uploads\/2018\/11\/17_perm_varios_trim0114_Permisos-Varios.pdf\">_17_perm_varios_trim0114_Permisos Varios<\/a><\/p>\n<h5>PERMISOS VARIOS<\/h5>\n<p><a href=\"https:\/\/www.seguiremoshaciendohistoria.gob.mx\/wp-content\/uploads\/2018\/11\/18_perm_varios_trim0413_Permisos-Varios.pdf\">_18_perm_varios_trim0413_Permisos Varios<\/a>[\/vc_column_text][vc_column_text]<\/p>\n<h5 style=\"text-align: center;\"><\/h5>\n<p>[\/vc_column_text][\/vc_tta_section][\/vc_tta_tabs][\/vc_column][\/vc_row]<\/p>\n<\/div>","protected":false},"excerpt":{"rendered":"<p>[vc_row][vc_column][vc_tta_tabs color=\u00bbblack\u00bb active_section=\u00bb1&#8243; no_fill_content_area=\u00bbtrue\u00bb][vc_tta_section i_icon_fontawesome=\u00bbfa fa-road\u00bb add_icon=\u00bbtrue\u00bb title=\u00bbPlan de Ordenamiento Territorial y Ecol\u00f3gico\u00bb tab_id=\u00bb1541517837713-7b2d1eae-e495&#8243;][vc_column_text css=\u00bb\u00bb] INFORMACI\u00d3N\u00a0ACTUALIZADA AL 4to TRIMESTRE 2016 FECHA DE ULTIMA ACTUALIZACI\u00d3N: 31\/12\/2017 Informaci\u00f3n proporcionada por La Direcci\u00f3n de Obras P\u00fablicas PLANES DE ORDENAMIENTO TERRITORIAL Y ECOL\u00d3GICO. &nbsp; CONSULTA AQU\u00cd: _1_plan_ord_vig_1 _2_img_des_urbano &nbsp; [\/vc_column_text][\/vc_tta_section][vc_tta_section i_icon_fontawesome=\u00bbfa fa-road\u00bb add_icon=\u00bbtrue\u00bb title=\u00bbTipos y Usos De Suelo\u00bb tab_id=\u00bb1541517925194-7052bbe8-c811&#8243;][vc_column_text] [&hellip;]<\/p>\n","protected":false},"author":1,"featured_media":0,"parent":1040,"menu_order":3,"comment_status":"closed","ping_status":"closed","template":"page-templates\/template-articulos.php","meta":{"_uag_custom_page_level_css":"","advgb_blocks_editor_width":"","advgb_blocks_columns_visual_guide":"","footnotes":""},"class_list":["post-1209","page","type-page","status-publish","hentry"],"uagb_featured_image_src":{"full":false,"thumbnail":false,"medium":false,"medium_large":false,"large":false,"1536x1536":false,"2048x2048":false},"uagb_author_info":{"display_name":"admin","author_link":"https:\/\/www.fresnillo.gob.mx\/transparencia\/author\/admin\/"},"uagb_comment_info":0,"uagb_excerpt":"[vc_row][vc_column][vc_tta_tabs color=\u00bbblack\u00bb active_section=\u00bb1&#8243; no_fill_content_area=\u00bbtrue\u00bb][vc_tta_section i_icon_fontawesome=\u00bbfa fa-road\u00bb add_icon=\u00bbtrue\u00bb title=\u00bbPlan de Ordenamiento Territorial y Ecol\u00f3gico\u00bb tab_id=\u00bb1541517837713-7b2d1eae-e495&#8243;][vc_column_text css=\u00bb\u00bb] INFORMACI\u00d3N\u00a0ACTUALIZADA AL 4to TRIMESTRE 2016 FECHA DE ULTIMA ACTUALIZACI\u00d3N: 31\/12\/2017 Informaci\u00f3n proporcionada por La Direcci\u00f3n de Obras P\u00fablicas PLANES DE ORDENAMIENTO TERRITORIAL Y ECOL\u00d3GICO. &nbsp; CONSULTA AQU\u00cd: _1_plan_ord_vig_1 _2_img_des_urbano &nbsp; [\/vc_column_text][\/vc_tta_section][vc_tta_section i_icon_fontawesome=\u00bbfa fa-road\u00bb add_icon=\u00bbtrue\u00bb title=\u00bbTipos y Usos De Suelo\u00bb tab_id=\u00bb1541517925194-7052bbe8-c811&#8243;][vc_column_text]&hellip;","coauthors":[],"author_meta":{"author_link":"https:\/\/www.fresnillo.gob.mx\/transparencia\/author\/admin\/","display_name":"admin"},"relative_dates":{"created":"Publicado 8 a\u00f1os hace","modified":"Actualizado 1 a\u00f1o hace"},"absolute_dates":{"created":"Publicado el octubre 17, 2018","modified":"Actualizado el enero 9, 2025"},"absolute_dates_time":{"created":"Publicado el octubre 17, 2018 4:19 am","modified":"Actualizado el enero 9, 2025 8:16 pm"},"featured_img_caption":"","featured_img":false,"series_order":"","_links":{"self":[{"href":"https:\/\/www.fresnillo.gob.mx\/transparencia\/wp-json\/wp\/v2\/pages\/1209","targetHints":{"allow":["GET"]}}],"collection":[{"href":"https:\/\/www.fresnillo.gob.mx\/transparencia\/wp-json\/wp\/v2\/pages"}],"about":[{"href":"https:\/\/www.fresnillo.gob.mx\/transparencia\/wp-json\/wp\/v2\/types\/page"}],"author":[{"embeddable":true,"href":"https:\/\/www.fresnillo.gob.mx\/transparencia\/wp-json\/wp\/v2\/users\/1"}],"replies":[{"embeddable":true,"href":"https:\/\/www.fresnillo.gob.mx\/transparencia\/wp-json\/wp\/v2\/comments?post=1209"}],"version-history":[{"count":0,"href":"https:\/\/www.fresnillo.gob.mx\/transparencia\/wp-json\/wp\/v2\/pages\/1209\/revisions"}],"up":[{"embeddable":true,"href":"https:\/\/www.fresnillo.gob.mx\/transparencia\/wp-json\/wp\/v2\/pages\/1040"}],"wp:attachment":[{"href":"https:\/\/www.fresnillo.gob.mx\/transparencia\/wp-json\/wp\/v2\/media?parent=1209"}],"curies":[{"name":"wp","href":"https:\/\/api.w.org\/{rel}","templated":true}]}}