{"id":1215,"date":"2018-10-17T04:20:53","date_gmt":"2018-10-17T04:20:53","guid":{"rendered":"https:\/\/www.seguiremoshaciendohistoria.gob.mx\/transparencia\/articulo-15\/viii-emprestitos-deudas-contraidas-y-enajenacion-de-bienes\/"},"modified":"2025-01-09T19:25:59","modified_gmt":"2025-01-09T19:25:59","slug":"viii-emprestitos-deudas-contraidas-y-enajenacion-de-bienes","status":"publish","type":"page","link":"https:\/\/www.fresnillo.gob.mx\/transparencia\/transparencia\/articulo-15\/viii-emprestitos-deudas-contraidas-y-enajenacion-de-bienes\/","title":{"rendered":"VIII. Empr\u00e9stitos, deudas contra\u00eddas y enajenaci\u00f3n de bienes"},"content":{"rendered":"<div class=\"wpb-content-wrapper\"><p>[vc_row][vc_column][vc_tta_tabs color=\u00bbblack\u00bb active_section=\u00bb1&#8243; no_fill_content_area=\u00bbtrue\u00bb][vc_tta_section i_icon_fontawesome=\u00bbfa fa-credit-card\u00bb add_icon=\u00bbtrue\u00bb title=\u00bbEmpr\u00e9sitos\u00bb tab_id=\u00bb1541616213395-108e6002-028e\u00bb][vc_column_text css=\u00bb\u00bb]<\/p>\n<h3 style=\"text-align: center;\"><span style=\"color: #800000;\">I<strong>NFORMACI\u00d3N ACTUALIZADA AL 4to TRIMESTRE 2016<\/strong><\/span><\/h3>\n<h3 style=\"text-align: center;\"><strong><span style=\"color: #800000;\">FECHA DE ULTIMA ACTUALIZACI\u00d3N: 31\/12\/2017<\/span><\/strong><\/h3>\n<h3 style=\"text-align: center;\"><strong><span style=\"color: #800000;\">Informaci\u00f3n proporcionada por la Direcci\u00f3n de Finanzas y\u00a0Tesorer\u00eda<\/span><\/strong><\/h3>\n<h3 style=\"text-align: center;\"><span style=\"color: #333333;\"><strong>EMPR\u00c9STITOS<\/strong><\/span><\/h3>\n<p style=\"text-align: center;\"><span style=\"color: #000000;\">NOTA: A la fecha el Municipio no ha solicitado empr\u00e9stitos de ning\u00fan tipo.<\/span><\/p>\n<p style=\"text-align: center;\"><span style=\"color: #800000;\"><strong>RELACI\u00d3N DE PASIVOS DEL<br \/>\nMUNICIPIO DE FRESNILLO<br \/>\nADMINISTRACI\u00d3N 2013-2016<\/strong><\/span><\/p>\n<p style=\"text-align: center;\"><strong><span style=\"color: #000000;\"><a style=\"color: #000000;\" href=\"https:\/\/www.fresnillo.gob.mx\/wp-content\/uploads\/2018\/11\/1_just_info_trim0216.pdf\">_1_just_info_trim0216<\/a><\/span><\/strong><\/p>\n<p style=\"text-align: center;\"><strong><span style=\"color: #000000;\"><a style=\"color: #000000;\" href=\"https:\/\/www.fresnillo.gob.mx\/wp-content\/uploads\/2018\/11\/2_just_info_trim0216_1.pdf\">_2_just_info_trim0216_1<\/a><\/span><\/strong><\/p>\n<p style=\"text-align: center;\"><strong><span style=\"color: #000000;\"><a style=\"color: #000000;\" href=\"https:\/\/www.fresnillo.gob.mx\/wp-content\/uploads\/2018\/11\/3_just_info_trim0415_1.pdf\">_3_just_info_trim0415_1<\/a><\/span><\/strong><\/p>\n<p style=\"text-align: center;\"><strong><span style=\"color: #000000;\"><a style=\"color: #000000;\" href=\"https:\/\/www.fresnillo.gob.mx\/wp-content\/uploads\/2018\/11\/4_anapas0915.pdf\">_4_anapas0915<\/a><\/span><\/strong><\/p>\n<p style=\"text-align: center;\"><strong><span style=\"color: #000000;\"><a style=\"color: #000000;\" href=\"https:\/\/www.fresnillo.gob.mx\/wp-content\/uploads\/2018\/11\/5_anapas0615.pdf\">_5_anapas0615<\/a><\/span><\/strong><\/p>\n<p style=\"text-align: center;\"><strong><span style=\"color: #000000;\"><a style=\"color: #000000;\" href=\"https:\/\/www.fresnillo.gob.mx\/wp-content\/uploads\/2018\/11\/6_anapas0315.pdf\">_6_anapas0315<\/a><\/span><\/strong><\/p>\n<p style=\"text-align: center;\"><strong><span style=\"color: #000000;\"><a style=\"color: #000000;\" href=\"https:\/\/www.seguiremoshaciendohistoria.gob.mx\/wp-content\/uploads\/2018\/11\/7_anapas1214.pdf\">_7_anapas1214<\/a><a style=\"color: #000000;\" href=\"https:\/\/www.fresnillo.gob.mx\/wp-content\/uploads\/2018\/11\/8_anapas0914.pdf\">_<\/a><\/span><\/strong><\/p>\n<p style=\"text-align: center;\"><strong><span style=\"color: #000000;\"><a style=\"color: #000000;\" href=\"https:\/\/www.fresnillo.gob.mx\/wp-content\/uploads\/2018\/11\/8_anapas0914.pdf\">8_anapas0914<\/a><a style=\"color: #000000;\" href=\"https:\/\/www.seguiremoshaciendohistoria.gob.mx\/wp-content\/uploads\/2018\/11\/9_anapas0614.pdf\">_<\/a><\/span><\/strong><\/p>\n<p style=\"text-align: center;\"><strong><span style=\"color: #000000;\"><a style=\"color: #000000;\" href=\"https:\/\/www.fresnillo.gob.mx\/wp-content\/uploads\/2018\/11\/9_anapas0614.pdf\">9_anapas0614<\/a><a style=\"color: #000000;\" href=\"https:\/\/www.seguiremoshaciendohistoria.gob.mx\/wp-content\/uploads\/2018\/11\/10_anapas0314.pdf\">_<\/a><\/span><\/strong><\/p>\n<p style=\"text-align: center;\"><strong><span style=\"color: #000000;\"><a style=\"color: #000000;\" href=\"https:\/\/www.fresnillo.gob.mx\/wp-content\/uploads\/2018\/11\/10_anapas0314.pdf\">10_anapas0314<\/a><\/span><\/strong><\/p>\n<p style=\"text-align: center;\"><strong><span style=\"color: #000000;\"><a style=\"color: #000000;\" href=\"https:\/\/www.fresnillo.gob.mx\/wp-content\/uploads\/2018\/11\/11_anapas1213.pdf\">_11_anapas1213<\/a><\/span><\/strong><\/p>\n<p style=\"text-align: center;\"><strong><span style=\"color: #000000;\"><a style=\"color: #000000;\" href=\"https:\/\/www.fresnillo.gob.mx\/wp-content\/uploads\/2018\/11\/12_anapas0913.pdf\">_12_anapas0913<\/a><\/span><\/strong><\/p>\n<p><img decoding=\"async\" class=\"aligncenter\" src=\"https:\/\/www.fllo.gob.mx\/media\/filer_public_thumbnails\/filer_public\/7c\/40\/7c40eefb-88d9-428a-b615-9f9fe74717a8\/adeudos0712_1.jpg__644x1028_q85_crop_subsampling-2_upscale.jpg\" alt=\"adeudos0712 (1).jpg\" \/>[\/vc_column_text][\/vc_tta_section][vc_tta_section i_icon_fontawesome=\u00bbfa fa-credit-card\u00bb add_icon=\u00bbtrue\u00bb title=\u00bbDeudas Contra\u00eddas\u00bb tab_id=\u00bb1541616534600-3ef70a19-b4eb\u00bb][vc_column_text]<\/p>\n<h3 align=\"center\"><span style=\"color: #800000;\">INFORMACI\u00d3N ACTUALIZADA AL 4to TRIMESTRE 2016<\/span><\/h3>\n<h3 align=\"center\"><span style=\"color: #800000;\"><strong>Informaci\u00f3n proporcionada por la Direcci\u00f3n de Finanzas y\u00a0Tesorer\u00eda<\/strong><\/span><\/h3>\n<h3 align=\"center\"><span style=\"color: #333333;\"><strong>DEUDAS\u00a0CONTRA\u00cdDAS<\/strong><\/span><\/h3>\n<p align=\"center\"><span style=\"color: #000000;\">Durante el Periodo que se informa no se contrajeron Deudas con ninguna instituci\u00f3n.<\/span><\/p>\n<p>[\/vc_column_text][\/vc_tta_section][vc_tta_section title=\u00bbEnajenaci\u00f3n de bienes\u00bb tab_id=\u00bb1541616213459-2cb635f3-3cad\u00bb][vc_column_text]<\/p>\n<h3 style=\"text-align: center;\"><span style=\"color: #800000;\"><strong>INFORMACI\u00d3N ACTUALIZADA AL 4to TRIMESTRE 2016<\/strong><\/span><\/h3>\n<h3 style=\"text-align: center;\"><span style=\"color: #800000;\"><strong>ENAJENACI\u00d3N\u00a0DE BIENES<\/strong><\/span><\/h3>\n<h4 style=\"text-align: center;\"><strong><span style=\"color: #000000;\">Durante el Periodo que se informa no se presentaron Movimientos de este tipo.<\/span><\/strong><\/h4>\n<p>[\/vc_column_text][\/vc_tta_section][\/vc_tta_tabs][\/vc_column][\/vc_row]<\/p>\n<\/div>","protected":false},"excerpt":{"rendered":"<p>[vc_row][vc_column][vc_tta_tabs color=\u00bbblack\u00bb active_section=\u00bb1&#8243; no_fill_content_area=\u00bbtrue\u00bb][vc_tta_section i_icon_fontawesome=\u00bbfa fa-credit-card\u00bb add_icon=\u00bbtrue\u00bb title=\u00bbEmpr\u00e9sitos\u00bb tab_id=\u00bb1541616213395-108e6002-028e\u00bb][vc_column_text css=\u00bb\u00bb] INFORMACI\u00d3N ACTUALIZADA AL 4to TRIMESTRE 2016 FECHA DE ULTIMA ACTUALIZACI\u00d3N: 31\/12\/2017 Informaci\u00f3n proporcionada por la Direcci\u00f3n de Finanzas y\u00a0Tesorer\u00eda EMPR\u00c9STITOS NOTA: A la fecha el Municipio no ha solicitado empr\u00e9stitos de ning\u00fan tipo. RELACI\u00d3N DE PASIVOS DEL MUNICIPIO DE FRESNILLO ADMINISTRACI\u00d3N 2013-2016 _1_just_info_trim0216 _2_just_info_trim0216_1 _3_just_info_trim0415_1 [&hellip;]<\/p>\n","protected":false},"author":1,"featured_media":0,"parent":1040,"menu_order":12,"comment_status":"closed","ping_status":"closed","template":"page-templates\/template-articulos.php","meta":{"_uag_custom_page_level_css":"","advgb_blocks_editor_width":"","advgb_blocks_columns_visual_guide":"","footnotes":""},"class_list":["post-1215","page","type-page","status-publish","hentry"],"uagb_featured_image_src":{"full":false,"thumbnail":false,"medium":false,"medium_large":false,"large":false,"1536x1536":false,"2048x2048":false},"uagb_author_info":{"display_name":"admin","author_link":"https:\/\/www.fresnillo.gob.mx\/transparencia\/author\/admin\/"},"uagb_comment_info":0,"uagb_excerpt":"[vc_row][vc_column][vc_tta_tabs color=\u00bbblack\u00bb active_section=\u00bb1&#8243; no_fill_content_area=\u00bbtrue\u00bb][vc_tta_section i_icon_fontawesome=\u00bbfa fa-credit-card\u00bb add_icon=\u00bbtrue\u00bb title=\u00bbEmpr\u00e9sitos\u00bb tab_id=\u00bb1541616213395-108e6002-028e\u00bb][vc_column_text css=\u00bb\u00bb] INFORMACI\u00d3N ACTUALIZADA AL 4to TRIMESTRE 2016 FECHA DE ULTIMA ACTUALIZACI\u00d3N: 31\/12\/2017 Informaci\u00f3n proporcionada por la Direcci\u00f3n de Finanzas y\u00a0Tesorer\u00eda EMPR\u00c9STITOS NOTA: A la fecha el Municipio no ha solicitado empr\u00e9stitos de ning\u00fan tipo. RELACI\u00d3N DE PASIVOS DEL MUNICIPIO DE FRESNILLO ADMINISTRACI\u00d3N 2013-2016 _1_just_info_trim0216 _2_just_info_trim0216_1 _3_just_info_trim0415_1&hellip;","coauthors":[],"author_meta":{"author_link":"https:\/\/www.fresnillo.gob.mx\/transparencia\/author\/admin\/","display_name":"admin"},"relative_dates":{"created":"Publicado 7 a\u00f1os hace","modified":"Actualizado 1 a\u00f1o hace"},"absolute_dates":{"created":"Publicado el octubre 17, 2018","modified":"Actualizado el enero 9, 2025"},"absolute_dates_time":{"created":"Publicado el octubre 17, 2018 4:20 am","modified":"Actualizado el enero 9, 2025 7:25 pm"},"featured_img_caption":"","featured_img":false,"series_order":"","_links":{"self":[{"href":"https:\/\/www.fresnillo.gob.mx\/transparencia\/wp-json\/wp\/v2\/pages\/1215","targetHints":{"allow":["GET"]}}],"collection":[{"href":"https:\/\/www.fresnillo.gob.mx\/transparencia\/wp-json\/wp\/v2\/pages"}],"about":[{"href":"https:\/\/www.fresnillo.gob.mx\/transparencia\/wp-json\/wp\/v2\/types\/page"}],"author":[{"embeddable":true,"href":"https:\/\/www.fresnillo.gob.mx\/transparencia\/wp-json\/wp\/v2\/users\/1"}],"replies":[{"embeddable":true,"href":"https:\/\/www.fresnillo.gob.mx\/transparencia\/wp-json\/wp\/v2\/comments?post=1215"}],"version-history":[{"count":0,"href":"https:\/\/www.fresnillo.gob.mx\/transparencia\/wp-json\/wp\/v2\/pages\/1215\/revisions"}],"up":[{"embeddable":true,"href":"https:\/\/www.fresnillo.gob.mx\/transparencia\/wp-json\/wp\/v2\/pages\/1040"}],"wp:attachment":[{"href":"https:\/\/www.fresnillo.gob.mx\/transparencia\/wp-json\/wp\/v2\/media?parent=1215"}],"curies":[{"name":"wp","href":"https:\/\/api.w.org\/{rel}","templated":true}]}}