{"id":1218,"date":"2018-10-17T04:21:20","date_gmt":"2018-10-17T04:21:20","guid":{"rendered":"https:\/\/www.seguiremoshaciendohistoria.gob.mx\/transparencia\/articulo-15\/xi-otra-informacion-relevante-acerca-de-las-funciones-y-politicas-publicas\/"},"modified":"2025-01-10T17:53:44","modified_gmt":"2025-01-10T17:53:44","slug":"xi-otra-informacion-relevante-acerca-de-las-funciones-y-politicas-publicas","status":"publish","type":"page","link":"https:\/\/www.fresnillo.gob.mx\/transparencia\/transparencia\/articulo-15\/xi-otra-informacion-relevante-acerca-de-las-funciones-y-politicas-publicas\/","title":{"rendered":"XI. Otra informaci\u00f3n relevante acerca de las funciones y pol\u00edticas p\u00fablicas"},"content":{"rendered":"<div class=\"wpb-content-wrapper\"><p>[vc_row][vc_column][vc_tta_tabs color=\u00bbblack\u00bb active_section=\u00bb1&#8243; no_fill_content_area=\u00bbtrue\u00bb][vc_tta_section i_icon_fontawesome=\u00bbfa fa-check-circle-o\u00bb add_icon=\u00bbtrue\u00bb title=\u00bbSolicitudes 2016&#8243; tab_id=\u00bb1541532640126-9012de34-60c4&#8243;][vc_column_text]<\/p>\n<h3 style=\"text-align: center;\"><span style=\"color: #183889;\"><strong>INFORMACI\u00d3N ACTUALIZADA AL 4to TRIMESTRE 2016<\/strong><\/span><\/h3>\n<h3 style=\"text-align: center;\"><strong><span style=\"color: #000000;\">FECHA DE ULTIMA ACTUALIZACI\u00d3N: 30\/12\/2017<\/span><\/strong><\/h3>\n<h3 style=\"text-align: center;\"><span style=\"color: #183889;\">Informaci\u00f3n proporcionada por la Unidad de Enlace del Municipio<\/span><\/h3>\n<h3 style=\"text-align: center;\"><span style=\"color: #183889;\">Solicitudes 2016<\/span><\/h3>\n<p><a href=\"https:\/\/www.fresnillo.gob.mx\/wp-content\/uploads\/2018\/12\/1_2016_10.jpg__520x590_q85_crop_subsampling-2_upscale.jpg\"><img loading=\"lazy\" decoding=\"async\" class=\"aligncenter wp-image-8115 size-full\" src=\"https:\/\/www.fresnillo.gob.mx\/wp-content\/uploads\/2018\/12\/1_2016_10.jpg__520x590_q85_crop_subsampling-2_upscale.jpg\" alt=\"\" width=\"520\" height=\"590\" \/><\/a><\/p>\n<p>&nbsp;<\/p>\n<p><a href=\"https:\/\/www.fresnillo.gob.mx\/wp-content\/uploads\/2018\/11\/1_2016_10.jpg__520x590_q85_crop_subsampling-2_upscale.jpg\"><img loading=\"lazy\" decoding=\"async\" class=\"aligncenter wp-image-4844 size-full\" src=\"https:\/\/www.fresnillo.gob.mx\/wp-content\/uploads\/2018\/11\/1_2016_10.jpg__520x590_q85_crop_subsampling-2_upscale.jpg\" alt=\"\" width=\"520\" height=\"590\" \/><\/a>[\/vc_column_text][\/vc_tta_section][vc_tta_section i_icon_fontawesome=\u00bbfa fa-check-circle-o\u00bb add_icon=\u00bbtrue\u00bb title=\u00bbSolicitudes 2015&#8243; tab_id=\u00bb1541533342701-541cd32f-ca2b\u00bb][vc_column_text]<\/p>\n<h3 style=\"text-align: center;\"><strong><span style=\"color: #000000;\">INFORMACI\u00d3N ACTUALIZADA AL 4to TRIMESTRE 2016<\/span><\/strong><\/h3>\n<h3 style=\"text-align: center;\"><strong><span style=\"color: #183889;\">Informaci\u00f3n proporcionada por la Unidad de Enlace del Municipio<\/span><\/strong><\/h3>\n<h3 style=\"text-align: center;\"><strong><span style=\"color: #183889;\">Solicitudes 2015<\/span><\/strong><\/h3>\n<p><a href=\"https:\/\/www.fresnillo.gob.mx\/wp-content\/uploads\/2018\/12\/1_2015_12.jpg__550x635_q85_crop_subsampling-2_upscale.jpg\"><img loading=\"lazy\" decoding=\"async\" class=\"aligncenter wp-image-8118 size-full\" src=\"https:\/\/www.fresnillo.gob.mx\/wp-content\/uploads\/2018\/12\/1_2015_12.jpg__550x635_q85_crop_subsampling-2_upscale.jpg\" alt=\"\" width=\"550\" height=\"635\" \/><\/a><\/p>\n<p>&nbsp;<\/p>\n<p style=\"text-align: center;\"><a href=\"https:\/\/www.fresnillo.gob.mx\/wp-content\/uploads\/2018\/11\/1_2015_12.jpg__550x635_q85_crop_subsampling-2_upscale.jpg\"><img loading=\"lazy\" decoding=\"async\" class=\"alignnone wp-image-4847 size-full\" src=\"https:\/\/www.fresnillo.gob.mx\/wp-content\/uploads\/2018\/11\/1_2015_12.jpg__550x635_q85_crop_subsampling-2_upscale.jpg\" alt=\"\" width=\"550\" height=\"635\" \/><\/a><\/p>\n<p>[\/vc_column_text][\/vc_tta_section][vc_tta_section i_icon_fontawesome=\u00bbfa fa-check-circle-o\u00bb add_icon=\u00bbtrue\u00bb title=\u00bbSolicitudes 2014&#8243; tab_id=\u00bb1541533008253-a3fc5288-7251&#8243;][vc_column_text]<\/p>\n<h3 style=\"text-align: center;\"><strong><span style=\"color: #000000;\">INFORMACI\u00d3N ACTUALIZADA AL 4to TRIMESTRE 2016<\/span><\/strong><\/h3>\n<h3 style=\"text-align: center;\"><strong><span style=\"color: #183889;\">Informaci\u00f3n proporcionada por la Unidad de Enlace del Municipio<\/span><\/strong><\/h3>\n<h3 style=\"text-align: center;\"><strong><span style=\"color: #183889;\">Solicitudes 2014<\/span><\/strong><\/h3>\n<p><a href=\"https:\/\/www.fresnillo.gob.mx\/wp-content\/uploads\/2018\/12\/1_2014_12.jpg__500x572_q85_crop_subsampling-2_upscale.jpg\"><img loading=\"lazy\" decoding=\"async\" class=\"wp-image-8120 size-full aligncenter\" src=\"https:\/\/www.fresnillo.gob.mx\/wp-content\/uploads\/2018\/12\/1_2014_12.jpg__500x572_q85_crop_subsampling-2_upscale.jpg\" alt=\"\" width=\"500\" height=\"572\" \/><\/a><\/p>\n<p><a href=\"https:\/\/www.fresnillo.gob.mx\/wp-content\/uploads\/2018\/11\/1_2014_12-1.jpg__500x572_q85_crop_subsampling-2_upscale-1.jpg\"><img loading=\"lazy\" decoding=\"async\" class=\"aligncenter wp-image-5172 size-full\" src=\"https:\/\/www.fresnillo.gob.mx\/wp-content\/uploads\/2018\/11\/1_2014_12-1.jpg__500x572_q85_crop_subsampling-2_upscale-1.jpg\" alt=\"\" width=\"500\" height=\"572\" \/><\/a>[\/vc_column_text][\/vc_tta_section][vc_tta_section i_icon_fontawesome=\u00bbfa fa-check-circle-o\u00bb add_icon=\u00bbtrue\u00bb title=\u00bbSolicitudes 2013&#8243; tab_id=\u00bb1541533028518-4be616e5-8a43&#8243;][vc_column_text]<\/p>\n<h3 align=\"center\"><strong>INFORMACI\u00d3N ACTUALIZADA AL 4to TRIMESTRE 2016<\/strong><\/h3>\n<h3 align=\"center\"><strong><span style=\"color: #183889;\">Informaci\u00f3n proporcionada por la Unidad de Enlace del Municipio<\/span><\/strong><\/h3>\n<h3 align=\"center\"><strong><span style=\"color: #183889;\">Solicitudes 2013<\/span><\/strong><\/h3>\n<h3 align=\"center\"><a href=\"https:\/\/www.fresnillo.gob.mx\/wp-content\/uploads\/2018\/12\/1_2013_12.jpg__525x530_q85_crop_subsampling-2_upscale.jpg\"><img loading=\"lazy\" decoding=\"async\" class=\"alignnone wp-image-8121 size-full\" src=\"https:\/\/www.fresnillo.gob.mx\/wp-content\/uploads\/2018\/12\/1_2013_12.jpg__525x530_q85_crop_subsampling-2_upscale.jpg\" alt=\"\" width=\"525\" height=\"530\" \/><\/a><a href=\"https:\/\/www.fresnillo.gob.mx\/wp-content\/uploads\/2018\/11\/1_2013_12.jpg__525x530_q85_crop_subsampling-2_upscale.jpg\"><img loading=\"lazy\" decoding=\"async\" class=\"alignnone wp-image-5174 size-full\" src=\"https:\/\/www.fresnillo.gob.mx\/wp-content\/uploads\/2018\/11\/1_2013_12.jpg__525x530_q85_crop_subsampling-2_upscale.jpg\" alt=\"\" width=\"525\" height=\"530\" \/><\/a><\/h3>\n<p>[\/vc_column_text][\/vc_tta_section][vc_tta_section i_icon_fontawesome=\u00bbfa fa-check-circle-o\u00bb add_icon=\u00bbtrue\u00bb title=\u00bbSolicitudes 2012&#8243; tab_id=\u00bb1541533046198-9ebffd7d-c386&#8243;][vc_column_text]<\/p>\n<h3 align=\"center\"><strong>INFORMACI\u00d3N ACTUALIZADA AL 4to TRIMESTRE 2016<\/strong><\/h3>\n<h3 align=\"center\"><strong><span style=\"color: #183889;\">Informaci\u00f3n proporcionada por la Unidad de Enlace del Municipio<\/span><\/strong><\/h3>\n<h3 align=\"center\"><strong><span style=\"color: #183889;\">Solicitudes 2012<\/span><\/strong><\/h3>\n<p style=\"text-align: center;\"><a href=\"https:\/\/www.fresnillo.gob.mx\/wp-content\/uploads\/2018\/12\/1_2012_12.jpg__512x600_q85_crop_subsampling-2_upscale.jpg\"><img loading=\"lazy\" decoding=\"async\" class=\"alignnone wp-image-8122 size-full\" src=\"https:\/\/www.fresnillo.gob.mx\/wp-content\/uploads\/2018\/12\/1_2012_12.jpg__512x600_q85_crop_subsampling-2_upscale.jpg\" alt=\"\" width=\"512\" height=\"600\" \/><\/a><\/p>\n<p><a href=\"https:\/\/www.fresnillo.gob.mx\/wp-content\/uploads\/2018\/11\/1_2012_12.jpg__512x600_q85_crop_subsampling-2_upscale.jpg\"><img loading=\"lazy\" decoding=\"async\" class=\"wp-image-5176 size-full aligncenter\" src=\"https:\/\/www.fresnillo.gob.mx\/wp-content\/uploads\/2018\/11\/1_2012_12.jpg__512x600_q85_crop_subsampling-2_upscale.jpg\" alt=\"\" width=\"512\" height=\"600\" \/><\/a>[\/vc_column_text][\/vc_tta_section][vc_tta_section i_icon_fontawesome=\u00bbfa fa-check-circle-o\u00bb add_icon=\u00bbtrue\u00bb title=\u00bbSolicitudes 2011&#8243; tab_id=\u00bb1541534167979-83453d44-bf44&#8243;][vc_column_text]<\/p>\n<h3 align=\"center\"><strong><span style=\"color: #000000;\">INFORMACION ACTUALIZADA AL 4to TRIMESTRE 2016<\/span><\/strong><\/h3>\n<h3 align=\"center\"><strong><span style=\"color: #183889;\">Informaci\u00f3n proporcionada por la Unidad de Enlace del Municipio<\/span><\/strong><\/h3>\n<h3 align=\"center\"><strong><span style=\"color: #183889;\">Solicitudes 2011<\/span><\/strong><\/h3>\n<p style=\"text-align: center;\"><a href=\"https:\/\/www.fresnillo.gob.mx\/wp-content\/uploads\/2018\/12\/1_2011.jpg__518x490_q85_crop_subsampling-2_upscale.jpg\"><img loading=\"lazy\" decoding=\"async\" class=\"alignnone wp-image-8123 size-full\" src=\"https:\/\/www.fresnillo.gob.mx\/wp-content\/uploads\/2018\/12\/1_2011.jpg__518x490_q85_crop_subsampling-2_upscale.jpg\" alt=\"\" width=\"518\" height=\"490\" \/><\/a><\/p>\n<p>[\/vc_column_text][\/vc_tta_section][vc_tta_section i_icon_fontawesome=\u00bbfa fa-check-circle-o\u00bb add_icon=\u00bbtrue\u00bb title=\u00bbSolicitudes 2008 &#8211; 2012&#8243; tab_id=\u00bb1541534512752-1b9826a4-046c\u00bb][vc_column_text]<\/p>\n<h3 align=\"center\"><strong><span style=\"color: #000000;\">INFORMACI\u00d3N ACTUALIZADA AL 4to TRIMESTRE 2016<\/span><\/strong><\/h3>\n<h3 align=\"center\"><strong><span style=\"color: #183889;\">Informaci\u00f3n proporcionada por la Unidad de Enlace del Municipio<\/span><\/strong><\/h3>\n<h3 align=\"center\"><strong><span style=\"color: #183889;\">Solicitudes 2008 &#8211; 2012<\/span><\/strong><\/h3>\n<p><a href=\"https:\/\/www.fresnillo.gob.mx\/wp-content\/uploads\/2018\/11\/1_20082012.jpg__479x517_q85_crop_subsampling-2_upscale.jpg\"><img loading=\"lazy\" decoding=\"async\" class=\"wp-image-5179 size-full aligncenter\" src=\"https:\/\/www.fresnillo.gob.mx\/wp-content\/uploads\/2018\/11\/1_20082012.jpg__479x517_q85_crop_subsampling-2_upscale.jpg\" alt=\"\" width=\"479\" height=\"517\" \/><\/a><\/p>\n<p><a href=\"https:\/\/www.fresnillo.gob.mx\/wp-content\/uploads\/2018\/12\/1_20082012.jpg__479x517_q85_crop_subsampling-2_upscale.jpg\"><img loading=\"lazy\" decoding=\"async\" class=\"wp-image-8126 size-full aligncenter\" src=\"https:\/\/www.fresnillo.gob.mx\/wp-content\/uploads\/2018\/12\/1_20082012.jpg__479x517_q85_crop_subsampling-2_upscale.jpg\" alt=\"\" width=\"479\" height=\"517\" \/><\/a>[\/vc_column_text][\/vc_tta_section][\/vc_tta_tabs][\/vc_column][\/vc_row]<\/p>\n<\/div>","protected":false},"excerpt":{"rendered":"<p>[vc_row][vc_column][vc_tta_tabs color=\u00bbblack\u00bb active_section=\u00bb1&#8243; no_fill_content_area=\u00bbtrue\u00bb][vc_tta_section i_icon_fontawesome=\u00bbfa fa-check-circle-o\u00bb add_icon=\u00bbtrue\u00bb title=\u00bbSolicitudes 2016&#8243; tab_id=\u00bb1541532640126-9012de34-60c4&#8243;][vc_column_text] INFORMACI\u00d3N ACTUALIZADA AL 4to TRIMESTRE 2016 FECHA DE ULTIMA ACTUALIZACI\u00d3N: 30\/12\/2017 Informaci\u00f3n proporcionada por la Unidad de Enlace del Municipio Solicitudes 2016 &nbsp; [\/vc_column_text][\/vc_tta_section][vc_tta_section i_icon_fontawesome=\u00bbfa fa-check-circle-o\u00bb add_icon=\u00bbtrue\u00bb title=\u00bbSolicitudes 2015&#8243; tab_id=\u00bb1541533342701-541cd32f-ca2b\u00bb][vc_column_text] INFORMACI\u00d3N ACTUALIZADA AL 4to TRIMESTRE 2016 Informaci\u00f3n proporcionada por la Unidad de Enlace del Municipio [&hellip;]<\/p>\n","protected":false},"author":1,"featured_media":0,"parent":1040,"menu_order":15,"comment_status":"closed","ping_status":"closed","template":"page-templates\/template-articulos.php","meta":{"_uag_custom_page_level_css":"","advgb_blocks_editor_width":"","advgb_blocks_columns_visual_guide":"","footnotes":""},"class_list":["post-1218","page","type-page","status-publish","hentry"],"uagb_featured_image_src":{"full":false,"thumbnail":false,"medium":false,"medium_large":false,"large":false,"1536x1536":false,"2048x2048":false},"uagb_author_info":{"display_name":"admin","author_link":"https:\/\/www.fresnillo.gob.mx\/transparencia\/author\/admin\/"},"uagb_comment_info":0,"uagb_excerpt":"[vc_row][vc_column][vc_tta_tabs color=\u00bbblack\u00bb active_section=\u00bb1&#8243; no_fill_content_area=\u00bbtrue\u00bb][vc_tta_section i_icon_fontawesome=\u00bbfa fa-check-circle-o\u00bb add_icon=\u00bbtrue\u00bb title=\u00bbSolicitudes 2016&#8243; tab_id=\u00bb1541532640126-9012de34-60c4&#8243;][vc_column_text] INFORMACI\u00d3N ACTUALIZADA AL 4to TRIMESTRE 2016 FECHA DE ULTIMA ACTUALIZACI\u00d3N: 30\/12\/2017 Informaci\u00f3n proporcionada por la Unidad de Enlace del Municipio Solicitudes 2016 &nbsp; [\/vc_column_text][\/vc_tta_section][vc_tta_section i_icon_fontawesome=\u00bbfa fa-check-circle-o\u00bb add_icon=\u00bbtrue\u00bb title=\u00bbSolicitudes 2015&#8243; tab_id=\u00bb1541533342701-541cd32f-ca2b\u00bb][vc_column_text] INFORMACI\u00d3N ACTUALIZADA AL 4to TRIMESTRE 2016 Informaci\u00f3n proporcionada por la Unidad de Enlace del Municipio&hellip;","coauthors":[],"author_meta":{"author_link":"https:\/\/www.fresnillo.gob.mx\/transparencia\/author\/admin\/","display_name":"admin"},"relative_dates":{"created":"Publicado 8 a\u00f1os hace","modified":"Actualizado 1 a\u00f1o hace"},"absolute_dates":{"created":"Publicado el octubre 17, 2018","modified":"Actualizado el enero 10, 2025"},"absolute_dates_time":{"created":"Publicado el octubre 17, 2018 4:21 am","modified":"Actualizado el enero 10, 2025 5:53 pm"},"featured_img_caption":"","featured_img":false,"series_order":"","_links":{"self":[{"href":"https:\/\/www.fresnillo.gob.mx\/transparencia\/wp-json\/wp\/v2\/pages\/1218","targetHints":{"allow":["GET"]}}],"collection":[{"href":"https:\/\/www.fresnillo.gob.mx\/transparencia\/wp-json\/wp\/v2\/pages"}],"about":[{"href":"https:\/\/www.fresnillo.gob.mx\/transparencia\/wp-json\/wp\/v2\/types\/page"}],"author":[{"embeddable":true,"href":"https:\/\/www.fresnillo.gob.mx\/transparencia\/wp-json\/wp\/v2\/users\/1"}],"replies":[{"embeddable":true,"href":"https:\/\/www.fresnillo.gob.mx\/transparencia\/wp-json\/wp\/v2\/comments?post=1218"}],"version-history":[{"count":0,"href":"https:\/\/www.fresnillo.gob.mx\/transparencia\/wp-json\/wp\/v2\/pages\/1218\/revisions"}],"up":[{"embeddable":true,"href":"https:\/\/www.fresnillo.gob.mx\/transparencia\/wp-json\/wp\/v2\/pages\/1040"}],"wp:attachment":[{"href":"https:\/\/www.fresnillo.gob.mx\/transparencia\/wp-json\/wp\/v2\/media?parent=1218"}],"curies":[{"name":"wp","href":"https:\/\/api.w.org\/{rel}","templated":true}]}}