{"id":13555,"date":"2019-01-15T15:56:19","date_gmt":"2019-01-15T15:56:19","guid":{"rendered":"https:\/\/www.seguiremoshaciendohistoria.gob.mx\/?page_id=13555"},"modified":"2026-04-10T14:53:31","modified_gmt":"2026-04-10T14:53:31","slug":"padron-de-beneficiarios","status":"publish","type":"page","link":"https:\/\/www.fresnillo.gob.mx\/transparencia\/desarrollo-social\/padron-de-beneficiarios\/","title":{"rendered":"Padr\u00f3n de beneficiarios"},"content":{"rendered":"<div class=\"wpb-content-wrapper\"><p>[vc_row][vc_column][vc_tta_tabs active_section=\u00bb1&#8243;][vc_tta_section title=\u00bb2018&#8243; tab_id=\u00bb1547597857328-8c7a1837-3902&#8243;][vc_column_text css=\u00bb\u00bb]<strong>PROGRAMA MEJORAMIENTO A LA VIVIENDA<\/strong><\/p>\n<p><a href=\"https:\/\/www.fresnillo.gob.mx\/wp-content\/uploads\/2019\/01\/PADRON-BENEFICIARIOS-ESTUFAS-ECOLOGICAS.pdf\">PADR\u00d3N DE BENEFICIARIOS CORRESPONDIENTE AL SUMINISTRO DE ESTUFAS ECOL\u00d3GICAS<\/a><\/p>\n<p><a href=\"https:\/\/www.fresnillo.gob.mx\/wp-content\/uploads\/2019\/01\/PADRON-BENEFICIARIOS-TECHOS-DE-LOZAS.pdf\">PADR\u00d3N BENEFICIARIOS CORRESPONDIENTE\u00a0 A LOS APOYOS PARA LA CONSTRUCCI\u00d3N DE\u00a0 \u00a0TECHOS DE LOZA<\/a><\/p>\n<p><a href=\"https:\/\/www.fresnillo.gob.mx\/wp-content\/uploads\/2019\/01\/PADRON-BENEFICIRIOS-CALENTADORES-SOLARES.pdf\">PADR\u00d3N BENEFICIARIOS CORRESPONDIENTE ALA SUMINISTRO E INSTALACI\u00d3N DE DE CALENTADORES SOLARES<\/a><\/p>\n<p><a href=\"https:\/\/www.fresnillo.gob.mx\/wp-content\/uploads\/2019\/01\/PADRON-BENEFICIARIOS-CISTERNAS.pdf\">PADR\u00d3N BENEFICIARIOS CORRESPONDIENTE AL SUMINISTRO E INSTALACI\u00d3N DE CISTERNAS<\/a>[\/vc_column_text][\/vc_tta_section][vc_tta_section title=\u00bb2019&#8243; tab_id=\u00bb1547597857366-17095449-4ffe\u00bb][vc_column_text css=\u00bb\u00bb]<\/p>\n<h4>PADRON DE BENEFICIARIOS 2019<\/h4>\n<p><a href=\"https:\/\/www.fresnillo.gob.mx\/wp-content\/uploads\/2019\/04\/JUSTIFICACION.pdf\">Justificaci\u00f3n<\/a><\/p>\n<p><strong>CUARTO TRIMESTRE<\/strong><\/p>\n<p><a href=\"https:\/\/www.fresnillo.gob.mx\/wp-content\/uploads\/2020\/01\/PADRON-BENEFICIARIOS-CISTERNAS.pdf\">PADRON BENEFICIARIOS CORRESPONDIENTE AL SUMINISTRO E INSTALACI\u00d3N DE CISTERNAS<\/a><\/p>\n<p><a href=\"https:\/\/www.fresnillo.gob.mx\/wp-content\/uploads\/2020\/01\/PADRON-BENEFICIARIOS-ESTUFAS-ECOL\u00d3GICAS.pdf\">PADRON BENEFICIARIOS CORRESPONDIENTE AL SUMINISTRO DE ESTUFAS ECOL\u00d3GICAS<\/a><\/p>\n<p><a href=\"https:\/\/www.fresnillo.gob.mx\/wp-content\/uploads\/2020\/01\/PADRON-BENEFICIARIOS-CONVENIO-FISE-FRESNILLO-007-2019.pdf\">PADRON BENEFICIARIOS CONVENIO FISE-FRESNILLO-007-2019<\/a><\/p>\n<p><a href=\"https:\/\/www.fresnillo.gob.mx\/wp-content\/uploads\/2020\/01\/PADRON-BENEFICIARIOS-CONVENIO-PESO-A-PESO-SUMINISTRO-DE-CEMENTO.pdf\">PADRON BENEFICIARIOS CONVENIO PESO A PESO SUMINISTRO DE CEMENTO 2019\u00a0<\/a><\/p>\n<p><a href=\"https:\/\/www.fresnillo.gob.mx\/wp-content\/uploads\/2020\/01\/PADRON-BENEFICIARIOS-CONVENIO-PESO-A-PESO-SUMINISTRO-DE-PINTURA.pdf\">PADRON BENEFICIARIOS CONVENIO PESO A PESO SUMINISTRO DE PINTURA 2019\u00a0<\/a><\/p>\n<p><a href=\"https:\/\/www.fresnillo.gob.mx\/wp-content\/uploads\/2020\/01\/PADRON-BENEFICIARIOS-CONVENIO-PESO-A-PESOS-TECHOS-DE-LAMINA.pdf\">PADRON BENEFICIARIOS CONVENIO PESO A PESOS TECHOS DE LAMINA 2019\u00a0<\/a><\/p>\n<p><a href=\"https:\/\/www.fresnillo.gob.mx\/wp-content\/uploads\/2020\/01\/PADRON-DE-BENEFICIARIOS-SUMINISTRO-E-INSTALACION-DE-CALENTADRES-SOLARES-2019.pdf\">PADRON DE BENEFICIARIOS SUMINISTRO E INSTALACION DE CALENTADORES SOLARES 2019<\/a>[\/vc_column_text][\/vc_tta_section][vc_tta_section title=\u00bb2020&#8243; tab_id=\u00bb1618448813797-ffcd74ad-ed4c\u00bb][vc_column_text css=\u00bb\u00bb]<a href=\"https:\/\/www.fresnillo.gob.mx\/wp-content\/uploads\/2021\/04\/PADRON-DE-BENEFICIARIOS-SUMINISTRO-E-INSTALACION-DE-CISTERNAS-.pdf\">PADR\u00d3N DE BENEFICIARIOS SUMINISTRO E INSTALACI\u00d3N DE CISTERNAS-<\/a><\/p>\n<p><a href=\"https:\/\/www.fresnillo.gob.mx\/wp-content\/uploads\/2021\/04\/PADRON-DE-BENEFICIARIOS-SUMINISTRO-E-INSTALACION-DE-CALENTADORES-SOLARES.pdf\">PADR\u00d3N DE BENEFICIARIOS SUMINISTRO E INSTALACI\u00d3N DE CALENTADORES SOLARES<\/a><\/p>\n<p><a href=\"https:\/\/www.fresnillo.gob.mx\/wp-content\/uploads\/2021\/04\/PADRON-DE-BENEFICIARIOS-SUMINISTRO-DE-ESTUFAS-ECOLOGICAS.pdf\">PADR\u00d3N DE BENEFICIARIOS SUMINISTRO DE ESTUFAS ECOLOGICAS<\/a>[\/vc_column_text][\/vc_tta_section][vc_tta_section title=\u00bb2021&#8243; tab_id=\u00bb1641236297471-08c7c924-d560&#8243;][vc_column_text css=\u00bb\u00bb]<strong>JUSTIFICANTE<\/strong><\/p>\n<p>NO SE EJERCIO OBRA DE MEJORAMIENTO A LA VIVIENDA PARA LA ELABORACI\u00d3N DE PADRONES DE BENEFICIARIOS DURANTE EL EJERCICIO FISCAL 2021[\/vc_column_text][\/vc_tta_section][vc_tta_section title=\u00bb2022&#8243; tab_id=\u00bb1657123828302-7f5ef56d-8013&#8243;][vc_column_text css=\u00bb\u00bb]<\/p>\n<h4>PROGRAMA MEJORAMIENTO A LA VIVIENDA<\/h4>\n<p><strong>PADR\u00d3N DE BENEFICIARIOS 2022<\/strong><\/p>\n<p><a href=\"https:\/\/www.fresnillo.gob.mx\/wp-content\/uploads\/2023\/01\/BENEFICIARIOS-FRESNILLO-FISE-2022-CONVENIDO.pdf\">BENEFICIARIOS FRESNILLO FISE 2022 CONVENIDO<\/a><\/p>\n<p><a href=\"https:\/\/www.fresnillo.gob.mx\/wp-content\/uploads\/2022\/10\/ESTUFAS-ECOLOGICAS-2022.pdf\">PADR\u00d3N BENEFICIARIOS ESTUFAS ECOLOGICAS 2022<\/a><\/p>\n<p><a href=\"https:\/\/www.fresnillo.gob.mx\/wp-content\/uploads\/2023\/01\/PADRON-BENEFICIARIOS-CISTERNAS-2022.pdf\">PADRON BENEFICIARIOS CISTERNAS 2022<\/a><\/p>\n<p><a href=\"https:\/\/www.fresnillo.gob.mx\/wp-content\/uploads\/2023\/01\/PADRON-BENEFICIARIOS-SUMINISTRO-E-INSTALACION-DE-CALENTADORES-SOLARES-2022.pdf\">PADRON BENEFICIARIOS SUMINISTRO E INSTALACION DE CALENTADORES SOLARES 2022<\/a>[\/vc_column_text][\/vc_tta_section][vc_tta_section title=\u00bb2023&#8243; tab_id=\u00bb1688407968455-1cba44fa-03d6&#8243;][vc_column_text css=\u00bb\u00bb]<strong>Padr\u00f3n Beneficiarios Programa Mejoramiento ala Vivienda<\/strong><\/p>\n<p><a href=\"https:\/\/www.fresnillo.gob.mx\/wp-content\/uploads\/2024\/01\/PADRON-BENEFICIARIOS-CALENTADORES-SOLARES-2023.xlsx\">PADR\u00d3N BENEFICIARIOS CALENTADORES SOLARES 2023<\/a><\/p>\n<p><a href=\"https:\/\/www.fresnillo.gob.mx\/wp-content\/uploads\/2024\/01\/PADRON-BENEFICIARIOS-CISNTERNAS-2023.xlsx\">PADR\u00d3N BENEFICIARIOS CISNTERNAS 2023<\/a><\/p>\n<p><a href=\"https:\/\/www.fresnillo.gob.mx\/wp-content\/uploads\/2024\/01\/PDRON-BENEFICIARIOS-ESTUFAS-ECOLOGICAS-2023.xlsx\">PDR\u00d3N BENEFICIARIOS ESTUFAS ECOL\u00d3GICAS 2023<\/a>[\/vc_column_text][\/vc_tta_section][vc_tta_section title=\u00bb2024&#8243; tab_id=\u00bb1725644666011-cc6e57d2-4061&#8243;][vc_column_text css=\u00bb\u00bb]<\/p>\n<p><strong>Padr\u00f3n Beneficiarios Mejoramiento A La Vivienda 2024<\/strong><\/p>\n<p><a href=\"https:\/\/www.fresnillo.gob.mx\/wp-content\/uploads\/2024\/09\/PADRON-BENEFICIARIOS-CALENTADORES-SOLARES-2024-.pdf\">PADR\u00d3N BENEFICIARIOS CALENTADORES SOLARES 2024<\/a><\/p>\n<p><a href=\"https:\/\/www.fresnillo.gob.mx\/wp-content\/uploads\/2024\/09\/PADRON-BENEFICIARIOS-CISTERNAS-2024.pdf\">PADR\u00d3N BENEFICIARIOS CISTERNAS 2024<\/a><\/p>\n<p><a href=\"https:\/\/www.fresnillo.gob.mx\/transparencia\/wp-content\/uploads\/2025\/02\/Oficio-LATAIPEZ-FRACCION-XV-B.pdf\">Oficio LATAIPEZ FRACCION XV B<\/a><\/p>\n<p>[\/vc_column_text][\/vc_tta_section][vc_tta_section title=\u00bb2025&#8243; tab_id=\u00bb1739303974748-5708f5b0-8cad\u00bb][vc_column_text css=\u00bb\u00bb]<\/p>\n<p>AVISO DE PRIVACIDAD<br \/>\n<a href=\"https:\/\/www.fresnillo.gob.mx\/transparencia\/wp-content\/uploads\/2025\/02\/AVISOS-DE-PRIVACIDAD-INTEGRAL-2025-1.pdf\">AVISOS-DE-PRIVACIDAD-INTEGRAL-2025<\/a><\/p>\n<p><a href=\"https:\/\/www.fresnillo.gob.mx\/transparencia\/wp-content\/uploads\/2025\/04\/FORMATO-LATAIPEZ39FXVB_LTG281217-CRITERIOS-MONTOS-MINIMOS-Y-MAXIMOS.pdf\">FORMATO LATAIPEZ39FXVB_LTG281217 CRITERIOS MONTOS MINIMOS Y MAXIMOS<\/a><br \/>\n<a href=\"https:\/\/www.fresnillo.gob.mx\/transparencia\/wp-content\/uploads\/2025\/04\/JUSTIFICACION-PADRON-BENEFICIARIOS-DE-PROGRAMAS-DIRECCION-DE-PROGRAMAS-SOCIALES.pdf\">JUSTIFICACI\u00d3N PADRON BENEFICIARIOS DE PROGRAMAS DIRECCI\u00d3N DE PROGRAMAS SOCIALES<\/a><\/p>\n<p><a href=\"https:\/\/www.fresnillo.gob.mx\/transparencia\/wp-content\/uploads\/2025\/04\/JUSTIFICACION-PADRON-DE-BENEFICIARIOS-FONDO-DE-APORTACIONES-PARA-LA-INFRAESTRUCTURA-SOCIAL.pdf\">JUSTIFICACI\u00d3N PADRON DE BENEFICIARIOS FONDO DE APORTACIONES PARA LA INFRAESTRUCTURA SOCIAL<\/a><\/p>\n<p><a href=\"https:\/\/www.fresnillo.gob.mx\/transparencia\/wp-content\/uploads\/2025\/10\/JUSTIFICACION-FORMATO-LATAIPEZXVB-CRITERIOS-DE-APOYO-EN-ESPECIE-DINERO.pdf\">JUSTIFICACI\u00d3N FORMATO LATAIPEZXVB CRITERIOS DE APOYO EN ESPECIE DINERO<\/a><\/p>\n<p><a href=\"https:\/\/www.fresnillo.gob.mx\/transparencia\/wp-content\/uploads\/2026\/02\/SUMINISTRO-Y-COLOCACION-DE-CISTERNA-EN-VARIAS-COLONIAS-Y-LOCALIDADES-DE-FRESNILLO-ZACATECAS.pdf\">SUMINISTRO Y COLOCACI\u00d3N DE CISTERNA EN VARIAS COLONIAS Y LOCALIDADES DE FRESNILLO, ZACATECAS<\/a><br \/>\n<a href=\"https:\/\/www.fresnillo.gob.mx\/transparencia\/wp-content\/uploads\/2026\/02\/SUMINISTRO-Y-COLOCACION-DE-ESTUFAS-ECOLOGICAS-EN-VARIAS-COLONIAS-Y-LOCALIDADES-DE-FRESNILLO-ZACATECAS.pdf\">SUMINISTRO Y COLOCACION DE ESTUFAS ECOLOGICAS EN VARIAS COLONIAS Y LOCALIDADES DE FRESNILLO, ZACATECAS<\/a><br \/>\n<a href=\"https:\/\/www.fresnillo.gob.mx\/transparencia\/wp-content\/uploads\/2026\/02\/SUMINISTRO-E-INSTALACION-DE-CALENTADORES-SOLARES-EN-VARIAS-COLONIAS-Y-LOCALIDADES-DE-FRESNILLO-ZACATECAS.pdf\">SUMINISTRO E INSTALACI\u00d3N DE CALENTADORES SOLARES EN VARIAS COLONIAS Y LOCALIDADES DE FRESNILLO, ZACATECAS<\/a><br \/>\n<a href=\"https:\/\/www.fresnillo.gob.mx\/transparencia\/wp-content\/uploads\/2026\/02\/CONSTRUCCION-DE-TECHO-FIRME-EN-VARIAS-COLONIAS-Y-LOCALIDADES-DE-FRESNILLO-ZACATECAS.-.pdf\">CONSTRUCCION DE TECHO FIRME EN VARIAS COLONIAS Y LOCALIDADES DE FRESNILLO, ZACATECAS.<\/a><br \/>\n[\/vc_column_text][\/vc_tta_section][vc_tta_section title=\u00bb2026&#8243; tab_id=\u00bb1775832461247-22f91b03-ffb1&#8243;][vc_column_text css=\u00bb\u00bb]<\/p>\n<p>Padr\u00f3n Beneficiarios 2026<\/p>\n<p><a href=\"https:\/\/www.fresnillo.gob.mx\/transparencia\/wp-content\/uploads\/2026\/04\/Justificacion-Padron-de-Beneficiarios.pdf\">Justificacion Padron de Beneficiarios<\/a><\/p>\n<p><a href=\"https:\/\/www.fresnillo.gob.mx\/transparencia\/wp-content\/uploads\/2026\/04\/Justificacion-Formato-SIPOT-15B.pdf\">Justificacion Formato SIPOT 15B<\/a><br \/>\n[\/vc_column_text][\/vc_tta_section][\/vc_tta_tabs][\/vc_column][\/vc_row]<\/p>\n<\/div>","protected":false},"excerpt":{"rendered":"<p>[vc_row][vc_column][vc_tta_tabs active_section=\u00bb1&#8243;][vc_tta_section title=\u00bb2018&#8243; tab_id=\u00bb1547597857328-8c7a1837-3902&#8243;][vc_column_text css=\u00bb\u00bb]PROGRAMA MEJORAMIENTO A LA VIVIENDA PADR\u00d3N DE BENEFICIARIOS CORRESPONDIENTE AL SUMINISTRO DE ESTUFAS ECOL\u00d3GICAS PADR\u00d3N BENEFICIARIOS CORRESPONDIENTE\u00a0 A LOS APOYOS PARA LA CONSTRUCCI\u00d3N DE\u00a0 \u00a0TECHOS DE LOZA PADR\u00d3N BENEFICIARIOS CORRESPONDIENTE ALA SUMINISTRO E INSTALACI\u00d3N DE DE CALENTADORES SOLARES PADR\u00d3N BENEFICIARIOS CORRESPONDIENTE AL SUMINISTRO E INSTALACI\u00d3N DE CISTERNAS[\/vc_column_text][\/vc_tta_section][vc_tta_section title=\u00bb2019&#8243; tab_id=\u00bb1547597857366-17095449-4ffe\u00bb][vc_column_text css=\u00bb\u00bb] PADRON [&hellip;]<\/p>\n","protected":false},"author":1,"featured_media":0,"parent":1908,"menu_order":59,"comment_status":"closed","ping_status":"closed","template":"","meta":{"_uag_custom_page_level_css":"","advgb_blocks_editor_width":"","advgb_blocks_columns_visual_guide":"","footnotes":""},"class_list":["post-13555","page","type-page","status-publish","hentry"],"uagb_featured_image_src":{"full":false,"thumbnail":false,"medium":false,"medium_large":false,"large":false,"1536x1536":false,"2048x2048":false},"uagb_author_info":{"display_name":"admin","author_link":"https:\/\/www.fresnillo.gob.mx\/transparencia\/author\/admin\/"},"uagb_comment_info":0,"uagb_excerpt":"[vc_row][vc_column][vc_tta_tabs active_section=\u00bb1&#8243;][vc_tta_section title=\u00bb2018&#8243; tab_id=\u00bb1547597857328-8c7a1837-3902&#8243;][vc_column_text css=\u00bb\u00bb]PROGRAMA MEJORAMIENTO A LA VIVIENDA PADR\u00d3N DE BENEFICIARIOS CORRESPONDIENTE AL SUMINISTRO DE ESTUFAS ECOL\u00d3GICAS PADR\u00d3N BENEFICIARIOS CORRESPONDIENTE\u00a0 A LOS APOYOS PARA LA CONSTRUCCI\u00d3N DE\u00a0 \u00a0TECHOS DE LOZA PADR\u00d3N BENEFICIARIOS CORRESPONDIENTE ALA SUMINISTRO E INSTALACI\u00d3N DE DE CALENTADORES SOLARES PADR\u00d3N BENEFICIARIOS CORRESPONDIENTE AL SUMINISTRO E INSTALACI\u00d3N DE CISTERNAS[\/vc_column_text][\/vc_tta_section][vc_tta_section title=\u00bb2019&#8243; tab_id=\u00bb1547597857366-17095449-4ffe\u00bb][vc_column_text css=\u00bb\u00bb] PADRON&hellip;","coauthors":[],"author_meta":{"author_link":"https:\/\/www.fresnillo.gob.mx\/transparencia\/author\/admin\/","display_name":"admin"},"relative_dates":{"created":"Publicado 7 a\u00f1os hace","modified":"Actualizado 1 semana hace"},"absolute_dates":{"created":"Publicado el enero 15, 2019","modified":"Actualizado el abril 10, 2026"},"absolute_dates_time":{"created":"Publicado el enero 15, 2019 3:56 pm","modified":"Actualizado el abril 10, 2026 2:53 pm"},"featured_img_caption":"","featured_img":false,"series_order":"","_links":{"self":[{"href":"https:\/\/www.fresnillo.gob.mx\/transparencia\/wp-json\/wp\/v2\/pages\/13555","targetHints":{"allow":["GET"]}}],"collection":[{"href":"https:\/\/www.fresnillo.gob.mx\/transparencia\/wp-json\/wp\/v2\/pages"}],"about":[{"href":"https:\/\/www.fresnillo.gob.mx\/transparencia\/wp-json\/wp\/v2\/types\/page"}],"author":[{"embeddable":true,"href":"https:\/\/www.fresnillo.gob.mx\/transparencia\/wp-json\/wp\/v2\/users\/1"}],"replies":[{"embeddable":true,"href":"https:\/\/www.fresnillo.gob.mx\/transparencia\/wp-json\/wp\/v2\/comments?post=13555"}],"version-history":[{"count":12,"href":"https:\/\/www.fresnillo.gob.mx\/transparencia\/wp-json\/wp\/v2\/pages\/13555\/revisions"}],"predecessor-version":[{"id":79969,"href":"https:\/\/www.fresnillo.gob.mx\/transparencia\/wp-json\/wp\/v2\/pages\/13555\/revisions\/79969"}],"up":[{"embeddable":true,"href":"https:\/\/www.fresnillo.gob.mx\/transparencia\/wp-json\/wp\/v2\/pages\/1908"}],"wp:attachment":[{"href":"https:\/\/www.fresnillo.gob.mx\/transparencia\/wp-json\/wp\/v2\/media?parent=13555"}],"curies":[{"name":"wp","href":"https:\/\/api.w.org\/{rel}","templated":true}]}}