{"id":1444,"date":"2018-10-22T15:50:48","date_gmt":"2018-10-22T15:50:48","guid":{"rendered":"https:\/\/www.seguiremoshaciendohistoria.gob.mx\/transparencia\/articulo-39\/viii-remuneracion-bruta-y-neta-de-todos-los-servidores-publicos-de-base-o-confianza\/"},"modified":"2026-02-05T17:09:03","modified_gmt":"2026-02-05T17:09:03","slug":"viii-remuneracion-bruta-y-neta-de-todos-los-servidores-publicos-de-base-o-confianza","status":"publish","type":"page","link":"https:\/\/www.fresnillo.gob.mx\/transparencia\/transparencia\/articulo-39\/viii-remuneracion-bruta-y-neta-de-todos-los-servidores-publicos-de-base-o-confianza\/","title":{"rendered":"VIII. Remuneraci\u00f3n Bruta y Neta de Todos los Servidores P\u00fablicos de Base o Confianza"},"content":{"rendered":"<div class=\"wpb-content-wrapper\"><p>[vc_row][vc_column][vc_column_text css=\u00bb\u00bb]<\/p>\n<h1 style=\"text-align: center;\"><span style=\"color: #333399;\">FRACCI\u00d3N VIII.<\/span><\/h1>\n<h1 class=\"cms-plugin cms-plugin-644\" style=\"text-align: center;\"><span style=\"color: #3366ff;\"><strong>La remuneraci\u00f3n bruta y neta de todos los Servidores P\u00fablicos de base y de confianza, de todas las percepciones, incluyendo sueldo, prestaciones, gratificaciones, primas, comisiones, dietas, bonos, est\u00edmulos, ingresos y sistemas de compensaci\u00f3n, se\u00f1alando la periodicidad de dicha remuneraci\u00f3n.<\/strong><\/span><\/h1>\n<h2 class=\"has-text-align-right\" style=\"text-align: right;\"><span style=\"color: #333399;\"><strong>Fecha de Actualizaci\u00f3n 31\/Diciembre\/2025<\/strong><\/span><\/h2>\n<h2 class=\"cms-plugin cms-plugin-639\"><\/h2>\n<h2><\/h2>\n<p>[\/vc_column_text][\/vc_column][\/vc_row][vc_row][vc_column][vc_separator color=\u00bbblue\u00bb border_width=\u00bb10&#8243; css=\u00bb\u00bb][vc_tta_tabs][vc_tta_section title=\u00bbNomina Hist\u00f3rica\u00bb tab_id=\u00bb1755720454660-82f09a9d-34f3&#8243;][vc_btn title=\u00bbConsulta la Informaci\u00f3n\u00bb style=\u00bb3d\u00bb color=\u00bbblue\u00bb css=\u00bb\u00bb link=\u00bbtarget:_blank\u00bb][\/vc_tta_section][vc_tta_section title=\u00bbNomina Actual 2025&#8243; tab_id=\u00bb1755720454693-b1571a8b-c793&#8243;][vc_btn title=\u00bbConsulta la Informaci\u00f3n\u00bb style=\u00bb3d\u00bb color=\u00bbblue\u00bb css=\u00bb\u00bb link=\u00bburl:https%3A%2F%2Fwww.fresnillo.gob.mx%2Ftransparencia%2Fwp-content%2Fuploads%2F2026%2F02%2FINFORMACION_4541578.zip|title:Consulta%20la%20informaci%C3%B3n|target:_blank\u00bb][\/vc_tta_section][vc_tta_section title=\u00bbTabulador Hist\u00f3rico\u00bb tab_id=\u00bb1755720582145-5ca775cf-19aa\u00bb][vc_column_text css=\u00bb\u00bb]<span style=\"color: #3366ff;\"><a style=\"color: #3366ff;\" href=\"https:\/\/www.fresnillo.gob.mx\/transparencia\/wp-content\/uploads\/2025\/03\/TABULADOR-SALARIAL-2023.pdf\">TABULADOR SALARIAL 2023<\/a><\/span><\/p>\n<p><span style=\"color: #3366ff;\"><a style=\"color: #3366ff;\" href=\"https:\/\/www.fresnillo.gob.mx\/wp-content\/uploads\/2023\/06\/PRESIDENTE-SINDICO-Y-REGIDORES-2022.pdf\">PRESIDENTE SINDICO Y REGIDORES 2022<\/a><\/span><\/p>\n<p><span style=\"color: #3366ff;\"><a style=\"color: #3366ff;\" href=\"https:\/\/www.fresnillo.gob.mx\/wp-content\/uploads\/2023\/06\/SEGURIDAD-PUBLICA-2022-ACREDITADOS-NO-ACREDITADOS-1.pdf\">SEGURIDAD PUBLICA 2022 ACREDITADOS &#8211; NO ACREDITADOS<\/a><\/span><\/p>\n<p><span style=\"color: #3366ff;\"><a style=\"color: #3366ff;\" href=\"https:\/\/www.fresnillo.gob.mx\/wp-content\/uploads\/2023\/06\/TABULADOR-EV-BASE-CONF-MAX-MIN-POR-RANGO.pdf\">TABULADOR EV BASE CONF MAX MIN POR RANGO<\/a><\/span><\/p>\n<p><span style=\"color: #3366ff;\"><a style=\"color: #3366ff;\" href=\"https:\/\/www.fresnillo.gob.mx\/wp-content\/uploads\/2023\/06\/TABULADOR-SIND-MAX-MIN-POR-RANGO.pdf\">TABULADOR SIND MAX MIN POR RANGO<\/a><\/span><\/p>\n<p><span style=\"color: #3366ff;\"><a style=\"color: #3366ff;\" href=\"https:\/\/www.fresnillo.gob.mx\/wp-content\/uploads\/2023\/06\/BOMBEROS-Y-PROTECCION-CIVIL-autorizados-2022.pdf\">BOMBEROS Y PROTECCION CIVIL autorizados 2022<\/a><\/span><\/p>\n<p><span style=\"color: #3366ff;\"><a style=\"color: #3366ff;\" href=\"https:\/\/www.fresnillo.gob.mx\/wp-content\/uploads\/2022\/10\/PRESIDENTE-SINDICO-Y-REGIDORES-2021.pdf\">PRESIDENTE SINDICO Y REGIDORES 2021<\/a><\/span><\/p>\n<p><span style=\"color: #3366ff;\"><a style=\"color: #3366ff;\" href=\"https:\/\/www.fresnillo.gob.mx\/wp-content\/uploads\/2022\/10\/SEGURIDAD-PUBLICA-2021-ACREDITADOS-NO-ACREDITADOS.pdf\">SEGURIDAD PUBLICA 2021 ACREDITADOS &#8211; NO ACREDITADOS<\/a><\/span><\/p>\n<p><span style=\"color: #3366ff;\"><a style=\"color: #3366ff;\" href=\"https:\/\/www.fresnillo.gob.mx\/wp-content\/uploads\/2022\/10\/TABULADOR-EV-BASE-CONF-MAX-MIN-POR-RANGO.pdf\">TABULADOR EV BASE CONF MAX MIN POR RANGO<\/a><\/span><\/p>\n<p><span style=\"color: #3366ff;\"><a style=\"color: #3366ff;\" href=\"https:\/\/www.fresnillo.gob.mx\/wp-content\/uploads\/2022\/10\/TABULADOR-SIND-MAX-MIN-POR-RANGO.pdf\">TABULADOR SIND MAX MIN POR RANGO<\/a><\/span><\/p>\n<p><span style=\"color: #3366ff;\"><a style=\"color: #3366ff;\" href=\"https:\/\/www.fresnillo.gob.mx\/wp-content\/uploads\/2022\/10\/BOMBEROS-Y-PROTECCION-CIVIL-autorizados-2021.pdf\">BOMBEROS Y PROTECCION CIVIL autorizados 2021<\/a><\/span><\/p>\n<p><span style=\"color: #3366ff;\"><a style=\"color: #3366ff;\" href=\"https:\/\/www.fresnillo.gob.mx\/wp-content\/uploads\/2021\/04\/PRESIDENTE-SINDICO-Y-REGIDORES-2020.pdf\">PRESIDENTE, SINDICO Y REGIDORES 2020<\/a><\/span><\/p>\n<p><span style=\"color: #3366ff;\"><a style=\"color: #3366ff;\" href=\"https:\/\/www.fresnillo.gob.mx\/wp-content\/uploads\/2021\/04\/TABULADOR-EV-BASE-CONF-MAX-MIN-POR-RANGO.pdf\">TABULADOR EV-BASE-CONF MAX-MIN POR RANGO<\/a><\/span><\/p>\n<p><span style=\"color: #3366ff;\"><a style=\"color: #3366ff;\" href=\"https:\/\/www.fresnillo.gob.mx\/wp-content\/uploads\/2021\/04\/TABULADOR-SIND-MAX-MIN-POR-RANGO.pdf\">TABULADOR SIND MAX-MIN POR RANGO<\/a><\/span><\/p>\n<p><span style=\"color: #3366ff;\"><a style=\"color: #3366ff;\" href=\"https:\/\/www.fresnillo.gob.mx\/wp-content\/uploads\/2021\/04\/BOMBEROS-Y-PROTECCION-CIVIL-autorizados-2020.pdf\">BOMBEROS Y PROTECCION CIVIL autorizados 2020<\/a><\/span><\/p>\n<p><span style=\"color: #3366ff;\"><a style=\"color: #3366ff;\" href=\"https:\/\/www.fresnillo.gob.mx\/wp-content\/uploads\/2021\/04\/SEGURIDAD-PUBLICA-NO-ACREDITADOS.pdf\">SEGURIDAD PUBLICA (NO ACREDITADOS)<\/a><\/span><\/p>\n<p><span style=\"color: #3366ff;\"><a style=\"color: #3366ff;\" href=\"https:\/\/www.fresnillo.gob.mx\/wp-content\/uploads\/2021\/04\/SEGURIDAD-PUBLICA-2020-ACREDITADOS.pdf\">SEGURIDAD PUBLICA 2020 ACREDITADOS<\/a><\/span><\/p>\n<p><span style=\"color: #3366ff;\"><a style=\"color: #3366ff;\" href=\"https:\/\/www.fresnillo.gob.mx\/wp-content\/uploads\/2022\/06\/Informacion-del-Personal-de-estatus-de-Base.pdf\">Informacion del Personal de estatus de Base<\/a><\/span><\/p>\n<p><span style=\"color: #3366ff;\"><a style=\"color: #3366ff;\" href=\"https:\/\/www.fresnillo.gob.mx\/wp-content\/uploads\/2022\/06\/Informacion-del-Regidores.pdf\">Informacion del Regidores<\/a><\/span><\/p>\n<p><span style=\"color: #3366ff;\"><a style=\"color: #3366ff;\" href=\"https:\/\/www.fresnillo.gob.mx\/wp-content\/uploads\/2022\/06\/Informacion-del-Personal-de-estatus-de-Confianza.pdf\">Informacion del Personal de estatus de Confianza<\/a><\/span><\/p>\n<p><span style=\"color: #3366ff;\"><a style=\"color: #3366ff;\" href=\"https:\/\/www.fresnillo.gob.mx\/wp-content\/uploads\/2022\/06\/Informacion-del-Personal-de-estatus-de-Eventual.pdf\">Informacion del Personal de estatus de Eventual<\/a><\/span><\/p>\n<p><span style=\"color: #3366ff;\"><a style=\"color: #3366ff;\" href=\"https:\/\/www.fresnillo.gob.mx\/wp-content\/uploads\/2019\/03\/Tabulador-2018_compressed-1.pdf\">Tabulador 2018<\/a><\/span>[\/vc_column_text][\/vc_tta_section][vc_tta_section title=\u00bbTabulador Actual 2025&#8243; tab_id=\u00bb1755720614666-c1774585-fac3&#8243;][vc_column_text css=\u00bb\u00bb]<\/p>\n<h4><strong><span style=\"color: #0000ff;\"><a style=\"color: #0000ff;\" href=\"https:\/\/www.fresnillo.gob.mx\/transparencia\/wp-content\/uploads\/2026\/02\/PRESUPUESTO-DE-EGRESOS-Y-TABULADOR-DE-SALARIOS-CORRESPONDIENTE-AL-EJERCICIO-FISCAL-2025-DEL-MUNICIPIO-DE-FRESNILLO-ZACATECAS-1.pdf\" target=\"_blank\" rel=\"noopener\">TABULADOR DE SALARIOS 2025<\/a><\/span><\/strong><\/h4>\n<p>[\/vc_column_text][\/vc_tta_section][\/vc_tta_tabs][\/vc_column][\/vc_row]<\/p>\n<\/div>","protected":false},"excerpt":{"rendered":"<p>[vc_row][vc_column][vc_column_text css=\u00bb\u00bb] FRACCI\u00d3N VIII. La remuneraci\u00f3n bruta y neta de todos los Servidores P\u00fablicos de base y de confianza, de todas las percepciones, incluyendo sueldo, prestaciones, gratificaciones, primas, comisiones, dietas, bonos, est\u00edmulos, ingresos y sistemas de compensaci\u00f3n, se\u00f1alando la periodicidad de dicha remuneraci\u00f3n. Fecha de Actualizaci\u00f3n 31\/Diciembre\/2025 [\/vc_column_text][\/vc_column][\/vc_row][vc_row][vc_column][vc_separator color=\u00bbblue\u00bb border_width=\u00bb10&#8243; css=\u00bb\u00bb][vc_tta_tabs][vc_tta_section title=\u00bbNomina Hist\u00f3rica\u00bb tab_id=\u00bb1755720454660-82f09a9d-34f3&#8243;][vc_btn title=\u00bbConsulta [&hellip;]<\/p>\n","protected":false},"author":1,"featured_media":0,"parent":1041,"menu_order":18,"comment_status":"closed","ping_status":"closed","template":"page-templates\/template-articulos.php","meta":{"_uag_custom_page_level_css":"","advgb_blocks_editor_width":"","advgb_blocks_columns_visual_guide":"","footnotes":""},"class_list":["post-1444","page","type-page","status-publish","hentry"],"uagb_featured_image_src":{"full":false,"thumbnail":false,"medium":false,"medium_large":false,"large":false,"1536x1536":false,"2048x2048":false},"uagb_author_info":{"display_name":"admin","author_link":"https:\/\/www.fresnillo.gob.mx\/transparencia\/author\/admin\/"},"uagb_comment_info":0,"uagb_excerpt":"[vc_row][vc_column][vc_column_text css=\u00bb\u00bb] FRACCI\u00d3N VIII. La remuneraci\u00f3n bruta y neta de todos los Servidores P\u00fablicos de base y de confianza, de todas las percepciones, incluyendo sueldo, prestaciones, gratificaciones, primas, comisiones, dietas, bonos, est\u00edmulos, ingresos y sistemas de compensaci\u00f3n, se\u00f1alando la periodicidad de dicha remuneraci\u00f3n. Fecha de Actualizaci\u00f3n 31\/Diciembre\/2025 [\/vc_column_text][\/vc_column][\/vc_row][vc_row][vc_column][vc_separator color=\u00bbblue\u00bb border_width=\u00bb10&#8243; css=\u00bb\u00bb][vc_tta_tabs][vc_tta_section title=\u00bbNomina Hist\u00f3rica\u00bb tab_id=\u00bb1755720454660-82f09a9d-34f3&#8243;][vc_btn title=\u00bbConsulta&hellip;","coauthors":[],"author_meta":{"author_link":"https:\/\/www.fresnillo.gob.mx\/transparencia\/author\/admin\/","display_name":"admin"},"relative_dates":{"created":"Publicado 7 a\u00f1os hace","modified":"Actualizado 2 meses hace"},"absolute_dates":{"created":"Publicado el octubre 22, 2018","modified":"Actualizado el febrero 5, 2026"},"absolute_dates_time":{"created":"Publicado el octubre 22, 2018 3:50 pm","modified":"Actualizado el febrero 5, 2026 5:09 pm"},"featured_img_caption":"","featured_img":false,"series_order":"","_links":{"self":[{"href":"https:\/\/www.fresnillo.gob.mx\/transparencia\/wp-json\/wp\/v2\/pages\/1444","targetHints":{"allow":["GET"]}}],"collection":[{"href":"https:\/\/www.fresnillo.gob.mx\/transparencia\/wp-json\/wp\/v2\/pages"}],"about":[{"href":"https:\/\/www.fresnillo.gob.mx\/transparencia\/wp-json\/wp\/v2\/types\/page"}],"author":[{"embeddable":true,"href":"https:\/\/www.fresnillo.gob.mx\/transparencia\/wp-json\/wp\/v2\/users\/1"}],"replies":[{"embeddable":true,"href":"https:\/\/www.fresnillo.gob.mx\/transparencia\/wp-json\/wp\/v2\/comments?post=1444"}],"version-history":[{"count":16,"href":"https:\/\/www.fresnillo.gob.mx\/transparencia\/wp-json\/wp\/v2\/pages\/1444\/revisions"}],"predecessor-version":[{"id":79093,"href":"https:\/\/www.fresnillo.gob.mx\/transparencia\/wp-json\/wp\/v2\/pages\/1444\/revisions\/79093"}],"up":[{"embeddable":true,"href":"https:\/\/www.fresnillo.gob.mx\/transparencia\/wp-json\/wp\/v2\/pages\/1041"}],"wp:attachment":[{"href":"https:\/\/www.fresnillo.gob.mx\/transparencia\/wp-json\/wp\/v2\/media?parent=1444"}],"curies":[{"name":"wp","href":"https:\/\/api.w.org\/{rel}","templated":true}]}}