{"id":1450,"date":"2018-10-22T15:51:47","date_gmt":"2018-10-22T15:51:47","guid":{"rendered":"https:\/\/www.seguiremoshaciendohistoria.gob.mx\/transparencia\/articulo-39\/xiv-convocatorias-a-concursos-para-ocupar-cargos-publicos-y-apoyos\/"},"modified":"2026-01-14T16:38:19","modified_gmt":"2026-01-14T16:38:19","slug":"xiv-convocatorias-a-concursos-para-ocupar-cargos-publicos-y-apoyos","status":"publish","type":"page","link":"https:\/\/www.fresnillo.gob.mx\/transparencia\/transparencia\/articulo-39\/xiv-convocatorias-a-concursos-para-ocupar-cargos-publicos-y-apoyos\/","title":{"rendered":"XIV. Convocatorias a Concursos para Ocupar Cargos P\u00fablicos"},"content":{"rendered":"<div class=\"wpb-content-wrapper\"><p>[vc_row][vc_column][vc_column_text css=\u00bb\u00bb]<\/p>\n<h1 style=\"text-align: center;\"><span style=\"color: #333399;\"><strong>\u00a0 FRACCI\u00d3N XIV.<\/strong><\/span><\/h1>\n<h1 class=\"has-text-align-center\" style=\"text-align: center;\"><span style=\"color: #3366ff;\"><strong> Convocatorias a Concursos para Ocupar Cargos P\u00fablicos.<\/strong><\/span><\/h1>\n<h1><\/h1>\n<h2 class=\"has-text-align-right\" style=\"text-align: right;\"><span style=\"color: #333399;\"><strong>Fecha de Actualizaci\u00f3n 31\/Diciembre\/2025<\/strong><\/span><\/h2>\n<h2 class=\"cms-plugin cms-plugin-639\">\u00a0<\/h2>\n<!-- \/wp:paragraph -->\n<!-- wp:uagb\/container {\"block_id\":\"117368c2\",\"variationSelected\":true,\"isBlockRootParent\":true} -->\n<div class=\"wp-block-uagb-container uagb-block-117368c2 alignfull uagb-is-root-container\">\n<div class=\"uagb-container-inner-blocks-wrap\"><!-- wp:uagb\/container {\"block_id\":\"0db1e459\"} -->\n<div>\u00a0<\/div>\n<\/div>\n<\/div>\n<p>[\/vc_column_text][vc_separator color=\u00bbblue\u00bb border_width=\u00bb10&#8243; css=\u00bb\u00bb][\/vc_column][\/vc_row][vc_row][vc_column][vc_column_text css=\u00bb\u00bb]<\/p>\n<h4 class=\"wp-block-uagb-container uagb-block-0db1e459\"><a href=\"https:\/\/www.fresnillo.gob.mx\/transparencia\/wp-content\/uploads\/2025\/07\/OFICIO-JUSTIFICA-FRACCION-XIV-4.pdf\" target=\"_blank\" rel=\"noopener\">JUSTIFICACI\u00d3N FRACCION XIV<\/a><\/h4>\n<p>[\/vc_column_text][\/vc_column][\/vc_row][vc_row][vc_column][\/vc_column][\/vc_row]<\/p>\n<\/div>","protected":false},"excerpt":{"rendered":"<p>[vc_row][vc_column][vc_column_text css=\u00bb\u00bb] \u00a0 FRACCI\u00d3N XIV. Convocatorias a Concursos para Ocupar Cargos P\u00fablicos. Fecha de Actualizaci\u00f3n 31\/Diciembre\/2025 \u00a0 \u00a0 [\/vc_column_text][vc_separator color=\u00bbblue\u00bb border_width=\u00bb10&#8243; css=\u00bb\u00bb][\/vc_column][\/vc_row][vc_row][vc_column][vc_column_text css=\u00bb\u00bb] JUSTIFICACI\u00d3N FRACCION XIV [\/vc_column_text][\/vc_column][\/vc_row][vc_row][vc_column][\/vc_column][\/vc_row]<\/p>\n","protected":false},"author":1,"featured_media":0,"parent":1041,"menu_order":26,"comment_status":"closed","ping_status":"closed","template":"page-templates\/template-articulos.php","meta":{"_uag_custom_page_level_css":"","advgb_blocks_editor_width":"","advgb_blocks_columns_visual_guide":"","footnotes":""},"class_list":["post-1450","page","type-page","status-publish","hentry"],"uagb_featured_image_src":{"full":false,"thumbnail":false,"medium":false,"medium_large":false,"large":false,"1536x1536":false,"2048x2048":false},"uagb_author_info":{"display_name":"admin","author_link":"https:\/\/www.fresnillo.gob.mx\/transparencia\/author\/admin\/"},"uagb_comment_info":0,"uagb_excerpt":"[vc_row][vc_column][vc_column_text css=\u00bb\u00bb] \u00a0 FRACCI\u00d3N XIV. Convocatorias a Concursos para Ocupar Cargos P\u00fablicos. Fecha de Actualizaci\u00f3n 31\/Diciembre\/2025 \u00a0 \u00a0 [\/vc_column_text][vc_separator color=\u00bbblue\u00bb border_width=\u00bb10&#8243; css=\u00bb\u00bb][\/vc_column][\/vc_row][vc_row][vc_column][vc_column_text css=\u00bb\u00bb] JUSTIFICACI\u00d3N FRACCION XIV [\/vc_column_text][\/vc_column][\/vc_row][vc_row][vc_column][\/vc_column][\/vc_row]","coauthors":[],"author_meta":{"author_link":"https:\/\/www.fresnillo.gob.mx\/transparencia\/author\/admin\/","display_name":"admin"},"relative_dates":{"created":"Publicado 7 a\u00f1os hace","modified":"Actualizado 3 meses hace"},"absolute_dates":{"created":"Publicado el octubre 22, 2018","modified":"Actualizado el enero 14, 2026"},"absolute_dates_time":{"created":"Publicado el octubre 22, 2018 3:51 pm","modified":"Actualizado el enero 14, 2026 4:38 pm"},"featured_img_caption":"","featured_img":false,"series_order":"","_links":{"self":[{"href":"https:\/\/www.fresnillo.gob.mx\/transparencia\/wp-json\/wp\/v2\/pages\/1450","targetHints":{"allow":["GET"]}}],"collection":[{"href":"https:\/\/www.fresnillo.gob.mx\/transparencia\/wp-json\/wp\/v2\/pages"}],"about":[{"href":"https:\/\/www.fresnillo.gob.mx\/transparencia\/wp-json\/wp\/v2\/types\/page"}],"author":[{"embeddable":true,"href":"https:\/\/www.fresnillo.gob.mx\/transparencia\/wp-json\/wp\/v2\/users\/1"}],"replies":[{"embeddable":true,"href":"https:\/\/www.fresnillo.gob.mx\/transparencia\/wp-json\/wp\/v2\/comments?post=1450"}],"version-history":[{"count":18,"href":"https:\/\/www.fresnillo.gob.mx\/transparencia\/wp-json\/wp\/v2\/pages\/1450\/revisions"}],"predecessor-version":[{"id":78662,"href":"https:\/\/www.fresnillo.gob.mx\/transparencia\/wp-json\/wp\/v2\/pages\/1450\/revisions\/78662"}],"up":[{"embeddable":true,"href":"https:\/\/www.fresnillo.gob.mx\/transparencia\/wp-json\/wp\/v2\/pages\/1041"}],"wp:attachment":[{"href":"https:\/\/www.fresnillo.gob.mx\/transparencia\/wp-json\/wp\/v2\/media?parent=1450"}],"curies":[{"name":"wp","href":"https:\/\/api.w.org\/{rel}","templated":true}]}}