{"id":1451,"date":"2018-10-22T15:51:55","date_gmt":"2018-10-22T15:51:55","guid":{"rendered":"https:\/\/www.seguiremoshaciendohistoria.gob.mx\/transparencia\/articulo-39\/xv-informacion-de-los-programas-de-subsidios-estimulos-y-apoyo\/"},"modified":"2026-01-14T18:44:00","modified_gmt":"2026-01-14T18:44:00","slug":"xv-informacion-de-los-programas-de-subsidios-estimulos-y-apoyo","status":"publish","type":"page","link":"https:\/\/www.fresnillo.gob.mx\/transparencia\/transparencia\/articulo-39\/xv-informacion-de-los-programas-de-subsidios-estimulos-y-apoyo\/","title":{"rendered":"XV. Informaci\u00f3n de los Programas de Subsidios, Est\u00edmulos y Apoyo"},"content":{"rendered":"<div class=\"wpb-content-wrapper\"><p>[vc_row][vc_column][vc_column_text css=\u00bb\u00bb]<\/p>\n<h1 style=\"text-align: center;\"><span style=\"color: #333399;\">\u00a0FRACCI\u00d3N XV. <\/span><\/h1>\n<h1 style=\"text-align: center;\"><span style=\"color: #3366ff;\">Informaci\u00f3n de los Programas y Subsidios, Est\u00edmulos y Apoyos.<\/span><\/h1>\n<p>&nbsp;<\/p>\n<h2 class=\"has-text-align-right\" style=\"text-align: right;\"><span style=\"color: #333399;\"><strong>Fecha de Actualizaci\u00f3n 31\/Diciembre\/2025<\/strong><\/span><\/h2>\n<p>&nbsp;<\/p>\n<h4 style=\"text-align: center;\"><span style=\"color: #3366ff;\">Administraci\u00f3n 2024 &#8211; 2025<\/span><\/h4>\n<p>[\/vc_column_text][vc_separator color=\u00bbblue\u00bb border_width=\u00bb10&#8243; css=\u00bb\u00bb][vc_tta_tabs][vc_tta_section title=\u00bbSistema Municipal DIF\u00bb tab_id=\u00bb1755798624715-c99a52c0-a524&#8243;][vc_column_text css=\u00bb\u00bb]<span style=\"color: #000080;\"><strong><em>Primer Trimestre 2025<\/em><\/strong><\/span><\/p>\n<p><span style=\"color: #3366ff;\"><a style=\"color: #3366ff;\" href=\"https:\/\/www.fresnillo.gob.mx\/transparencia\/wp-content\/uploads\/2025\/04\/LISTA-DEL-BENEFICIARIOS-DEL-COMEDOR-COMUNITARIO-2025.pdf\">LISTA DEL BENEFICIARIOS DEL COMEDOR COMUNITARIO 2025<\/a><\/span><\/p>\n<p><span style=\"color: #3366ff;\"><a style=\"color: #3366ff;\" href=\"https:\/\/www.fresnillo.gob.mx\/transparencia\/wp-content\/uploads\/2025\/04\/PADRON-DE-ABUELONCHES-2025.pdf\">PADRON DE ABUELONCHES 2025<\/a><\/span><\/p>\n<p><span style=\"color: #3366ff;\"><a style=\"color: #3366ff;\" href=\"https:\/\/www.fresnillo.gob.mx\/transparencia\/wp-content\/uploads\/2025\/04\/Padron-de-Desayunos-Escolares-caliente.pdf\">Padr\u00f3n de Desayunos Escolares caliente<\/a><\/span><\/p>\n<p><span style=\"color: #3366ff;\"><a style=\"color: #3366ff;\" href=\"https:\/\/www.fresnillo.gob.mx\/transparencia\/wp-content\/uploads\/2025\/04\/Padron-de-Desayunos-Escolares-frios.pdf\">Padr\u00f3n de Desayunos Escolares frios<\/a><\/span><\/p>\n<p><span style=\"color: #3366ff;\"><a style=\"color: #3366ff;\" href=\"https:\/\/www.fresnillo.gob.mx\/transparencia\/wp-content\/uploads\/2025\/08\/PROGRAMA-DE-2-A-5-NINOS-NINAS-Y-1000-DIAS-DE-VIDA-2025.pdf\">PROGRAMA DE 2 A 5 NI\u00d1OS, NI\u00d1AS Y 1000 DIAS DE VIDA 2025<\/a><\/span><\/p>\n<p>&nbsp;<\/p>\n<p><span style=\"color: #000080;\"><strong><em>Segundo Trimestre 2025<\/em><\/strong><\/span><\/p>\n<p><span style=\"color: #3366ff;\"><a style=\"color: #3366ff;\" href=\"https:\/\/www.fresnillo.gob.mx\/transparencia\/wp-content\/uploads\/2025\/07\/LISTA-DE-COMEDOR-COMUNITARIOS.pdf\">LISTA DE COMEDOR COMUNITARIOS<\/a><\/span><\/p>\n<p><span style=\"color: #3366ff;\"><a style=\"color: #3366ff;\" href=\"https:\/\/www.fresnillo.gob.mx\/transparencia\/wp-content\/uploads\/2025\/07\/PADRON-DE-ABUELONCHES-2025.pdf\">PADRON DE ABUELONCHES 2025<\/a><\/span><\/p>\n<p><span style=\"color: #3366ff;\"><a style=\"color: #3366ff;\" href=\"https:\/\/www.fresnillo.gob.mx\/transparencia\/wp-content\/uploads\/2025\/07\/Padron-de-Desayunos-Escolares-Calientes-2do-Trim-2025.pdf\">Padr\u00f3n de Desayunos Escolares Calientes 2do Trim 2025<\/a><\/span><\/p>\n<p><span style=\"color: #3366ff;\"><a style=\"color: #3366ff;\" href=\"https:\/\/www.fresnillo.gob.mx\/transparencia\/wp-content\/uploads\/2025\/07\/Padron-de-Desayunos-Escolares-Frios-2do-Trim-2025.pdf\">Padr\u00f3n de Desayunos Escolares Fr\u00edos 2do Trim 2025<\/a><\/span><\/p>\n<p>&nbsp;<\/p>\n<p><span style=\"color: #000080;\"><em><strong>Tercer Trimestre 2025<\/strong><\/em><\/span><\/p>\n<p><a href=\"https:\/\/www.fresnillo.gob.mx\/transparencia\/wp-content\/uploads\/2025\/10\/LISTA-DE-COMEDOR-COMUNITARIOS.pdf\">LISTA DE COMEDOR COMUNITARIOS<\/a><\/p>\n<p><a href=\"https:\/\/www.fresnillo.gob.mx\/transparencia\/wp-content\/uploads\/2025\/10\/PADRON-DE-ABUELONCHES-2025.pdf\">PADRON DE ABUELONCHES 2025<\/a><\/p>\n<p><a href=\"https:\/\/www.fresnillo.gob.mx\/transparencia\/wp-content\/uploads\/2025\/10\/Padroin-de-Desayunos-Escolares-caliente.pdf\">Padro\u00ecn de Desayunos Escolares caliente<\/a><\/p>\n<p><a href=\"https:\/\/www.fresnillo.gob.mx\/transparencia\/wp-content\/uploads\/2025\/10\/Padroin-de-Desayunos-Escolares-frios.pdf\">Padro\u00ecn de Desayunos Escolares frios<\/a><\/p>\n<p><a href=\"https:\/\/www.fresnillo.gob.mx\/transparencia\/wp-content\/uploads\/2025\/10\/PROGRAMA-DE-2-A-5-NINOS-NINAS-2025.pdf\">PROGRAMA DE 2 A 5 NI\u00d1OS, NI\u00d1AS 2025<\/a><\/p>\n<p>&nbsp;<\/p>\n<p><span style=\"color: #000080;\"><em><strong>Cuarto Trimestre 2025<\/strong><\/em><\/span><\/p>\n<p><a href=\"https:\/\/www.fresnillo.gob.mx\/transparencia\/wp-content\/uploads\/2026\/01\/1000-DIAS-DIAS-DE-VIDA-2025.pdf\">1000 DIAS DIAS DE VIDA 2025<\/a><\/p>\n<p><a href=\"https:\/\/www.fresnillo.gob.mx\/transparencia\/wp-content\/uploads\/2026\/01\/LISTA-DE-COMEDOR-COMUNITARIOS.pdf\">LISTA DE COMEDOR COMUNITARIOS<\/a><\/p>\n<p><a href=\"https:\/\/www.fresnillo.gob.mx\/transparencia\/wp-content\/uploads\/2026\/01\/Padroin-de-Desayunos-Escolares-caliente.pdf\">Padro\u00ecn de Desayunos Escolares caliente<\/a><\/p>\n<p><a href=\"https:\/\/www.fresnillo.gob.mx\/transparencia\/wp-content\/uploads\/2026\/01\/Padroin-de-Desayunos-Escolares-frios.pdf\">Padro\u00ecn de Desayunos Escolares frios<\/a><\/p>\n<p><a href=\"https:\/\/www.fresnillo.gob.mx\/transparencia\/wp-content\/uploads\/2026\/01\/PADRON-DE-ABUELONCHES-2025.pdf\">PADRON DE ABUELONCHES 2025<\/a><\/p>\n<p>&nbsp;[\/vc_column_text][\/vc_tta_section][vc_tta_section title=\u00bbDirecci\u00f3n de Atenci\u00f3n de Victimas Indirectas de Personas Desaparecidas\u00bb tab_id=\u00bb1755798624879-86906781-dcc9&#8243;][vc_column_text css=\u00bb\u00bb]<strong><em><span style=\"color: #000080;\">Primer Trimestre 2025<\/span><\/em><\/strong><\/p>\n<p><a href=\"https:\/\/www.fresnillo.gob.mx\/transparencia\/wp-content\/uploads\/2025\/04\/Padron-de-Beneficiarios-1er-Trim-2025-Direccion-de-Atencion-de-Victimas-Indirectas-de-Personas-desaparecidas.pdf\"><span style=\"color: #3366ff;\">Padr\u00f3n de Beneficiarios <\/span><\/a><\/p>\n<p>&nbsp;<\/p>\n<p><strong><span style=\"color: #000080;\"><em>Segundo Trimestre 2025<\/em><\/span><\/strong><\/p>\n<p><span style=\"color: #3366ff;\"><a style=\"color: #3366ff;\" href=\"https:\/\/www.fresnillo.gob.mx\/transparencia\/wp-content\/uploads\/2025\/07\/PADRON-DE-BENEFICIARIOS-2DO-TRIMESTRE.pdf\">Padr\u00f3n de Beneficiarios<\/a><\/span><\/p>\n<p>&nbsp;<\/p>\n<p><strong><span style=\"color: #000080;\"><em>Tercer Trimestre 2025<\/em><\/span><\/strong><\/p>\n<p><a href=\"https:\/\/www.fresnillo.gob.mx\/transparencia\/wp-content\/uploads\/2025\/10\/PADRON-3ER-TRIMESTRE.pdf\" target=\"_blank\" rel=\"noopener\">Padr\u00f3n de Beneficiarios<\/a><\/p>\n<p>&nbsp;<\/p>\n<p><strong><span style=\"color: #000080;\"><em>Cuarto Trimestre 2025<\/em><\/span><\/strong><\/p>\n<p><a href=\"https:\/\/www.fresnillo.gob.mx\/transparencia\/wp-content\/uploads\/2026\/01\/PADRON.pdf\" target=\"_blank\" rel=\"noopener\">Padr\u00f3n de Beneficiarios<\/a>[\/vc_column_text][\/vc_tta_section][\/vc_tta_tabs][\/vc_column][\/vc_row][vc_row][vc_column][\/vc_column][\/vc_row]<\/p>\n<\/div>","protected":false},"excerpt":{"rendered":"<p>[vc_row][vc_column][vc_column_text css=\u00bb\u00bb] \u00a0FRACCI\u00d3N XV. Informaci\u00f3n de los Programas y Subsidios, Est\u00edmulos y Apoyos. &nbsp; Fecha de Actualizaci\u00f3n 31\/Diciembre\/2025 &nbsp; Administraci\u00f3n 2024 &#8211; 2025 [\/vc_column_text][vc_separator color=\u00bbblue\u00bb border_width=\u00bb10&#8243; css=\u00bb\u00bb][vc_tta_tabs][vc_tta_section title=\u00bbSistema Municipal DIF\u00bb tab_id=\u00bb1755798624715-c99a52c0-a524&#8243;][vc_column_text css=\u00bb\u00bb]Primer Trimestre 2025 LISTA DEL BENEFICIARIOS DEL COMEDOR COMUNITARIO 2025 PADRON DE ABUELONCHES 2025 Padr\u00f3n de Desayunos Escolares caliente Padr\u00f3n de Desayunos Escolares frios [&hellip;]<\/p>\n","protected":false},"author":1,"featured_media":0,"parent":1041,"menu_order":27,"comment_status":"closed","ping_status":"closed","template":"page-templates\/template-articulos.php","meta":{"_uag_custom_page_level_css":"","advgb_blocks_editor_width":"","advgb_blocks_columns_visual_guide":"","footnotes":""},"class_list":["post-1451","page","type-page","status-publish","hentry"],"uagb_featured_image_src":{"full":false,"thumbnail":false,"medium":false,"medium_large":false,"large":false,"1536x1536":false,"2048x2048":false},"uagb_author_info":{"display_name":"admin","author_link":"https:\/\/www.fresnillo.gob.mx\/transparencia\/author\/admin\/"},"uagb_comment_info":0,"uagb_excerpt":"[vc_row][vc_column][vc_column_text css=\u00bb\u00bb] \u00a0FRACCI\u00d3N XV. Informaci\u00f3n de los Programas y Subsidios, Est\u00edmulos y Apoyos. &nbsp; Fecha de Actualizaci\u00f3n 31\/Diciembre\/2025 &nbsp; Administraci\u00f3n 2024 &#8211; 2025 [\/vc_column_text][vc_separator color=\u00bbblue\u00bb border_width=\u00bb10&#8243; css=\u00bb\u00bb][vc_tta_tabs][vc_tta_section title=\u00bbSistema Municipal DIF\u00bb tab_id=\u00bb1755798624715-c99a52c0-a524&#8243;][vc_column_text css=\u00bb\u00bb]Primer Trimestre 2025 LISTA DEL BENEFICIARIOS DEL COMEDOR COMUNITARIO 2025 PADRON DE ABUELONCHES 2025 Padr\u00f3n de Desayunos Escolares caliente Padr\u00f3n de Desayunos Escolares frios&hellip;","coauthors":[],"author_meta":{"author_link":"https:\/\/www.fresnillo.gob.mx\/transparencia\/author\/admin\/","display_name":"admin"},"relative_dates":{"created":"Publicado 8 a\u00f1os hace","modified":"Actualizado 4 meses hace"},"absolute_dates":{"created":"Publicado el octubre 22, 2018","modified":"Actualizado el enero 14, 2026"},"absolute_dates_time":{"created":"Publicado el octubre 22, 2018 3:51 pm","modified":"Actualizado el enero 14, 2026 6:44 pm"},"featured_img_caption":"","featured_img":false,"series_order":"","_links":{"self":[{"href":"https:\/\/www.fresnillo.gob.mx\/transparencia\/wp-json\/wp\/v2\/pages\/1451","targetHints":{"allow":["GET"]}}],"collection":[{"href":"https:\/\/www.fresnillo.gob.mx\/transparencia\/wp-json\/wp\/v2\/pages"}],"about":[{"href":"https:\/\/www.fresnillo.gob.mx\/transparencia\/wp-json\/wp\/v2\/types\/page"}],"author":[{"embeddable":true,"href":"https:\/\/www.fresnillo.gob.mx\/transparencia\/wp-json\/wp\/v2\/users\/1"}],"replies":[{"embeddable":true,"href":"https:\/\/www.fresnillo.gob.mx\/transparencia\/wp-json\/wp\/v2\/comments?post=1451"}],"version-history":[{"count":32,"href":"https:\/\/www.fresnillo.gob.mx\/transparencia\/wp-json\/wp\/v2\/pages\/1451\/revisions"}],"predecessor-version":[{"id":78668,"href":"https:\/\/www.fresnillo.gob.mx\/transparencia\/wp-json\/wp\/v2\/pages\/1451\/revisions\/78668"}],"up":[{"embeddable":true,"href":"https:\/\/www.fresnillo.gob.mx\/transparencia\/wp-json\/wp\/v2\/pages\/1041"}],"wp:attachment":[{"href":"https:\/\/www.fresnillo.gob.mx\/transparencia\/wp-json\/wp\/v2\/media?parent=1451"}],"curies":[{"name":"wp","href":"https:\/\/api.w.org\/{rel}","templated":true}]}}