{"id":1454,"date":"2018-10-22T15:52:19","date_gmt":"2018-10-22T15:52:19","guid":{"rendered":"https:\/\/www.seguiremoshaciendohistoria.gob.mx\/transparencia\/articulo-39\/xviii-listado-de-servidores-publicos-con-sanciones-administrativas-definitivas\/"},"modified":"2025-11-18T15:55:29","modified_gmt":"2025-11-18T15:55:29","slug":"xviii-listado-de-servidores-publicos-con-sanciones-administrativas-definitivas","status":"publish","type":"page","link":"https:\/\/www.fresnillo.gob.mx\/transparencia\/transparencia\/articulo-39\/xviii-listado-de-servidores-publicos-con-sanciones-administrativas-definitivas\/","title":{"rendered":"XVIII. Listado de Servidores P\u00fablicos con Sanciones Administrativas Definitivas"},"content":{"rendered":"<div class=\"wpb-content-wrapper\"><p>[vc_row][vc_column][vc_column_text css=\u00bb\u00bb]<\/p>\n<h1 style=\"text-align: center;\"><span style=\"color: #333399;\">FRACCI\u00d3N XVIII.<\/span><\/h1>\n<h1 style=\"text-align: center;\"><span style=\"color: #3366ff;\"><strong><span class=\"active\">El listado de servidores p\u00fablicos con sanciones administrativas definitivas, especificando la causa de sanci\u00f3n y la disposici\u00f3n.<\/span><\/strong><\/span><\/h1>\n<h2 class=\"has-text-align-right\" style=\"text-align: right;\"><span style=\"color: #333399;\"><strong>Fecha de Actualizaci\u00f3n 30\/Septiembre\/2025<\/strong><\/span><\/h2>\n<h2 class=\"cms-plugin cms-plugin-639\"><\/h2>\n<p>[\/vc_column_text][\/vc_column][\/vc_row][vc_row][vc_column][vc_separator color=\u00bbblue\u00bb border_width=\u00bb10&#8243; css=\u00bb\u00bb][vc_column_text css=\u00bb\u00bb]<\/p>\n<h4 style=\"text-align: center;\"><span style=\"color: #3366ff;\"><strong>Administraci\u00f3n Actual 2024 &#8211; 2027<\/strong><\/span><\/h4>\n<p>[\/vc_column_text][vc_btn title=\u00bbConsulte la Informaci\u00f3n\u00bb style=\u00bb3d\u00bb color=\u00bbprimary\u00bb css=\u00bb\u00bb link=\u00bburl:https%3A%2F%2Ftinyurl.com%2F2btaacwv|target:_blank\u00bb][\/vc_column][\/vc_row]<\/p>\n<\/div>","protected":false},"excerpt":{"rendered":"<p>[vc_row][vc_column][vc_column_text css=\u00bb\u00bb] FRACCI\u00d3N XVIII. El listado de servidores p\u00fablicos con sanciones administrativas definitivas, especificando la causa de sanci\u00f3n y la disposici\u00f3n. Fecha de Actualizaci\u00f3n 30\/Septiembre\/2025 [\/vc_column_text][\/vc_column][\/vc_row][vc_row][vc_column][vc_separator color=\u00bbblue\u00bb border_width=\u00bb10&#8243; css=\u00bb\u00bb][vc_column_text css=\u00bb\u00bb] Administraci\u00f3n Actual 2024 &#8211; 2027 [\/vc_column_text][vc_btn title=\u00bbConsulte la Informaci\u00f3n\u00bb style=\u00bb3d\u00bb color=\u00bbprimary\u00bb css=\u00bb\u00bb link=\u00bburl:https%3A%2F%2Ftinyurl.com%2F2btaacwv|target:_blank\u00bb][\/vc_column][\/vc_row]<\/p>\n","protected":false},"author":1,"featured_media":0,"parent":1041,"menu_order":30,"comment_status":"closed","ping_status":"closed","template":"page-templates\/template-articulos.php","meta":{"_uag_custom_page_level_css":"","advgb_blocks_editor_width":"","advgb_blocks_columns_visual_guide":"","footnotes":""},"class_list":["post-1454","page","type-page","status-publish","hentry"],"uagb_featured_image_src":{"full":false,"thumbnail":false,"medium":false,"medium_large":false,"large":false,"1536x1536":false,"2048x2048":false},"uagb_author_info":{"display_name":"admin","author_link":"https:\/\/www.fresnillo.gob.mx\/transparencia\/author\/admin\/"},"uagb_comment_info":0,"uagb_excerpt":"[vc_row][vc_column][vc_column_text css=\u00bb\u00bb] FRACCI\u00d3N XVIII. El listado de servidores p\u00fablicos con sanciones administrativas definitivas, especificando la causa de sanci\u00f3n y la disposici\u00f3n. Fecha de Actualizaci\u00f3n 30\/Septiembre\/2025 [\/vc_column_text][\/vc_column][\/vc_row][vc_row][vc_column][vc_separator color=\u00bbblue\u00bb border_width=\u00bb10&#8243; css=\u00bb\u00bb][vc_column_text css=\u00bb\u00bb] Administraci\u00f3n Actual 2024 &#8211; 2027 [\/vc_column_text][vc_btn title=\u00bbConsulte la Informaci\u00f3n\u00bb style=\u00bb3d\u00bb color=\u00bbprimary\u00bb css=\u00bb\u00bb link=\u00bburl:https%3A%2F%2Ftinyurl.com%2F2btaacwv|target:_blank\u00bb][\/vc_column][\/vc_row]","coauthors":[],"author_meta":{"author_link":"https:\/\/www.fresnillo.gob.mx\/transparencia\/author\/admin\/","display_name":"admin"},"relative_dates":{"created":"Publicado 7 a\u00f1os hace","modified":"Actualizado 5 meses hace"},"absolute_dates":{"created":"Publicado el octubre 22, 2018","modified":"Actualizado el noviembre 18, 2025"},"absolute_dates_time":{"created":"Publicado el octubre 22, 2018 3:52 pm","modified":"Actualizado el noviembre 18, 2025 3:55 pm"},"featured_img_caption":"","featured_img":false,"series_order":"","_links":{"self":[{"href":"https:\/\/www.fresnillo.gob.mx\/transparencia\/wp-json\/wp\/v2\/pages\/1454","targetHints":{"allow":["GET"]}}],"collection":[{"href":"https:\/\/www.fresnillo.gob.mx\/transparencia\/wp-json\/wp\/v2\/pages"}],"about":[{"href":"https:\/\/www.fresnillo.gob.mx\/transparencia\/wp-json\/wp\/v2\/types\/page"}],"author":[{"embeddable":true,"href":"https:\/\/www.fresnillo.gob.mx\/transparencia\/wp-json\/wp\/v2\/users\/1"}],"replies":[{"embeddable":true,"href":"https:\/\/www.fresnillo.gob.mx\/transparencia\/wp-json\/wp\/v2\/comments?post=1454"}],"version-history":[{"count":4,"href":"https:\/\/www.fresnillo.gob.mx\/transparencia\/wp-json\/wp\/v2\/pages\/1454\/revisions"}],"predecessor-version":[{"id":76567,"href":"https:\/\/www.fresnillo.gob.mx\/transparencia\/wp-json\/wp\/v2\/pages\/1454\/revisions\/76567"}],"up":[{"embeddable":true,"href":"https:\/\/www.fresnillo.gob.mx\/transparencia\/wp-json\/wp\/v2\/pages\/1041"}],"wp:attachment":[{"href":"https:\/\/www.fresnillo.gob.mx\/transparencia\/wp-json\/wp\/v2\/media?parent=1454"}],"curies":[{"name":"wp","href":"https:\/\/api.w.org\/{rel}","templated":true}]}}