{"id":1455,"date":"2018-10-22T15:52:26","date_gmt":"2018-10-22T15:52:26","guid":{"rendered":"https:\/\/www.seguiremoshaciendohistoria.gob.mx\/transparencia\/articulo-39\/xix-servicios-que-ofrecen-senalando-los-requisitos-para-acceder-a-ellos\/"},"modified":"2026-01-20T18:20:05","modified_gmt":"2026-01-20T18:20:05","slug":"xix-servicios-que-ofrecen-senalando-los-requisitos-para-acceder-a-ellos","status":"publish","type":"page","link":"https:\/\/www.fresnillo.gob.mx\/transparencia\/transparencia\/articulo-39\/xix-servicios-que-ofrecen-senalando-los-requisitos-para-acceder-a-ellos\/","title":{"rendered":"XIX. Servicios que Ofrecen Se\u00f1alando los Requisitos para Acceder a Ellos"},"content":{"rendered":"<div class=\"wpb-content-wrapper\"><p>[vc_row][vc_column][vc_column_text css=\u00bb\u00bb]<\/p>\n<h1 style=\"text-align: center;\"><span style=\"color: #333399;\">FRACCI\u00d3N XIX.<\/span><\/h1>\n<h1 class=\"cms-plugin cms-plugin-655\" style=\"text-align: center;\"><span style=\"color: #3366ff;\"><strong>Los servicios que ofrecen se\u00f1alando los requisitos para acceder a ellos.<\/strong><\/span><\/h1>\n<h2 class=\"has-text-align-right\" style=\"text-align: right;\"><span style=\"color: #333399;\"><strong>Fecha de Actualizaci\u00f3n 31\/Diciembre\/2025<\/strong><\/span><\/h2>\n<h4 style=\"text-align: center;\"><span style=\"color: #3366ff;\">Administraci\u00f3n 2024 &#8211; 2027<\/span><\/h4>\n<p>[\/vc_column_text][vc_separator color=\u00bbblue\u00bb border_width=\u00bb10&#8243; css=\u00bb\u00bb][\/vc_column][\/vc_row][vc_row][vc_column][vc_tta_tabs title_tag=\u00bbh6&#8243; section_title_tag=\u00bbh6&#8243; style=\u00bbmodern\u00bb color=\u00bbblue\u00bb spacing=\u00bb4&#8243; alignment=\u00bbcenter\u00bb active_section=\u00bb1&#8243; no_fill_content_area=\u00bbtrue\u00bb][vc_tta_section title=\u00bbUnidad de Transparencia\u00bb tab_id=\u00bb1755790128492-607c8017-4612&#8243;][vc_column_text css=\u00bb\u00bb]<\/p>\n<h4><span style=\"color: #000080;\"><em><strong>UNIDAD DE TRANSPARENCIA<\/strong><\/em><\/span><\/h4>\n<h4><span style=\"color: #3366ff;\"><a style=\"color: #3366ff;\" href=\"https:\/\/www.fresnillo.gob.mx\/transparencia\/wp-content\/uploads\/2025\/04\/SOLICITUD-PRESENCIAL-formato.pdf\">SOLICITUD PRESENCIAL formato<\/a><\/span><\/h4>\n<p>[\/vc_column_text][\/vc_tta_section][vc_tta_section title=\u00bbSistema Municipal DIF\u00bb tab_id=\u00bb1744402903170-70b21ba1-c8d4&#8243;][vc_column_text css=\u00bb\u00bb]<\/p>\n<h4><span style=\"color: #000080;\"><em><strong>SISTEMA MUNICIAPAL DE DESARROLLO INTEGRAL DE LA FAMILIA<\/strong><\/em><\/span><\/h4>\n<h4><span style=\"color: #3366ff;\"><a style=\"color: #3366ff;\" href=\"https:\/\/www.fresnillo.gob.mx\/transparencia\/wp-content\/uploads\/2025\/04\/Formato-de-tramite-y-servicio-DIF.pdf\">Formato de tramite y servicio DIF<\/a><\/span><\/h4>\n<h4><\/h4>\n<p>[\/vc_column_text][\/vc_tta_section][vc_tta_section title=\u00bbComisiones de Regidores\u00bb tab_id=\u00bb1755790179642-cf272e68-02e6&#8243;][vc_column_text css=\u00bb\u00bb]<\/p>\n<h4><span style=\"color: #000080;\"><em><strong>SERVICIOS Y COMISIONES DE REGIDORES<\/strong><\/em><\/span><\/h4>\n<h4><span style=\"color: #3366ff;\"><a style=\"color: #3366ff;\" href=\"https:\/\/www.fresnillo.gob.mx\/transparencia\/wp-content\/uploads\/2025\/04\/AGUA-POTABLE-SANEAMIENTO-Y-ALCANTARILLADO.pdf\">AGUA POTABLE, SANEAMIENTO Y ALCANTARILLADO<\/a><\/span><\/h4>\n<h4><span style=\"color: #3366ff;\"><a style=\"color: #3366ff;\" href=\"https:\/\/www.fresnillo.gob.mx\/transparencia\/wp-content\/uploads\/2025\/04\/ASUNTOS-BINACIONALES.pdf\">ASUNTOS BINACIONALES<\/a><\/span><\/h4>\n<h4><span style=\"color: #3366ff;\"><a style=\"color: #3366ff;\" href=\"https:\/\/www.fresnillo.gob.mx\/transparencia\/wp-content\/uploads\/2025\/04\/DEPORTES-Y-JUVENTUD.pdf\">DEPORTES Y JUVENTUD<\/a><\/span><\/h4>\n<h4><span style=\"color: #3366ff;\"><a style=\"color: #3366ff;\" href=\"https:\/\/www.fresnillo.gob.mx\/transparencia\/wp-content\/uploads\/2025\/04\/DESARRLLO-RURAL-SUSTENTABLE.pdf\">DESARRLLO RURAL SUSTENTABLE<\/a><\/span><\/h4>\n<h4><span style=\"color: #3366ff;\"><a style=\"color: #3366ff;\" href=\"https:\/\/www.fresnillo.gob.mx\/transparencia\/wp-content\/uploads\/2025\/04\/DESARROLLO-ECONOMICO-Y-FOMENTO.pdf\">DESARROLLO ECONOMICO Y FOMENTO<\/a><\/span><\/h4>\n<h4><span style=\"color: #3366ff;\"><a style=\"color: #3366ff;\" href=\"https:\/\/www.fresnillo.gob.mx\/transparencia\/wp-content\/uploads\/2025\/04\/DESARROLLO-SOCIAL.pdf\">DESARROLLO SOCIAL<\/a><\/span><\/h4>\n<h4><span style=\"color: #3366ff;\"><a style=\"color: #3366ff;\" href=\"https:\/\/www.fresnillo.gob.mx\/transparencia\/wp-content\/uploads\/2025\/04\/ECOLOGIA-Y-MEDIO-AMBIENTE-1.pdf\">ECOLOGIA Y MEDIO AMBIENTE<\/a><\/span><\/h4>\n<h4><span style=\"color: #3366ff;\"><a style=\"color: #3366ff;\" href=\"https:\/\/www.fresnillo.gob.mx\/transparencia\/wp-content\/uploads\/2025\/04\/EDUCACION-CULTURA-Y-RECREACION.pdf\">EDUCACION, CULTURA Y RECREACI\u00d3N.<\/a><\/span><\/h4>\n<h4><span style=\"color: #3366ff;\"><a style=\"color: #3366ff;\" href=\"https:\/\/www.fresnillo.gob.mx\/transparencia\/wp-content\/uploads\/2025\/04\/IGUALDAD-ENTRE-LOS-GENEROS-Y-DERECHOS-HUMANOS.pdf\">IGUALDAD ENTRE LOS GENEROS Y DERECHOS HUMANOS<\/a><\/span><\/h4>\n<h4><span style=\"color: #3366ff;\"><a style=\"color: #3366ff;\" href=\"https:\/\/www.fresnillo.gob.mx\/transparencia\/wp-content\/uploads\/2025\/04\/PLANEACION-DESARROLLO-URBANO-Y-OBRAS-PUBLICAS.pdf\">PLANEACION, DESARROLLO URBANO Y OBRAS PUBLICAS.<\/a><\/span><\/h4>\n<h4><span style=\"color: #3366ff;\"><a style=\"color: #3366ff;\" href=\"https:\/\/www.fresnillo.gob.mx\/transparencia\/wp-content\/uploads\/2025\/04\/SALUD-ASISTENCIA-SOCIAL-Y-ATENCION-A-GRUPOS-VULNERABLES.pdf\">SALUD, ASISTENCIA SOCIAL Y ATENCION A GRUPOS VULNERABLES<\/a><\/span><\/h4>\n<h4><span style=\"color: #3366ff;\"><a style=\"color: #3366ff;\" href=\"https:\/\/www.fresnillo.gob.mx\/transparencia\/wp-content\/uploads\/2025\/04\/SERVICIOS-PUBLICOS-MUNICIPALES.pdf\">SERVICIOS PUBLICOS MUNICIPALES<\/a><\/span><\/h4>\n<h4><span style=\"color: #3366ff;\"><a style=\"color: #3366ff;\" href=\"https:\/\/www.fresnillo.gob.mx\/transparencia\/wp-content\/uploads\/2025\/04\/TRANSITO-Y-VIALIDAD.pdf\">TRANSITO Y VIALIDAD<\/a><\/span><\/h4>\n<h4><span style=\"color: #3366ff;\"><a style=\"color: #3366ff;\" href=\"https:\/\/www.fresnillo.gob.mx\/transparencia\/wp-content\/uploads\/2025\/04\/TRANSPARENCIA-Y-ACCESO-A-LA-INFORMACION-PUBLICA.pdf\">TRANSPARENCIA Y ACCESO A LA INFORMACION PUBLICA<\/a><\/span><\/h4>\n<h3><\/h3>\n<h3><\/h3>\n<p>[\/vc_column_text][\/vc_tta_section][vc_tta_section title=\u00bbDirecci\u00f3n de Ecolog\u00eda y Medio Ambiente\u00bb tab_id=\u00bb1755790242358-2774486f-06ec\u00bb][vc_column_text css=\u00bb\u00bb]<\/p>\n<h4><span style=\"color: #000080;\"><em><strong>DIRECCI\u00d3N DE ECOLOG\u00cdA Y MEDIO AMBIENTE<\/strong><\/em><\/span><\/h4>\n<h4><span style=\"color: #3366ff;\"><a style=\"color: #3366ff;\" href=\"https:\/\/www.fresnillo.gob.mx\/transparencia\/wp-content\/uploads\/2025\/04\/DENUNCIA-AMBIENTAL.pdf\">DENUNCIA AMBIENTAL<\/a><\/span><\/h4>\n<h4><span style=\"color: #3366ff;\"><a style=\"color: #3366ff;\" href=\"https:\/\/www.fresnillo.gob.mx\/transparencia\/wp-content\/uploads\/2025\/04\/SOLICITUD-DE-TALA-Y-O-PODA-DE-ARBOLES.pdf\">SOLICITUD DE TALA Y (O) PODA DE ARBOLES<\/a><\/span><\/h4>\n<p>[\/vc_column_text][\/vc_tta_section][vc_tta_section title=\u00bbDirecci\u00f3n de Desarrollo Comunitario\u00bb tab_id=\u00bb1755790338849-28f78e48-ff3c\u00bb][vc_column_text css=\u00bb\u00bb]<\/p>\n<h4><span style=\"color: #000080;\"><em><strong>DIRECCION DESARROLLO COMUNITARIO<\/strong><\/em><\/span><\/h4>\n<h4><span style=\"color: #3366ff;\"><a style=\"color: #3366ff;\" href=\"https:\/\/www.fresnillo.gob.mx\/transparencia\/wp-content\/uploads\/2025\/04\/Requisitos-de-Inscripcion.pdf\" target=\"_blank\" rel=\"noopener\">Requisitos de Inscripci\u00f3n<\/a><\/span><\/h4>\n<p>[\/vc_column_text][\/vc_tta_section][vc_tta_section title=\u00bbInstituto para la Atenci\u00f3n e Inclusi\u00f3n para Personas con Discapacidad\u00bb tab_id=\u00bb1755790432784-64ce4e65-a47c\u00bb][vc_column_text css=\u00bb\u00bb]<\/p>\n<h4><span style=\"color: #000080;\"><em><strong>INSTITUTO MUNICIPAL PARA LA ATENCI\u00d3N DE PERSONAS CON DISCAPACIDAD<\/strong><\/em><\/span><\/h4>\n<h4><span style=\"color: #3366ff;\"><a style=\"color: #3366ff;\" href=\"https:\/\/www.fresnillo.gob.mx\/transparencia\/wp-content\/uploads\/2025\/07\/FORMATO-DE-REGISTRO-DE-PERSONAS-CON-DISCAPACIDAD.pdf\">FORMATO DE REGISTRO DE PERSONAS CON DISCAPACIDAD<\/a><\/span><\/h4>\n<h4><span style=\"color: #3366ff;\"><a style=\"color: #3366ff;\" href=\"https:\/\/www.fresnillo.gob.mx\/transparencia\/wp-content\/uploads\/2025\/07\/HOJA-DE-REQUISITOS.pdf\">HOJA DE REQUISITOS<\/a><\/span><\/h4>\n<h4><span style=\"color: #3366ff;\"><a style=\"color: #3366ff;\" href=\"https:\/\/www.fresnillo.gob.mx\/transparencia\/wp-content\/uploads\/2025\/07\/SOLICITUD-PARA-APARATOS-FUNCIONALES.pdf\">SOLICITUD PARA APARATOS FUNCIONALES<\/a><\/span><\/h4>\n<p>[\/vc_column_text][\/vc_tta_section][vc_tta_section title=\u00bbDirecci\u00f3n de Registro Civil\u00bb tab_id=\u00bb1755790374983-c1f258fb-e8a9&#8243;][vc_column_text css=\u00bb\u00bb]<\/p>\n<h4><span style=\"color: #000080;\"><em><strong>DIRECCI\u00d3N DEL REGISTRO CIVIL<\/strong><\/em><\/span><\/h4>\n<h3><span style=\"color: #000080;\"><em><strong>Cuarto Trimestre 2025<\/strong><\/em><\/span><\/h3>\n<p><a href=\"https:\/\/www.fresnillo.gob.mx\/transparencia\/wp-content\/uploads\/2026\/01\/Requisitos_Registro_Civil-2025-ACTUALIZADO-2.pdf\" target=\"_blank\" rel=\"noopener\">Requisitos Registro Civil 2025<\/a><\/p>\n<h4><\/h4>\n<p>[\/vc_column_text][\/vc_tta_section][vc_tta_section title=\u00bbDirecci\u00f3n de Turismo\u00bb tab_id=\u00bb1755790534314-98f25b93-87f9&#8243;][vc_column_text css=\u00bb\u00bb]<\/p>\n<h4><span style=\"color: #000080;\"><em><strong>DIRECCION DE TURISMO<\/strong><\/em><\/span><\/h4>\n<h4><span style=\"color: #3366ff;\"><a style=\"color: #3366ff;\" href=\"https:\/\/www.fresnillo.gob.mx\/transparencia\/wp-content\/uploads\/2025\/07\/REQUISITOS-SOLICITUD-DE-FRESNIBUS.pdf\">REQUISITOS SOLICITUD DE FRESNIBUS<\/a><\/span><\/h4>\n<p>[\/vc_column_text][\/vc_tta_section][vc_tta_section title=\u00bbDirecci\u00f3n de Sanidad\u00bb tab_id=\u00bb1755790597713-1c14255b-73b6&#8243;][vc_column_text css=\u00bb\u00bb]<\/p>\n<h4><span style=\"color: #000080;\"><strong><em>DEPARTAMENTO DE SANIDAD<\/em><\/strong><\/span><\/h4>\n<h4><span style=\"color: #3366ff;\"><a style=\"color: #3366ff;\" href=\"https:\/\/www.fresnillo.gob.mx\/transparencia\/wp-content\/uploads\/2025\/07\/FORMATO-SANIDAD-ALIMENTOS.pdf\">FORMATO SANIDAD ALIMENTOS<\/a><\/span><\/h4>\n<h4><strong><span style=\"color: #3366ff;\"><a style=\"color: #3366ff;\" href=\"https:\/\/www.fresnillo.gob.mx\/transparencia\/wp-content\/uploads\/2025\/07\/FORMATO-SANIDAD-VARIOS.pdf\">FORMATO SANIDAD VARIOS<\/a><\/span><\/strong><\/h4>\n<h4><strong><span style=\"color: #3366ff;\"><a style=\"color: #3366ff;\" href=\"https:\/\/www.fresnillo.gob.mx\/transparencia\/wp-content\/uploads\/2025\/07\/FORMATOS-SANIDAD-TARJETON.pdf\">FORMATOS SANIDAD TARJETON<\/a><\/span><\/strong><\/h4>\n<p>[\/vc_column_text][\/vc_tta_section][vc_tta_section title=\u00bbDirecci\u00f3n de Atenci\u00f3n a la Poblaci\u00f3n LGBTTIQ+\u00bb tab_id=\u00bb1759521963397-c5091198-3e56&#8243;][vc_column_text css=\u00bb\u00bb]<\/p>\n<h3><span style=\"color: #000080;\"><strong><em>DIRECCI\u00d3N DE ATENCI\u00d3N A LA POBLACION LGBTTIQ+<\/em><\/strong><\/span><\/h3>\n<h3><a href=\"https:\/\/www.fresnillo.gob.mx\/transparencia\/wp-content\/uploads\/2025\/10\/FOMATO-DE-SERVICIO-OFRECIDO.pdf\">FOMATO DE SERVICIO OFRECIDO<\/a><\/h3>\n<p>[\/vc_column_text][\/vc_tta_section][vc_tta_section title=\u00bbJuzgado Comunitario\u00bb tab_id=\u00bb1759938235803-358ef7bb-1258&#8243;][vc_column_text css=\u00bb\u00bb]<\/p>\n<h3><span style=\"color: #000080;\">Juzgado Comunitario<\/span><\/h3>\n<h3><\/h3>\n<h3><a href=\"https:\/\/www.fresnillo.gob.mx\/transparencia\/wp-content\/uploads\/2025\/10\/JUSTIFICA-JUZGADO-COMUNITARIO.pdf\" target=\"_blank\" rel=\"noopener\">Consulta la informaci\u00f3n<\/a><\/h3>\n<p>[\/vc_column_text][\/vc_tta_section][vc_tta_section title=\u00bbDepartamento Participaci\u00f3n C\u00edvica\u00bb tab_id=\u00bb1760126215648-024824ff-9b0c\u00bb][vc_column_text css=\u00bb\u00bb]<\/p>\n<h3><span style=\"color: #000080;\">DEPARTAMENTO DE PARTICIPACI\u00d3N C\u00cdVICA Y CIUDADANA<\/span><\/h3>\n<h3><span style=\"color: #3366ff;\"><a style=\"color: #3366ff;\" href=\"https:\/\/www.fresnillo.gob.mx\/transparencia\/wp-content\/uploads\/2025\/10\/participacion-civica.pdf\" target=\"_blank\" rel=\"noopener\">Consulta la informaci\u00f3n<\/a><\/span><\/h3>\n<p>[\/vc_column_text][\/vc_tta_section][vc_tta_section title=\u00bbCoordinaci\u00f3n General de Archivos\u00bb tab_id=\u00bb1760457606980-096c8012-0b5a\u00bb][vc_column_text css=\u00bb\u00bb]<\/p>\n<h3>Coordinaci\u00f3n General de Archivos<\/h3>\n<h3><\/h3>\n<h3><a href=\"https:\/\/www.fresnillo.gob.mx\/transparencia\/wp-content\/uploads\/2025\/10\/Registro-Unico-de-Investigador.pdf\">Registro Unico de Investigador<\/a><\/h3>\n<p>[\/vc_column_text][\/vc_tta_section][vc_tta_section title=\u00bbSIPINNA\u00bb tab_id=\u00bb1760983915550-1acb789e-a627&#8243;][vc_column_text css=\u00bb\u00bb]<\/p>\n<h3>SISTEMA DE PROTECCI\u00d3N INTEGRAL DE NI\u00d1AS, NI\u00d1OS Y ADOLESCENTES<\/h3>\n<h3><span style=\"color: #3366ff;\"><a style=\"color: #3366ff;\" href=\"https:\/\/www.fresnillo.gob.mx\/transparencia\/wp-content\/uploads\/2025\/10\/SERVICIOS.pdf\" target=\"_blank\" rel=\"noopener\">FORMATO SERVICIOS <\/a><\/span><\/h3>\n<p>[\/vc_column_text][\/vc_tta_section][\/vc_tta_tabs][\/vc_column][\/vc_row][vc_row][vc_column][\/vc_column][\/vc_row]<\/p>\n<\/div>","protected":false},"excerpt":{"rendered":"<p>[vc_row][vc_column][vc_column_text css=\u00bb\u00bb] FRACCI\u00d3N XIX. Los servicios que ofrecen se\u00f1alando los requisitos para acceder a ellos. Fecha de Actualizaci\u00f3n 31\/Diciembre\/2025 Administraci\u00f3n 2024 &#8211; 2027 [\/vc_column_text][vc_separator color=\u00bbblue\u00bb border_width=\u00bb10&#8243; css=\u00bb\u00bb][\/vc_column][\/vc_row][vc_row][vc_column][vc_tta_tabs title_tag=\u00bbh6&#8243; section_title_tag=\u00bbh6&#8243; style=\u00bbmodern\u00bb color=\u00bbblue\u00bb spacing=\u00bb4&#8243; alignment=\u00bbcenter\u00bb active_section=\u00bb1&#8243; no_fill_content_area=\u00bbtrue\u00bb][vc_tta_section title=\u00bbUnidad de Transparencia\u00bb tab_id=\u00bb1755790128492-607c8017-4612&#8243;][vc_column_text css=\u00bb\u00bb] UNIDAD DE TRANSPARENCIA SOLICITUD PRESENCIAL formato [\/vc_column_text][\/vc_tta_section][vc_tta_section title=\u00bbSistema Municipal DIF\u00bb tab_id=\u00bb1744402903170-70b21ba1-c8d4&#8243;][vc_column_text css=\u00bb\u00bb] SISTEMA MUNICIAPAL DE [&hellip;]<\/p>\n","protected":false},"author":1,"featured_media":0,"parent":1041,"menu_order":31,"comment_status":"closed","ping_status":"closed","template":"page-templates\/template-articulos.php","meta":{"_uag_custom_page_level_css":"","advgb_blocks_editor_width":"","advgb_blocks_columns_visual_guide":"","footnotes":""},"class_list":["post-1455","page","type-page","status-publish","hentry"],"uagb_featured_image_src":{"full":false,"thumbnail":false,"medium":false,"medium_large":false,"large":false,"1536x1536":false,"2048x2048":false},"uagb_author_info":{"display_name":"admin","author_link":"https:\/\/www.fresnillo.gob.mx\/transparencia\/author\/admin\/"},"uagb_comment_info":0,"uagb_excerpt":"[vc_row][vc_column][vc_column_text css=\u00bb\u00bb] FRACCI\u00d3N XIX. Los servicios que ofrecen se\u00f1alando los requisitos para acceder a ellos. Fecha de Actualizaci\u00f3n 31\/Diciembre\/2025 Administraci\u00f3n 2024 &#8211; 2027 [\/vc_column_text][vc_separator color=\u00bbblue\u00bb border_width=\u00bb10&#8243; css=\u00bb\u00bb][\/vc_column][\/vc_row][vc_row][vc_column][vc_tta_tabs title_tag=\u00bbh6&#8243; section_title_tag=\u00bbh6&#8243; style=\u00bbmodern\u00bb color=\u00bbblue\u00bb spacing=\u00bb4&#8243; alignment=\u00bbcenter\u00bb active_section=\u00bb1&#8243; no_fill_content_area=\u00bbtrue\u00bb][vc_tta_section title=\u00bbUnidad de Transparencia\u00bb tab_id=\u00bb1755790128492-607c8017-4612&#8243;][vc_column_text css=\u00bb\u00bb] UNIDAD DE TRANSPARENCIA SOLICITUD PRESENCIAL formato [\/vc_column_text][\/vc_tta_section][vc_tta_section title=\u00bbSistema Municipal DIF\u00bb tab_id=\u00bb1744402903170-70b21ba1-c8d4&#8243;][vc_column_text css=\u00bb\u00bb] SISTEMA MUNICIAPAL DE&hellip;","coauthors":[],"author_meta":{"author_link":"https:\/\/www.fresnillo.gob.mx\/transparencia\/author\/admin\/","display_name":"admin"},"relative_dates":{"created":"Publicado 7 a\u00f1os hace","modified":"Actualizado 3 meses hace"},"absolute_dates":{"created":"Publicado el octubre 22, 2018","modified":"Actualizado el enero 20, 2026"},"absolute_dates_time":{"created":"Publicado el octubre 22, 2018 3:52 pm","modified":"Actualizado el enero 20, 2026 6:20 pm"},"featured_img_caption":"","featured_img":false,"series_order":"","_links":{"self":[{"href":"https:\/\/www.fresnillo.gob.mx\/transparencia\/wp-json\/wp\/v2\/pages\/1455","targetHints":{"allow":["GET"]}}],"collection":[{"href":"https:\/\/www.fresnillo.gob.mx\/transparencia\/wp-json\/wp\/v2\/pages"}],"about":[{"href":"https:\/\/www.fresnillo.gob.mx\/transparencia\/wp-json\/wp\/v2\/types\/page"}],"author":[{"embeddable":true,"href":"https:\/\/www.fresnillo.gob.mx\/transparencia\/wp-json\/wp\/v2\/users\/1"}],"replies":[{"embeddable":true,"href":"https:\/\/www.fresnillo.gob.mx\/transparencia\/wp-json\/wp\/v2\/comments?post=1455"}],"version-history":[{"count":36,"href":"https:\/\/www.fresnillo.gob.mx\/transparencia\/wp-json\/wp\/v2\/pages\/1455\/revisions"}],"predecessor-version":[{"id":78735,"href":"https:\/\/www.fresnillo.gob.mx\/transparencia\/wp-json\/wp\/v2\/pages\/1455\/revisions\/78735"}],"up":[{"embeddable":true,"href":"https:\/\/www.fresnillo.gob.mx\/transparencia\/wp-json\/wp\/v2\/pages\/1041"}],"wp:attachment":[{"href":"https:\/\/www.fresnillo.gob.mx\/transparencia\/wp-json\/wp\/v2\/media?parent=1455"}],"curies":[{"name":"wp","href":"https:\/\/api.w.org\/{rel}","templated":true}]}}