{"id":1462,"date":"2018-10-22T15:53:31","date_gmt":"2018-10-22T15:53:31","guid":{"rendered":"https:\/\/www.seguiremoshaciendohistoria.gob.mx\/transparencia\/articulo-39\/xxvi-montos-criterios-convocatorias-y-listado-de-personas-fisicas-o-morales\/"},"modified":"2026-01-20T19:13:59","modified_gmt":"2026-01-20T19:13:59","slug":"xxvi-montos-criterios-convocatorias-y-listado-de-personas-fisicas-o-morales","status":"publish","type":"page","link":"https:\/\/www.fresnillo.gob.mx\/transparencia\/transparencia\/articulo-39\/xxvi-montos-criterios-convocatorias-y-listado-de-personas-fisicas-o-morales\/","title":{"rendered":"XXVI. Montos, Criterios, Convocatorias y Listado de Personas F\u00edsicas o Morales"},"content":{"rendered":"<div class=\"wpb-content-wrapper\"><p>[vc_row][vc_column][vc_column_text css=\u00bb\u00bb]<\/p>\n<h1 style=\"text-align: center;\"><strong><span style=\"color: #000080;\">FRACCI\u00d3N XXVI.<\/span><\/strong><\/h1>\n<h1 class=\"cms-plugin cms-plugin-661\" style=\"text-align: center;\"><span style=\"color: #3366ff;\"><strong>Los montos, criterios, convocatorias y listado de personas f\u00edsicas o morales a quienes, por cualquier motivo, se les asigne o permita usar recursos p\u00fablicos o, en los t\u00e9rminos de las disposiciones aplicables, realicen actos de autoridad. Asimismo, los informes que dichas personas les entreguen sobre el uso y destino de dichos recursos.<\/strong><\/span><\/h1>\n<h2 class=\"has-text-align-right\" style=\"text-align: right;\"><span style=\"color: #333399;\"><strong>Fecha de Actualizaci\u00f3n 31\/Diciembre\/2025<\/strong><\/span><\/h2>\n<h2 class=\"cms-plugin cms-plugin-639\"><\/h2>\n<h4 class=\"cms-plugin cms-plugin-661\"><\/h4>\n<p>[\/vc_column_text][\/vc_column][\/vc_row][vc_row][vc_column][vc_separator color=\u00bbblue\u00bb border_width=\u00bb10&#8243; css=\u00bb\u00bb][\/vc_column][\/vc_row][vc_row][vc_column][vc_btn title=\u00bbConsulte la Informaci\u00f3n\u00bb style=\u00bb3d\u00bb color=\u00bbprimary\u00bb css=\u00bb\u00bb link=\u00bburl:https%3A%2F%2Ftinyurl.com%2F2d2ltvu9|target:_blank\u00bb][\/vc_column][\/vc_row]<\/p>\n<\/div>","protected":false},"excerpt":{"rendered":"<p>[vc_row][vc_column][vc_column_text css=\u00bb\u00bb] FRACCI\u00d3N XXVI. Los montos, criterios, convocatorias y listado de personas f\u00edsicas o morales a quienes, por cualquier motivo, se les asigne o permita usar recursos p\u00fablicos o, en los t\u00e9rminos de las disposiciones aplicables, realicen actos de autoridad. Asimismo, los informes que dichas personas les entreguen sobre el uso y destino de dichos [&hellip;]<\/p>\n","protected":false},"author":1,"featured_media":0,"parent":1041,"menu_order":40,"comment_status":"closed","ping_status":"closed","template":"page-templates\/template-articulos.php","meta":{"_uag_custom_page_level_css":"","advgb_blocks_editor_width":"","advgb_blocks_columns_visual_guide":"","footnotes":""},"class_list":["post-1462","page","type-page","status-publish","hentry"],"uagb_featured_image_src":{"full":false,"thumbnail":false,"medium":false,"medium_large":false,"large":false,"1536x1536":false,"2048x2048":false},"uagb_author_info":{"display_name":"admin","author_link":"https:\/\/www.fresnillo.gob.mx\/transparencia\/author\/admin\/"},"uagb_comment_info":0,"uagb_excerpt":"[vc_row][vc_column][vc_column_text css=\u00bb\u00bb] FRACCI\u00d3N XXVI. Los montos, criterios, convocatorias y listado de personas f\u00edsicas o morales a quienes, por cualquier motivo, se les asigne o permita usar recursos p\u00fablicos o, en los t\u00e9rminos de las disposiciones aplicables, realicen actos de autoridad. Asimismo, los informes que dichas personas les entreguen sobre el uso y destino de dichos&hellip;","coauthors":[],"author_meta":{"author_link":"https:\/\/www.fresnillo.gob.mx\/transparencia\/author\/admin\/","display_name":"admin"},"relative_dates":{"created":"Publicado 7 a\u00f1os hace","modified":"Actualizado 3 meses hace"},"absolute_dates":{"created":"Publicado el octubre 22, 2018","modified":"Actualizado el enero 20, 2026"},"absolute_dates_time":{"created":"Publicado el octubre 22, 2018 3:53 pm","modified":"Actualizado el enero 20, 2026 7:13 pm"},"featured_img_caption":"","featured_img":false,"series_order":"","_links":{"self":[{"href":"https:\/\/www.fresnillo.gob.mx\/transparencia\/wp-json\/wp\/v2\/pages\/1462","targetHints":{"allow":["GET"]}}],"collection":[{"href":"https:\/\/www.fresnillo.gob.mx\/transparencia\/wp-json\/wp\/v2\/pages"}],"about":[{"href":"https:\/\/www.fresnillo.gob.mx\/transparencia\/wp-json\/wp\/v2\/types\/page"}],"author":[{"embeddable":true,"href":"https:\/\/www.fresnillo.gob.mx\/transparencia\/wp-json\/wp\/v2\/users\/1"}],"replies":[{"embeddable":true,"href":"https:\/\/www.fresnillo.gob.mx\/transparencia\/wp-json\/wp\/v2\/comments?post=1462"}],"version-history":[{"count":6,"href":"https:\/\/www.fresnillo.gob.mx\/transparencia\/wp-json\/wp\/v2\/pages\/1462\/revisions"}],"predecessor-version":[{"id":78741,"href":"https:\/\/www.fresnillo.gob.mx\/transparencia\/wp-json\/wp\/v2\/pages\/1462\/revisions\/78741"}],"up":[{"embeddable":true,"href":"https:\/\/www.fresnillo.gob.mx\/transparencia\/wp-json\/wp\/v2\/pages\/1041"}],"wp:attachment":[{"href":"https:\/\/www.fresnillo.gob.mx\/transparencia\/wp-json\/wp\/v2\/media?parent=1462"}],"curies":[{"name":"wp","href":"https:\/\/api.w.org\/{rel}","templated":true}]}}