{"id":1469,"date":"2018-10-22T15:54:40","date_gmt":"2018-10-22T15:54:40","guid":{"rendered":"https:\/\/www.seguiremoshaciendohistoria.gob.mx\/transparencia\/articulo-39\/xxxii-padron-de-proveedores-y-contratistas\/"},"modified":"2026-01-30T16:21:52","modified_gmt":"2026-01-30T16:21:52","slug":"xxxii-padron-de-proveedores-y-contratistas","status":"publish","type":"page","link":"https:\/\/www.fresnillo.gob.mx\/transparencia\/transparencia\/articulo-39\/xxxii-padron-de-proveedores-y-contratistas\/","title":{"rendered":"XXXII. Padr\u00f3n de proveedores y Contratistas"},"content":{"rendered":"<div class=\"wpb-content-wrapper\"><p>[vc_row][vc_column][vc_column_text css=\u00bb\u00bb]<\/p>\n<h1 style=\"text-align: center;\"><span style=\"color: #000080;\">FRACCI\u00d3N XXXII.<\/span><\/h1>\n<h2 style=\"text-align: center;\"><em><strong><span style=\"color: #3366ff;\"><a style=\"color: #3366ff;\" href=\"https:\/\/www.fresnillo.gob.mx\/transparencia\/transparencia\/articulo-39\/xxxii-padron-de-proveedores-y-contratistas\/\">Padr\u00f3n de proveedores y Contratistas<\/a><\/span><\/strong><\/em><\/h2>\n<p>&nbsp;<\/p>\n<h2 class=\"has-text-align-right\" style=\"text-align: right;\"><span style=\"color: #333399;\"><strong>Fecha de Actualizaci\u00f3n 31\/Diciembre\/2025<\/strong><\/span><\/h2>\n<h2 class=\"cms-plugin cms-plugin-639\"><\/h2>\n<p>[\/vc_column_text][vc_separator color=\u00bbblue\u00bb border_width=\u00bb10&#8243; css=\u00bb\u00bb][\/vc_column][\/vc_row][vc_row][vc_column][vc_tta_tabs][vc_tta_section title=\u00bbHist\u00f3rico\u00bb tab_id=\u00bb1755629576763-93e2bfc3-eb08&#8243;][vc_column_text css=\u00bb\u00bb]<\/p>\n<h3 class=\"cms-plugin cms-plugin-667\"><span style=\"color: #183889;\"><strong>Padr\u00f3n de Contratistas y Proveedores.<\/strong><\/span><\/h3>\n<p>&nbsp;<\/p>\n<p><span style=\"color: #800000;\"><a style=\"color: #183889;\" href=\"https:\/\/www.fresnillo.gob.mx\/wp-content\/uploads\/2019\/11\/PADRON-DE-CONTRATISTAS-PROVEEDORES-Y-PRESTADORES-DE-SERVICIOS-TERCER-TRIMESTRE-2019-CONTRALORIA.pdf\">PADRON DE CONTRATISTAS, PROVEEDORES Y PRESTADORES DE SERVICIOS &#8211; TERCER TRIMESTRE 2019 &#8211; CONTRALORIA<\/a><\/span><\/p>\n<p>&nbsp;<\/p>\n<h4 style=\"text-align: center;\"><span style=\"color: #000080;\">CUARTO TRIMESTRE 2019\u00a0<\/span><\/h4>\n<p><a href=\"https:\/\/www.fresnillo.gob.mx\/wp-content\/uploads\/2020\/01\/4.-PADRON-DE-PROVEEDORES-Y-CONTRATISTAS-CUARTO-TRIMESTRE-2019.pdf\">4. PADRON DE PROVEEDORES Y CONTRATISTAS CUARTO TRIMESTRE 2019<\/a><\/p>\n<h4 style=\"text-align: center;\"><span style=\"color: #000080;\">1ER. TRIMESTRE\u00a0 \u00a02020\u00a0<\/span><\/h4>\n<p><a href=\"https:\/\/www.fresnillo.gob.mx\/wp-content\/uploads\/2020\/05\/PADRON-DE-PROVEEDORES-Y-CONTRATISTAS-PRIMER-TRIMESTRE-2020-1.pdf\">PADRON DE PROVEEDORES Y CONTRATISTAS PRIMER TRIMESTRE 2020<\/a><\/p>\n<h4 style=\"text-align: center;\"><span style=\"color: #000080;\">2DO.\u00a0 TRIMESTRE\u00a0 \u00a02020\u00a0<\/span><\/h4>\n<p><a href=\"https:\/\/www.fresnillo.gob.mx\/wp-content\/uploads\/2020\/08\/PADRON-DE-PROVEEDORES-Y-CONTRATISTAS.pdf\">PADRON DE PROVEEDORES Y CONTRATISTAS 2DO. TRIMESTRE 2020\u00a0<\/a><\/p>\n<h4 style=\"text-align: center;\"><span style=\"color: #000080;\">3ER.\u00a0 TRIMESTRE\u00a0 \u00a02020\u00a0<\/span><\/h4>\n<p><a href=\"https:\/\/www.fresnillo.gob.mx\/wp-content\/uploads\/2020\/10\/PADRON-3ER-TRIM-2020-CONTRALORIA.pdf\">PADRON 3ER TRIM 2020 CONTRALORIA<\/a><\/p>\n<h4 style=\"text-align: center;\"><span style=\"color: #000080;\">1ER.\u00a0 TRIMESTRE\u00a0 \u00a02021<\/span><\/h4>\n<h4 style=\"text-align: left;\"><span style=\"color: #000080;\"><a href=\"https:\/\/www.fresnillo.gob.mx\/wp-content\/uploads\/2021\/04\/PADRON-PRIMER-TRIMESTRE-1.pdf\">PADR\u00d3N PRIMER TRIMESTRE<\/a>\u00a0<\/span><\/h4>\n<h4 style=\"text-align: center;\"><span style=\"color: #000080;\">2DO.\u00a0 TRIMESTRE\u00a0 \u00a02021<\/span><\/h4>\n<p><a href=\"https:\/\/www.fresnillo.gob.mx\/wp-content\/uploads\/2021\/07\/PADRON-DE-PROVEEDORES-Y-CONTRATISTAS-SEGUNDO-TRIMESTRE-2021-.pdf\">PADRON DE PROVEEDORES Y CONTRATISTAS &#8211; SEGUNDO TRIMESTRE 2021 &#8211;<\/a><\/p>\n<h4 style=\"text-align: center;\"><span style=\"color: #000080;\">3ER.\u00a0 TRIMESTRE\u00a0 \u00a02021<\/span><\/h4>\n<p><a href=\"https:\/\/www.fresnillo.gob.mx\/wp-content\/uploads\/2021\/11\/Padron-3er-Trim-2021-Contraloria.pdf\">Padron 3er Trim 2021 Contraloria<\/a><\/p>\n<h4 style=\"text-align: center;\"><span style=\"color: #000080;\">4TO.\u00a0 TRIMESTRE\u00a0 \u00a02021<\/span><\/h4>\n<p><a href=\"https:\/\/www.fresnillo.gob.mx\/wp-content\/uploads\/2022\/01\/PADRON-DE-CONTRATISTAS-PROVEEDORES-Y-PRESTADORES-DE-SERVICIOS-CUARTO-TRIMESTRE-2021-TRANSPARENCIA-1.pdf\">PADR\u00d3N DE CONTRATISTAS, PROVEEDORES Y PRESTADORES DE SERVICIOS &#8211; CUARTO TRIMESTRE 2021 &#8211; TRANSPARENCIA<\/a><\/p>\n<h4 style=\"text-align: center;\"><span style=\"color: #000080;\">1ER.\u00a0 TRIMESTRE\u00a0 \u00a02022<\/span><\/h4>\n<p><a href=\"https:\/\/www.fresnillo.gob.mx\/wp-content\/uploads\/2022\/05\/PADRON-PRIMER-TRIMESTRE-2022.pdf\">PADR\u00d3N &#8211; PRIMER TRIMESTRE 2022<\/a><\/p>\n<h4 style=\"text-align: center;\"><span style=\"color: #000080;\">2DO.\u00a0 TRIMESTRE\u00a0 \u00a02022<\/span><\/h4>\n<p><a href=\"https:\/\/www.fresnillo.gob.mx\/wp-content\/uploads\/2023\/02\/PADRON-SEGUNDO-TRIMESTRE-2022.pdf\">PADR\u00d3N &#8211; SEGUNDO TRIMESTRE 2022<\/a><\/p>\n<h4 style=\"text-align: center;\"><span style=\"color: #000080;\">3ER.\u00a0 TRIMESTRE\u00a0 \u00a02022<\/span><\/h4>\n<p><a href=\"https:\/\/www.fresnillo.gob.mx\/wp-content\/uploads\/2023\/02\/PADRON-TERCER-TRIMESTRE-2022.pdf\">PADR\u00d3N &#8211; TERCER TRIMESTRE 2022<\/a><\/p>\n<h4 style=\"text-align: center;\"><span style=\"color: #000080;\">4TO.\u00a0 TRIMESTRE\u00a0 \u00a02022<\/span><\/h4>\n<p><a href=\"https:\/\/www.fresnillo.gob.mx\/wp-content\/uploads\/2023\/02\/PADRON-CUARTO-TRIMESTRE-2022.pdf\">PADR\u00d3N &#8211; CUARTO TRIMESTRE 2022<\/a><\/p>\n<h4 style=\"text-align: center;\"><span style=\"color: #000080;\">1ER.\u00a0 TRIMESTRE\u00a0 \u00a02023<\/span><\/h4>\n<p><a href=\"https:\/\/www.fresnillo.gob.mx\/wp-content\/uploads\/2023\/05\/PADRON-1ER-INFORME-2023.pdf\">PADR\u00d3N &#8211; 1ER INFORME 2023<\/a><\/p>\n<p><a href=\"https:\/\/www.fresnillo.gob.mx\/wp-content\/uploads\/2023\/05\/Justificante-Padron-de-Provedores-y-Contratistas.pdf\">Justificante Padron de Provedores y Contratistas<\/a><\/p>\n<p><a href=\"https:\/\/www.fresnillo.gob.mx\/wp-content\/uploads\/2023\/05\/Justificante-Requisito.pdf\">Justificante Requisito<\/a><\/p>\n<h4 style=\"text-align: center;\"><span style=\"color: #000080;\">2DO.\u00a0 TRIMESTRE\u00a0 \u00a02023<\/span><\/h4>\n<p><a href=\"https:\/\/www.fresnillo.gob.mx\/wp-content\/uploads\/2024\/04\/PADRON-2do-Trim-2023-Organo-Interno-de-Control.pdf\">PADR\u00d3N 2do Trim 2023 Organo Interno de Control<\/a><\/p>\n<h4 style=\"text-align: center;\"><span style=\"color: #000080;\">3ER.\u00a0 TRIMESTRE\u00a0 \u00a02023<\/span><\/h4>\n<p><a href=\"https:\/\/www.fresnillo.gob.mx\/wp-content\/uploads\/2024\/04\/PADRON-TERCER-INFORME-2023.pdf\">PADR\u00d3N &#8211; TERCER INFORME 2023<\/a><\/p>\n<h4 style=\"text-align: center;\"><span style=\"color: #000080;\">4TO.\u00a0 TRIMESTRE\u00a0 \u00a02023<\/span><\/h4>\n<p><a href=\"https:\/\/www.fresnillo.gob.mx\/wp-content\/uploads\/2024\/04\/PADRON-CUARTO-INFORME-2023.pdf\">PADR\u00d3N &#8211; CUARTO INFORME 2023<\/a><\/p>\n<h4 style=\"text-align: center;\"><span style=\"color: #000080;\">1ER.\u00a0 TRIMESTRE\u00a0 \u00a02024<\/span><\/h4>\n<p><a href=\"https:\/\/www.fresnillo.gob.mx\/wp-content\/uploads\/2024\/07\/PADRON-PRIMER-INFORME-2024.pdf\">PADR\u00d3N &#8211; PRIMER INFORME 2024<\/a><\/p>\n<p><a href=\"https:\/\/www.fresnillo.gob.mx\/wp-content\/uploads\/2024\/07\/Justificante-Requisitos-Direccion-Electronica-Pagina-Web-Proveedor.pdf\">Justificante Requisitos Direccion Electronica Pagina Web Proveedor<\/a><\/p>\n<p><a href=\"https:\/\/www.fresnillo.gob.mx\/wp-content\/uploads\/2024\/07\/Justificante-Registro-de-Provedores-o-Contratistas-sancionados.pdf\">Justificante Registro de Provedores o Contratistas sancionados<\/a><\/p>\n<h4 style=\"text-align: center;\"><span style=\"color: #000080;\">2DO.\u00a0 TRIMESTRE\u00a0 \u00a02024<\/span><\/h4>\n<p><a href=\"https:\/\/www.fresnillo.gob.mx\/transparencia\/wp-content\/uploads\/2025\/03\/PADRON-SEGUNDO-INFORME-2024.pdf\">PADR\u00d3N &#8211; SEGUNDO INFORME 2024<\/a><\/p>\n<h4 style=\"text-align: center;\"><span style=\"color: #000080;\">3ER.\u00a0 TRIMESTRE\u00a0 \u00a02024<\/span><\/h4>\n<p><a href=\"https:\/\/www.fresnillo.gob.mx\/transparencia\/wp-content\/uploads\/2025\/03\/PADRON-TERCER-TRIMESTRE-2024.pdf\">PADR\u00d3N &#8211; TERCER TRIMESTRE 2024<\/a><\/p>\n<h4 style=\"text-align: center;\"><span style=\"color: #000080;\">4TO.\u00a0 TRIMESTRE\u00a0 \u00a02024<\/span><\/h4>\n<p><a href=\"https:\/\/www.fresnillo.gob.mx\/transparencia\/wp-content\/uploads\/2025\/03\/4.-PADRON-CUARTO-TRIMESTRE-2024.pdf\">4. PADR\u00d3N &#8211; CUARTO TRIMESTRE 2024<\/a><\/p>\n<p><a href=\"https:\/\/www.fresnillo.gob.mx\/transparencia\/wp-content\/uploads\/2025\/03\/Proveedores-o-Contratistas-sancionados.pdf\">Proveedores o Contratistas sancionados<\/a><\/p>\n<p><a href=\"https:\/\/www.fresnillo.gob.mx\/transparencia\/wp-content\/uploads\/2025\/03\/Hoja-de-Requisitos.pdf\">Hoja de Requisitos<\/a><\/p>\n<p>&nbsp;[\/vc_column_text][\/vc_tta_section][vc_tta_section title=\u00bbAdministraci\u00f3n 2024 &#8211; 2027&#8243; tab_id=\u00bb1755629576798-8ea0cf36-cf6c\u00bb][vc_column_text css=\u00bb\u00bb]<\/p>\n<h4 style=\"text-align: center;\"><span style=\"color: #000080;\">PRIMER\u00a0 TRIMESTRE\u00a0 \u00a02025<\/span><\/h4>\n<p><a href=\"https:\/\/www.fresnillo.gob.mx\/transparencia\/wp-content\/uploads\/2025\/04\/PADRON-PRIMER-TRIMESTRE-2025.pdf\">PADR\u00d3N &#8211; PRIMER TRIMESTRE 2025<\/a><\/p>\n<p><a href=\"https:\/\/www.fresnillo.gob.mx\/transparencia\/wp-content\/uploads\/2025\/05\/PROVEEDORES-O-CONTRATISTAS-SANCIONADOS.pdf\">PROVEEDORES O CONTRATISTAS SANCIONADOS<\/a><\/p>\n<p><a href=\"https:\/\/www.fresnillo.gob.mx\/transparencia\/wp-content\/uploads\/2025\/05\/HOJA-DE-REQUISITOS.pdf\">HOJA DE REQUISITOS<\/a><\/p>\n<p>&nbsp;<\/p>\n<h4 style=\"text-align: center;\"><span style=\"color: #000080;\">SEGUNDO\u00a0 TRIMESTRE\u00a0 \u00a02025<\/span><\/h4>\n<p>&nbsp;<\/p>\n<p><a href=\"https:\/\/www.fresnillo.gob.mx\/transparencia\/wp-content\/uploads\/2025\/07\/PADRON-SEGUNDO-TRIMESTRE-2025-7.pdf\">PADR\u00d3N &#8211; SEGUNDO TRIMESTRE 2025<\/a><\/p>\n<p><a href=\"https:\/\/www.fresnillo.gob.mx\/transparencia\/wp-content\/uploads\/2025\/07\/PROVEEDORES-O-CONTRATISTAS-SANCIONADOS.pdf\">PROVEEDORES-O-CONTRATISTAS-SANCIONADOS<\/a><\/p>\n<p><a href=\"https:\/\/www.fresnillo.gob.mx\/transparencia\/wp-content\/uploads\/2025\/07\/HOJA-DE-REQUISITOS-1.pdf\">HOJA-DE-REQUISITOS<\/a><\/p>\n<h4 style=\"text-align: center;\"><span style=\"color: #000080;\">TERCER\u00a0 TRIMESTRE\u00a0 \u00a02025<\/span><\/h4>\n<p><a href=\"https:\/\/www.fresnillo.gob.mx\/transparencia\/wp-content\/uploads\/2025\/10\/PADRON-TERCER-TRIMESTRE-2025-CON-AJUSTE-2.pdf\">PADR\u00d3N TERCER TRIMESTRE 2025<\/a><\/p>\n<p><a href=\"https:\/\/www.fresnillo.gob.mx\/transparencia\/wp-content\/uploads\/2025\/10\/Hoja-de-Requisitos.pdf\" target=\"_blank\" rel=\"noopener\">HOJA DE REQUISITOS<\/a><\/p>\n<p><a href=\"https:\/\/www.fresnillo.gob.mx\/transparencia\/wp-content\/uploads\/2025\/10\/CONTRATISTAS-SANSIONADOS.pdf\">CONTRATISTAS SANSIONADOS<\/a><\/p>\n<p>&nbsp;<\/p>\n<h4 style=\"text-align: center;\"><span style=\"color: #000080;\">CUARTO\u00a0 TRIMESTRE\u00a0 \u00a02025<\/span><\/h4>\n<p><a href=\"https:\/\/www.fresnillo.gob.mx\/transparencia\/wp-content\/uploads\/2026\/01\/PADRON-4to-TRIMESTRE-2025.pdf\" target=\"_blank\" rel=\"noopener\">PADR\u00d3N CUARTO TRIMESTRE<\/a><\/p>\n<p><a href=\"https:\/\/www.fresnillo.gob.mx\/transparencia\/wp-content\/uploads\/2026\/01\/hoja-de-requisitos-4.pdf\" target=\"_blank\" rel=\"noopener\">HOJA DE REQUISITOS<\/a><\/p>\n<p><a href=\"https:\/\/www.fresnillo.gob.mx\/transparencia\/wp-content\/uploads\/2026\/01\/contratistas-sancionados-1.pdf\" target=\"_blank\" rel=\"noopener\">CONTRATISTAS SANCIONADOS<\/a><\/p>\n<p><a href=\"https:\/\/www.fresnillo.gob.mx\/transparencia\/wp-content\/uploads\/2026\/01\/Justificacion-para-el-Registro-Electronico.pdf\">Justificacion para el Registro Electronico<\/a>[\/vc_column_text][\/vc_tta_section][\/vc_tta_tabs][vc_column_text css=\u00bb\u00bb][\/vc_column_text][\/vc_column][\/vc_row][vc_row][vc_column][\/vc_column][\/vc_row]<\/p>\n<\/div>","protected":false},"excerpt":{"rendered":"<p>[vc_row][vc_column][vc_column_text css=\u00bb\u00bb] FRACCI\u00d3N XXXII. Padr\u00f3n de proveedores y Contratistas &nbsp; Fecha de Actualizaci\u00f3n 31\/Diciembre\/2025 [\/vc_column_text][vc_separator color=\u00bbblue\u00bb border_width=\u00bb10&#8243; css=\u00bb\u00bb][\/vc_column][\/vc_row][vc_row][vc_column][vc_tta_tabs][vc_tta_section title=\u00bbHist\u00f3rico\u00bb tab_id=\u00bb1755629576763-93e2bfc3-eb08&#8243;][vc_column_text css=\u00bb\u00bb] Padr\u00f3n de Contratistas y Proveedores. &nbsp; PADRON DE CONTRATISTAS, PROVEEDORES Y PRESTADORES DE SERVICIOS &#8211; TERCER TRIMESTRE 2019 &#8211; CONTRALORIA &nbsp; CUARTO TRIMESTRE 2019\u00a0 4. PADRON DE PROVEEDORES Y CONTRATISTAS CUARTO TRIMESTRE 2019 1ER. [&hellip;]<\/p>\n","protected":false},"author":1,"featured_media":0,"parent":1041,"menu_order":50,"comment_status":"closed","ping_status":"closed","template":"page-templates\/template-articulos.php","meta":{"_uag_custom_page_level_css":"","advgb_blocks_editor_width":"","advgb_blocks_columns_visual_guide":"","footnotes":""},"class_list":["post-1469","page","type-page","status-publish","hentry"],"uagb_featured_image_src":{"full":false,"thumbnail":false,"medium":false,"medium_large":false,"large":false,"1536x1536":false,"2048x2048":false},"uagb_author_info":{"display_name":"admin","author_link":"https:\/\/www.fresnillo.gob.mx\/transparencia\/author\/admin\/"},"uagb_comment_info":0,"uagb_excerpt":"[vc_row][vc_column][vc_column_text css=\u00bb\u00bb] FRACCI\u00d3N XXXII. Padr\u00f3n de proveedores y Contratistas &nbsp; Fecha de Actualizaci\u00f3n 31\/Diciembre\/2025 [\/vc_column_text][vc_separator color=\u00bbblue\u00bb border_width=\u00bb10&#8243; css=\u00bb\u00bb][\/vc_column][\/vc_row][vc_row][vc_column][vc_tta_tabs][vc_tta_section title=\u00bbHist\u00f3rico\u00bb tab_id=\u00bb1755629576763-93e2bfc3-eb08&#8243;][vc_column_text css=\u00bb\u00bb] Padr\u00f3n de Contratistas y Proveedores. &nbsp; PADRON DE CONTRATISTAS, PROVEEDORES Y PRESTADORES DE SERVICIOS &#8211; TERCER TRIMESTRE 2019 &#8211; CONTRALORIA &nbsp; CUARTO TRIMESTRE 2019\u00a0 4. PADRON DE PROVEEDORES Y CONTRATISTAS CUARTO TRIMESTRE 2019 1ER.&hellip;","coauthors":[],"author_meta":{"author_link":"https:\/\/www.fresnillo.gob.mx\/transparencia\/author\/admin\/","display_name":"admin"},"relative_dates":{"created":"Publicado 7 a\u00f1os hace","modified":"Actualizado 3 meses hace"},"absolute_dates":{"created":"Publicado el octubre 22, 2018","modified":"Actualizado el enero 30, 2026"},"absolute_dates_time":{"created":"Publicado el octubre 22, 2018 3:54 pm","modified":"Actualizado el enero 30, 2026 4:21 pm"},"featured_img_caption":"","featured_img":false,"series_order":"","_links":{"self":[{"href":"https:\/\/www.fresnillo.gob.mx\/transparencia\/wp-json\/wp\/v2\/pages\/1469","targetHints":{"allow":["GET"]}}],"collection":[{"href":"https:\/\/www.fresnillo.gob.mx\/transparencia\/wp-json\/wp\/v2\/pages"}],"about":[{"href":"https:\/\/www.fresnillo.gob.mx\/transparencia\/wp-json\/wp\/v2\/types\/page"}],"author":[{"embeddable":true,"href":"https:\/\/www.fresnillo.gob.mx\/transparencia\/wp-json\/wp\/v2\/users\/1"}],"replies":[{"embeddable":true,"href":"https:\/\/www.fresnillo.gob.mx\/transparencia\/wp-json\/wp\/v2\/comments?post=1469"}],"version-history":[{"count":17,"href":"https:\/\/www.fresnillo.gob.mx\/transparencia\/wp-json\/wp\/v2\/pages\/1469\/revisions"}],"predecessor-version":[{"id":78925,"href":"https:\/\/www.fresnillo.gob.mx\/transparencia\/wp-json\/wp\/v2\/pages\/1469\/revisions\/78925"}],"up":[{"embeddable":true,"href":"https:\/\/www.fresnillo.gob.mx\/transparencia\/wp-json\/wp\/v2\/pages\/1041"}],"wp:attachment":[{"href":"https:\/\/www.fresnillo.gob.mx\/transparencia\/wp-json\/wp\/v2\/media?parent=1469"}],"curies":[{"name":"wp","href":"https:\/\/api.w.org\/{rel}","templated":true}]}}