{"id":1472,"date":"2018-10-22T15:55:13","date_gmt":"2018-10-22T15:55:13","guid":{"rendered":"https:\/\/www.seguiremoshaciendohistoria.gob.mx\/transparencia\/articulo-39\/xxxv-recomendaciones-emitidas-por-los-organos-publicos-del-estado-mexicano-u-organismos-internacionales-garantes-de-los-derechos-humanos\/"},"modified":"2026-01-29T18:20:57","modified_gmt":"2026-01-29T18:20:57","slug":"xxxv-recomendaciones-emitidas-por-los-organos-publicos-del-estado-mexicano-u-organismos-internacionales-garantes-de-los-derechos-humanos","status":"publish","type":"page","link":"https:\/\/www.fresnillo.gob.mx\/transparencia\/transparencia\/articulo-39\/xxxv-recomendaciones-emitidas-por-los-organos-publicos-del-estado-mexicano-u-organismos-internacionales-garantes-de-los-derechos-humanos\/","title":{"rendered":"XXXV. Recomendaciones Emitidas por los \u00d3rganos P\u00fablicos del Estado Mexicano u Organismos Internacionales Garantes de los Derechos Humanos"},"content":{"rendered":"<div class=\"wpb-content-wrapper\"><p>[vc_row][vc_column][vc_column_text css=\u00bb\u00bb]<\/p>\n<h1 style=\"text-align: center;\"><span style=\"color: #000080;\"><strong>FRACCI\u00d3N XXXV.<\/strong><\/span><\/h1>\n<h3><\/h3>\n<h2 class=\"cms-plugin cms-plugin-670\" style=\"text-align: center;\"><span style=\"color: #183889;\"><strong>Las recomendaciones emitidas por los \u00d3rganos P\u00fablicos del Estado Mexicano u Organismos Internacionales garantes de los Derechos Humanos, as\u00ed como las acciones que han llevado a cabo para su atenci\u00f3n.<\/strong><\/span><\/h2>\n<h2 class=\"has-text-align-right\" style=\"text-align: right;\"><span style=\"color: #333399;\"><strong>Fecha de Actualizaci\u00f3n 31\/Diciembre\/2025<\/strong><\/span><\/h2>\n<h2 class=\"cms-plugin cms-plugin-639\"><\/h2>\n<p>[\/vc_column_text][vc_separator color=\u00bbblue\u00bb border_width=\u00bb10&#8243; css=\u00bb\u00bb][\/vc_column][\/vc_row][vc_row][vc_column][vc_tta_tabs][vc_tta_section title=\u00bbHISTORICO\u00bb tab_id=\u00bb1755709499887-207451fc-2a81&#8243;][vc_column_text css=\u00bb\u00bb]<\/p>\n<h5><a href=\"https:\/\/www.fresnillo.gob.mx\/wp-content\/uploads\/2024\/05\/Recomendacion-Derechos-Humanos-1er-Trim-2024.pdf\">RESPUESTA SEGURIDAD JUNIO SEPTIEMBRE TRIMESTRE 2017<\/a><\/h5>\n<h5><\/h5>\n<h5><a href=\"https:\/\/www.fresnillo.gob.mx\/wp-content\/uploads\/2018\/12\/Respuesta-Seguridad-Publica-Abril-Junio-2017.pdf\">Respuesta Seguridad Publica Abril &#8211; Junio 2017<\/a><\/h5>\n<h5><\/h5>\n<h5><a href=\"https:\/\/www.fresnillo.gob.mx\/wp-content\/uploads\/2018\/12\/Respuesta-Seguridad-Publica.pdf\">Respuesta Seguridad Publica<\/a><\/h5>\n<h5><\/h5>\n<h5 class=\"cms-plugin cms-plugin-670\"><span style=\"color: #183889;\">JUSTIFICACI\u00d3N PARA EL 2do TRIMESTRE 2018<\/span><\/h5>\n<h5 class=\"cms-plugin cms-plugin-670\"><a href=\"https:\/\/www.fresnillo.gob.mx\/wp-content\/uploads\/2018\/12\/RESPUESTA-SEGURIDAD-P\u00daBLICA-CUARTO-TRIMESTRE-2017.pdf\">RESPUESTA SEGURIDAD P\u00daBLICA CUARTO TRIMESTRE 2017<\/a><\/h5>\n<h5><\/h5>\n<h5 class=\"cms-plugin cms-plugin-670\"><span style=\"color: #183889;\">JUSTIFICACI\u00d3N PARA EL 4to\u00a0 TRIMESTRE 2018<\/span><\/h5>\n<h5><a href=\"https:\/\/www.fresnillo.gob.mx\/wp-content\/uploads\/2019\/01\/RESPUESTA-CNDH.pdf\">RESPUESTA CNDH<\/a><\/h5>\n<h5 class=\"cms-plugin cms-plugin-670\"><span style=\"color: #183889;\">JUSTIFICACI\u00d3N PARA EL 1ER\u00a0 TRIMESTRE 2019<\/span><\/h5>\n<h5><a href=\"https:\/\/www.fresnillo.gob.mx\/wp-content\/uploads\/2019\/04\/Recomendacion-Derechos-Humanos-1er-Trim-2019.pdf\">Recomendacion Derechos Humanos 1er Trim 2019<\/a><\/h5>\n<h5><\/h5>\n<h5 class=\"cms-plugin cms-plugin-670\"><span style=\"color: #183889;\">JUSTIFICACI\u00d3N PARA EL 2DO.\u00a0 TRIMESTRE 2019<\/span><\/h5>\n<h5><a href=\"https:\/\/www.fresnillo.gob.mx\/wp-content\/uploads\/2019\/08\/DERECHOS-HUMANOS-SEGURIDAD.pdf\">RECOMENDACIONES DE DERECHOS HUMANOS <\/a><\/h5>\n<h5 class=\"cms-plugin cms-plugin-670\"><span style=\"color: #183889;\">JUSTIFICACI\u00d3N PARA EL 4TO.\u00a0 TRIMESTRE 2019<\/span><\/h5>\n<h5><a href=\"https:\/\/www.fresnillo.gob.mx\/wp-content\/uploads\/2020\/04\/RECOMENDACIONES-DERECHOS-HUMANOS.pdf\">RECOMENDACIONES DERECHOS HUMANOS<\/a><\/h5>\n<h5 class=\"cms-plugin cms-plugin-670\"><span style=\"color: #183889;\">JUSTIFICACI\u00d3N PARA EL 1ER.\u00a0 TRIMESTRE 2020<\/span><\/h5>\n<h5><a href=\"https:\/\/www.fresnillo.gob.mx\/wp-content\/uploads\/2020\/05\/RECOMENDACIONES-DE-DERECHOS-HUMANOS.pdf\">RECOMENDACIONES DE DERECHOS HUMANOS<\/a><\/h5>\n<h5 class=\"cms-plugin cms-plugin-670\"><span style=\"color: #183889;\">JUSTIFICACI\u00d3N PARA EL 2DO.\u00a0 TRIMESTRE 2020<\/span><\/h5>\n<h5><a href=\"https:\/\/www.fresnillo.gob.mx\/wp-content\/uploads\/2020\/11\/Recomendaciones-de-Derechos-Humanos-2do-Trim-2020.pdf\">Recomendaciones de Derechos Humanos 2do Trim 2020<\/a><\/h5>\n<h5 class=\"cms-plugin cms-plugin-670\"><span style=\"color: #183889;\">JUSTIFICACI\u00d3N PARA EL 3ER.\u00a0 TRIMESTRE 2020<\/span><\/h5>\n<h5><a href=\"https:\/\/www.fresnillo.gob.mx\/wp-content\/uploads\/2020\/11\/Recomendaciones-de-Derechos-Humanos-3er-Trim-2020.pdf\">Recomendaciones de Derechos Humanos 3er Trim 2020<\/a><\/h5>\n<h5 class=\"cms-plugin cms-plugin-670\"><span style=\"color: #183889;\">JUSTIFICACI\u00d3N PARA EL 4TO.\u00a0 TRIMESTRE 2020<\/span><\/h5>\n<h5><a href=\"https:\/\/www.fresnillo.gob.mx\/wp-content\/uploads\/2021\/07\/Recomendaciones-de-Derechos-Humanos-4to-Trim-2020.pdf\">Recomendaciones de Derechos Humanos 4to Trim 2020<\/a><\/h5>\n<h5 class=\"cms-plugin cms-plugin-670\"><span style=\"color: #183889;\">JUSTIFICACI\u00d3N PARA EL 1ER.\u00a0 TRIMESTRE 2021<\/span><\/h5>\n<h5><a href=\"https:\/\/www.fresnillo.gob.mx\/wp-content\/uploads\/2021\/04\/Recomendaciones-Derechos-Humanos-1er-Trim-2021.pdf\">Recomendaciones Derechos Humanos 1er Trim 2021<\/a><\/h5>\n<h5 class=\"cms-plugin cms-plugin-670\"><span style=\"color: #183889;\">JUSTIFICACI\u00d3N PARA EL 2DO.\u00a0 TRIMESTRE 2021<\/span><\/h5>\n<h5><a href=\"https:\/\/www.fresnillo.gob.mx\/wp-content\/uploads\/2021\/08\/RECOMENDACIONES-2021.pdf\">Recomendaciones Derechos Humanos 2do Trim 2021<\/a><\/h5>\n<h5 class=\"cms-plugin cms-plugin-670\"><span style=\"color: #183889;\">JUSTIFICACI\u00d3N PARA EL 3ER.\u00a0 TRIMESTRE 2021<\/span><\/h5>\n<h5><a href=\"https:\/\/www.fresnillo.gob.mx\/wp-content\/uploads\/2021\/11\/Recomendacion-Derechos-Humanos-3er-Trim-2021.pdf\">Recomendacion Derechos Humanos 3er Trim 2021<\/a><\/h5>\n<h5 class=\"cms-plugin cms-plugin-670\"><span style=\"color: #183889;\">JUSTIFICACI\u00d3N PARA EL 4TO.\u00a0 TRIMESTRE 2021<\/span><\/h5>\n<h5><a href=\"https:\/\/www.fresnillo.gob.mx\/wp-content\/uploads\/2022\/01\/Recomendaciones-Derechos-Humanos-4to-Trim-2021.pdf\">Recomendaciones Derechos Humanos 4to Trim 2021<\/a><\/h5>\n<h5 class=\"cms-plugin cms-plugin-670\"><span style=\"color: #183889;\">JUSTIFICACI\u00d3N PARA EL 1ER.\u00a0 TRIMESTRE 2022<\/span><\/h5>\n<h5><a href=\"https:\/\/www.fresnillo.gob.mx\/wp-content\/uploads\/2022\/05\/Recomendacion-Derechos-Humanos-1er-Trim-2022.pdf\">Recomendacion Derechos Humanos 1er Trim 2022<\/a><\/h5>\n<h5 class=\"cms-plugin cms-plugin-670\"><span style=\"color: #183889;\">JUSTIFICACI\u00d3N PARA EL 1ER.\u00a0 TRIMESTRE 2023<\/span><\/h5>\n<h5><a href=\"https:\/\/www.fresnillo.gob.mx\/wp-content\/uploads\/2023\/04\/Recomendacion-Derechos-Humanos-1er-Trim-2023.pdf\">Recomendacion Derechos Humanos 1er Trim 2023<\/a><\/h5>\n<h5 class=\"cms-plugin cms-plugin-670\"><span style=\"color: #183889;\">JUSTIFICACI\u00d3N PARA EL 2DO.\u00a0 TRIMESTRE 2023<\/span><\/h5>\n<h5><a href=\"https:\/\/www.fresnillo.gob.mx\/wp-content\/uploads\/2023\/08\/Recomendacion-Derechos-Humanos-2do-Trim-2023.pdf\">Recomendacion Derechos Humanos 2do Trim 2023<\/a><\/h5>\n<h5 class=\"cms-plugin cms-plugin-670\"><span style=\"color: #183889;\">JUSTIFICACI\u00d3N PARA EL 3ER.\u00a0 TRIMESTRE 2023<\/span><\/h5>\n<h5><a href=\"https:\/\/www.fresnillo.gob.mx\/wp-content\/uploads\/2023\/10\/Recomendacion-Derechos-Humanos-3er-Trim-2023.pdf\">Recomendacion Derechos Humanos 3er Trim 2023<\/a><\/h5>\n<h5 class=\"cms-plugin cms-plugin-670\"><span style=\"color: #183889;\">JUSTIFICACI\u00d3N PARA EL 4TO.\u00a0 TRIMESTRE 2023<\/span><\/h5>\n<h5><a href=\"https:\/\/www.fresnillo.gob.mx\/wp-content\/uploads\/2024\/05\/Recomendacion-Derechos-Humanos-4to-Trim-2023.pdf\">Recomendacion Derechos Humanos 4to Trim 2023<\/a><\/h5>\n<h5 class=\"cms-plugin cms-plugin-670\"><span style=\"color: #183889;\">JUSTIFICACI\u00d3N PARA EL 1ER.\u00a0 TRIMESTRE 2024<\/span><\/h5>\n<h5><a href=\"https:\/\/www.fresnillo.gob.mx\/wp-content\/uploads\/2024\/05\/Recomendacion-Derechos-Humanos-1er-Trim-2024.pdf\">Recomendacion Derechos Humanos 1er Trim 2024<\/a><\/h5>\n<p>[\/vc_column_text][\/vc_tta_section][vc_tta_section title=\u00bbAdministraci\u00f3n 2024 &#8211; 2027&#8243; tab_id=\u00bb1755709499918-2a7075e6-b1bf\u00bb][vc_btn title=\u00bbConsulta de Informaci\u00f3n\u00bb style=\u00bb3d\u00bb color=\u00bbblue\u00bb css=\u00bb\u00bb link=\u00bburl:https%3A%2F%2Ftinyurl.com%2F2ay5rt8n|target:_blank\u00bb][\/vc_tta_section][\/vc_tta_tabs][\/vc_column][\/vc_row][vc_row][vc_column][\/vc_column][\/vc_row]<\/p>\n<\/div>","protected":false},"excerpt":{"rendered":"<p>[vc_row][vc_column][vc_column_text css=\u00bb\u00bb] FRACCI\u00d3N XXXV. Las recomendaciones emitidas por los \u00d3rganos P\u00fablicos del Estado Mexicano u Organismos Internacionales garantes de los Derechos Humanos, as\u00ed como las acciones que han llevado a cabo para su atenci\u00f3n. Fecha de Actualizaci\u00f3n 31\/Diciembre\/2025 [\/vc_column_text][vc_separator color=\u00bbblue\u00bb border_width=\u00bb10&#8243; css=\u00bb\u00bb][\/vc_column][\/vc_row][vc_row][vc_column][vc_tta_tabs][vc_tta_section title=\u00bbHISTORICO\u00bb tab_id=\u00bb1755709499887-207451fc-2a81&#8243;][vc_column_text css=\u00bb\u00bb] RESPUESTA SEGURIDAD JUNIO SEPTIEMBRE TRIMESTRE 2017 Respuesta Seguridad Publica Abril [&hellip;]<\/p>\n","protected":false},"author":1,"featured_media":0,"parent":1041,"menu_order":53,"comment_status":"closed","ping_status":"closed","template":"page-templates\/template-articulos.php","meta":{"_uag_custom_page_level_css":"","advgb_blocks_editor_width":"","advgb_blocks_columns_visual_guide":"","footnotes":""},"class_list":["post-1472","page","type-page","status-publish","hentry"],"uagb_featured_image_src":{"full":false,"thumbnail":false,"medium":false,"medium_large":false,"large":false,"1536x1536":false,"2048x2048":false},"uagb_author_info":{"display_name":"admin","author_link":"https:\/\/www.fresnillo.gob.mx\/transparencia\/author\/admin\/"},"uagb_comment_info":0,"uagb_excerpt":"[vc_row][vc_column][vc_column_text css=\u00bb\u00bb] FRACCI\u00d3N XXXV. Las recomendaciones emitidas por los \u00d3rganos P\u00fablicos del Estado Mexicano u Organismos Internacionales garantes de los Derechos Humanos, as\u00ed como las acciones que han llevado a cabo para su atenci\u00f3n. Fecha de Actualizaci\u00f3n 31\/Diciembre\/2025 [\/vc_column_text][vc_separator color=\u00bbblue\u00bb border_width=\u00bb10&#8243; css=\u00bb\u00bb][\/vc_column][\/vc_row][vc_row][vc_column][vc_tta_tabs][vc_tta_section title=\u00bbHISTORICO\u00bb tab_id=\u00bb1755709499887-207451fc-2a81&#8243;][vc_column_text css=\u00bb\u00bb] RESPUESTA SEGURIDAD JUNIO SEPTIEMBRE TRIMESTRE 2017 Respuesta Seguridad Publica Abril&hellip;","coauthors":[],"author_meta":{"author_link":"https:\/\/www.fresnillo.gob.mx\/transparencia\/author\/admin\/","display_name":"admin"},"relative_dates":{"created":"Publicado 7 a\u00f1os hace","modified":"Actualizado 3 meses hace"},"absolute_dates":{"created":"Publicado el octubre 22, 2018","modified":"Actualizado el enero 29, 2026"},"absolute_dates_time":{"created":"Publicado el octubre 22, 2018 3:55 pm","modified":"Actualizado el enero 29, 2026 6:20 pm"},"featured_img_caption":"","featured_img":false,"series_order":"","_links":{"self":[{"href":"https:\/\/www.fresnillo.gob.mx\/transparencia\/wp-json\/wp\/v2\/pages\/1472","targetHints":{"allow":["GET"]}}],"collection":[{"href":"https:\/\/www.fresnillo.gob.mx\/transparencia\/wp-json\/wp\/v2\/pages"}],"about":[{"href":"https:\/\/www.fresnillo.gob.mx\/transparencia\/wp-json\/wp\/v2\/types\/page"}],"author":[{"embeddable":true,"href":"https:\/\/www.fresnillo.gob.mx\/transparencia\/wp-json\/wp\/v2\/users\/1"}],"replies":[{"embeddable":true,"href":"https:\/\/www.fresnillo.gob.mx\/transparencia\/wp-json\/wp\/v2\/comments?post=1472"}],"version-history":[{"count":7,"href":"https:\/\/www.fresnillo.gob.mx\/transparencia\/wp-json\/wp\/v2\/pages\/1472\/revisions"}],"predecessor-version":[{"id":78827,"href":"https:\/\/www.fresnillo.gob.mx\/transparencia\/wp-json\/wp\/v2\/pages\/1472\/revisions\/78827"}],"up":[{"embeddable":true,"href":"https:\/\/www.fresnillo.gob.mx\/transparencia\/wp-json\/wp\/v2\/pages\/1041"}],"wp:attachment":[{"href":"https:\/\/www.fresnillo.gob.mx\/transparencia\/wp-json\/wp\/v2\/media?parent=1472"}],"curies":[{"name":"wp","href":"https:\/\/api.w.org\/{rel}","templated":true}]}}