{"id":1475,"date":"2018-10-22T15:56:38","date_gmt":"2018-10-22T15:56:38","guid":{"rendered":"https:\/\/www.seguiremoshaciendohistoria.gob.mx\/transparencia\/articulo-39\/xxxviii-programas-ofrecen-incluyendo-informacion-sobre-la-poblacion-objetivo-y-destino-asi-como-los-tramites-tiempos-de-respuesta-requisitos-y-formatos-para-acceder-los-mismos\/"},"modified":"2026-01-29T18:10:50","modified_gmt":"2026-01-29T18:10:50","slug":"xxxviii-programas-ofrecen-incluyendo-informacion-sobre-la-poblacion-objetivo-y-destino-asi-como-los-tramites-tiempos-de-respuesta-requisitos-y-formatos-para-acceder-los-mismos","status":"publish","type":"page","link":"https:\/\/www.fresnillo.gob.mx\/transparencia\/transparencia\/articulo-39\/xxxviii-programas-ofrecen-incluyendo-informacion-sobre-la-poblacion-objetivo-y-destino-asi-como-los-tramites-tiempos-de-respuesta-requisitos-y-formatos-para-acceder-los-mismos\/","title":{"rendered":"XXXVIII. Programas Ofrecen, Incluyendo Informaci\u00f3n Sobre la Poblaci\u00f3n, Objetivo y Destino, as\u00ed como los Tramites, Tiempos de Respuesta, Requisitos y Formatos para Acceder los Mismos"},"content":{"rendered":"<div class=\"wpb-content-wrapper\"><p>[vc_row][vc_column][vc_column_text css=\u00bb\u00bb]<\/p>\n<h1 style=\"text-align: center;\"><span style=\"color: #000080;\"><strong>FRACCI\u00d3N XXXVIII.<\/strong><\/span><\/h1>\n<h3><\/h3>\n<h1 style=\"text-align: center;\"><strong><span style=\"color: #183889;\">Los programas que ofrecen, incluyendo informaci\u00f3n sobre la poblaci\u00f3n, objetivo y destino, as\u00ed como los tr\u00e1mites, tiempos de respuesta, requisitos y formatos para acceder a los mismos.<\/span><\/strong><\/h1>\n<h2 style=\"text-align: right;\"><span style=\"color: #000080;\"><strong>Fecha de Actualizaci\u00f3n 31\/Diciembre\/2025<\/strong><\/span><\/h2>\n<p>[\/vc_column_text][vc_separator color=\u00bbblue\u00bb border_width=\u00bb10&#8243; css=\u00bb\u00bb][\/vc_column][\/vc_row][vc_row][vc_column][vc_btn title=\u00bbConsulta Informaci\u00f3n\u00bb style=\u00bb3d\u00bb color=\u00bbprimary\u00bb css=\u00bb\u00bb link=\u00bburl:https%3A%2F%2Fwww.fresnillo.gob.mx%2Ftransparencia%2Fdesarrollo-social%2F|title:Consulta%20la%20informaci%C3%B3n%20|target:_blank\u00bb][\/vc_column][\/vc_row]<\/p>\n<\/div>","protected":false},"excerpt":{"rendered":"<p>[vc_row][vc_column][vc_column_text css=\u00bb\u00bb] FRACCI\u00d3N XXXVIII. Los programas que ofrecen, incluyendo informaci\u00f3n sobre la poblaci\u00f3n, objetivo y destino, as\u00ed como los tr\u00e1mites, tiempos de respuesta, requisitos y formatos para acceder a los mismos. Fecha de Actualizaci\u00f3n 31\/Diciembre\/2025 [\/vc_column_text][vc_separator color=\u00bbblue\u00bb border_width=\u00bb10&#8243; css=\u00bb\u00bb][\/vc_column][\/vc_row][vc_row][vc_column][vc_btn title=\u00bbConsulta Informaci\u00f3n\u00bb style=\u00bb3d\u00bb color=\u00bbprimary\u00bb css=\u00bb\u00bb link=\u00bburl:https%3A%2F%2Fwww.fresnillo.gob.mx%2Ftransparencia%2Fdesarrollo-social%2F|title:Consulta%20la%20informaci%C3%B3n%20|target:_blank\u00bb][\/vc_column][\/vc_row]<\/p>\n","protected":false},"author":1,"featured_media":0,"parent":1041,"menu_order":56,"comment_status":"closed","ping_status":"closed","template":"page-templates\/template-articulos.php","meta":{"_uag_custom_page_level_css":"","advgb_blocks_editor_width":"","advgb_blocks_columns_visual_guide":"","footnotes":""},"class_list":["post-1475","page","type-page","status-publish","hentry"],"uagb_featured_image_src":{"full":false,"thumbnail":false,"medium":false,"medium_large":false,"large":false,"1536x1536":false,"2048x2048":false},"uagb_author_info":{"display_name":"admin","author_link":"https:\/\/www.fresnillo.gob.mx\/transparencia\/author\/admin\/"},"uagb_comment_info":0,"uagb_excerpt":"[vc_row][vc_column][vc_column_text css=\u00bb\u00bb] FRACCI\u00d3N XXXVIII. Los programas que ofrecen, incluyendo informaci\u00f3n sobre la poblaci\u00f3n, objetivo y destino, as\u00ed como los tr\u00e1mites, tiempos de respuesta, requisitos y formatos para acceder a los mismos. Fecha de Actualizaci\u00f3n 31\/Diciembre\/2025 [\/vc_column_text][vc_separator color=\u00bbblue\u00bb border_width=\u00bb10&#8243; css=\u00bb\u00bb][\/vc_column][\/vc_row][vc_row][vc_column][vc_btn title=\u00bbConsulta Informaci\u00f3n\u00bb style=\u00bb3d\u00bb color=\u00bbprimary\u00bb css=\u00bb\u00bb link=\u00bburl:https%3A%2F%2Fwww.fresnillo.gob.mx%2Ftransparencia%2Fdesarrollo-social%2F|title:Consulta%20la%20informaci%C3%B3n%20|target:_blank\u00bb][\/vc_column][\/vc_row]","coauthors":[],"author_meta":{"author_link":"https:\/\/www.fresnillo.gob.mx\/transparencia\/author\/admin\/","display_name":"admin"},"relative_dates":{"created":"Publicado 7 a\u00f1os hace","modified":"Actualizado 2 meses hace"},"absolute_dates":{"created":"Publicado el octubre 22, 2018","modified":"Actualizado el enero 29, 2026"},"absolute_dates_time":{"created":"Publicado el octubre 22, 2018 3:56 pm","modified":"Actualizado el enero 29, 2026 6:10 pm"},"featured_img_caption":"","featured_img":false,"series_order":"","_links":{"self":[{"href":"https:\/\/www.fresnillo.gob.mx\/transparencia\/wp-json\/wp\/v2\/pages\/1475","targetHints":{"allow":["GET"]}}],"collection":[{"href":"https:\/\/www.fresnillo.gob.mx\/transparencia\/wp-json\/wp\/v2\/pages"}],"about":[{"href":"https:\/\/www.fresnillo.gob.mx\/transparencia\/wp-json\/wp\/v2\/types\/page"}],"author":[{"embeddable":true,"href":"https:\/\/www.fresnillo.gob.mx\/transparencia\/wp-json\/wp\/v2\/users\/1"}],"replies":[{"embeddable":true,"href":"https:\/\/www.fresnillo.gob.mx\/transparencia\/wp-json\/wp\/v2\/comments?post=1475"}],"version-history":[{"count":6,"href":"https:\/\/www.fresnillo.gob.mx\/transparencia\/wp-json\/wp\/v2\/pages\/1475\/revisions"}],"predecessor-version":[{"id":78824,"href":"https:\/\/www.fresnillo.gob.mx\/transparencia\/wp-json\/wp\/v2\/pages\/1475\/revisions\/78824"}],"up":[{"embeddable":true,"href":"https:\/\/www.fresnillo.gob.mx\/transparencia\/wp-json\/wp\/v2\/pages\/1041"}],"wp:attachment":[{"href":"https:\/\/www.fresnillo.gob.mx\/transparencia\/wp-json\/wp\/v2\/media?parent=1475"}],"curies":[{"name":"wp","href":"https:\/\/api.w.org\/{rel}","templated":true}]}}