{"id":1477,"date":"2018-10-22T15:56:54","date_gmt":"2018-10-22T15:56:54","guid":{"rendered":"https:\/\/www.seguiremoshaciendohistoria.gob.mx\/transparencia\/articulo-39\/xl-evaluaciones-y-encuestas-que-hagan-los-sujetos-obligados-a-programas-financiados-con-recursos-publicos\/"},"modified":"2026-01-29T18:05:52","modified_gmt":"2026-01-29T18:05:52","slug":"xl-evaluaciones-y-encuestas-que-hagan-los-sujetos-obligados-a-programas-financiados-con-recursos-publicos","status":"publish","type":"page","link":"https:\/\/www.fresnillo.gob.mx\/transparencia\/transparencia\/articulo-39\/xl-evaluaciones-y-encuestas-que-hagan-los-sujetos-obligados-a-programas-financiados-con-recursos-publicos\/","title":{"rendered":"XL. Evaluaciones y Encuestas que Hagan los Sujetos Obligados a Programas Financiados con Recursos P\u00fablicos"},"content":{"rendered":"<div class=\"wpb-content-wrapper\"><p>[vc_row][vc_column][vc_column_text css=\u00bb\u00bb]<\/p>\n<h1 style=\"text-align: center;\"><strong><span style=\"color: #3366ff;\">FRACCI\u00d3N XL. <\/span><\/strong><\/h1>\n<h1 style=\"text-align: center;\"><strong><span style=\"color: #000080;\">Evaluaciones y Encuestas que Hagan los Sujetos Obligados a Programas Financiados con Recursos P\u00fablicos<\/span><\/strong><\/h1>\n<p>&nbsp;<\/p>\n<h3 class=\"has-text-align-right\" style=\"text-align: right;\"><a href=\"https:\/\/www.fresnillo.gob.mx\/transparencia\/desarrollo-social\/\"><strong>Fecha de Actualizaci\u00f3n 31\/Diciembre\/2025<\/strong><\/a><\/h3>\n<p>[\/vc_column_text][vc_separator color=\u00bbblue\u00bb border_width=\u00bb10&#8243; css=\u00bb\u00bb][vc_column_text css=\u00bb\u00bb]<\/p>\n<h2 style=\"text-align: center;\"><span style=\"color: #183889;\">Sistema Municipal De Desarrollo Integral la Familia\u00a0<\/span><\/h2>\n<h2 style=\"text-align: center;\">Administraci\u00f3n 2024 &#8211; 2027<\/h2>\n<p>&nbsp;<\/p>\n<h2><span style=\"color: #3366ff;\"><strong><em>PRIMER TRIMESTRE\u00a0<\/em><\/strong><\/span><\/h2>\n<h3><span style=\"color: #000080;\"><a style=\"color: #000080;\" href=\"https:\/\/www.fresnillo.gob.mx\/wp-content\/uploads\/2023\/01\/DEPENDENCIA-SMDIF.pdf\">DEPENDENCIA SMDIF<\/a><\/span><\/h3>\n<h3><span style=\"color: #000080;\"><a style=\"color: #000080;\" href=\"https:\/\/www.fresnillo.gob.mx\/wp-content\/uploads\/2024\/04\/Justificante-Recurso-Publico-SMDIF-1.pdf\">Justificante Recurso Publico SMDIF<\/a><\/span><\/h3>\n<p>&nbsp;<\/p>\n<h2><span style=\"color: #3366ff;\"><strong><em>SEGUNDO TRIMESTRE<\/em><\/strong><\/span><\/h2>\n<h3><span style=\"color: #000080;\"><a style=\"color: #000080;\" href=\"https:\/\/www.fresnillo.gob.mx\/transparencia\/wp-content\/uploads\/2025\/01\/Justificante-DIF-24-27.pdf\">Justificante DIF 24-27<\/a><\/span><\/h3>\n<h3><span style=\"color: #000080;\"><a style=\"color: #000080;\" href=\"https:\/\/www.fresnillo.gob.mx\/transparencia\/wp-content\/uploads\/2025\/07\/OFICIO-SMDIF-FRACC-XL.pdf\">OFICIO SMDIF FRACC XL<\/a><\/span><\/h3>\n<p>&nbsp;<\/p>\n<h2><strong><em><span style=\"color: #3366ff;\">TERCER TRIMESTRE<\/span><\/em><\/strong><\/h2>\n<h3><a href=\"https:\/\/www.fresnillo.gob.mx\/transparencia\/wp-content\/uploads\/2025\/10\/FRACCION-XL-A.pdf\">FRACCION XL A<\/a><\/h3>\n<h3><a href=\"https:\/\/www.fresnillo.gob.mx\/transparencia\/wp-content\/uploads\/2025\/10\/FRACCION-XL-B.pdf\">FRACCION XL B<\/a><\/h3>\n<p>[\/vc_column_text][\/vc_column][\/vc_row][vc_row][vc_column][\/vc_column][\/vc_row]<\/p>\n<\/div>","protected":false},"excerpt":{"rendered":"<p>[vc_row][vc_column][vc_column_text css=\u00bb\u00bb] FRACCI\u00d3N XL. Evaluaciones y Encuestas que Hagan los Sujetos Obligados a Programas Financiados con Recursos P\u00fablicos &nbsp; Fecha de Actualizaci\u00f3n 31\/Diciembre\/2025 [\/vc_column_text][vc_separator color=\u00bbblue\u00bb border_width=\u00bb10&#8243; css=\u00bb\u00bb][vc_column_text css=\u00bb\u00bb] Sistema Municipal De Desarrollo Integral la Familia\u00a0 Administraci\u00f3n 2024 &#8211; 2027 &nbsp; PRIMER TRIMESTRE\u00a0 DEPENDENCIA SMDIF Justificante Recurso Publico SMDIF &nbsp; SEGUNDO TRIMESTRE Justificante DIF 24-27 OFICIO [&hellip;]<\/p>\n","protected":false},"author":1,"featured_media":0,"parent":1041,"menu_order":58,"comment_status":"closed","ping_status":"closed","template":"page-templates\/template-articulos.php","meta":{"_uag_custom_page_level_css":"","advgb_blocks_editor_width":"","advgb_blocks_columns_visual_guide":"","footnotes":""},"class_list":["post-1477","page","type-page","status-publish","hentry"],"uagb_featured_image_src":{"full":false,"thumbnail":false,"medium":false,"medium_large":false,"large":false,"1536x1536":false,"2048x2048":false},"uagb_author_info":{"display_name":"admin","author_link":"https:\/\/www.fresnillo.gob.mx\/transparencia\/author\/admin\/"},"uagb_comment_info":0,"uagb_excerpt":"[vc_row][vc_column][vc_column_text css=\u00bb\u00bb] FRACCI\u00d3N XL. Evaluaciones y Encuestas que Hagan los Sujetos Obligados a Programas Financiados con Recursos P\u00fablicos &nbsp; Fecha de Actualizaci\u00f3n 31\/Diciembre\/2025 [\/vc_column_text][vc_separator color=\u00bbblue\u00bb border_width=\u00bb10&#8243; css=\u00bb\u00bb][vc_column_text css=\u00bb\u00bb] Sistema Municipal De Desarrollo Integral la Familia\u00a0 Administraci\u00f3n 2024 &#8211; 2027 &nbsp; PRIMER TRIMESTRE\u00a0 DEPENDENCIA SMDIF Justificante Recurso Publico SMDIF &nbsp; SEGUNDO TRIMESTRE Justificante DIF 24-27 OFICIO&hellip;","coauthors":[],"author_meta":{"author_link":"https:\/\/www.fresnillo.gob.mx\/transparencia\/author\/admin\/","display_name":"admin"},"relative_dates":{"created":"Publicado 7 a\u00f1os hace","modified":"Actualizado 3 meses hace"},"absolute_dates":{"created":"Publicado el octubre 22, 2018","modified":"Actualizado el enero 29, 2026"},"absolute_dates_time":{"created":"Publicado el octubre 22, 2018 3:56 pm","modified":"Actualizado el enero 29, 2026 6:05 pm"},"featured_img_caption":"","featured_img":false,"series_order":"","_links":{"self":[{"href":"https:\/\/www.fresnillo.gob.mx\/transparencia\/wp-json\/wp\/v2\/pages\/1477","targetHints":{"allow":["GET"]}}],"collection":[{"href":"https:\/\/www.fresnillo.gob.mx\/transparencia\/wp-json\/wp\/v2\/pages"}],"about":[{"href":"https:\/\/www.fresnillo.gob.mx\/transparencia\/wp-json\/wp\/v2\/types\/page"}],"author":[{"embeddable":true,"href":"https:\/\/www.fresnillo.gob.mx\/transparencia\/wp-json\/wp\/v2\/users\/1"}],"replies":[{"embeddable":true,"href":"https:\/\/www.fresnillo.gob.mx\/transparencia\/wp-json\/wp\/v2\/comments?post=1477"}],"version-history":[{"count":9,"href":"https:\/\/www.fresnillo.gob.mx\/transparencia\/wp-json\/wp\/v2\/pages\/1477\/revisions"}],"predecessor-version":[{"id":78822,"href":"https:\/\/www.fresnillo.gob.mx\/transparencia\/wp-json\/wp\/v2\/pages\/1477\/revisions\/78822"}],"up":[{"embeddable":true,"href":"https:\/\/www.fresnillo.gob.mx\/transparencia\/wp-json\/wp\/v2\/pages\/1041"}],"wp:attachment":[{"href":"https:\/\/www.fresnillo.gob.mx\/transparencia\/wp-json\/wp\/v2\/media?parent=1477"}],"curies":[{"name":"wp","href":"https:\/\/api.w.org\/{rel}","templated":true}]}}