{"id":1480,"date":"2018-10-22T15:57:19","date_gmt":"2018-10-22T15:57:19","guid":{"rendered":"https:\/\/www.seguiremoshaciendohistoria.gob.mx\/transparencia\/articulo-39\/xliii-ingresos-recibidos-por-cualquier-concepto-senalado-el-nombre-de-los-responsables-de-recibirlos-administrarlos-y-ejercerlos\/"},"modified":"2026-01-29T17:52:02","modified_gmt":"2026-01-29T17:52:02","slug":"43-xliii-ingresos-recibidos-por-cualquier-concepto-senalado-el-nombre-de-los-responsables-de-recibirlos-administrarlos-y-ejercerlos","status":"publish","type":"page","link":"https:\/\/www.fresnillo.gob.mx\/transparencia\/transparencia\/articulo-39\/43-xliii-ingresos-recibidos-por-cualquier-concepto-senalado-el-nombre-de-los-responsables-de-recibirlos-administrarlos-y-ejercerlos\/","title":{"rendered":"XLIII. Ingresos Recibidos por Cualquier Concepto Se\u00f1alado el Nombre de los Responsables de Recibirlos, Administrarlos y Ejercerlos"},"content":{"rendered":"<div class=\"wpb-content-wrapper\"><p>[vc_row][vc_column][vc_column_text css=\u00bb\u00bb]<\/p>\n<h1 style=\"text-align: center;\"><span style=\"color: #3366ff;\">FRACCI\u00d3N XLII.<\/span><\/h1>\n<h1 class=\"cms-plugin cms-plugin-678\" style=\"text-align: center;\"><strong><span style=\"color: #183889;\">Los ingresos recibidos por cualquier concepto se\u00f1alando el nombre de los responsables <\/span><\/strong><strong><span style=\"color: #183889;\">de recibirlos, administrarlos y ejercerlos, as\u00ed como su destino, <\/span><\/strong><strong><span style=\"color: #183889;\">indicando el destino de cada uno de ellos.<\/span><\/strong><\/h1>\n<h2 class=\"has-text-align-right\" style=\"text-align: right;\"><span style=\"color: #000080;\"><strong>Fecha de Actualizaci\u00f3n 31\/Diciembre\/2025<\/strong><\/span><\/h2>\n<p>[\/vc_column_text][vc_separator color=\u00bbblue\u00bb border_width=\u00bb10&#8243; css=\u00bb\u00bb][\/vc_column][\/vc_row][vc_row][vc_column][vc_btn title=\u00bbConsulta Informaci\u00f3n\u00bb color=\u00bbprimary\u00bb css=\u00bb\u00bb link=\u00bburl:https%3A%2F%2Fconsultapublicamx.plataformadetransparencia.org.mx%2Fvut-web%2Ffaces%2Fview%2FconsultaPublica.xhtml%23sujetosObligados|title:Consulta%20la%20informaci%C3%B3n%20|target:_blank\u00bb][\/vc_column][\/vc_row]<\/p>\n<\/div>","protected":false},"excerpt":{"rendered":"<p>[vc_row][vc_column][vc_column_text css=\u00bb\u00bb] FRACCI\u00d3N XLII. Los ingresos recibidos por cualquier concepto se\u00f1alando el nombre de los responsables de recibirlos, administrarlos y ejercerlos, as\u00ed como su destino, indicando el destino de cada uno de ellos. Fecha de Actualizaci\u00f3n 31\/Diciembre\/2025 [\/vc_column_text][vc_separator color=\u00bbblue\u00bb border_width=\u00bb10&#8243; css=\u00bb\u00bb][\/vc_column][\/vc_row][vc_row][vc_column][vc_btn title=\u00bbConsulta Informaci\u00f3n\u00bb color=\u00bbprimary\u00bb css=\u00bb\u00bb link=\u00bburl:https%3A%2F%2Fconsultapublicamx.plataformadetransparencia.org.mx%2Fvut-web%2Ffaces%2Fview%2FconsultaPublica.xhtml%23sujetosObligados|title:Consulta%20la%20informaci%C3%B3n%20|target:_blank\u00bb][\/vc_column][\/vc_row]<\/p>\n","protected":false},"author":1,"featured_media":0,"parent":1041,"menu_order":61,"comment_status":"closed","ping_status":"closed","template":"page-templates\/template-articulos.php","meta":{"_uag_custom_page_level_css":"","advgb_blocks_editor_width":"","advgb_blocks_columns_visual_guide":"","footnotes":""},"class_list":["post-1480","page","type-page","status-publish","hentry"],"uagb_featured_image_src":{"full":false,"thumbnail":false,"medium":false,"medium_large":false,"large":false,"1536x1536":false,"2048x2048":false},"uagb_author_info":{"display_name":"admin","author_link":"https:\/\/www.fresnillo.gob.mx\/transparencia\/author\/admin\/"},"uagb_comment_info":0,"uagb_excerpt":"[vc_row][vc_column][vc_column_text css=\u00bb\u00bb] FRACCI\u00d3N XLII. Los ingresos recibidos por cualquier concepto se\u00f1alando el nombre de los responsables de recibirlos, administrarlos y ejercerlos, as\u00ed como su destino, indicando el destino de cada uno de ellos. Fecha de Actualizaci\u00f3n 31\/Diciembre\/2025 [\/vc_column_text][vc_separator color=\u00bbblue\u00bb border_width=\u00bb10&#8243; css=\u00bb\u00bb][\/vc_column][\/vc_row][vc_row][vc_column][vc_btn title=\u00bbConsulta Informaci\u00f3n\u00bb color=\u00bbprimary\u00bb css=\u00bb\u00bb link=\u00bburl:https%3A%2F%2Fconsultapublicamx.plataformadetransparencia.org.mx%2Fvut-web%2Ffaces%2Fview%2FconsultaPublica.xhtml%23sujetosObligados|title:Consulta%20la%20informaci%C3%B3n%20|target:_blank\u00bb][\/vc_column][\/vc_row]","coauthors":[],"author_meta":{"author_link":"https:\/\/www.fresnillo.gob.mx\/transparencia\/author\/admin\/","display_name":"admin"},"relative_dates":{"created":"Publicado 7 a\u00f1os hace","modified":"Actualizado 2 meses hace"},"absolute_dates":{"created":"Publicado el octubre 22, 2018","modified":"Actualizado el enero 29, 2026"},"absolute_dates_time":{"created":"Publicado el octubre 22, 2018 3:57 pm","modified":"Actualizado el enero 29, 2026 5:52 pm"},"featured_img_caption":"","featured_img":false,"series_order":"","_links":{"self":[{"href":"https:\/\/www.fresnillo.gob.mx\/transparencia\/wp-json\/wp\/v2\/pages\/1480","targetHints":{"allow":["GET"]}}],"collection":[{"href":"https:\/\/www.fresnillo.gob.mx\/transparencia\/wp-json\/wp\/v2\/pages"}],"about":[{"href":"https:\/\/www.fresnillo.gob.mx\/transparencia\/wp-json\/wp\/v2\/types\/page"}],"author":[{"embeddable":true,"href":"https:\/\/www.fresnillo.gob.mx\/transparencia\/wp-json\/wp\/v2\/users\/1"}],"replies":[{"embeddable":true,"href":"https:\/\/www.fresnillo.gob.mx\/transparencia\/wp-json\/wp\/v2\/comments?post=1480"}],"version-history":[{"count":4,"href":"https:\/\/www.fresnillo.gob.mx\/transparencia\/wp-json\/wp\/v2\/pages\/1480\/revisions"}],"predecessor-version":[{"id":78819,"href":"https:\/\/www.fresnillo.gob.mx\/transparencia\/wp-json\/wp\/v2\/pages\/1480\/revisions\/78819"}],"up":[{"embeddable":true,"href":"https:\/\/www.fresnillo.gob.mx\/transparencia\/wp-json\/wp\/v2\/pages\/1041"}],"wp:attachment":[{"href":"https:\/\/www.fresnillo.gob.mx\/transparencia\/wp-json\/wp\/v2\/media?parent=1480"}],"curies":[{"name":"wp","href":"https:\/\/api.w.org\/{rel}","templated":true}]}}