{"id":1482,"date":"2018-10-22T15:58:07","date_gmt":"2018-10-22T15:58:07","guid":{"rendered":"https:\/\/www.seguiremoshaciendohistoria.gob.mx\/transparencia\/articulo-39\/xlv-catalogo-de-disposicion-y-guia-de-archivo-documental\/"},"modified":"2026-03-18T17:14:09","modified_gmt":"2026-03-18T17:14:09","slug":"xlv-catalogo-de-disposicion-y-guia-de-archivo-documental","status":"publish","type":"page","link":"https:\/\/www.fresnillo.gob.mx\/transparencia\/transparencia\/articulo-39\/xlv-catalogo-de-disposicion-y-guia-de-archivo-documental\/","title":{"rendered":"XLV. Cat\u00e1logo de Disposici\u00f3n y Gu\u00eda de Archivo Documental"},"content":{"rendered":"<div class=\"wpb-content-wrapper\"><p>[vc_row][vc_column][vc_column_text css=\u00bb\u00bb]<\/p>\n<h1 style=\"text-align: center;\"><span style=\"color: #3366ff;\">FRACCI\u00d3N XLV<\/span><\/h1>\n<h1 class=\"cms-plugin cms-plugin-680\" style=\"text-align: center;\"><strong><span style=\"color: #183889;\">El catalogo de disposici\u00f3n y gu\u00eda documental.<\/span><\/strong><\/h1>\n<h3 class=\"has-text-align-right\" style=\"text-align: right;\"><strong>Fecha de Actualizaci\u00f3n 31\/Diciembre\/2025<\/strong><\/h3>\n<h4 class=\"cms-plugin cms-plugin-680\"><i>Catalogo de disposici\u00f3n documental y gu\u00eda\u00a0simple de archivos<\/i><\/h4>\n<p>[\/vc_column_text][vc_separator color=\u00bbblue\u00bb border_width=\u00bb10&#8243; css=\u00bb\u00bb][vc_column_text css=\u00bb\u00bb]<\/p>\n<h4 class=\"cms-plugin cms-plugin-680\"><\/h4>\n<p>&nbsp;<\/p>\n<h2><strong><span style=\"color: #3366ff;\">Cuadro General de Clasificaci\u00f3n Archivista<\/span><\/strong><\/h2>\n<p><a href=\"https:\/\/www.fresnillo.gob.mx\/transparencia\/wp-content\/uploads\/2025\/07\/CATALOGO-DE-DISPOSICION-DOCUMENTAL-CaDiDo.pdf\">CATALOGO DE DISPOSICION DOCUMENTAL (CaDiDo)<\/a><\/p>\n<p><a href=\"https:\/\/www.fresnillo.gob.mx\/transparencia\/wp-content\/uploads\/2025\/07\/CUADRO-GENERAL-DE-CLASIFICACION-ARCHIVISTICA-CGCA.pdf\">CUADRO GENERAL DE CLASIFICACION ARCHIVISTICA (CGCA)<\/a><\/p>\n<p><a href=\"https:\/\/www.fresnillo.gob.mx\/transparencia\/wp-content\/uploads\/2025\/07\/FICHA-TECNICA-DE-VALORACION-DOCUMENTAL-FTVD.pdf\">FICHA TECNICA DE VALORACI\u00d3N DOCUMENTAL (FTVD)<\/a><\/p>\n<p>&nbsp;<\/p>\n<h2><strong><span style=\"color: #3366ff;\">Inventarios Documentales<\/span><\/strong><\/h2>\n<p><a href=\"https:\/\/www.fresnillo.gob.mx\/transparencia\/wp-content\/uploads\/2026\/03\/GUIAS-DE-CONCENTRACION.pdf\">GUIAS DE CONCENTRACI\u00d3N<\/a><\/p>\n<p><a href=\"https:\/\/www.fresnillo.gob.mx\/transparencia\/wp-content\/uploads\/2026\/03\/GUIAS-DE-CONTEMPORANEO.pdf\">GUIAS DE CONTEMPORANEO<\/a><\/p>\n<p><a href=\"https:\/\/www.fresnillo.gob.mx\/transparencia\/wp-content\/uploads\/2026\/03\/GUIAS-DE-HISTORICO.pdf\">GUIAS DE HISTORICO<\/a><\/p>\n<p><a href=\"https:\/\/www.fresnillo.gob.mx\/transparencia\/wp-content\/uploads\/2026\/03\/GUIAS-DEL-CRONISTA.pdf\">GUIAS DEL CRONISTA<\/a><\/p>\n<p><a href=\"https:\/\/www.fresnillo.gob.mx\/transparencia\/wp-content\/uploads\/2025\/07\/INVENTARIO-DE-ARCHIVO-DE-TRAMITE-IGAT.pdf\">INVENTARIO DE ARCHIVO DE TRAMITE (IGAT)<\/a><\/p>\n<p><a href=\"https:\/\/www.fresnillo.gob.mx\/transparencia\/wp-content\/uploads\/2025\/07\/INVENTARIO-DE-BAJA-DOCUMENTAL-IBD.pdf\">INVENTARIO DE BAJA DOCUMENTAL (IBD)<\/a><\/p>\n<p><a href=\"https:\/\/www.fresnillo.gob.mx\/transparencia\/wp-content\/uploads\/2025\/07\/INVENTARIO-DE-BAJA-DOCUMENTAL-IBD-1.pdf\">INVENTARIO DE BAJA DOCUMENTAL (IBD)<\/a><a href=\"https:\/\/www.fresnillo.gob.mx\/transparencia\/wp-content\/uploads\/2025\/07\/INVENTARIO-DE-TRANSFERENCIA-PRIMARIA-ITP.pdf\">INVENTARIO DE TRANSFERENCIA PRIMARIA (ITP)<\/a><\/p>\n<p><a href=\"https:\/\/www.fresnillo.gob.mx\/transparencia\/wp-content\/uploads\/2025\/07\/INVENTARIO-DE-TRANSFERENCIA-SECUNDARIA-ITS.pdf\">INVENTARIO DE TRANSFERENCIA SECUNDARIA (ITS)<\/a><\/p>\n<h2><span style=\"color: #3366ff;\">\u00cdndice de expedientes clasificados como reservados<\/span><\/h2>\n<p><a href=\"https:\/\/www.fresnillo.gob.mx\/transparencia\/wp-content\/uploads\/2025\/10\/INDICE-DE-EXPEDIENTES-CLASIFICADOS.pdf\">INDICE DE EXPEDIENTES CLASIFICADOS<\/a>[\/vc_column_text][\/vc_column][\/vc_row]<\/p>\n<\/div>","protected":false},"excerpt":{"rendered":"<p>[vc_row][vc_column][vc_column_text css=\u00bb\u00bb] FRACCI\u00d3N XLV El catalogo de disposici\u00f3n y gu\u00eda documental. Fecha de Actualizaci\u00f3n 31\/Diciembre\/2025 Catalogo de disposici\u00f3n documental y gu\u00eda\u00a0simple de archivos [\/vc_column_text][vc_separator color=\u00bbblue\u00bb border_width=\u00bb10&#8243; css=\u00bb\u00bb][vc_column_text css=\u00bb\u00bb] &nbsp; Cuadro General de Clasificaci\u00f3n Archivista CATALOGO DE DISPOSICION DOCUMENTAL (CaDiDo) CUADRO GENERAL DE CLASIFICACION ARCHIVISTICA (CGCA) FICHA TECNICA DE VALORACI\u00d3N DOCUMENTAL (FTVD) &nbsp; Inventarios Documentales GUIAS [&hellip;]<\/p>\n","protected":false},"author":1,"featured_media":0,"parent":1041,"menu_order":63,"comment_status":"closed","ping_status":"closed","template":"page-templates\/template-articulos.php","meta":{"_uag_custom_page_level_css":"","advgb_blocks_editor_width":"","advgb_blocks_columns_visual_guide":"","footnotes":""},"class_list":["post-1482","page","type-page","status-publish","hentry"],"uagb_featured_image_src":{"full":false,"thumbnail":false,"medium":false,"medium_large":false,"large":false,"1536x1536":false,"2048x2048":false},"uagb_author_info":{"display_name":"admin","author_link":"https:\/\/www.fresnillo.gob.mx\/transparencia\/author\/admin\/"},"uagb_comment_info":0,"uagb_excerpt":"[vc_row][vc_column][vc_column_text css=\u00bb\u00bb] FRACCI\u00d3N XLV El catalogo de disposici\u00f3n y gu\u00eda documental. Fecha de Actualizaci\u00f3n 31\/Diciembre\/2025 Catalogo de disposici\u00f3n documental y gu\u00eda\u00a0simple de archivos [\/vc_column_text][vc_separator color=\u00bbblue\u00bb border_width=\u00bb10&#8243; css=\u00bb\u00bb][vc_column_text css=\u00bb\u00bb] &nbsp; Cuadro General de Clasificaci\u00f3n Archivista CATALOGO DE DISPOSICION DOCUMENTAL (CaDiDo) CUADRO GENERAL DE CLASIFICACION ARCHIVISTICA (CGCA) FICHA TECNICA DE VALORACI\u00d3N DOCUMENTAL (FTVD) &nbsp; Inventarios Documentales GUIAS&hellip;","coauthors":[],"author_meta":{"author_link":"https:\/\/www.fresnillo.gob.mx\/transparencia\/author\/admin\/","display_name":"admin"},"relative_dates":{"created":"Publicado 7 a\u00f1os hace","modified":"Actualizado 4 semanas hace"},"absolute_dates":{"created":"Publicado el octubre 22, 2018","modified":"Actualizado el marzo 18, 2026"},"absolute_dates_time":{"created":"Publicado el octubre 22, 2018 3:58 pm","modified":"Actualizado el marzo 18, 2026 5:14 pm"},"featured_img_caption":"","featured_img":false,"series_order":"","_links":{"self":[{"href":"https:\/\/www.fresnillo.gob.mx\/transparencia\/wp-json\/wp\/v2\/pages\/1482","targetHints":{"allow":["GET"]}}],"collection":[{"href":"https:\/\/www.fresnillo.gob.mx\/transparencia\/wp-json\/wp\/v2\/pages"}],"about":[{"href":"https:\/\/www.fresnillo.gob.mx\/transparencia\/wp-json\/wp\/v2\/types\/page"}],"author":[{"embeddable":true,"href":"https:\/\/www.fresnillo.gob.mx\/transparencia\/wp-json\/wp\/v2\/users\/1"}],"replies":[{"embeddable":true,"href":"https:\/\/www.fresnillo.gob.mx\/transparencia\/wp-json\/wp\/v2\/comments?post=1482"}],"version-history":[{"count":8,"href":"https:\/\/www.fresnillo.gob.mx\/transparencia\/wp-json\/wp\/v2\/pages\/1482\/revisions"}],"predecessor-version":[{"id":79445,"href":"https:\/\/www.fresnillo.gob.mx\/transparencia\/wp-json\/wp\/v2\/pages\/1482\/revisions\/79445"}],"up":[{"embeddable":true,"href":"https:\/\/www.fresnillo.gob.mx\/transparencia\/wp-json\/wp\/v2\/pages\/1041"}],"wp:attachment":[{"href":"https:\/\/www.fresnillo.gob.mx\/transparencia\/wp-json\/wp\/v2\/media?parent=1482"}],"curies":[{"name":"wp","href":"https:\/\/api.w.org\/{rel}","templated":true}]}}