{"id":1508,"date":"2018-10-23T14:14:50","date_gmt":"2018-10-23T14:14:50","guid":{"rendered":"https:\/\/www.seguiremoshaciendohistoria.gob.mx\/transparencia\/articulo-40\/i-fraccion-unica\/"},"modified":"2026-04-06T20:21:45","modified_gmt":"2026-04-06T20:21:45","slug":"i-fraccion-unica","status":"publish","type":"page","link":"https:\/\/www.fresnillo.gob.mx\/transparencia\/transparencia\/articulo-40\/i-fraccion-unica\/","title":{"rendered":"I. Fracci\u00f3n \u00danica"},"content":{"rendered":"<div class=\"wpb-content-wrapper\"><p>[vc_row][vc_column][vc_column_text css=\u00bb\u00bb]<\/p>\n<h1 style=\"text-align: center;\"><span style=\"color: #3366ff;\">FRACCI\u00d3N I.<\/span><\/h1>\n<h1><span style=\"color: #183889;\"><strong><span style=\"font-family: Arial; font-size: medium;\">Los sujetos obligados deber\u00e1n informar al Instituto y verificar que se publiquen en la Plataforma Nacional, cu\u00e1les son los rubros que son aplicables a sus p\u00e1ginas de Internet, con el objeto de que \u00e9stos verifiquen y aprueben, de forma fundada y motivada, la relaci\u00f3n de fracciones aplicables a cada sujeto obligado.<\/span><\/strong><\/span><\/h1>\n<h3 class=\"has-text-align-right\" style=\"text-align: right;\"><strong>Fecha de Actualizaci\u00f3n 31\/Diciembre\/2025<\/strong><\/h3>\n<h3><\/h3>\n<h3 style=\"text-align: center;\"><span style=\"color: #000080;\"><strong>CONSULTA LINK<\/strong><\/span><\/h3>\n<h3 style=\"text-align: center;\"><span style=\"color: #000080;\"><a style=\"color: #000080;\" href=\"https:\/\/www.fresnillo.gob.mx\/transparencia\/wp-content\/uploads\/2025\/01\/Tabla-de-Aplicabilidad-del-Ayuntamiento-de-Fresnillo-Vigente.pdf\">Tabla de Aplicabilidad del Ayuntamiento de Fresnillo Vigente<\/a><\/span><\/h3>\n<h3 style=\"text-align: center;\"><span style=\"color: #000080;\"><a style=\"color: #000080;\" href=\"https:\/\/www.fresnillo.gob.mx\/wp-content\/uploads\/2019\/10\/Tabla-de-Conservacion.pdf\" target=\"_blank\" rel=\"noopener\">Tabla de Conservaci\u00f3n<\/a><\/span><\/h3>\n<h3 style=\"text-align: center;\"><\/h3>\n<p>[\/vc_column_text][\/vc_column][\/vc_row][vc_row][vc_column][\/vc_column][\/vc_row]<\/p>\n<\/div>","protected":false},"excerpt":{"rendered":"<p>[vc_row][vc_column][vc_column_text css=\u00bb\u00bb] FRACCI\u00d3N I. Los sujetos obligados deber\u00e1n informar al Instituto y verificar que se publiquen en la Plataforma Nacional, cu\u00e1les son los rubros que son aplicables a sus p\u00e1ginas de Internet, con el objeto de que \u00e9stos verifiquen y aprueben, de forma fundada y motivada, la relaci\u00f3n de fracciones aplicables a cada sujeto obligado. [&hellip;]<\/p>\n","protected":false},"author":1,"featured_media":0,"parent":1042,"menu_order":1,"comment_status":"closed","ping_status":"closed","template":"page-templates\/template-articulos.php","meta":{"_uag_custom_page_level_css":"","advgb_blocks_editor_width":"","advgb_blocks_columns_visual_guide":"","footnotes":""},"class_list":["post-1508","page","type-page","status-publish","hentry"],"uagb_featured_image_src":{"full":false,"thumbnail":false,"medium":false,"medium_large":false,"large":false,"1536x1536":false,"2048x2048":false},"uagb_author_info":{"display_name":"admin","author_link":"https:\/\/www.fresnillo.gob.mx\/transparencia\/author\/admin\/"},"uagb_comment_info":0,"uagb_excerpt":"[vc_row][vc_column][vc_column_text css=\u00bb\u00bb] FRACCI\u00d3N I. Los sujetos obligados deber\u00e1n informar al Instituto y verificar que se publiquen en la Plataforma Nacional, cu\u00e1les son los rubros que son aplicables a sus p\u00e1ginas de Internet, con el objeto de que \u00e9stos verifiquen y aprueben, de forma fundada y motivada, la relaci\u00f3n de fracciones aplicables a cada sujeto obligado.&hellip;","coauthors":[],"author_meta":{"author_link":"https:\/\/www.fresnillo.gob.mx\/transparencia\/author\/admin\/","display_name":"admin"},"relative_dates":{"created":"Publicado 7 a\u00f1os hace","modified":"Actualizado 1 semana hace"},"absolute_dates":{"created":"Publicado el octubre 23, 2018","modified":"Actualizado el abril 6, 2026"},"absolute_dates_time":{"created":"Publicado el octubre 23, 2018 2:14 pm","modified":"Actualizado el abril 6, 2026 8:21 pm"},"featured_img_caption":"","featured_img":false,"series_order":"","_links":{"self":[{"href":"https:\/\/www.fresnillo.gob.mx\/transparencia\/wp-json\/wp\/v2\/pages\/1508","targetHints":{"allow":["GET"]}}],"collection":[{"href":"https:\/\/www.fresnillo.gob.mx\/transparencia\/wp-json\/wp\/v2\/pages"}],"about":[{"href":"https:\/\/www.fresnillo.gob.mx\/transparencia\/wp-json\/wp\/v2\/types\/page"}],"author":[{"embeddable":true,"href":"https:\/\/www.fresnillo.gob.mx\/transparencia\/wp-json\/wp\/v2\/users\/1"}],"replies":[{"embeddable":true,"href":"https:\/\/www.fresnillo.gob.mx\/transparencia\/wp-json\/wp\/v2\/comments?post=1508"}],"version-history":[{"count":8,"href":"https:\/\/www.fresnillo.gob.mx\/transparencia\/wp-json\/wp\/v2\/pages\/1508\/revisions"}],"predecessor-version":[{"id":79620,"href":"https:\/\/www.fresnillo.gob.mx\/transparencia\/wp-json\/wp\/v2\/pages\/1508\/revisions\/79620"}],"up":[{"embeddable":true,"href":"https:\/\/www.fresnillo.gob.mx\/transparencia\/wp-json\/wp\/v2\/pages\/1042"}],"wp:attachment":[{"href":"https:\/\/www.fresnillo.gob.mx\/transparencia\/wp-json\/wp\/v2\/media?parent=1508"}],"curies":[{"name":"wp","href":"https:\/\/api.w.org\/{rel}","templated":true}]}}