{"id":1514,"date":"2018-10-23T14:17:47","date_gmt":"2018-10-23T14:17:47","guid":{"rendered":"https:\/\/www.seguiremoshaciendohistoria.gob.mx\/transparencia\/articulo-41\/v-nombres-de-las-personas-a-quien-se-habilito-para-ejercer-mas-corredores-y-notarios-publicos\/"},"modified":"2026-01-29T17:37:43","modified_gmt":"2026-01-29T17:37:43","slug":"v-nombres-de-las-personas-a-quien-se-habilito-para-ejercer-mas-corredores-y-notarios-publicos","status":"publish","type":"page","link":"https:\/\/www.fresnillo.gob.mx\/transparencia\/transparencia\/articulo-41\/v-nombres-de-las-personas-a-quien-se-habilito-para-ejercer-mas-corredores-y-notarios-publicos\/","title":{"rendered":"V. Nombres de las Personas a Quien se Habilito para Ejercer mas Corredores y Notarios P\u00fablicos"},"content":{"rendered":"<div class=\"wpb-content-wrapper\"><p>[vc_row][vc_column][vc_column_text css=\u00bb\u00bb]<\/p>\n<h1 style=\"text-align: center;\"><span style=\"color: #3366ff;\">FRACCI\u00d3N V.<\/span><\/h1>\n<h1 style=\"text-align: center;\"><span style=\"color: #000080;\"><strong>Los nombres de las personas a quienes se les habilit\u00f3 para ejercer como corredores y notarios p\u00fablicos, as\u00ed como sus datos de contacto, la informaci\u00f3n relacionada con el proceso de otorgamiento de la patente y las sanciones que se les hubieran aplicado.<\/strong><\/span><\/h1>\n<h2 style=\"text-align: right;\"><span style=\"color: #000080;\">Fecha de Actualizaci\u00f3n 31\/Diciembre\/2025<\/span><\/h2>\n<h2 class=\"cms-plugin cms-plugin-689\" style=\"text-align: right;\"><\/h2>\n<p>[\/vc_column_text][\/vc_column][\/vc_row][vc_row][vc_column][vc_separator color=\u00bbblue\u00bb border_width=\u00bb10&#8243; css=\u00bb\u00bb][\/vc_column][\/vc_row][vc_row][vc_column][vc_column_text css=\u00bb\u00bb]<\/p>\n<h2><span style=\"color: #000080;\"><em>Aplica a: Poder Ejecutivo Federal en caso de corredores p\u00fablicos a trav\u00e9s de la Secretar\u00eda de Econom\u00eda y notarios del patrimonio inmobiliario a trav\u00e9s de la Secretar\u00eda de la Funci\u00f3n P\u00fablica; la Secretar\u00eda de Gobernaci\u00f3n en representaci\u00f3n del Gobierno Federal con los gobiernos locales y con el Colegio Nacional del Notariado Mexicano. A los poderes ejecutivos estatales, aplica en el caso de los notarios p\u00fablicos, cuyo nombramiento est\u00e1 a cargo de los Gobernadores o Jefe de Gobierno.<\/em><\/span><\/h2>\n<h1><span style=\"color: #000080;\"><em>Esta fracci\u00f3n no aplica a los Municipios (Ayuntamientos).<\/em><\/span><\/h1>\n<p>[\/vc_column_text][\/vc_column][\/vc_row]<\/p>\n<\/div>","protected":false},"excerpt":{"rendered":"<p>[vc_row][vc_column][vc_column_text css=\u00bb\u00bb] FRACCI\u00d3N V. Los nombres de las personas a quienes se les habilit\u00f3 para ejercer como corredores y notarios p\u00fablicos, as\u00ed como sus datos de contacto, la informaci\u00f3n relacionada con el proceso de otorgamiento de la patente y las sanciones que se les hubieran aplicado. Fecha de Actualizaci\u00f3n 31\/Diciembre\/2025 [\/vc_column_text][\/vc_column][\/vc_row][vc_row][vc_column][vc_separator color=\u00bbblue\u00bb border_width=\u00bb10&#8243; css=\u00bb\u00bb][\/vc_column][\/vc_row][vc_row][vc_column][vc_column_text css=\u00bb\u00bb] [&hellip;]<\/p>\n","protected":false},"author":1,"featured_media":0,"parent":1043,"menu_order":5,"comment_status":"closed","ping_status":"closed","template":"page-templates\/template-articulos.php","meta":{"_uag_custom_page_level_css":"","advgb_blocks_editor_width":"","advgb_blocks_columns_visual_guide":"","footnotes":""},"class_list":["post-1514","page","type-page","status-publish","hentry"],"uagb_featured_image_src":{"full":false,"thumbnail":false,"medium":false,"medium_large":false,"large":false,"1536x1536":false,"2048x2048":false},"uagb_author_info":{"display_name":"admin","author_link":"https:\/\/www.fresnillo.gob.mx\/transparencia\/author\/admin\/"},"uagb_comment_info":0,"uagb_excerpt":"[vc_row][vc_column][vc_column_text css=\u00bb\u00bb] FRACCI\u00d3N V. Los nombres de las personas a quienes se les habilit\u00f3 para ejercer como corredores y notarios p\u00fablicos, as\u00ed como sus datos de contacto, la informaci\u00f3n relacionada con el proceso de otorgamiento de la patente y las sanciones que se les hubieran aplicado. Fecha de Actualizaci\u00f3n 31\/Diciembre\/2025 [\/vc_column_text][\/vc_column][\/vc_row][vc_row][vc_column][vc_separator color=\u00bbblue\u00bb border_width=\u00bb10&#8243; css=\u00bb\u00bb][\/vc_column][\/vc_row][vc_row][vc_column][vc_column_text css=\u00bb\u00bb]&hellip;","coauthors":[],"author_meta":{"author_link":"https:\/\/www.fresnillo.gob.mx\/transparencia\/author\/admin\/","display_name":"admin"},"relative_dates":{"created":"Publicado 7 a\u00f1os hace","modified":"Actualizado 3 meses hace"},"absolute_dates":{"created":"Publicado el octubre 23, 2018","modified":"Actualizado el enero 29, 2026"},"absolute_dates_time":{"created":"Publicado el octubre 23, 2018 2:17 pm","modified":"Actualizado el enero 29, 2026 5:37 pm"},"featured_img_caption":"","featured_img":false,"series_order":"","_links":{"self":[{"href":"https:\/\/www.fresnillo.gob.mx\/transparencia\/wp-json\/wp\/v2\/pages\/1514","targetHints":{"allow":["GET"]}}],"collection":[{"href":"https:\/\/www.fresnillo.gob.mx\/transparencia\/wp-json\/wp\/v2\/pages"}],"about":[{"href":"https:\/\/www.fresnillo.gob.mx\/transparencia\/wp-json\/wp\/v2\/types\/page"}],"author":[{"embeddable":true,"href":"https:\/\/www.fresnillo.gob.mx\/transparencia\/wp-json\/wp\/v2\/users\/1"}],"replies":[{"embeddable":true,"href":"https:\/\/www.fresnillo.gob.mx\/transparencia\/wp-json\/wp\/v2\/comments?post=1514"}],"version-history":[{"count":5,"href":"https:\/\/www.fresnillo.gob.mx\/transparencia\/wp-json\/wp\/v2\/pages\/1514\/revisions"}],"predecessor-version":[{"id":78808,"href":"https:\/\/www.fresnillo.gob.mx\/transparencia\/wp-json\/wp\/v2\/pages\/1514\/revisions\/78808"}],"up":[{"embeddable":true,"href":"https:\/\/www.fresnillo.gob.mx\/transparencia\/wp-json\/wp\/v2\/pages\/1043"}],"wp:attachment":[{"href":"https:\/\/www.fresnillo.gob.mx\/transparencia\/wp-json\/wp\/v2\/media?parent=1514"}],"curies":[{"name":"wp","href":"https:\/\/api.w.org\/{rel}","templated":true}]}}