{"id":15663,"date":"2019-02-06T22:42:47","date_gmt":"2019-02-07T04:42:47","guid":{"rendered":"https:\/\/www.seguiremoshaciendohistoria.gob.mx\/?page_id=15663"},"modified":"2026-02-03T17:32:45","modified_gmt":"2026-02-03T17:32:45","slug":"presupuesto-asignado-para-el-ramo-33-fondo-iii","status":"publish","type":"page","link":"https:\/\/www.fresnillo.gob.mx\/transparencia\/desarrollo-social\/presupuesto-asignado-para-el-ramo-33-fondo-iii\/","title":{"rendered":"Presupuesto asignado para el Ramo 33 fondo III"},"content":{"rendered":"<div class=\"wpb-content-wrapper\"><p>[vc_row][vc_column][vc_column_text css=\u00bb\u00bb]<\/p>\n<p>\n<strong>EJERCICIO FISCAL \u00a02016<\/strong><br \/>El presupuesto asignado\u00a0para 2016\u00a0$92,769,030.23<\/p>\n<p><a href=\"https:\/\/www.fresnillo.gob.mx\/wp-content\/uploads\/2019\/01\/ACUERDO-FONDO-III-2016-ilovepdf-compressed.pdf\">Peri\u00f3dico Oficial Tomo CXXVI N\u00fam. 7 \u00a0Zacatecas, Zac.,\u00a0s\u00e1bado\u00a023\u00a0de\u00a0enero\u00a0del<\/a><a href=\"https:\/\/www.fresnillo.gob.mx\/wp-content\/uploads\/2019\/01\/ACUERDO-FONDO-III-2016-ilovepdf-compressed.pdf\">\u00a02016<\/a><\/p>\n<p><strong>EJERCICIO FISCAL \u00a02017<br \/><\/strong>El presupuesto asignado para 2017\u00a0$99,673,949.47<\/p>\n<p><a href=\"https:\/\/www.fresnillo.gob.mx\/wp-content\/uploads\/2019\/01\/ACUERDO-FONDO-III-2017-ilovepdf-compressed.pdf\">Peri\u00f3dico Oficial Tomo CXXVII N\u00fam. 8 Zacatecas, Zac.,\u00a0s\u00e1bado 28 de enero del 2017\u00a0<\/a><\/p>\n<p><strong>EJERCICIO FISCAL \u00a02018<br \/><\/strong>El presupuesto asignado para 2018 $103,313,832.82<\/p>\n<p><a href=\"https:\/\/www.fresnillo.gob.mx\/wp-content\/uploads\/2019\/01\/ACUERDO-FONDO-III-2018-ilovepdf-compressed.pdf\">Peri\u00f3dico Oficial\u00a0Tomo CXXVIII N\u00fam. 9 Zacatecas, Zac., mi\u00e9rcoles 31 de\u00a0enero\u00a0del\u00a02018<\/a><\/p>\n<p><strong>EJERCICIO FISCAL 2019<br \/><\/strong>El presupuesto asignado para el 2019 $113,102,909.87<\/p>\n<p><a href=\"https:\/\/www.fresnillo.gob.mx\/wp-content\/uploads\/2019\/02\/CXXIX_SUPL-7_AL_9-I.pdf\">Peri\u00f3dico Oficial Tomo CXXIX N\u00fam. 9 ZAcatecas, Zac. jueves 31 de enero del 2019\u00a0<\/a><\/p>\n<p><strong>EJERCICIO FISCAL 2020<br \/><\/strong>El presupuesto para el ejercicio fiscal 2020 asignado es de $113,244,902.00<\/p>\n<p><a href=\"https:\/\/www.fresnillo.gob.mx\/wp-content\/uploads\/2020\/04\/PRESUPUESTO-ASIGNADO-EJERCICIO-FISCAL-2020.pdf\">PERI\u00d3DICO OFICIAL TOMO CXXX NUM. &#8211; ZACATECAS,ZAC. MI\u00c9RCOLES 29 DE ENERO DEL 2020 PRESUPUESTO ASIGNADO EJERCICIO FISCAL 2020<\/a><\/p>\n<p><strong>EJERCICIO FISCAL 2021<br \/><\/strong>El Presupuesto para el Ejercicio Fiscal 2021 Asignado es de $112,255,955.00<\/p>\n<p><a href=\"https:\/\/www.fresnillo.gob.mx\/wp-content\/uploads\/2021\/03\/RECURSO-FONDO-III-2021.pdf\">Peri\u00f3dico Oficial TOMO CXXXI N\u00fam. 7 Zacatecas, Zac., s\u00e1bado 30 de enero de 2021 Recurso Ramo 33 Fondo III 2021<\/a><\/p>\n<p><strong>EJERCICIO FISCAL 2022<\/strong><\/p>\n<p>El Presupuesto para el Ejercicio Fiscal 2022 Asignado es de $130,290,333.00<\/p>\n<p><a href=\"https:\/\/www.fresnillo.gob.mx\/wp-content\/uploads\/2022\/04\/MINISTRACIONES-2022.pdf\">Peri\u00f3dico Oficial Tomo CXXXII N\u00fam. 9 Zacatecas, Zac. S\u00e1bado 29 de Enero del 2022\u00a0<\/a><\/p>\n<p><strong>EJERCICIO FISCAL 2023<\/strong><\/p>\n<p>El Presupuesto para el Ejercicio Fiscal 2023 Asignado es de $151,033,937.00<\/p>\n<p><a href=\"https:\/\/www.fresnillo.gob.mx\/wp-content\/uploads\/2023\/03\/SUPL-5_AL_8_AA-1.pdf\">Peri\u00f3dico Oficial TOMO CXXXIII N\u00fam. 8 Zacatecas, Zac., martes 31 de enero de 2023<\/a><\/p>\n<p><strong>EJERCICIO FISCAL 2024<\/strong><\/p>\n<p>El Presupuesto para el Ejercicio Fiscal 2024 Asignado es de $141,584,271.00<\/p>\n<p><a href=\"https:\/\/www.fresnillo.gob.mx\/wp-content\/uploads\/2024\/02\/MINISTRACION-2024.pdf\">Peri\u00f3dico Oficial TOMO CXXXIV N\u00fam. 9 Zacatecas, Zacatecas, Mi\u00e9rcoles 31 de Enero del 2024<\/a><\/p>\n<p>&nbsp;<\/p>\n<h4><span style=\"color: #003366;\"><strong>DISTRIBUCI\u00d3N Y CALENDARIO DE MINISTRACI\u00d3N DE LOS RECURSOS DEL FONDO PARA LA INFRAESTRUCTURA SOCIAL MUNICIPAL Y DE LAS DEMARCACIONES TERRITORIALES DEL DISTRITO FEDERAL<\/strong><\/span><\/h4>\n<p>&nbsp;<\/p>\n<p><strong>EJERCICIO FISCAL 2019\u00a0<\/strong><\/p>\n<p><a href=\"https:\/\/www.fresnillo.gob.mx\/wp-content\/uploads\/2020\/11\/Distribucion-FISMDF-2019-Municipios-Edo-de-Zacatecas-2.pdf\">Calendario de Distribuci\u00f3n de Ministraciones FISMDF 2019<\/a><\/p>\n<p><a href=\"https:\/\/www.fresnillo.gob.mx\/wp-content\/uploads\/2020\/11\/Informacion-Obras-FISMDF-2019-Formato-CONAC.pdf\">Informaci\u00f3n P\u00fablica Financiera para el Consejo de Armonizaci\u00f3n Contable 2019<\/a><\/p>\n<p><strong>EJERCICIO FISCAL 2020<\/strong><\/p>\n<p><a href=\"https:\/\/www.fresnillo.gob.mx\/wp-content\/uploads\/2021\/03\/INFORMACION-CONAC.pdf\">Informaci\u00f3n P\u00fablica Financiera para el Consejo de Armonizaci\u00f3n Contable 2020 CONAC<\/a><\/p>\n<p><strong>EJERCICIO FISCAL 2022<\/strong><\/p>\n<p><a href=\"https:\/\/www.fresnillo.gob.mx\/wp-content\/uploads\/2023\/04\/1_EstructurasProgramaticas_paraPPEF2022.pdf\">1 Calendario de Distribuci\u00f3n de Ministraciones 2022\u00a0<\/a><\/p>\n<p><a href=\"https:\/\/www.fresnillo.gob.mx\/wp-content\/uploads\/2023\/04\/INFORMACION-CONAC-2022.pdf\">Informaci\u00f3n P\u00fablica Financiera para el Consejo de Amortizaci\u00f3n Contable -CONAC 2022<\/a><\/p>\n<p><strong>EJERCICIO FISCAL 2023<\/strong><\/p>\n<p><a href=\"https:\/\/www.fresnillo.gob.mx\/wp-content\/uploads\/2023\/04\/SUPL-5_AL_8_AA.pdf\">2 Calendario de Distribuci\u00f3n de Ministraciones 2023<\/a><\/p>\n<p><strong>EJERCICIO FISCAL 2024<\/strong><\/p>\n<p><a href=\"https:\/\/www.fresnillo.gob.mx\/wp-content\/uploads\/2024\/02\/MINISTRACION-2024.pdf\">Calendario de Distribuci\u00f3n de Ministraciones 2024<\/a><\/p>\n<p><a href=\"https:\/\/www.fresnillo.gob.mx\/transparencia\/wp-content\/uploads\/2025\/03\/PERIODICO-OFICIAL-TOMO-CXXV-NUM.-18-ZACATECAS-ZAC.-SABADO-01-DE-MARZO-DE-2025.pdf\">PERI\u00d3DICO OFICIAL TOMO CXXV N\u00daM. 18 ZACATECAS, ZAC. S\u00c1BADO 01 DE MARZO DE 2025<\/a><br \/>PRESUPUESTO FAISMUN 2025 ASIGNADO ES DE $135,579,582.00<\/p>\n<p>Ejercicio Fiscal 2026 <\/p>\n<p><a href=\"https:\/\/www.fresnillo.gob.mx\/transparencia\/wp-content\/uploads\/2026\/02\/Periodico-Oficial-Tomo-CXXXVI-Num.-9-Zacatecas-Zac.-sabado-31-de-enero-de-2026.pdf\">Peri\u00f3dico Oficial Tomo CXXXVI N\u00fam. 9 Zacatecas, Zac., s\u00e1bado 31 de enero de 2026 Presupuesto FAISMUN 2026 Asignado es de $156, 741,876.06<\/a><\/p>\n<p>[\/vc_column_text][\/vc_column][\/vc_row]<\/p>\n<\/div>","protected":false},"excerpt":{"rendered":"<p>[vc_row][vc_column][vc_column_text css=\u00bb\u00bb] EJERCICIO FISCAL \u00a02016El presupuesto asignado\u00a0para 2016\u00a0$92,769,030.23 Peri\u00f3dico Oficial Tomo CXXVI N\u00fam. 7 \u00a0Zacatecas, Zac.,\u00a0s\u00e1bado\u00a023\u00a0de\u00a0enero\u00a0del\u00a02016 EJERCICIO FISCAL \u00a02017El presupuesto asignado para 2017\u00a0$99,673,949.47 Peri\u00f3dico Oficial Tomo CXXVII N\u00fam. 8 Zacatecas, Zac.,\u00a0s\u00e1bado 28 de enero del 2017\u00a0 EJERCICIO FISCAL \u00a02018El presupuesto asignado para 2018 $103,313,832.82 Peri\u00f3dico Oficial\u00a0Tomo CXXVIII N\u00fam. 9 Zacatecas, Zac., mi\u00e9rcoles 31 de\u00a0enero\u00a0del\u00a02018 EJERCICIO [&hellip;]<\/p>\n","protected":false},"author":1,"featured_media":0,"parent":1908,"menu_order":5,"comment_status":"closed","ping_status":"closed","template":"","meta":{"_uag_custom_page_level_css":"","advgb_blocks_editor_width":"","advgb_blocks_columns_visual_guide":"","footnotes":""},"class_list":["post-15663","page","type-page","status-publish","hentry"],"uagb_featured_image_src":{"full":false,"thumbnail":false,"medium":false,"medium_large":false,"large":false,"1536x1536":false,"2048x2048":false},"uagb_author_info":{"display_name":"admin","author_link":"https:\/\/www.fresnillo.gob.mx\/transparencia\/author\/admin\/"},"uagb_comment_info":0,"uagb_excerpt":"[vc_row][vc_column][vc_column_text css=\u00bb\u00bb] EJERCICIO FISCAL \u00a02016El presupuesto asignado\u00a0para 2016\u00a0$92,769,030.23 Peri\u00f3dico Oficial Tomo CXXVI N\u00fam. 7 \u00a0Zacatecas, Zac.,\u00a0s\u00e1bado\u00a023\u00a0de\u00a0enero\u00a0del\u00a02016 EJERCICIO FISCAL \u00a02017El presupuesto asignado para 2017\u00a0$99,673,949.47 Peri\u00f3dico Oficial Tomo CXXVII N\u00fam. 8 Zacatecas, Zac.,\u00a0s\u00e1bado 28 de enero del 2017\u00a0 EJERCICIO FISCAL \u00a02018El presupuesto asignado para 2018 $103,313,832.82 Peri\u00f3dico Oficial\u00a0Tomo CXXVIII N\u00fam. 9 Zacatecas, Zac., mi\u00e9rcoles 31 de\u00a0enero\u00a0del\u00a02018 EJERCICIO&hellip;","coauthors":[],"author_meta":{"author_link":"https:\/\/www.fresnillo.gob.mx\/transparencia\/author\/admin\/","display_name":"admin"},"relative_dates":{"created":"Publicado 7 a\u00f1os hace","modified":"Actualizado 3 meses hace"},"absolute_dates":{"created":"Publicado el febrero 6, 2019","modified":"Actualizado el febrero 3, 2026"},"absolute_dates_time":{"created":"Publicado el febrero 6, 2019 10:42 pm","modified":"Actualizado el febrero 3, 2026 5:32 pm"},"featured_img_caption":"","featured_img":false,"series_order":"","_links":{"self":[{"href":"https:\/\/www.fresnillo.gob.mx\/transparencia\/wp-json\/wp\/v2\/pages\/15663","targetHints":{"allow":["GET"]}}],"collection":[{"href":"https:\/\/www.fresnillo.gob.mx\/transparencia\/wp-json\/wp\/v2\/pages"}],"about":[{"href":"https:\/\/www.fresnillo.gob.mx\/transparencia\/wp-json\/wp\/v2\/types\/page"}],"author":[{"embeddable":true,"href":"https:\/\/www.fresnillo.gob.mx\/transparencia\/wp-json\/wp\/v2\/users\/1"}],"replies":[{"embeddable":true,"href":"https:\/\/www.fresnillo.gob.mx\/transparencia\/wp-json\/wp\/v2\/comments?post=15663"}],"version-history":[{"count":8,"href":"https:\/\/www.fresnillo.gob.mx\/transparencia\/wp-json\/wp\/v2\/pages\/15663\/revisions"}],"predecessor-version":[{"id":78998,"href":"https:\/\/www.fresnillo.gob.mx\/transparencia\/wp-json\/wp\/v2\/pages\/15663\/revisions\/78998"}],"up":[{"embeddable":true,"href":"https:\/\/www.fresnillo.gob.mx\/transparencia\/wp-json\/wp\/v2\/pages\/1908"}],"wp:attachment":[{"href":"https:\/\/www.fresnillo.gob.mx\/transparencia\/wp-json\/wp\/v2\/media?parent=15663"}],"curies":[{"name":"wp","href":"https:\/\/api.w.org\/{rel}","templated":true}]}}