{"id":15670,"date":"2019-02-06T22:55:26","date_gmt":"2019-02-07T04:55:26","guid":{"rendered":"https:\/\/www.seguiremoshaciendohistoria.gob.mx\/?page_id=15670"},"modified":"2026-04-10T14:52:24","modified_gmt":"2026-04-10T14:52:24","slug":"convenios","status":"publish","type":"page","link":"https:\/\/www.fresnillo.gob.mx\/transparencia\/desarrollo-social\/convenios\/","title":{"rendered":"Convenios"},"content":{"rendered":"<div class=\"wpb-content-wrapper\"><p>[vc_row][vc_column][vc_tta_tabs shape=\u00bbround\u00bb active_section=\u00bb1&#8243;][vc_tta_section title=\u00bb2018&#8243; tab_id=\u00bb1549515345244-a55be2ef-12b0&#8243;][vc_column_text css=\u00bb\u00bb]<a href=\"https:\/\/www.fresnillo.gob.mx\/wp-content\/uploads\/2019\/01\/CONVENIO-1-2018.pdf\">1.Convenio de concertaci\u00f3n Programa de\u00a0Agua Potable,\u00a0Drenaje\u00a0y\u00a0Tratamiento\u00a0(PROAGUA)\u00a0apartado\u00a0Plantas\u00a0de\u00a0Tratamiento de Aguas Residuales\u00a0(PTAR)<\/a><\/p>\n<p><a href=\"https:\/\/www.fresnillo.gob.mx\/wp-content\/uploads\/2019\/01\/CONVENIO-2_2018.pdf\">2.Convenio\u00a0de\u00a0concertaci\u00f3n\u00a0Programa de Agua Potable, Drenaje y\u00a0\u00a0 Tratamiento (PROAGUA), Apartado Rural (APARURAL)<\/a><\/p>\n<p><a href=\"https:\/\/www.fresnillo.gob.mx\/wp-content\/uploads\/2019\/01\/HABITAT.pdf\">3.Convenio de\u00a0Coordinaci\u00f3n\u00a0\u201d INFRAESTRUCTURA\u00a0PARA HABITAT\u00bb\u00a0<\/a>[\/vc_column_text][\/vc_tta_section][vc_tta_section title=\u00bb2019&#8243; tab_id=\u00bb1549515345255-d981821d-3186&#8243;][vc_column_text css=\u00bb\u00bb]<strong>PRIMER TRIMESTRE 2019<\/strong><\/p>\n<p>Durante el periodo que se informa no se contrajeron convenios<\/p>\n<p><strong>SEGUNDO TRIMESTRE 2019<\/strong><\/p>\n<p>Durante este trimestre los convenios a realizar se encuentran en proceso de verificaci\u00f3n y validaci\u00f3n ante las instituciones a convenir.<\/p>\n<p><strong>TERCER TRIMESTRE 2019\u00a0<\/strong><\/p>\n<p><a href=\"https:\/\/www.fresnillo.gob.mx\/wp-content\/uploads\/2019\/09\/Convenio-Construcci\u00f3n-de-Barda-Perimetral-en-Centro-de-Bachillerato-Tecnologico-Agropecuario-N\u00b0306-Localidad-Rio-Florido.pdf\">Convenio Construcci\u00f3n de Barda Perimetral en Centro de Bachillerato Tecnol\u00f3gico Agropecuario N\u00b0306 Localidad Rio Florido<\/a><\/p>\n<p><a href=\"https:\/\/www.fresnillo.gob.mx\/wp-content\/uploads\/2019\/09\/Programa-de-Agua-Potable-Drenaje-y-Tratamiento-PROAGUA-Apartado-Rural-APARURAL-Obra-Mejoramiento-de-Eficiencia-de-Energia-Electrica-en-Localiada-Concepci\u00f3n-de-Rivera.pdf\">Programa de Agua Potable Drenaje y Tratamiento (PROAGUA) Apartado Rural (APARURAL) Obra Mejoramiento de Eficiencia de Energ\u00eda El\u00e9ctrica en Localiada Concepci\u00f3n de Rivera<\/a><\/p>\n<p><a href=\"https:\/\/www.fresnillo.gob.mx\/wp-content\/uploads\/2019\/09\/Programa-de-Agua-Potable-Drenaje-y-Tratamiento-PROAGUA-Apartado-Rural-APAUR-Obra-Mejora-de-Reequipamiento-del-Pozo-4-y-Pozo-6-del-Sistema-Carrillo.pdf\">Programa de Agua Potable Drenaje y Tratamiento (PROAGUA) Apartado Rural (APAUR) Obra Mejora de Re-equipamiento del Pozo 4 y Pozo 6 del Sistema Carrillo<\/a><\/p>\n<p><a href=\"https:\/\/www.fresnillo.gob.mx\/wp-content\/uploads\/2019\/10\/CONVEN1.pdf\">CONVENIO FISE-ORIGEN\/FRESNILLO\/010\/2019<\/a><\/p>\n<p><strong>CUARTO TRIMESTRE 2019<\/strong><\/p>\n<p><a href=\"https:\/\/www.fresnillo.gob.mx\/wp-content\/uploads\/2020\/01\/Construccion-de-barda-perimentral-en-escuela-primaria-Jose-Ma-Vazquez-de-la-localidad-de-Chilitos.pdf\">Construccion de barda perimetral en escuela primaria Jose Ma Vazquez de la localidad de Chilitos\u00a0<\/a><\/p>\n<p><a href=\"https:\/\/www.fresnillo.gob.mx\/wp-content\/uploads\/2020\/01\/Construccion-de-barda-perimetral-en-escuela-primaira-Rafael-Ramirez-en-Fracc-San-Felipe.pdf\">Construccion de barda perimetral en escuela primaria Rafael Ramirez en Fracc San Felipe<\/a><\/p>\n<p><a href=\"https:\/\/www.fresnillo.gob.mx\/wp-content\/uploads\/2020\/01\/Construccion-de-barda-perimetral-en-escuela-primaria-Emiliano-Zapata-en-localidad-Rancho-Grande.pdf\">Construccion de barda perimetral en escuela primaria Emiliano Zapata en localidad Rancho Grande<\/a><\/p>\n<p><a href=\"https:\/\/www.fresnillo.gob.mx\/wp-content\/uploads\/2020\/01\/Construccion-de-barda-perimetral-en-escuela-primaria-Narciso-Mendoza-de-la-localidad-de-Ojuelos.pdf\">Construccion de barda perimetral en escuela primaria Narciso Mendoza de la localidad de Ojuelos<\/a><\/p>\n<p><a href=\"https:\/\/www.fresnillo.gob.mx\/wp-content\/uploads\/2020\/01\/Construccion-de-barda-perimetral-en-jardin-de-ni\u00f1os-Real-de-Minas-en-localidad-Patria-y-Libertad.pdf\">Construccion de barda perimetral en jardin de ni\u00f1os Real de Minas en localidad Patria y Libertad\u00a0<\/a><\/p>\n<p><a href=\"https:\/\/www.fresnillo.gob.mx\/wp-content\/uploads\/2020\/01\/CONVENIO-FISE-FRESNILLO-007-2019-Atencion-a-las-carencias-en-servicios-basicos-en-la-vivienda.pdf\">CONVENIO FISE-FRESNILLO-007-2019 Atenci\u00f3n a las carencias en servicios b\u00e1sicos en la vivienda\u00a0<\/a><\/p>\n<p><a href=\"https:\/\/www.fresnillo.gob.mx\/wp-content\/uploads\/2020\/01\/Convenio-de-Vivienda-Prgrama-Peso-a-Peso-07-2019.pdf\">Convenio de Vivienda Programa Peso a Peso 07-2019<\/a>[\/vc_column_text][\/vc_tta_section][vc_tta_section title=\u00bb2020&#8243; tab_id=\u00bb1594235628604-1c60f345-6e0b\u00bb][vc_column_text css=\u00bb\u00bb]<strong>CONVENIOS 2020\u00a0<\/strong><\/p>\n<p><a href=\"https:\/\/www.fresnillo.gob.mx\/wp-content\/uploads\/2020\/10\/CONVENIO-FISE-FISMD-OIGEN-FRESNILLO-010-2020.pdf\">CONVENIO FISE-FISMD-OIGEN-FRESNILLO-010-2020<\/a>[\/vc_column_text][\/vc_tta_section][vc_tta_section title=\u00bb2021&#8243; tab_id=\u00bb1620092717943-8f52db1e-5d4b\u00bb][vc_column_text css=\u00bb\u00bb]Justificante<\/p>\n<p><strong>Se informa que en no se han celebrado Convenios<\/strong>[\/vc_column_text][\/vc_tta_section][vc_tta_section title=\u00bb2022&#8243; tab_id=\u00bb1649078374342-1e3483a3-8c85&#8243;][vc_column_text css=\u00bb\u00bb]<strong>CONVENIO FISE-FISM-010-2022<\/strong><\/p>\n<p><a href=\"https:\/\/www.fresnillo.gob.mx\/wp-content\/uploads\/2022\/07\/CONVENIO-FISE-FISM-010-2022.pdf\">CONVENIO DE CONCENTRACI\u00d3N DE ACCIONES Y APORTACI\u00d3N DE RECURSOS , PARA LA EJECUCI\u00d3N DEL PROGRAMA MEJORAMIENTO DE VIVIENDA<\/a>[\/vc_column_text][\/vc_tta_section][vc_tta_section title=\u00bb2024&#8243; tab_id=\u00bb1736181925217-232714ed-bb40&#8243;][\/vc_tta_section][vc_tta_section title=\u00bb2025&#8243; tab_id=\u00bb1758736663646-e5286b03-7556&#8243;][vc_column_text css=\u00bb\u00bb]<\/p>\n<p><a href=\"https:\/\/www.fresnillo.gob.mx\/transparencia\/wp-content\/uploads\/2025\/09\/CONVENIO-DE-CONCENTRACIONES-Y-APORTACIONES-CON-SAMA-FRESNILLO-LOCALIDAD-SAN-JUAN-DEL-CENTRO.pdf\">CONVENIO DE CONCENTRACIONES Y APORTACIONES CON SAMA-FRESNILLO LOCALIDAD SAN JUAN DEL CENTRO<\/a><\/p>\n<p><a href=\"https:\/\/www.fresnillo.gob.mx\/transparencia\/wp-content\/uploads\/2025\/12\/CONVENIO-DE-CONCENTRACIONES-Y-APORTACIONES-CON-SAMA-FRESNILLO-LOCALIDAD-LAZARO-CARDENAS-RANCHO-GRANDE.pdf\">CONVENIO DE CONCENTRACIONES Y APORTACIONES CON SAMA-FRESNILLO LOCALIDAD LAZARO CARDENAS (RANCHO GRANDE)<\/a><br \/>\n<a href=\"https:\/\/www.fresnillo.gob.mx\/transparencia\/wp-content\/uploads\/2025\/12\/CONVENIO-DE-CONCENTRACIONES-Y-APORTACIONES-CON-SAMA-FRESNILLO-LOCALIDAD-MARIAS-RAMOS.pdf\">CONVENIO DE CONCENTRACIONES Y APORTACIONES CON SAMA-FRESNILLO LOCALIDAD MARIAS RAMOS<\/a>[\/vc_column_text][\/vc_tta_section][vc_tta_section title=\u00bb2026&#8243; tab_id=\u00bb1775832704177-72e15b58-3fbe\u00bb][vc_column_text css=\u00bb\u00bb]CONVENIOS 2026<br \/>\n<a href=\"https:\/\/www.fresnillo.gob.mx\/transparencia\/wp-content\/uploads\/2026\/04\/Justificacion-Convenios-Primer-Trimestre.pdf\">Justificacion Convenios Primer Trimestre<\/a>[\/vc_column_text][\/vc_tta_section][\/vc_tta_tabs][\/vc_column][\/vc_row]<\/p>\n<\/div>","protected":false},"excerpt":{"rendered":"<p>[vc_row][vc_column][vc_tta_tabs shape=\u00bbround\u00bb active_section=\u00bb1&#8243;][vc_tta_section title=\u00bb2018&#8243; tab_id=\u00bb1549515345244-a55be2ef-12b0&#8243;][vc_column_text css=\u00bb\u00bb]1.Convenio de concertaci\u00f3n Programa de\u00a0Agua Potable,\u00a0Drenaje\u00a0y\u00a0Tratamiento\u00a0(PROAGUA)\u00a0apartado\u00a0Plantas\u00a0de\u00a0Tratamiento de Aguas Residuales\u00a0(PTAR) 2.Convenio\u00a0de\u00a0concertaci\u00f3n\u00a0Programa de Agua Potable, Drenaje y\u00a0\u00a0 Tratamiento (PROAGUA), Apartado Rural (APARURAL) 3.Convenio de\u00a0Coordinaci\u00f3n\u00a0\u201d INFRAESTRUCTURA\u00a0PARA HABITAT\u00bb\u00a0[\/vc_column_text][\/vc_tta_section][vc_tta_section title=\u00bb2019&#8243; tab_id=\u00bb1549515345255-d981821d-3186&#8243;][vc_column_text css=\u00bb\u00bb]PRIMER TRIMESTRE 2019 Durante el periodo que se informa no se contrajeron convenios SEGUNDO TRIMESTRE 2019 Durante este trimestre los convenios a realizar se [&hellip;]<\/p>\n","protected":false},"author":1,"featured_media":0,"parent":1908,"menu_order":12,"comment_status":"closed","ping_status":"closed","template":"","meta":{"_uag_custom_page_level_css":"","advgb_blocks_editor_width":"","advgb_blocks_columns_visual_guide":"","footnotes":""},"class_list":["post-15670","page","type-page","status-publish","hentry"],"uagb_featured_image_src":{"full":false,"thumbnail":false,"medium":false,"medium_large":false,"large":false,"1536x1536":false,"2048x2048":false},"uagb_author_info":{"display_name":"admin","author_link":"https:\/\/www.fresnillo.gob.mx\/transparencia\/author\/admin\/"},"uagb_comment_info":0,"uagb_excerpt":"[vc_row][vc_column][vc_tta_tabs shape=\u00bbround\u00bb active_section=\u00bb1&#8243;][vc_tta_section title=\u00bb2018&#8243; tab_id=\u00bb1549515345244-a55be2ef-12b0&#8243;][vc_column_text css=\u00bb\u00bb]1.Convenio de concertaci\u00f3n Programa de\u00a0Agua Potable,\u00a0Drenaje\u00a0y\u00a0Tratamiento\u00a0(PROAGUA)\u00a0apartado\u00a0Plantas\u00a0de\u00a0Tratamiento de Aguas Residuales\u00a0(PTAR) 2.Convenio\u00a0de\u00a0concertaci\u00f3n\u00a0Programa de Agua Potable, Drenaje y\u00a0\u00a0 Tratamiento (PROAGUA), Apartado Rural (APARURAL) 3.Convenio de\u00a0Coordinaci\u00f3n\u00a0\u201d INFRAESTRUCTURA\u00a0PARA HABITAT\u00bb\u00a0[\/vc_column_text][\/vc_tta_section][vc_tta_section title=\u00bb2019&#8243; tab_id=\u00bb1549515345255-d981821d-3186&#8243;][vc_column_text css=\u00bb\u00bb]PRIMER TRIMESTRE 2019 Durante el periodo que se informa no se contrajeron convenios SEGUNDO TRIMESTRE 2019 Durante este trimestre los convenios a realizar se&hellip;","coauthors":[],"author_meta":{"author_link":"https:\/\/www.fresnillo.gob.mx\/transparencia\/author\/admin\/","display_name":"admin"},"relative_dates":{"created":"Publicado 7 a\u00f1os hace","modified":"Actualizado 1 mes hace"},"absolute_dates":{"created":"Publicado el febrero 6, 2019","modified":"Actualizado el abril 10, 2026"},"absolute_dates_time":{"created":"Publicado el febrero 6, 2019 10:55 pm","modified":"Actualizado el abril 10, 2026 2:52 pm"},"featured_img_caption":"","featured_img":false,"series_order":"","_links":{"self":[{"href":"https:\/\/www.fresnillo.gob.mx\/transparencia\/wp-json\/wp\/v2\/pages\/15670","targetHints":{"allow":["GET"]}}],"collection":[{"href":"https:\/\/www.fresnillo.gob.mx\/transparencia\/wp-json\/wp\/v2\/pages"}],"about":[{"href":"https:\/\/www.fresnillo.gob.mx\/transparencia\/wp-json\/wp\/v2\/types\/page"}],"author":[{"embeddable":true,"href":"https:\/\/www.fresnillo.gob.mx\/transparencia\/wp-json\/wp\/v2\/users\/1"}],"replies":[{"embeddable":true,"href":"https:\/\/www.fresnillo.gob.mx\/transparencia\/wp-json\/wp\/v2\/comments?post=15670"}],"version-history":[{"count":8,"href":"https:\/\/www.fresnillo.gob.mx\/transparencia\/wp-json\/wp\/v2\/pages\/15670\/revisions"}],"predecessor-version":[{"id":79967,"href":"https:\/\/www.fresnillo.gob.mx\/transparencia\/wp-json\/wp\/v2\/pages\/15670\/revisions\/79967"}],"up":[{"embeddable":true,"href":"https:\/\/www.fresnillo.gob.mx\/transparencia\/wp-json\/wp\/v2\/pages\/1908"}],"wp:attachment":[{"href":"https:\/\/www.fresnillo.gob.mx\/transparencia\/wp-json\/wp\/v2\/media?parent=15670"}],"curies":[{"name":"wp","href":"https:\/\/api.w.org\/{rel}","templated":true}]}}