{"id":18170,"date":"2019-04-24T11:51:17","date_gmt":"2019-04-24T16:51:17","guid":{"rendered":"https:\/\/www.seguiremoshaciendohistoria.gob.mx\/?page_id=18170"},"modified":"2026-04-07T20:54:38","modified_gmt":"2026-04-07T20:54:38","slug":"normatividad","status":"publish","type":"page","link":"https:\/\/www.fresnillo.gob.mx\/transparencia\/desarrollo-social\/normatividad\/","title":{"rendered":"Normatividad"},"content":{"rendered":"<div class=\"wpb-content-wrapper\"><p>[vc_row][vc_column][vc_column_text css=\u00bb\u00bb]<\/p>\n<p>\n<a href=\"https:\/\/www.fresnillo.gob.mx\/transparencia\/wp-content\/uploads\/2026\/03\/LEY-GENERAL-DE-TRANSPARENCIA-Y-ACCESO-A-LA-INFORMACION-PUBLICA-Nueva-Ley-DOF-20-03-2025.pdf\">LEY GENERAL DE TRANSPARENCIA Y ACCESO A LA INFORMACI\u00d3N P\u00daBLICA Nueva Ley DOF 20-03-2025<\/a><\/p>\n<p><a href=\"https:\/\/www.fresnillo.gob.mx\/transparencia\/wp-content\/uploads\/2026\/03\/Ley-de-Transparencia-y-Acceso-a-la-Informacion-Publica-del-Estado-de-Zacatecas.-Nueva-Ley-POG-15-10-2025.pdf\">Ley de Transparencia y Acceso a la Informaci\u00f3n P\u00fablica del Estado de Zacatecas. Nueva Ley POG 15-10-2025<\/a><br \/><a href=\"https:\/\/www.fresnillo.gob.mx\/transparencia\/wp-content\/uploads\/2026\/03\/Ley-de-Proteccion-de-Datos-Personales-en-Posesion-de-Sujetos-Obligados-del-Estado-de-Zacatecas-Nueva-Ley-POG-29-09-2025.pdf\">Ley-de-Proteccion-de-Datos-Personales-en-Posesion-de-Sujetos-Obligados-del-Estado-de-Zacatecas Nueva Ley POG 29-09-2025<\/a><\/p>\n<p><a href=\"https:\/\/www.fresnillo.gob.mx\/transparencia\/wp-content\/uploads\/2026\/04\/CODIGO-CIVIL-DEL-ESTADO-DE-ZACATECAS-ULTIMA-REFORMA-POG-08-07-2023.pdf\">C\u00d3DIGO CIVIL DEL ESTADO DE ZACATECAS ULTIMA REFORMA POG 08-07-2023<\/a><br \/><a href=\"https:\/\/www.fresnillo.gob.mx\/transparencia\/wp-content\/uploads\/2026\/04\/Codigo_Conducta_Etica_ASE.pdf\">Codigo_Conducta_Etica_ASE<\/a><br \/><a href=\"https:\/\/www.fresnillo.gob.mx\/transparencia\/wp-content\/uploads\/2026\/04\/Codigo-Civil-del-Estado-de-Zacatecas-1.pdf\">Codigo-Civil-del-Estado-de-Zacatecas-1<\/a><br \/><a href=\"https:\/\/www.fresnillo.gob.mx\/transparencia\/wp-content\/uploads\/2026\/04\/CODIGO-DE-PROCEDIMEINTOS-CIVILES-PARA-EL-ESTADO-DE-ZACATECAS-ULITMA-REFORMA-POG-21-02-2018.pdf\">CODIGO-DE-PROCEDIMEINTOS-CIVILES-PARA-EL-ESTADO-DE-ZACATECAS-ULITMA-REFORMA-POG-21-02-2018<\/a><br \/><a href=\"https:\/\/www.fresnillo.gob.mx\/transparencia\/wp-content\/uploads\/2026\/04\/codigo-municipal-reglamentario-de-fresnillo.pdf\">codigo-municipal-reglamentario-de-fresnillo<\/a><br \/><a href=\"https:\/\/www.fresnillo.gob.mx\/transparencia\/wp-content\/uploads\/2026\/04\/CONSTITUCION-POLITICA-DE-LOS-ESTADOS-UNIDOS-MEXICANOS-ULTMIA-REFORMA-DOF-03-03-2026.pdf\">CONSTITUCI\u00d3N POL\u00cdTICA DE LOS ESTADOS UNIDOS MEXICANOS ULTMIA REFORMA DOF 03-03-2026<\/a><br \/><a href=\"https:\/\/www.fresnillo.gob.mx\/transparencia\/wp-content\/uploads\/2026\/04\/CONSTITUCION-POLITICA-DEL-ESTADO-LIBRE-Y-SOBERANO-DE-ZACATECAS-ULTIMA-REFORMA-POG-24-01-2026.pdf\">CONSTITUCI\u00d3N POL\u00cdTICA DEL ESTADO LIBRE Y SOBERANO DE ZACATECAS ULTIMA REFORMA POG 24-01-2026<\/a><br \/><a href=\"https:\/\/www.fresnillo.gob.mx\/transparencia\/wp-content\/uploads\/2026\/04\/DOF-Lineamientos-FAIS-2026.pdf\">DOF &#8211; Lineamientos FAIS 2026<\/a><br \/><a href=\"https:\/\/www.fresnillo.gob.mx\/transparencia\/wp-content\/uploads\/2026\/04\/LEY-DE-ADQUISICIONES-ARRENDAMIENTOS-Y-SERVICIOS-DEL-SECTOR-PUBLICO-DOF-16-04-2025.pdf\">LEY DE ADQUISICIONES, ARRENDAMIENTOS Y SERVICIOS DEL SECTOR P\u00daBLICO DOF 16-04-2025<\/a><br \/><a href=\"https:\/\/www.fresnillo.gob.mx\/transparencia\/wp-content\/uploads\/2026\/04\/LEY-DE-DESARROLLO-SOCIAL-PARA-EL-ESTADO-Y-MUNICIPIOS-DE-ZACATECAS-21-01-2026.pdf\">LEY DE DESARROLLO SOCIAL PARA EL ESTADO Y MUNICIPIOS DE ZACATECAS 21-01-2026<\/a><br \/><a href=\"https:\/\/www.fresnillo.gob.mx\/transparencia\/wp-content\/uploads\/2026\/04\/LEY-DE-FISCALIZACION-Y-RENDICION-DE-CUENTAS-DEL-ESTADO-DE-ZACATECAS-ULTIMA-REFORMA-POG-26-03-2025.pdf\">LEY DE FISCALIZACI\u00d3N Y RENDICI\u00d3N DE CUENTAS DEL ESTADO DE ZACATECAS ULTIMA REFORMA POG 26-03-2025<\/a><br \/><a href=\"https:\/\/www.fresnillo.gob.mx\/transparencia\/wp-content\/uploads\/2026\/04\/Ley-de-Responsabilidades-de-los-Servidores-Publicos-del-Estado-y-Municipios-de-Zacatecas.pdf\">Ley de Responsabilidades de los Servidores P\u00fablicos del Estado y Municipios de Zacatecas<\/a><br \/><a href=\"https:\/\/www.fresnillo.gob.mx\/transparencia\/wp-content\/uploads\/2026\/04\/LEY-DE-COORDINACION-FISCAL.pdf\">LEY-DE-COORDINACION-FISCAL<\/a><br \/><a href=\"https:\/\/www.fresnillo.gob.mx\/transparencia\/wp-content\/uploads\/2026\/04\/LEY-DE-OBRA-PUBLICA-Y-SERVICIOS-RELACIONADOS-PARA-EL-ESTADO-Y-LOS-MUNICIPIOS-DE-ZACATECAS.pdf\">LEY-DE-OBRA-PUBLICA-Y-SERVICIOS-RELACIONADOS-PARA-EL-ESTADO-Y-LOS-MUNICIPIOS-DE-ZACATECAS<\/a><br \/><a href=\"https:\/\/www.fresnillo.gob.mx\/transparencia\/wp-content\/uploads\/2026\/04\/LEY-DE-ENTREGA-RECEPCION-DEL-ESTADO-Y-MUNICIPIOS-DE-ZACATECAS.pdf\">LEY-DE-ENTREGA-RECEPCION-DEL-ESTADO-Y-MUNICIPIOS-DE-ZACATECAS<\/a><br \/><a href=\"https:\/\/www.fresnillo.gob.mx\/transparencia\/wp-content\/uploads\/2026\/04\/LEY-GENERAL-DE-CONTABILIDAD-GUBERNAMENTAL.pdf\">LEY-GENERAL-DE-CONTABILIDAD-GUBERNAMENTAL<\/a><br \/><a href=\"https:\/\/www.fresnillo.gob.mx\/transparencia\/wp-content\/uploads\/2026\/04\/LEY-ORGANICA-DEL-MUNICIPIO-DEL-ESTADO-DE-ZACATECAS.pdf\">LEY-ORGANICA-DEL-MUNICIPIO-DEL-ESTADO-DE-ZACATECAS<\/a><br \/><a href=\"https:\/\/www.fresnillo.gob.mx\/transparencia\/wp-content\/uploads\/2026\/04\/Presupuesto-de-Egresos-del-Estado-de-Zacatecas-para-el-Ejercicio-Fiscal-2026.pdf\">Presupuesto de Egresos del Estado de Zacatecas para el Ejercicio Fiscal 2026.<\/a><br \/><a href=\"https:\/\/www.fresnillo.gob.mx\/transparencia\/wp-content\/uploads\/2026\/04\/REGLAMENTO-DE-LA-LEY-DE-OBRAS-PUBLICAS-Y-SERVICIOS-RELACIONADOS-CON-LAS-MISMAS.pdf\">REGLAMENTO-DE-LA-LEY-DE-OBRAS-PUBLICAS-Y-SERVICIOS-RELACIONADOS-CON-LAS-MISMAS<\/a><br \/><a href=\"https:\/\/www.fresnillo.gob.mx\/transparencia\/wp-content\/uploads\/2026\/04\/Reglamento-Interior-Administracion-Municipal-Fresnillo.pdf\">Reglamento-Interior-Administracion-Municipal-Fresnillo<\/a><\/p>\n<p><a href=\"https:\/\/www.fresnillo.gob.mx\/wp-content\/uploads\/2022\/06\/CONVOCATORIA-PRESIDENTES-DE-PARTICIPACION-SOCIAL.pdf\">CONVOCATORIA PRESIDENTES DE PARTICIPACI\u00d3N SOCIAL<\/a><\/p>\n<p><a href=\"https:\/\/www.fresnillo.gob.mx\/wp-content\/uploads\/2020\/04\/ACUERDO-MODIFICATORIOS-FAIS-2020.pdf\"> ACUERDO MODIFICATORIO POR EL QUE SE EMITEN LOS LINEAMIENTOS DEL FONDO DE APORTACIONES PARA LA INFRAESTRUCTURA SOCIAL (FAIS) 2020<\/a><\/p>\n<p><a href=\"https:\/\/www.fresnillo.gob.mx\/wp-content\/uploads\/2021\/04\/DOF-Diario-Oficial-de-la-Federacion.pdf\"> DOF &#8211; Diario Oficial de la Federaci\u00f3n Acuerdo Modificatorio por el que se emiten los Lineamientos del Fondo de Aportaciones para la infraestructura Social (FAIS) 2021<\/a><\/p>\n<p><a href=\"https:\/\/www.fresnillo.gob.mx\/wp-content\/uploads\/2022\/04\/DOF-Diario-Oficial-de-la-Federacion.pdf\"> DOF &#8211; Diario Oficial de la Federaci\u00f3n Acuerdo Modificatorio por el que se Emiten los Lineamientos del Fondo de Aportaciones para la Infraestructura Social (FAIS) Ejercicio Fiscal 2022<\/a><\/p>\n<p><a href=\"https:\/\/www.fresnillo.gob.mx\/wp-content\/uploads\/2023\/03\/DOF-Diario-Oficial-de-la-Federacion.pdf\">DOF &#8211; Diario Oficial de la Federaci\u00f3n por el que se Emiten los Lineamientos\u00a0 del Fondo de Aportaciones para la Infraestructura\u00a0 Social (FAIS) 2023<\/a><\/p>\n<p><a href=\"https:\/\/www.fresnillo.gob.mx\/wp-content\/uploads\/2024\/02\/DOF-Diario-Oficial-de-la-Federacion.pdf\">DOF &#8211; Diario Oficial de la Federaci\u00f3n por el que se Emiten los Lineamientos del Fondo de Aportaciones para la Infraestructura Social Municipal (COPLAMUN) 2024<\/a><\/p>\n<p><a href=\"https:\/\/www.fresnillo.gob.mx\/transparencia\/wp-content\/uploads\/2025\/02\/Convocatoria-Comites-de-Participacion-Social-2024-2027.pdf\">Convocatoria Comit\u00e9s de Participaci\u00f3n Social 2024-2027<\/a><\/p>\n<p><a href=\"https:\/\/www.fresnillo.gob.mx\/transparencia\/wp-content\/uploads\/2025\/02\/CONVOCATORIA-DELEGADOS-2024-2027.pdf\">CONVOCATORIA DELEGADOS 2024-2027<\/a><\/p>\n<p><a href=\"https:\/\/www.fresnillo.gob.mx\/transparencia\/wp-content\/uploads\/2025\/02\/DOF-LINEAMIENTOS-FAIS-2025.pdf\">DOF &#8211; LINEAMIENTOS FAIS 2025<\/a><\/p>\n<p><a href=\"https:\/\/www.fresnillo.gob.mx\/transparencia\/wp-content\/uploads\/2025\/04\/Terminos-de-Referencia-de-la-Evaluacion-Estrategica-de-Coordinacion-del-Fondo-de-Aportaciones-para-la-.pdf\">T\u00e9rminos de Referencia de la Evaluaci\u00f3n Estrat\u00e9gica de Coordinaci\u00f3n del Fondo de Aportaciones para la<\/a><\/p>\n<p><a href=\"https:\/\/www.fresnillo.gob.mx\/transparencia\/wp-content\/uploads\/2025\/05\/Centros-de-Desarrllo-Comunitaros.pdf\">Centros de Desarrllo Comunitaros<\/a><\/p>\n<p><a href=\"https:\/\/www.fresnillo.gob.mx\/transparencia\/wp-content\/uploads\/2026\/02\/DOF-Diario-Oficial-de-la-Federacion-Acuerdo-Lineamientos-FAIS-2026.pdf\">DOF &#8211; Diario Oficial de la Federaci\u00f3n Acuerdo Lineamientos FAIS 2026<\/a><\/p>\n<p><a href=\"https:\/\/www.fresnillo.gob.mx\/transparencia\/wp-content\/uploads\/2026\/04\/CODIGO-FISCAL-DE-LA-FEDERACION-DOF-14-11-2025.pdf\">C\u00d3DIGO FISCAL DE LA FEDERACI\u00d3N DOF 14-11-2025<\/a><br \/>\n[\/vc_column_text][\/vc_column][\/vc_row]<\/p>\n<\/div>","protected":false},"excerpt":{"rendered":"<p>[vc_row][vc_column][vc_column_text css=\u00bb\u00bb] LEY GENERAL DE TRANSPARENCIA Y ACCESO A LA INFORMACI\u00d3N P\u00daBLICA Nueva Ley DOF 20-03-2025 Ley de Transparencia y Acceso a la Informaci\u00f3n P\u00fablica del Estado de Zacatecas. Nueva Ley POG 15-10-2025Ley-de-Proteccion-de-Datos-Personales-en-Posesion-de-Sujetos-Obligados-del-Estado-de-Zacatecas Nueva Ley POG 29-09-2025 C\u00d3DIGO CIVIL DEL ESTADO DE ZACATECAS ULTIMA REFORMA POG 08-07-2023Codigo_Conducta_Etica_ASECodigo-Civil-del-Estado-de-Zacatecas-1CODIGO-DE-PROCEDIMEINTOS-CIVILES-PARA-EL-ESTADO-DE-ZACATECAS-ULITMA-REFORMA-POG-21-02-2018codigo-municipal-reglamentario-de-fresnilloCONSTITUCI\u00d3N POL\u00cdTICA DE LOS ESTADOS UNIDOS MEXICANOS ULTMIA REFORMA [&hellip;]<\/p>\n","protected":false},"author":6,"featured_media":0,"parent":1908,"menu_order":60,"comment_status":"closed","ping_status":"closed","template":"","meta":{"_uag_custom_page_level_css":"","advgb_blocks_editor_width":"","advgb_blocks_columns_visual_guide":"","footnotes":""},"class_list":["post-18170","page","type-page","status-publish","hentry"],"uagb_featured_image_src":{"full":false,"thumbnail":false,"medium":false,"medium_large":false,"large":false,"1536x1536":false,"2048x2048":false},"uagb_author_info":{"display_name":"DesarrolloSocial2","author_link":"https:\/\/www.fresnillo.gob.mx\/transparencia\/author\/desarrollosocial2\/"},"uagb_comment_info":0,"uagb_excerpt":"[vc_row][vc_column][vc_column_text css=\u00bb\u00bb] LEY GENERAL DE TRANSPARENCIA Y ACCESO A LA INFORMACI\u00d3N P\u00daBLICA Nueva Ley DOF 20-03-2025 Ley de Transparencia y Acceso a la Informaci\u00f3n P\u00fablica del Estado de Zacatecas. Nueva Ley POG 15-10-2025Ley-de-Proteccion-de-Datos-Personales-en-Posesion-de-Sujetos-Obligados-del-Estado-de-Zacatecas Nueva Ley POG 29-09-2025 C\u00d3DIGO CIVIL DEL ESTADO DE ZACATECAS ULTIMA REFORMA POG 08-07-2023Codigo_Conducta_Etica_ASECodigo-Civil-del-Estado-de-Zacatecas-1CODIGO-DE-PROCEDIMEINTOS-CIVILES-PARA-EL-ESTADO-DE-ZACATECAS-ULITMA-REFORMA-POG-21-02-2018codigo-municipal-reglamentario-de-fresnilloCONSTITUCI\u00d3N POL\u00cdTICA DE LOS ESTADOS UNIDOS MEXICANOS ULTMIA REFORMA&hellip;","coauthors":[],"author_meta":{"author_link":"https:\/\/www.fresnillo.gob.mx\/transparencia\/author\/desarrollosocial2\/","display_name":"DesarrolloSocial2"},"relative_dates":{"created":"Publicado 7 a\u00f1os hace","modified":"Actualizado 1 mes hace"},"absolute_dates":{"created":"Publicado el abril 24, 2019","modified":"Actualizado el abril 7, 2026"},"absolute_dates_time":{"created":"Publicado el abril 24, 2019 11:51 am","modified":"Actualizado el abril 7, 2026 8:54 pm"},"featured_img_caption":"","featured_img":false,"series_order":"","_links":{"self":[{"href":"https:\/\/www.fresnillo.gob.mx\/transparencia\/wp-json\/wp\/v2\/pages\/18170","targetHints":{"allow":["GET"]}}],"collection":[{"href":"https:\/\/www.fresnillo.gob.mx\/transparencia\/wp-json\/wp\/v2\/pages"}],"about":[{"href":"https:\/\/www.fresnillo.gob.mx\/transparencia\/wp-json\/wp\/v2\/types\/page"}],"author":[{"embeddable":true,"href":"https:\/\/www.fresnillo.gob.mx\/transparencia\/wp-json\/wp\/v2\/users\/6"}],"replies":[{"embeddable":true,"href":"https:\/\/www.fresnillo.gob.mx\/transparencia\/wp-json\/wp\/v2\/comments?post=18170"}],"version-history":[{"count":32,"href":"https:\/\/www.fresnillo.gob.mx\/transparencia\/wp-json\/wp\/v2\/pages\/18170\/revisions"}],"predecessor-version":[{"id":79787,"href":"https:\/\/www.fresnillo.gob.mx\/transparencia\/wp-json\/wp\/v2\/pages\/18170\/revisions\/79787"}],"up":[{"embeddable":true,"href":"https:\/\/www.fresnillo.gob.mx\/transparencia\/wp-json\/wp\/v2\/pages\/1908"}],"wp:attachment":[{"href":"https:\/\/www.fresnillo.gob.mx\/transparencia\/wp-json\/wp\/v2\/media?parent=18170"}],"curies":[{"name":"wp","href":"https:\/\/api.w.org\/{rel}","templated":true}]}}