{"id":631,"date":"2017-06-14T03:51:33","date_gmt":"2017-06-14T03:51:33","guid":{"rendered":"http:\/\/localhost\/construct\/?page_id=631"},"modified":"2026-04-07T15:15:40","modified_gmt":"2026-04-07T15:15:40","slug":"transparencia","status":"publish","type":"page","link":"https:\/\/www.fresnillo.gob.mx\/transparencia\/","title":{"rendered":"Unidad de Transparencia"},"content":{"rendered":"<div class=\"wpb-content-wrapper\"><p>[vc_row parallax_bg=\u00bbtrue\u00bb css=\u00bb.vc_custom_1727206315833{padding-top: 75px !important;padding-bottom: 75px !important;background-image: url(https:\/\/www.fresnillo.gob.mx\/wp-content\/uploads\/2024\/09\/Portada-Redes-03.png?id=68871) !important;background-position: center !important;background-repeat: no-repeat !important;background-size: cover !important;}\u00bb][vc_column width=\u00bb1\/2&#8243;][vc_column_text css=\u00bb.vc_custom_1727205749431{margin-bottom: 0px !important;}\u00bb]<\/p>\n<h3 class=\"text-white font-family-heading font-size-35\">TRANSPARENCIA<\/h3>\n<div class=\"wprt-spacer\" style=\"height: 0px;\" data-desktop=\"0\" data-mobi=\"40\" data-smobi=\"40\"><\/div>\n<p>[\/vc_column_text][\/vc_column][vc_column width=\u00bb1\/2&#8243;][vc_column_text css=\u00bb\u00bb]<\/p>\n<h6 style=\"text-align: right;\"><span style=\"color: #ffffff;\">Bienvenidos al Portal de Transparencia, del Ayuntamiento de Fresnillo; el cual habr\u00e1 de ser una efectiva herramienta de rendici\u00f3n de cuentas y comunicaci\u00f3n constante, con el objetivo de transparentar el ejercicio gubernamental y atender las solicitudes de informaci\u00f3n que se generen durante el mismo.<\/span><\/h6>\n<p>[\/vc_column_text][\/vc_column][\/vc_row][vc_row css=\u00bb.vc_custom_1540314293786{margin-top: 50px !important;margin-bottom: 50px !important;}\u00bb][vc_column width=\u00bb1\/2&#8243;]\n\t<div class=\"wprt-icon-box accent-background  rounded icon-effect-2 width-90\">\n        <div class=\"icon-wrap font-size-50\">\n            <span class=\"dd-icon fas fa-file-invoice \"><\/span>\n        <\/div>\n        <div class=\"content-wrap\">\n            <h3 class=\"dd-title font-size-18\">Formato IECR<\/h3>\n            <p><\/p>\n<h4 style=\"text-align: center;\"><strong><a class=\"wprt-button\" href=\"https:\/\/www.fresnillo.gob.mx\/transparencia\/wp-content\/uploads\/Acta%20de%20Reserva%20de%20Informacion.pdf\" target=\"_blank\" rel=\"noopener\">ACUERDO 01\/2025<\/a><\/strong><\/h4>\n<h4 style=\"text-align: center;\"><strong><a href=\"https:\/\/www.fresnillo.gob.mx\/transparencia\/wp-content\/uploads\/2025\/08\/ACUERDO-DOS.pdf\" target=\"_blank\" rel=\"noopener\">ACUERDO 02\/2025<\/a><\/strong><\/h4>\n<h4 style=\"text-align: center;\"><strong><a href=\"https:\/\/www.fresnillo.gob.mx\/transparencia\/wp-content\/uploads\/2025\/08\/ACUERDO-TRES.pdf\" target=\"_blank\" rel=\"noopener\">ACUERDO 03\/2025<\/a><\/strong><\/h4>\n<h4 style=\"text-align: center;\"><strong><a href=\"https:\/\/www.fresnillo.gob.mx\/transparencia\/wp-content\/uploads\/2025\/08\/ACUERDO-CUATRO.pdf\" target=\"_blank\" rel=\"noopener\">ACUERDO 04\/2025<\/a><\/strong><\/h4>\n<h4 style=\"text-align: center;\"><strong><a href=\"https:\/\/www.fresnillo.gob.mx\/transparencia\/wp-content\/uploads\/2025\/08\/ACUERDO-CINCO.pdf\" target=\"_blank\" rel=\"noopener\">ACUERDO 05\/2025<\/a><\/strong><\/h4>\n<h4 style=\"text-align: center;\"><strong><a href=\"https:\/\/www.fresnillo.gob.mx\/transparencia\/wp-content\/uploads\/2025\/08\/ACUERDO-SEIS.pdf\" target=\"_blank\" rel=\"noopener\">ACUERDO 06\/2025<\/a><\/strong><\/h4>\n<h4 style=\"text-align: center;\"><strong><a href=\"https:\/\/www.fresnillo.gob.mx\/transparencia\/wp-content\/uploads\/2025\/09\/ACUERDO-072025.pdf\" target=\"_blank\" rel=\"noopener\">ACUERDO 07\/2025<\/a><\/strong><\/h4>\n<p><\/p>\n        <\/div>\n    <\/div>\n\n[\/vc_column][vc_column width=\u00bb1\/2&#8243;]\n\t<div class=\"wprt-icon-box grey-background  rounded icon-effect-2 width-90\">\n        <div class=\"icon-wrap font-size-50\">\n            <span class=\"dd-icon far fa-file-alt \"><\/span>\n        <\/div>\n        <div class=\"content-wrap\">\n            <h3 class=\"dd-title font-size-18\">Avisos de Privacidad<\/h3>\n            <p><\/p>\n<p style=\"text-align: center;\"><a class=\"wprt-button\" href=\"https:\/\/www.fresnillo.gob.mx\/transparencia\/avisos-privacidad\/\">CONSULTAR<\/a><\/p>\n<p><\/p>\n        <\/div>\n    <\/div>\n\n[\/vc_column][\/vc_row][vc_row css=\u00bb.vc_custom_1540323342422{padding-top: 80px !important;padding-bottom: 80px !important;background-color: #f2f2f2 !important;}\u00bb][vc_column]\n    <h2 class=\"text-center\" >Articulos<\/h2>\n    \t    <div class=\"wprt-lines style-2 custom-1\">\n\t        <div class=\"line-1\"><\/div>\n\t    <\/div>\n    \n        \t\n[vc_empty_space height=\u00bb42px\u00bb][\/vc_column][vc_column width=\u00bb1\/2&#8243;][vc_text_separator title=\u00bbLey Actual 2025&#8243; i_icon_fontawesome=\u00bbfas fa-gavel\u00bb i_color=\u00bbmulled_wine\u00bb color=\u00bbcustom\u00bb style=\u00bbdouble\u00bb border_width=\u00bb2&#8243; css=\u00bb\u00bb add_icon=\u00bbtrue\u00bb accent_color=\u00bb#183889&#8243;][vc_tta_accordion][vc_tta_section title=\u00bbArt\u00edculo 53&#8243; tab_id=\u00bb1775574209350-df0e02e9-0da8&#8243;][vc_wp_custommenu nav_menu=\u00bb316&#8243;][\/vc_tta_section][vc_tta_section title=\u00bbArt\u00edculo 54&#8243; tab_id=\u00bb1775574209350-abf7a53f-b035&#8243;][vc_wp_custommenu nav_menu=\u00bb315&#8243;][\/vc_tta_section][\/vc_tta_accordion][\/vc_column][\/vc_row][vc_row css=\u00bb.vc_custom_1540323342422{padding-top: 80px !important;padding-bottom: 80px !important;background-color: #f2f2f2 !important;}\u00bb][vc_column]\n    <h2 class=\"text-center\" >Articulos<\/h2>\n    \t    <div class=\"wprt-lines style-2 custom-1\">\n\t        <div class=\"line-1\"><\/div>\n\t    <\/div>\n    \n        \t\n[vc_empty_space height=\u00bb42px\u00bb][\/vc_column][vc_column width=\u00bb1\/2&#8243;][vc_text_separator title=\u00bbLey Anterior (Hist\u00f3rico)\u00bb i_icon_fontawesome=\u00bbfas fa-gavel\u00bb i_color=\u00bbmulled_wine\u00bb color=\u00bbcustom\u00bb style=\u00bbdouble\u00bb border_width=\u00bb2&#8243; css=\u00bb\u00bb add_icon=\u00bbtrue\u00bb accent_color=\u00bb#183889&#8243;][vc_tta_accordion shape=\u00bbsquare\u00bb gap=\u00bb10&#8243; c_icon=\u00bb\u00bb active_section=\u00bb0&#8243; collapsible_all=\u00bbtrue\u00bb][vc_tta_section title=\u00bbArticulo 39&#8243; tab_id=\u00bb1497243016772-3e88fea2-1cce0b35-fe53&#8243;][vc_wp_custommenu nav_menu=\u00bb5&#8243;][\/vc_tta_section][vc_tta_section title=\u00bbArticulo 40&#8243; tab_id=\u00bb1497243016832-66039a67-425c0b35-fe53&#8243;][vc_wp_custommenu nav_menu=\u00bb7&#8243;][\/vc_tta_section][vc_tta_section title=\u00bbArticulo 41&#8243; tab_id=\u00bb1497243016893-c8837340-2db90b35-fe53&#8243;][vc_wp_custommenu nav_menu=\u00bb9&#8243;][\/vc_tta_section][\/vc_tta_accordion][\/vc_column][\/vc_row][vc_row css=\u00bb.vc_custom_1600800989039{margin-top: 65px !important;margin-bottom: 35px !important;}\u00bb][vc_column width=\u00bb1\/2&#8243;][vc_single_image image=\u00bb36808&#8243; img_size=\u00bb400X120&#8243; alignment=\u00bbcenter\u00bb onclick=\u00bbcustom_link\u00bb img_link_target=\u00bb_blank\u00bb link=\u00bbhttps:\/\/www.plataformadetransparencia.org.mx\/web\/guest\/inicio\u00bb][\/vc_column][vc_column width=\u00bb1\/2&#8243;][vc_single_image image=\u00bb66567&#8243; img_size=\u00bb400X120&#8243; alignment=\u00bbcenter\u00bb onclick=\u00bbcustom_link\u00bb img_link_target=\u00bb_blank\u00bb link=\u00bbhttps:\/\/consultapublicamx.inai.org.mx\/vut-web\/?idSujetoObigadoParametro=5921&amp;idEntidadParametro=32&amp;idSectorParametro=26&#8243;][\/vc_column][\/vc_row][vc_row parallax_bg=\u00bbtrue\u00bb css=\u00bb.vc_custom_1736520200240{padding-top: 65px !important;padding-bottom: 45px !important;background-image: url(https:\/\/www.fresnillo.gob.mx\/transparencia\/wp-content\/uploads\/2024\/09\/Portada-Redes-03.png?id=68871) !important;background-position: center !important;background-repeat: no-repeat !important;background-size: cover !important;}\u00bb][vc_column width=\u00bb1\/2&#8243;][vc_column_text]<\/p>\n<h6 style=\"text-align: left;\"><span style=\"color: #ffffff;\">Hablar de transparencia en la actualidad es fundamental\u00a0, ya que el acceso a la Informaci\u00f3n P\u00fablica, va m\u00e1s all\u00e1 de un derecho constitucional, sino que es un referente para la Gobernabilidad; por ello la administraci\u00f3n que encabezo, har\u00e1 uso de esta plataforma con el m\u00e1s alto y firme compromiso; invit\u00e1ndolos a ustedes a participar e interactuar con el Portal y el Ayuntamiento.<\/span><\/h6>\n<p>[\/vc_column_text][\/vc_column][vc_column width=\u00bb1\/2&#8243;][vc_btn title=\u00bbDescargar Generador de Versi\u00f3n P\u00fablcia\u00bb css=\u00bb\u00bb link=\u00bburl:https%3A%2F%2Fdrive.usercontent.google.com%2Fdownload%3Fid%3D1a-tHyvO9zRZY-FKEK5aEFf_lqi_PAQjI%26export%3Ddownload%26authuser%3D0%26confirm%3Dt%26uuid%3D8830a30e-d4b9-43ed-b83c-11aa601b25ca%26at%3DAPcmpozNSjUGGVIFaAF7ljaXoiBv%253A1746551398414&#8243;][\/vc_column][\/vc_row][vc_row][vc_column][vc_separator color=\u00bbchino\u00bb style=\u00bbshadow\u00bb border_width=\u00bb2&#8243; css=\u00bb.vc_custom_1600800675224{padding-top: -20px !important;}\u00bb][\/vc_column][\/vc_row][vc_row css=\u00bb.vc_custom_1540323120494{margin-top: 65px !important;margin-bottom: 65px !important;}\u00bb][vc_column width=\u00bb1\/5&#8243;][vc_single_image image=\u00bb14896&#8243; img_size=\u00bb165X92&#8243; onclick=\u00bbcustom_link\u00bb img_link_target=\u00bb_blank\u00bb link=\u00bbhttp:\/\/izai.org.mx\/\u00bb][\/vc_column][vc_column width=\u00bb1\/5&#8243;][vc_single_image image=\u00bb14893&#8243; img_size=\u00bb165X92&#8243; onclick=\u00bbcustom_link\u00bb img_link_target=\u00bb_blank\u00bb link=\u00bbhttp:\/\/infomexzacatecas.org.mx\/Infomex\/\u00bb][\/vc_column][vc_column width=\u00bb1\/5&#8243;][vc_single_image image=\u00bb14895&#8243; img_size=\u00bb165X92&#8243; onclick=\u00bbcustom_link\u00bb img_link_target=\u00bb_blank\u00bb link=\u00bbhttp:\/\/inicio.ifai.org.mx\/SitePages\/ifai.aspx\u00bb][\/vc_column][vc_column width=\u00bb1\/5&#8243;][vc_single_image image=\u00bb14894&#8243; img_size=\u00bb165X92&#8243; onclick=\u00bbcustom_link\u00bb img_link_target=\u00bb_blank\u00bb link=\u00bbhttps:\/\/www.gob.mx\/curp\/\u00bb][\/vc_column][vc_column width=\u00bb1\/5&#8243;][vc_single_image image=\u00bb46835&#8243; img_size=\u00bb165X92&#8243; onclick=\u00bbcustom_link\u00bb img_link_target=\u00bb_blank\u00bb link=\u00bbhttps:\/\/interactua.izai.org.mx\/\u00bb][\/vc_column][\/vc_row][vc_row css=\u00bb.vc_custom_1600799970803{margin-bottom: 35px !important;background-color: #ffffff !important;}\u00bb][vc_column][vc_column_text css=\u00bb.vc_custom_1540323253188{margin-bottom: 35px !important;}\u00bb]<\/p>\n<h6 style=\"text-align: center;\"><strong>LEY FEDERAL DE TRANSPARENCIA Y ACCESO A LA INFORMACI\u00d3N P\u00daBLICA GUBERNAMENTAL RECONOCE Y REGULA EL DERECHO INDIVIDUAL AL ACCESO A LA INFORMACI\u00d3N EN PODER DE LAS INSTITUCIONES Y ORGANISMOS<\/strong><\/h6>\n<p>[\/vc_column_text][\/vc_column][\/vc_row]<\/p>\n<\/div>","protected":false},"excerpt":{"rendered":"<p>[vc_row parallax_bg=\u00bbtrue\u00bb css=\u00bb.vc_custom_1727206315833{padding-top: 75px !important;padding-bottom: 75px !important;background-image: url(https:\/\/www.fresnillo.gob.mx\/wp-content\/uploads\/2024\/09\/Portada-Redes-03.png?id=68871) !important;background-position: center !important;background-repeat: no-repeat !important;background-size: cover !important;}\u00bb][vc_column width=\u00bb1\/2&#8243;][vc_column_text css=\u00bb.vc_custom_1727205749431{margin-bottom: 0px !important;}\u00bb] TRANSPARENCIA [\/vc_column_text][\/vc_column][vc_column width=\u00bb1\/2&#8243;][vc_column_text css=\u00bb\u00bb] Bienvenidos al Portal de Transparencia, del Ayuntamiento de Fresnillo; el cual habr\u00e1 de ser una efectiva herramienta de rendici\u00f3n de cuentas y comunicaci\u00f3n constante, con el objetivo de transparentar el ejercicio gubernamental [&hellip;]<\/p>\n","protected":false},"author":1,"featured_media":0,"parent":0,"menu_order":28,"comment_status":"closed","ping_status":"closed","template":"page-templates\/template-fullwidth.php","meta":{"_uag_custom_page_level_css":"","advgb_blocks_editor_width":"","advgb_blocks_columns_visual_guide":"","footnotes":""},"class_list":["post-631","page","type-page","status-publish","hentry"],"uagb_featured_image_src":{"full":false,"thumbnail":false,"medium":false,"medium_large":false,"large":false,"1536x1536":false,"2048x2048":false},"uagb_author_info":{"display_name":"admin","author_link":"https:\/\/www.fresnillo.gob.mx\/transparencia\/author\/admin\/"},"uagb_comment_info":0,"uagb_excerpt":"[vc_row parallax_bg=\u00bbtrue\u00bb css=\u00bb.vc_custom_1727206315833{padding-top: 75px !important;padding-bottom: 75px !important;background-image: url(https:\/\/www.fresnillo.gob.mx\/wp-content\/uploads\/2024\/09\/Portada-Redes-03.png?id=68871) !important;background-position: center !important;background-repeat: no-repeat !important;background-size: cover !important;}\u00bb][vc_column width=\u00bb1\/2&#8243;][vc_column_text css=\u00bb.vc_custom_1727205749431{margin-bottom: 0px !important;}\u00bb] TRANSPARENCIA [\/vc_column_text][\/vc_column][vc_column width=\u00bb1\/2&#8243;][vc_column_text css=\u00bb\u00bb] Bienvenidos al Portal de Transparencia, del Ayuntamiento de Fresnillo; el cual habr\u00e1 de ser una efectiva herramienta de rendici\u00f3n de cuentas y comunicaci\u00f3n constante, con el objetivo de transparentar el ejercicio gubernamental&hellip;","coauthors":[],"author_meta":{"author_link":"https:\/\/www.fresnillo.gob.mx\/transparencia\/author\/admin\/","display_name":"admin"},"relative_dates":{"created":"Publicado 9 a\u00f1os hace","modified":"Actualizado 4 semanas hace"},"absolute_dates":{"created":"Publicado el junio 14, 2017","modified":"Actualizado el abril 7, 2026"},"absolute_dates_time":{"created":"Publicado el junio 14, 2017 3:51 am","modified":"Actualizado el abril 7, 2026 3:15 pm"},"featured_img_caption":"","featured_img":false,"series_order":"","_links":{"self":[{"href":"https:\/\/www.fresnillo.gob.mx\/transparencia\/wp-json\/wp\/v2\/pages\/631","targetHints":{"allow":["GET"]}}],"collection":[{"href":"https:\/\/www.fresnillo.gob.mx\/transparencia\/wp-json\/wp\/v2\/pages"}],"about":[{"href":"https:\/\/www.fresnillo.gob.mx\/transparencia\/wp-json\/wp\/v2\/types\/page"}],"author":[{"embeddable":true,"href":"https:\/\/www.fresnillo.gob.mx\/transparencia\/wp-json\/wp\/v2\/users\/1"}],"replies":[{"embeddable":true,"href":"https:\/\/www.fresnillo.gob.mx\/transparencia\/wp-json\/wp\/v2\/comments?post=631"}],"version-history":[{"count":20,"href":"https:\/\/www.fresnillo.gob.mx\/transparencia\/wp-json\/wp\/v2\/pages\/631\/revisions"}],"predecessor-version":[{"id":79635,"href":"https:\/\/www.fresnillo.gob.mx\/transparencia\/wp-json\/wp\/v2\/pages\/631\/revisions\/79635"}],"wp:attachment":[{"href":"https:\/\/www.fresnillo.gob.mx\/transparencia\/wp-json\/wp\/v2\/media?parent=631"}],"curies":[{"name":"wp","href":"https:\/\/api.w.org\/{rel}","templated":true}]}}