{"id":73357,"date":"2025-05-14T15:14:15","date_gmt":"2025-05-14T15:14:15","guid":{"rendered":"https:\/\/www.fresnillo.gob.mx\/transparencia\/?page_id=73357"},"modified":"2026-01-22T15:10:07","modified_gmt":"2026-01-22T15:10:07","slug":"avisos-privacidad","status":"publish","type":"page","link":"https:\/\/www.fresnillo.gob.mx\/transparencia\/avisos-privacidad\/","title":{"rendered":"Avisos de Privacidad"},"content":{"rendered":"<div class=\"wpb-content-wrapper\"><p>[vc_row][vc_column][vc_column_text css=\u00bb\u00bb]<\/p>\n<h1>Avisos de Privacidad<\/h1>\n<p>&nbsp;<\/p>\n<p><a href=\"https:\/\/www.fresnillo.gob.mx\/transparencia\/wp-content\/uploads\/2025\/08\/AVISOS-DE-PRIVACIDAD-INTEGRAL.pdf\">AVISOS-DE-PRIVACIDAD-INTEGRAL<\/a>[\/vc_column_text][vc_column_text css=\u00bb\u00bb]<\/p>\n<table style=\"height: 1984px;\" width=\"100%\">\n<tbody>\n<tr style=\"height: 47px;\">\n<td style=\"width: 53.0792%; height: 47px;\"><strong>Unidades Administrativas<\/strong><\/td>\n<td style=\"width: 45.7478%; height: 47px;\"><strong>Avisos de Privacidad 2025<\/strong><\/td>\n<\/tr>\n<tr style=\"height: 47px;\">\n<td style=\"width: 53.0792%; height: 47px;\">SECRETARIA PARTICULAR<\/td>\n<td style=\"width: 45.7478%; height: 47px;\"><a href=\"https:\/\/www.fresnillo.gob.mx\/transparencia\/wp-content\/uploads\/2025\/05\/AVISO-DE-PRIVACIDAD-SIMPLIFICADO-Secretaria-Particular.pdf\">AVISO-DE-PRIVACIDAD-SIMPLIFICADO-Secretaria-Particular<\/a><\/td>\n<\/tr>\n<tr style=\"height: 47px;\">\n<td style=\"width: 53.0792%; height: 47px;\">SECRETARIA TECNICA<\/td>\n<td style=\"width: 45.7478%; height: 47px;\"><a href=\"https:\/\/www.fresnillo.gob.mx\/transparencia\/wp-content\/uploads\/2025\/05\/AVISO-DE-PRIVACIDAD-SIMPLIFICADO-Secretaria-Tecnica.pdf\">AVISO-DE-PRIVACIDAD-SIMPLIFICADO-Secretaria-Tecnica<\/a><\/td>\n<\/tr>\n<tr style=\"height: 47px;\">\n<td style=\"width: 53.0792%; height: 47px;\">SECRETARIA DEL AYUNTAMIENTO Y GOBIERNO MUNICIPAL<\/td>\n<td style=\"width: 45.7478%; height: 47px;\"><a href=\"https:\/\/www.fresnillo.gob.mx\/transparencia\/wp-content\/uploads\/2025\/05\/AVISO-DE-PRIVACIDAD-SIMPLIFICADO-Secretaria-de-Gobierno.pdf\">AVISO-DE-PRIVACIDAD-SIMPLIFICADO-Secretaria-de-Gobierno<\/a><\/td>\n<\/tr>\n<tr style=\"height: 23px;\">\n<td style=\"width: 53.0792%; height: 23px;\">SINDICATURA MUNICIPAL<\/td>\n<td style=\"width: 45.7478%; height: 23px;\"><a href=\"https:\/\/www.fresnillo.gob.mx\/transparencia\/wp-content\/uploads\/2025\/05\/AVISO-DE-PRIVACIDAD-SIMPLIFICADO-Sindicatura.pdf\">AVISO-DE-PRIVACIDAD-SIMPLIFICADO-Sindicatura<\/a><\/td>\n<\/tr>\n<tr style=\"height: 47px;\">\n<td style=\"width: 53.0792%; height: 47px;\">SECRETARIA DE DESARROLLO ECONOMICO Y AGROPECUARIO<\/td>\n<td style=\"width: 45.7478%; height: 47px;\"><a href=\"https:\/\/www.fresnillo.gob.mx\/transparencia\/wp-content\/uploads\/2025\/05\/AVISO-DE-PRIVACIDAD-SIMPLIFICADO-Secretaria-de-Desarrollo-Economico-y-Agropecuario.pdf\">AVISO DE PRIVACIDAD SIMPLIFICADO Secretaria de Desarrollo Economico y Agropecuario<\/a><\/td>\n<\/tr>\n<tr style=\"height: 23px;\">\n<td style=\"width: 53.0792%; height: 23px;\">SECRETARIA DE DESARROLLO SOCIAL<\/td>\n<td style=\"width: 45.7478%; height: 23px;\"><a href=\"https:\/\/www.fresnillo.gob.mx\/transparencia\/wp-content\/uploads\/2025\/05\/AVISO-DE-PRIVACIDAD-SIMPLIFICADO-Secretaria-de-Desarrollo-Social.pdf\">AVISO DE PRIVACIDAD SIMPLIFICADO Secretaria de Desarrollo Social<\/a><\/td>\n<\/tr>\n<tr style=\"height: 23px;\">\n<td style=\"width: 53.0792%; height: 23px;\">SECRETARIA DE FINANZAS Y TESORERIA<\/td>\n<td style=\"width: 45.7478%; height: 23px;\"><a href=\"https:\/\/www.fresnillo.gob.mx\/transparencia\/wp-content\/uploads\/2025\/05\/AVISO-DE-PRIVACIDAD-SIMPLIFICADO-Secretaria-de-Finanzas-y-Tesoreria.pdf\">AVISO DE PRIVACIDAD SIMPLIFICADO Secretaria de Finanzas y Tesoreria<\/a><\/td>\n<\/tr>\n<tr style=\"height: 47px;\">\n<td style=\"width: 53.0792%; height: 47px;\">SECRETARIA DE OBRAS PUBLICAS Y DESARROLLO URBANO<\/td>\n<td style=\"width: 45.7478%; height: 47px;\"><a href=\"https:\/\/www.fresnillo.gob.mx\/transparencia\/wp-content\/uploads\/2025\/05\/AVISO-DE-PRIVACIDAD-SIMPLIFICADO-Secretaria-de-Obras-Publicas-y-Desarrollo-Urbano.pdf\">AVISO DE PRIVACIDAD SIMPLIFICADO Secretaria de Obras Publicas y Desarrollo Urbano<\/a><\/td>\n<\/tr>\n<tr style=\"height: 47px;\">\n<td style=\"width: 53.0792%; height: 47px;\">SECRETARIA DE PLANEACI\u00d3N ESTRATEGICA<\/td>\n<td style=\"width: 45.7478%; height: 47px;\"><a href=\"https:\/\/www.fresnillo.gob.mx\/transparencia\/wp-content\/uploads\/2025\/05\/AVISO-DE-PRIVACIDAD-SIMPLIFICADO-Unidad-de-Planeacion-Estrategica.pdf\">AVISO-DE-PRIVACIDAD-SIMPLIFICADO-Unidad-de-Planeacion-Estrategica<\/a><\/td>\n<\/tr>\n<tr style=\"height: 47px;\">\n<td style=\"width: 53.0792%; height: 47px;\">SECRETARIA DE SEGURIDAD PUBLICA MUNICIPAL DE FRESNILLO<\/td>\n<td style=\"width: 45.7478%; height: 47px;\"><a href=\"https:\/\/www.fresnillo.gob.mx\/transparencia\/wp-content\/uploads\/2025\/05\/AVISO-DE-PRIVACIDAD-SIMPLIFICADO-Seguridad-Publica.pdf\">AVISO-DE-PRIVACIDAD-SIMPLIFICADO-Seguridad-Publica<\/a><\/td>\n<\/tr>\n<tr style=\"height: 47px;\">\n<td style=\"width: 53.0792%; height: 47px;\">SECRETARIA DE ADMINISTRACI\u00d3N<\/td>\n<td style=\"width: 45.7478%; height: 47px;\"><a href=\"https:\/\/www.fresnillo.gob.mx\/transparencia\/wp-content\/uploads\/2025\/05\/AVISO-DE-PRIVACIDAD-SIMPLIFICADO-Secretaria-de-Administracion.pdf\">AVISO DE PRIVACIDAD SIMPLIFICADO Secretaria de Administracion<\/a><\/td>\n<\/tr>\n<tr style=\"height: 47px;\">\n<td style=\"width: 53.0792%; height: 47px;\">SISTEMA MUNICIPAL DE DESARROLLO INTEGRAL DE LA FAMILIA<\/td>\n<td style=\"width: 45.7478%; height: 47px;\"><a href=\"https:\/\/www.fresnillo.gob.mx\/transparencia\/wp-content\/uploads\/2025\/05\/AVISO-DE-PRIVACIDAD-SIMPLIFICADO-SMDIF.pdf\">AVISO DE PRIVACIDAD SIMPLIFICADO SMDIF<\/a><\/td>\n<\/tr>\n<tr style=\"height: 47px;\">\n<td style=\"width: 53.0792%; height: 47px;\">PROCURADURIA DE PROTECCI\u00d3N A NI\u00d1AS, NI\u00d1OS Y ADOLESCENTES<\/td>\n<td style=\"width: 45.7478%; height: 47px;\"><a href=\"https:\/\/www.fresnillo.gob.mx\/transparencia\/wp-content\/uploads\/2025\/05\/AVISO-DE-PRIVACIDAD-SIMPLIFICADO-Procuraduria-DIF.pdf\">AVISO-DE-PRIVACIDAD-SIMPLIFICADO-Procuraduria-DIF<\/a><\/td>\n<\/tr>\n<tr style=\"height: 47px;\">\n<td style=\"width: 53.0792%; height: 47px;\">ORGANO INTERNO DE CONTROL<\/td>\n<td style=\"width: 45.7478%; height: 47px;\"><a href=\"https:\/\/www.fresnillo.gob.mx\/transparencia\/wp-content\/uploads\/2025\/05\/AVISO-DE-PRIVACIDAD-SIMPLIFICADO-Organo-Interno-de-Control.pdf\">AVISO-DE-PRIVACIDAD-SIMPLIFICADO-Organo-Interno-de-Control<\/a><\/td>\n<\/tr>\n<tr style=\"height: 23px;\">\n<td style=\"width: 53.0792%; height: 23px;\">DIRECCION DE COMUNICACI\u00d3N SOCIAL<\/td>\n<td style=\"width: 45.7478%; height: 23px;\"><a href=\"https:\/\/www.fresnillo.gob.mx\/transparencia\/wp-content\/uploads\/2025\/05\/AVISO-DE-PRIVACIDAD-SIMPLIFICADO-Direccion-de-Comunicacion-Social.pdf\">AVISO DE PRIVACIDAD SIMPLIFICADO Direccion de Comunicacion Social<\/a><\/td>\n<\/tr>\n<tr style=\"height: 47px;\">\n<td style=\"width: 53.0792%; height: 47px;\">DIRECCI\u00d3N DE ATENCION A LA POBLACION LGTBQ+<\/td>\n<td style=\"width: 45.7478%; height: 47px;\"><\/td>\n<\/tr>\n<tr style=\"height: 23px;\">\n<td style=\"width: 53.0792%; height: 23px;\">DIRECCION DE ALUMBRADO PUBLICO<\/td>\n<td style=\"width: 45.7478%; height: 23px;\"><a href=\"https:\/\/www.fresnillo.gob.mx\/transparencia\/wp-content\/uploads\/2025\/05\/AVISO-DE-PRIVACIDAD-SIMPLIFICADO-Direccion-de-Alumbrado-Publico.pdf\">AVISO DE PRIVACIDAD SIMPLIFICADO Direccion de Alumbrado Publico<\/a><\/td>\n<\/tr>\n<tr style=\"height: 71px;\">\n<td style=\"width: 53.0792%; height: 71px;\">DIRECCION DE ATENCION A LAS VICTIMAS INDIRECTAS<br \/>\nDE PERSONAS DESAPARECIDAS<\/td>\n<td style=\"width: 45.7478%; height: 71px;\"><\/td>\n<\/tr>\n<tr style=\"height: 23px;\">\n<td style=\"width: 53.0792%; height: 23px;\">DIRECCION DE BIBLIOTECAS MUNICIPALES<\/td>\n<td style=\"width: 45.7478%; height: 23px;\"><a href=\"https:\/\/www.fresnillo.gob.mx\/transparencia\/wp-content\/uploads\/2025\/05\/AVISO-DE-PRIVACIDAD-SIMPLIFICADO-Direccion-de-Bibliotecas-Municipales.pdf\">AVISO DE PRIVACIDAD SIMPLIFICADO Direcci\u00f3n de Bibliotecas Municipales<\/a><\/td>\n<\/tr>\n<tr style=\"height: 23px;\">\n<td style=\"width: 53.0792%; height: 23px;\">DIRECCION DE CATASTRO<\/td>\n<td style=\"width: 45.7478%; height: 23px;\"><a href=\"https:\/\/www.fresnillo.gob.mx\/transparencia\/wp-content\/uploads\/2025\/05\/AVISO-DE-PRIVACIDAD-SIMPLIFICADO-Direccion-de-Catastro.pdf\">AVISO DE PRIVACIDAD SIMPLIFICADO Direccion de Catastro<\/a><\/td>\n<\/tr>\n<tr style=\"height: 47px;\">\n<td style=\"width: 53.0792%; height: 47px;\">DIRECCION DE DESARROLLO AGROPECUARIO<\/td>\n<td style=\"width: 45.7478%; height: 47px;\"><a href=\"https:\/\/www.fresnillo.gob.mx\/transparencia\/wp-content\/uploads\/2025\/05\/AVISO-DE-PRIVACIDAD-SIMPLIFICADO-Direccion-de-Desarrollo-Agropecuario.pdf\">AVISO DE PRIVACIDAD SIMPLIFICADO Direccion de Desarrollo Agropecuario<\/a><\/td>\n<\/tr>\n<tr style=\"height: 47px;\">\n<td style=\"width: 53.0792%; height: 47px;\">DIRECCION DE ECOLOGIA Y MEDIO AMBIENTE<\/td>\n<td style=\"width: 45.7478%; height: 47px;\"><a href=\"https:\/\/www.fresnillo.gob.mx\/transparencia\/wp-content\/uploads\/2025\/05\/AVISO-DE-PRIVACIDAD-SIMPLIFICADO-Direccion-de-Ecologia-y-Medio-Ambiente.pdf\">AVISO DE PRIVACIDAD SIMPLIFICADO Direccion de Ecologia y Medio Ambiente<\/a><\/td>\n<\/tr>\n<tr style=\"height: 23px;\">\n<td style=\"width: 53.0792%; height: 23px;\">DIRECCION DE LICITACIONES<\/td>\n<td style=\"width: 45.7478%; height: 23px;\"><a href=\"https:\/\/www.fresnillo.gob.mx\/transparencia\/wp-content\/uploads\/2025\/05\/AVISO-DE-PRIVACIDAD-SIMPLIFICADO-Direccion-de-Licitaciones.pdf\">AVISO DE PRIVACIDAD SIMPLIFICADO Direccion de Licitaciones<\/a><\/td>\n<\/tr>\n<tr style=\"height: 23px;\">\n<td style=\"width: 53.0792%; height: 23px;\">DIRECCION DE PARQUES Y JARDINES<\/td>\n<td style=\"width: 45.7478%; height: 23px;\"><a href=\"https:\/\/www.fresnillo.gob.mx\/transparencia\/wp-content\/uploads\/2025\/05\/AVISO-DE-PRIVACIDAD-SIMPLIFICADO-Parques-y-Jardines.pdf\">AVISO-DE-PRIVACIDAD-SIMPLIFICADO-Parques-y-Jardines<\/a><\/td>\n<\/tr>\n<tr style=\"height: 23px;\">\n<td style=\"width: 53.0792%; height: 23px;\">DIRECCION DE RECOLECCION Y LIMPIA<\/td>\n<td style=\"width: 45.7478%; height: 23px;\"><a href=\"https:\/\/www.fresnillo.gob.mx\/transparencia\/wp-content\/uploads\/2025\/05\/AVISO-DE-PRIVACIDAD-SIMPLIFICADO-Recoleccion-y-Limpia-1.pdf\">AVISO-DE-PRIVACIDAD-SIMPLIFICADO-Recoleccion-y-Limpia (1)<\/a><\/td>\n<\/tr>\n<tr style=\"height: 23px;\">\n<td style=\"width: 53.0792%; height: 10px;\"><\/td>\n<td style=\"width: 45.7478%; height: 10px;\"><\/td>\n<\/tr>\n<tr style=\"height: 23px;\">\n<td style=\"width: 53.0792%; height: 23px;\">DIRECCION DE SERVICIOS GENERALES<\/td>\n<td style=\"width: 45.7478%; height: 23px;\"><a href=\"https:\/\/www.fresnillo.gob.mx\/transparencia\/wp-content\/uploads\/2025\/05\/AVISO-DE-PRIVACIDAD-SIMPLIFICADO-Servicios-Generales.pdf\">AVISO-DE-PRIVACIDAD-SIMPLIFICADO-Servicios-Generales<\/a><\/td>\n<\/tr>\n<tr style=\"height: 47px;\">\n<td style=\"width: 53.0792%; height: 47px;\">DIRECCION DE SERVICIOS RECAUDATORIOS Y REGULATORIOS<\/td>\n<td style=\"width: 45.7478%; height: 47px;\"><a href=\"https:\/\/www.fresnillo.gob.mx\/transparencia\/wp-content\/uploads\/2025\/05\/AVISO-DE-PRIVACIDAD-SIMPLIFICADO-Recaudatorios-y-Regulatorios.pdf\">AVISO-DE-PRIVACIDAD-SIMPLIFICADO-Recaudatorios-y-Regulatorios<\/a><\/td>\n<\/tr>\n<tr style=\"height: 23px;\">\n<td style=\"width: 53.0792%; height: 23px;\">DIRECCION DE TURISMO<\/td>\n<td style=\"width: 45.7478%; height: 23px;\"><a href=\"https:\/\/www.fresnillo.gob.mx\/transparencia\/wp-content\/uploads\/2025\/05\/AVISO-DE-PRIVACIDAD-SIMPLIFICADO-Direccion-de-Turismo.pdf\">AVISO DE PRIVACIDAD SIMPLIFICADO Direccion de Turismo<\/a><\/td>\n<\/tr>\n<tr style=\"height: 23px;\">\n<td style=\"width: 53.0792%; height: 23px;\">DIRECCION DEL RASTRO MUNICIPAL<\/td>\n<td style=\"width: 45.7478%; height: 23px;\"><a href=\"https:\/\/www.fresnillo.gob.mx\/transparencia\/wp-content\/uploads\/2025\/05\/AVISO-DE-PRIVACIDAD-SIMPLIFICADO-Rastro-Municipal.pdf\">AVISO-DE-PRIVACIDAD-SIMPLIFICADO-Rastro-Municipal<\/a><\/td>\n<\/tr>\n<tr style=\"height: 23px;\">\n<td style=\"width: 53.0792%; height: 23px;\">DIRECCION DEL REGISTRO CIVIL<\/td>\n<td style=\"width: 45.7478%; height: 23px;\"><a href=\"https:\/\/www.fresnillo.gob.mx\/transparencia\/wp-content\/uploads\/2025\/05\/AVISO-DE-PRIVACIDAD-SIMPLIFICADO-Registro-Civil.pdf\">AVISO-DE-PRIVACIDAD-SIMPLIFICADO-Registro-Civil<\/a><\/td>\n<\/tr>\n<tr style=\"height: 47px;\">\n<td style=\"width: 53.0792%; height: 47px;\">DIRECCION DEL FRESNILLENSE RADICADO EN EL EXTERIOR<\/td>\n<td style=\"width: 45.7478%; height: 47px;\"><a href=\"https:\/\/www.fresnillo.gob.mx\/transparencia\/wp-content\/uploads\/2025\/05\/AVISO-DE-PRIVACIDAD-SIMPLIFICADO-Direccion-del-Fresnillense-Radicado-en-el-Exterior.pdf\">AVISO DE PRIVACIDAD SIMPLIFICADO Direcci\u00f3n del Fresnillense Radicado en el Exterior<\/a><\/td>\n<\/tr>\n<tr style=\"height: 47px;\">\n<td style=\"width: 53.0792%; height: 47px;\">DIRECCCION DE DESARROLLO COMUNITARIO<\/td>\n<td style=\"width: 45.7478%; height: 47px;\"><a href=\"https:\/\/www.fresnillo.gob.mx\/transparencia\/wp-content\/uploads\/2025\/05\/AVISO-DE-PRIVACIDAD-SIMPLIFICADO-Coordinacion-de-Centros-Comunitario-CDC.pdf\">AVISO-DE-PRIVACIDAD-SIMPLIFICADO-Coordinacion-de-Centros-Comunitario-CDC<\/a><\/td>\n<\/tr>\n<tr style=\"height: 23px;\">\n<td style=\"width: 53.0792%; height: 23px;\">INSTITUTO DE LA JUVENTUD FRESNILLENSE<\/td>\n<td style=\"width: 45.7478%; height: 23px;\"><a href=\"https:\/\/www.fresnillo.gob.mx\/transparencia\/wp-content\/uploads\/2025\/05\/AVISO-DE-PRIVACIDAD-SIMPLIFICADO-Instituto-de-la-Juventud-Fresnillense.pdf\">AVISO DE PRIVACIDAD SIMPLIFICADO Instituto de la Juventud Fresnillense<\/a><\/td>\n<\/tr>\n<tr style=\"height: 23px;\">\n<td style=\"width: 53.0792%; height: 23px;\">INSTITUTO MUNICIPAL DE CULTURA<\/td>\n<td style=\"width: 45.7478%; height: 23px;\"><a href=\"https:\/\/www.fresnillo.gob.mx\/transparencia\/wp-content\/uploads\/2025\/05\/AVISO-DE-PRIVACIDAD-SIMPLIFICADO-Instituto-Municipal-de-Cultura.pdf\">AVISO DE PRIVACIDAD SIMPLIFICADO Instituto Municipal de Cultura<\/a><\/td>\n<\/tr>\n<tr style=\"height: 23px;\">\n<td style=\"width: 53.0792%; height: 23px;\">INSTITUTO MUNICIPAL DEL DEPORTE<\/td>\n<td style=\"width: 45.7478%; height: 23px;\"><a href=\"https:\/\/www.fresnillo.gob.mx\/transparencia\/wp-content\/uploads\/2025\/05\/AVISO-DE-PRIVACIDAD-SIMPLIFICADO-INMUDE.pdf\">AVISO DE PRIVACIDAD SIMPLIFICADO INMUDE<\/a><\/td>\n<\/tr>\n<tr style=\"height: 47px;\">\n<td style=\"width: 53.0792%; height: 47px;\">INSTITUTO MUNICIPAL PARA LAS MUJERES DE FRESNILLO<\/td>\n<td style=\"width: 45.7478%; height: 47px;\"><a href=\"https:\/\/www.fresnillo.gob.mx\/transparencia\/wp-content\/uploads\/2025\/05\/AVISO-DE-PRIVACIDAD-SIMPLIFICADO-Instituto-Municipal-para-las-Mujeres-de-Fresnillo.pdf\">AVISO DE PRIVACIDAD SIMPLIFICADO Instituto Municipal para las Mujeres de Fresnillo<\/a><\/td>\n<\/tr>\n<tr style=\"height: 47px;\">\n<td style=\"width: 53.0792%; height: 47px;\">INSTITUTO PARA LA ATENCI\u00d3N E INCLUSION<br \/>\nPARA PERSONAS CON DISCAPCIDAD<\/td>\n<td style=\"width: 45.7478%; height: 47px;\"><a href=\"https:\/\/www.fresnillo.gob.mx\/transparencia\/wp-content\/uploads\/2025\/05\/AVISO-DE-PRIVACIDAD-SIMPLIFICADO-Instituto-para-la-Atencion-e-Inclusion-para-Personas-con-Discapacidad.pdf\">AVISO DE PRIVACIDAD SIMPLIFICADO Instituto para la Atencion e Inclusion para Personas con Discapacidad<\/a><\/td>\n<\/tr>\n<tr style=\"height: 23px;\">\n<td style=\"width: 53.0792%; height: 23px;\">JUZGADO COMUNITARIO<\/td>\n<td style=\"width: 45.7478%; height: 23px;\"><a href=\"https:\/\/www.fresnillo.gob.mx\/transparencia\/wp-content\/uploads\/2025\/05\/AVISO-DE-PRIVACIDAD-SIMPLIFICADO-Juzgado-Comunitario.pdf\">AVISO-DE-PRIVACIDAD-SIMPLIFICADO-Juzgado-Comunitario<\/a><\/td>\n<\/tr>\n<tr style=\"height: 47px;\">\n<td style=\"width: 53.0792%; height: 47px;\">OFICINA MUNICIPAL DE ENLACE FRESNILLO<br \/>\nCON LA S R E DELEGACION ZACATECAS<\/td>\n<td style=\"width: 45.7478%; height: 47px;\"><a href=\"https:\/\/www.fresnillo.gob.mx\/transparencia\/wp-content\/uploads\/2025\/05\/AVISO-DE-PRIVACIDAD-SIMPLIFICADO-Secretaria-de-Relaciones-Exteriores.pdf\">AVISO-DE-PRIVACIDAD-SIMPLIFICADO-Secretaria-de-Relaciones-Exteriores<\/a><\/td>\n<\/tr>\n<tr style=\"height: 71px;\">\n<td style=\"width: 53.0792%; height: 71px;\">SECRETARIA EJECUTIVA DEL SISTEMA DE PROTECCI\u00d3N INTEGRAL<br \/>\nDE NI\u00d1AS, NI\u00d1OS Y ADOLESCENTES<\/td>\n<td style=\"width: 45.7478%; height: 71px;\"><a href=\"https:\/\/www.fresnillo.gob.mx\/transparencia\/wp-content\/uploads\/2025\/05\/AVISO-DE-PRIVACIDAD-SIMPLIFICADO-Sistema-de-Proteccion-Integral-de-Ninas-Ninos-y-Adolecentes-SIPINNA-1.pdf\">AVISO-DE-PRIVACIDAD-SIMPLIFICADO-Sistema-de-Proteccion-Integral-de-Ninas-Ninos-y-Adolecentes-SIPINNA (1)<\/a><\/td>\n<\/tr>\n<tr style=\"height: 23px;\">\n<td style=\"width: 53.0792%; height: 23px;\">COORDINACION DE ASESORES<\/td>\n<td style=\"width: 45.7478%; height: 23px;\"><a href=\"https:\/\/www.fresnillo.gob.mx\/transparencia\/wp-content\/uploads\/2025\/05\/AVISO-DE-PRIVACIDAD-SIMPLIFICADO-Coordinacion-de-Asesores.pdf\">AVISO DE PRIVACIDAD SIMPLIFICADO Coordinacion de Asesores<\/a><\/td>\n<\/tr>\n<tr style=\"height: 23px;\">\n<td style=\"width: 53.0792%; height: 23px;\">UNIDAD DE TRANSPARENCIA<\/td>\n<td style=\"width: 45.7478%; height: 23px;\"><a href=\"https:\/\/www.fresnillo.gob.mx\/transparencia\/wp-content\/uploads\/2025\/05\/AVISO-DE-PRIVACIDAD-SIMPLIFICADO-Unidad-de-Transparencia.pdf\">AVISO-DE-PRIVACIDAD-SIMPLIFICADO-Unidad-de-Transparencia<\/a><\/td>\n<\/tr>\n<tr style=\"height: 23px;\">\n<td style=\"width: 53.0792%; height: 23px;\">COORDINACION DE REGIDORES<\/td>\n<td style=\"width: 45.7478%; height: 23px;\"><a href=\"https:\/\/www.fresnillo.gob.mx\/transparencia\/wp-content\/uploads\/2025\/05\/AVISO-DE-PRIVACIDAD-SIMPLIFICADO-Regidores.pdf\">AVISO-DE-PRIVACIDAD-SIMPLIFICADO-Regidores<\/a><\/td>\n<\/tr>\n<tr style=\"height: 23px;\">\n<td style=\"width: 53.0792%; height: 23px;\">JUNTA MUNICIPAL DE RECLUTAMIENTO<\/td>\n<td style=\"width: 45.7478%; height: 23px;\"><a href=\"https:\/\/www.fresnillo.gob.mx\/transparencia\/wp-content\/uploads\/2025\/05\/AVISO-DE-PRIVACIDAD-SIMPLIFICADO-Junta-Municipal-de-Reclutamiento.pdf\">AVISO-DE-PRIVACIDAD-SIMPLIFICADO-Junta-Municipal-de-Reclutamiento<\/a><\/td>\n<\/tr>\n<tr style=\"height: 47px;\">\n<td style=\"width: 53.0792%; height: 47px;\">COORDINACION GENERAL DE ARCHIVOS DEL MUNICIPIO<\/td>\n<td style=\"width: 45.7478%; height: 47px;\"><a href=\"https:\/\/www.fresnillo.gob.mx\/transparencia\/wp-content\/uploads\/2025\/05\/AVISO-DE-PRIVACIDAD-SIMPLIFICADO-Coordinacion-de-Archivo-Historico.pdf\">AVISO DE PRIVACIDAD SIMPLIFICADO Coordinacion de Archivo Historico<\/a><\/td>\n<\/tr>\n<tr style=\"height: 23px;\">\n<td style=\"width: 53.0792%; height: 23px;\">DEPARTAMENTO DE ALCOHOLES<\/td>\n<td style=\"width: 45.7478%; height: 23px;\"><a href=\"https:\/\/www.fresnillo.gob.mx\/transparencia\/wp-content\/uploads\/2025\/05\/AVISO-DE-PRIVACIDAD-SIMPLIFICADO-Dep-de-Alcoholes.pdf\">AVISO DE PRIVACIDAD SIMPLIFICADO Dep de Alcoholes<\/a><\/td>\n<\/tr>\n<tr style=\"height: 23px;\">\n<td style=\"width: 53.0792%; height: 23px;\">COORDINACI\u00d3N JURIDICA<\/td>\n<td style=\"width: 45.7478%; height: 23px;\"><a href=\"https:\/\/www.fresnillo.gob.mx\/transparencia\/wp-content\/uploads\/2025\/05\/AVISO-DE-PRIVACIDAD-SIMPLIFICADO-Coordinacion-Juridica.pdf\">AVISO DE PRIVACIDAD SIMPLIFICADO Coordinacion Juridica<\/a><\/td>\n<\/tr>\n<tr style=\"height: 23px;\">\n<td style=\"width: 53.0792%; height: 23px;\">DEPARTAMENTO DE ATENCION CIUDADANA<\/td>\n<td style=\"width: 45.7478%; height: 23px;\"><\/td>\n<\/tr>\n<tr style=\"height: 23px;\">\n<td style=\"width: 53.0792%; height: 23px;\">DEPARTAMENTO DE ESPECTACULOS<\/td>\n<td style=\"width: 45.7478%; height: 23px;\"><a href=\"https:\/\/www.fresnillo.gob.mx\/transparencia\/wp-content\/uploads\/2025\/05\/AVISO-DE-PRIVACIDAD-SIMPLIFICADO-Dep-Espectaculos.pdf\">AVISO DE PRIVACIDAD SIMPLIFICADO Dep Espectaculos<\/a><\/td>\n<\/tr>\n<tr style=\"height: 23px;\">\n<td style=\"width: 53.0792%; height: 23px;\">DEPARTAMENTO DE FIERROS DE HERREAR<\/td>\n<td style=\"width: 45.7478%; height: 23px;\"><a href=\"https:\/\/www.fresnillo.gob.mx\/transparencia\/wp-content\/uploads\/2025\/05\/AVISO-DE-PRIVACIDAD-SIMPLIFICADO-Dep-Fierros-de-Herrar.pdf\">AVISO DE PRIVACIDAD SIMPLIFICADO Dep Fierros de Herrar<\/a><\/td>\n<\/tr>\n<tr style=\"height: 47px;\">\n<td style=\"width: 53.0792%; height: 47px;\">DEPARTAMENTO DE PARTICIPACION CIVICA Y CIUDADANA<\/td>\n<td style=\"width: 45.7478%; height: 47px;\"><a href=\"https:\/\/www.fresnillo.gob.mx\/transparencia\/wp-content\/uploads\/2025\/05\/AVISO-DE-PRIVACIDAD-SIMPLIFICADO-Dep-de-Participacion-Civica-y-Ciudadana.pdf\">AVISO DE PRIVACIDAD SIMPLIFICADO Dep de Participacion Civica y Ciudadana<\/a><\/td>\n<\/tr>\n<tr style=\"height: 47px;\">\n<td style=\"width: 53.0792%; height: 47px;\">DEPARTAMENTO DE PROTECCION CIVIL Y BOMBEROS<\/td>\n<td style=\"width: 45.7478%; height: 47px;\"><a href=\"https:\/\/www.fresnillo.gob.mx\/transparencia\/wp-content\/uploads\/2025\/05\/AVISO-DE-PRIVACIDAD-SIMPLIFICADO-Proteccion-Civil.pdf\">AVISO-DE-PRIVACIDAD-SIMPLIFICADO-Proteccion-Civil<\/a><\/td>\n<\/tr>\n<tr style=\"height: 23px;\">\n<td style=\"width: 53.0792%; height: 23px;\">DEPARTAMENTO DE SANIDAD<\/td>\n<td style=\"width: 45.7478%; height: 23px;\"><a href=\"https:\/\/www.fresnillo.gob.mx\/transparencia\/wp-content\/uploads\/2025\/05\/AVISO-DE-PRIVACIDAD-SIMPLIFICADO-Sanidad.pdf\">AVISO-DE-PRIVACIDAD-SIMPLIFICADO-Sanidad<\/a><\/td>\n<\/tr>\n<tr style=\"height: 47px;\">\n<td style=\"width: 53.0792%; height: 47px;\">UNIDAD DE COMERCIO, PLAZAS Y MERCADOS<\/td>\n<td style=\"width: 45.7478%; height: 47px;\"><a href=\"https:\/\/www.fresnillo.gob.mx\/transparencia\/wp-content\/uploads\/2025\/05\/AVISO-DE-PRIVACIDAD-SIMPLIFICADO-Plazas-y-Mercados.pdf\">AVISO-DE-PRIVACIDAD-SIMPLIFICADO-Plazas-y-Mercados<\/a><\/td>\n<\/tr>\n<\/tbody>\n<\/table>\n<p>[\/vc_column_text][\/vc_column][\/vc_row][vc_row][vc_column][\/vc_column][\/vc_row]<\/p>\n<\/div>","protected":false},"excerpt":{"rendered":"<p>[vc_row][vc_column][vc_column_text css=\u00bb\u00bb] Avisos de Privacidad &nbsp; AVISOS-DE-PRIVACIDAD-INTEGRAL[\/vc_column_text][vc_column_text css=\u00bb\u00bb] Unidades Administrativas Avisos de Privacidad 2025 SECRETARIA PARTICULAR AVISO-DE-PRIVACIDAD-SIMPLIFICADO-Secretaria-Particular SECRETARIA TECNICA AVISO-DE-PRIVACIDAD-SIMPLIFICADO-Secretaria-Tecnica SECRETARIA DEL AYUNTAMIENTO Y GOBIERNO MUNICIPAL AVISO-DE-PRIVACIDAD-SIMPLIFICADO-Secretaria-de-Gobierno SINDICATURA MUNICIPAL AVISO-DE-PRIVACIDAD-SIMPLIFICADO-Sindicatura SECRETARIA DE DESARROLLO ECONOMICO Y AGROPECUARIO AVISO DE PRIVACIDAD SIMPLIFICADO Secretaria de Desarrollo Economico y Agropecuario SECRETARIA DE DESARROLLO SOCIAL AVISO DE PRIVACIDAD SIMPLIFICADO Secretaria [&hellip;]<\/p>\n","protected":false},"author":9,"featured_media":0,"parent":0,"menu_order":0,"comment_status":"closed","ping_status":"closed","template":"","meta":{"_uag_custom_page_level_css":"","advgb_blocks_editor_width":"","advgb_blocks_columns_visual_guide":"","footnotes":""},"class_list":["post-73357","page","type-page","status-publish","hentry"],"uagb_featured_image_src":{"full":false,"thumbnail":false,"medium":false,"medium_large":false,"large":false,"1536x1536":false,"2048x2048":false},"uagb_author_info":{"display_name":"","author_link":"https:\/\/www.fresnillo.gob.mx\/transparencia\/author\/"},"uagb_comment_info":0,"uagb_excerpt":"[vc_row][vc_column][vc_column_text css=\u00bb\u00bb] Avisos de Privacidad &nbsp; AVISOS-DE-PRIVACIDAD-INTEGRAL[\/vc_column_text][vc_column_text css=\u00bb\u00bb] Unidades Administrativas Avisos de Privacidad 2025 SECRETARIA PARTICULAR AVISO-DE-PRIVACIDAD-SIMPLIFICADO-Secretaria-Particular SECRETARIA TECNICA AVISO-DE-PRIVACIDAD-SIMPLIFICADO-Secretaria-Tecnica SECRETARIA DEL AYUNTAMIENTO Y GOBIERNO MUNICIPAL AVISO-DE-PRIVACIDAD-SIMPLIFICADO-Secretaria-de-Gobierno SINDICATURA MUNICIPAL AVISO-DE-PRIVACIDAD-SIMPLIFICADO-Sindicatura SECRETARIA DE DESARROLLO ECONOMICO Y AGROPECUARIO AVISO DE PRIVACIDAD SIMPLIFICADO Secretaria de Desarrollo Economico y Agropecuario SECRETARIA DE DESARROLLO SOCIAL AVISO DE PRIVACIDAD SIMPLIFICADO Secretaria&hellip;","coauthors":[],"author_meta":{"author_link":"https:\/\/www.fresnillo.gob.mx\/transparencia\/author\/","display_name":""},"relative_dates":{"created":"Publicado 11 meses hace","modified":"Actualizado 3 meses hace"},"absolute_dates":{"created":"Publicado el mayo 14, 2025","modified":"Actualizado el enero 22, 2026"},"absolute_dates_time":{"created":"Publicado el mayo 14, 2025 3:14 pm","modified":"Actualizado el enero 22, 2026 3:10 pm"},"featured_img_caption":"","featured_img":false,"series_order":"","_links":{"self":[{"href":"https:\/\/www.fresnillo.gob.mx\/transparencia\/wp-json\/wp\/v2\/pages\/73357","targetHints":{"allow":["GET"]}}],"collection":[{"href":"https:\/\/www.fresnillo.gob.mx\/transparencia\/wp-json\/wp\/v2\/pages"}],"about":[{"href":"https:\/\/www.fresnillo.gob.mx\/transparencia\/wp-json\/wp\/v2\/types\/page"}],"author":[{"embeddable":true,"href":"https:\/\/www.fresnillo.gob.mx\/transparencia\/wp-json\/wp\/v2\/users\/9"}],"replies":[{"embeddable":true,"href":"https:\/\/www.fresnillo.gob.mx\/transparencia\/wp-json\/wp\/v2\/comments?post=73357"}],"version-history":[{"count":12,"href":"https:\/\/www.fresnillo.gob.mx\/transparencia\/wp-json\/wp\/v2\/pages\/73357\/revisions"}],"predecessor-version":[{"id":74415,"href":"https:\/\/www.fresnillo.gob.mx\/transparencia\/wp-json\/wp\/v2\/pages\/73357\/revisions\/74415"}],"wp:attachment":[{"href":"https:\/\/www.fresnillo.gob.mx\/transparencia\/wp-json\/wp\/v2\/media?parent=73357"}],"curies":[{"name":"wp","href":"https:\/\/api.w.org\/{rel}","templated":true}]}}