{"id":79653,"date":"2026-04-07T20:00:01","date_gmt":"2026-04-07T20:00:01","guid":{"rendered":""},"modified":"2026-04-20T18:52:27","modified_gmt":"2026-04-20T18:52:27","slug":"i-marco-normativo-ley2025","status":"publish","type":"page","link":"https:\/\/www.fresnillo.gob.mx\/transparencia\/siapasf\/articulo-39\/i-marco-normativo-ley2025\/","title":{"rendered":"I. El marco normativo aplicable al sujeto obligado"},"content":{"rendered":"<div class=\"wpb-content-wrapper\"><p>[vc_row][vc_column][vc_column_text css=\u00bb\u00bb]<\/p>\n<h1 style=\"text-align: center;\"><span style=\"color: #333399;\">FRACCION I.<\/span><\/h1>\n<h2 style=\"text-align: center;\"><span style=\"color: #3366ff;\"><em>El marco normativo aplicable al sujeto obligado, en el que deber\u00e1 incluirse leyes, c\u00f3digos, reglamentos, decretos de creaci\u00f3n, manuales administrativos, reglas de operaci\u00f3n, criterios, pol\u00edticas, entre otros.<\/em><\/span><\/h2>\n<h2 style=\"text-align: right;\"><strong>Fecha de\u00a0Actualizaci\u00f3n 31\/Marzo\/2026<\/strong><\/h2>\n<p>[\/vc_column_text][\/vc_column][\/vc_row][vc_row][vc_column][vc_separator color=\u00bbviolet\u00bb border_width=\u00bb10&#8243; css=\u00bb\u00bb][\/vc_column][\/vc_row][vc_row][vc_column][vc_column_text css=\u00bb\u00bb]<\/p>\n<ul>\n<li style=\"text-align: left;\">\n<h4><span style=\"color: #333399;\"><a style=\"color: #333399;\" href=\"https:\/\/www.fresnillo.gob.mx\/wp-content\/uploads\/2023\/05\/Constitucion-Politica-de-los-Estados-Unidos-Mexicanos.pdf\">Constituci\u00f3n Pol\u00edtica de los Estados Unidos Mexicanos<\/a><\/span><\/h4>\n<\/li>\n<li style=\"text-align: left;\">\n<h4><span style=\"color: #333399;\"><a style=\"color: #333399;\" href=\"https:\/\/www.fresnillo.gob.mx\/wp-content\/uploads\/2023\/05\/Constitucion-Politica-del-Estado-Libre-y-Soberano-de-Zacatecas.pdf\">Constituci\u00f3n Pol\u00edtica del Estado Libre y Soberano de Zacatecas<\/a><\/span><\/h4>\n<\/li>\n<li style=\"text-align: left;\">\n<h4><span style=\"color: #333399;\"><a style=\"color: #333399;\" href=\"https:\/\/www.fresnillo.gob.mx\/transparencia\/wp-content\/uploads\/2025\/03\/Bando-de-Policia-y-Gobierno-del-Municipio-de-Fresnillo.pdf\">Bando de Polic\u00eda y Gobierno del Municipio de Fresnillo<\/a><\/span><\/h4>\n<\/li>\n<li style=\"text-align: left;\">\n<h4><span style=\"color: #333399;\"><a style=\"color: #333399;\" href=\"https:\/\/www.fresnillo.gob.mx\/transparencia\/wp-content\/uploads\/2025\/01\/GACETA-6-PLAN-MUNICIPAL-DE-DESARROLLO-2025-2027-DE-FRESNILLO.pdf\" target=\"_blank\" rel=\"noopener\">PLAN MUNICIPAL DE DESARROLLO 2025-2027 DE FRESNILLO<\/a><\/span><\/h4>\n<\/li>\n<\/ul>\n<p>[\/vc_column_text][\/vc_column][\/vc_row][vc_row][vc_column][vc_column_text css=\u00bb\u00bb]<\/p>\n<h2 style=\"text-align: center;\"><span style=\"color: #993366;\"><strong>Marco Normativo<\/strong><\/span><\/h2>\n<table style=\"border-collapse: collapse; width: 100%;\" border=\"1\">\n<tbody>\n<tr style=\"height: 56px;\">\n<td style=\"width: 49.775%; height: 56px;\">\n<ul>\n<li>\n<h5><span style=\"color: #000080;\"><strong>C\u00f3digo Municipal Reglamentario<\/strong><\/span><\/h5>\n<\/li>\n<\/ul>\n<\/td>\n<td style=\"width: 50.225%; height: 56px; text-align: center;\">\n<h5><span style=\"color: #000080;\"><a style=\"color: #000080;\" href=\"https:\/\/www.fresnillo.gob.mx\/wp-content\/uploads\/2023\/06\/Codigo-Municipal-Reglamentario-de-Fresnillo.pdf\" target=\"_blank\" rel=\"noopener\">C\u00f3digo Municipal Reglamentario de Fresnillo<\/a><\/span><\/h5>\n<\/td>\n<\/tr>\n<tr style=\"height: 56px;\">\n<td style=\"width: 49.775%; height: 56px;\">\n<ul>\n<li>\n<h5><span style=\"color: #000080;\"><strong>Reforma al C\u00f3digo Municipal Reglamentario<\/strong><\/span><\/h5>\n<\/li>\n<\/ul>\n<\/td>\n<td style=\"width: 50.225%; height: 56px; text-align: center;\">\n<h5><span style=\"color: #000080;\"><a style=\"color: #000080;\" href=\"https:\/\/www.fresnillo.gob.mx\/wp-content\/uploads\/2023\/06\/Reforma-al-Codigo-Municipal-Reglamentario.pdf\" target=\"_blank\" rel=\"noopener\">Reforma al C\u00f3digo Municipal Reglamentario<\/a><\/span><\/h5>\n<\/td>\n<\/tr>\n<tr style=\"height: 24px;\">\n<td style=\"width: 49.775%; height: 24px;\">\n<ul>\n<li>\n<h5><span style=\"color: #000080;\">Reglamento Interior de la Administraci\u00f3n P\u00fablica Municipal de Fresnillo<\/span><\/h5>\n<\/li>\n<\/ul>\n<\/td>\n<td style=\"width: 50.225%; height: 24px; text-align: center;\">\n<h5><span style=\"color: #000080;\"><a style=\"color: #000080;\" href=\"https:\/\/www.fresnillo.gob.mx\/wp-content\/uploads\/2023\/06\/Reforma-al-Reglamento-Interior-del-Ayuntamiento-de-Fresnillo.pdf\">Reforma al Reglamento Interior del Ayuntamiento de Fresnillo<\/a><\/span><\/h5>\n<\/td>\n<\/tr>\n<tr>\n<td style=\"width: 49.775%;\">\n<ul>\n<li>\n<h5><span style=\"color: #000080;\">Ley de Ingresos<\/span><\/h5>\n<\/li>\n<\/ul>\n<h5><span style=\"color: #000080;\">\u00a0<\/span><\/h5>\n<\/td>\n<td style=\"width: 50.225%; text-align: center;\">\n<h5><span style=\"color: #000080;\"><a style=\"color: #000080;\" href=\"https:\/\/www.fresnillo.gob.mx\/wp-content\/uploads\/2023\/05\/LEY-DE-INGRESOS-FLLO-2023.pdf\" target=\"_blank\" rel=\"noopener\">Ley de Ingresos 2023<\/a><\/span><\/h5>\n<h5><span style=\"color: #000080;\"><a style=\"color: #000080;\" href=\"https:\/\/www.fresnillo.gob.mx\/wp-content\/uploads\/2024\/04\/Ley-de-Ingresos-Municipal-de-Fresnillo-2024.pdf\" target=\"_blank\" rel=\"noopener\">Ley de Ingresos 2024<\/a><\/span><\/h5>\n<h5><span style=\"color: #000080;\"><a style=\"color: #000080;\" href=\"https:\/\/fresnillo.gob.mx\/transparencia\/wp-content\/uploads\/2025\/04\/Ley-de-Ingresos-Municipal-de-Fresnillo-2025.pdf\" target=\"_blank\" rel=\"noopener\">Ley de Ingresos 2025<\/a><\/span><\/h5>\n<h5><span style=\"color: #000080;\"><a style=\"color: #000080;\" href=\"https:\/\/www.fresnillo.gob.mx\/transparencia\/wp-content\/uploads\/2026\/02\/Ley-ingresos-de-fresnillo-2026.pdf\" target=\"_blank\" rel=\"noopener\">Ley ingresos de 2026<\/a><\/span><\/h5>\n<\/td>\n<\/tr>\n<tr>\n<td style=\"width: 49.775%;\">\n<ul>\n<li>\n<h5><span style=\"color: #000080;\"><a style=\"color: #000080;\" href=\"https:\/\/www.fresnillo.gob.mx\/transparencia\/wp-content\/uploads\/2026\/02\/Ley-ingresos-de-fresnillo-2026.pdf\">Ley ingresos de fresnillo 2026<\/a>Ley Org\u00e1nica Municipal del Estado de Zacatecas\u00a0<\/span><\/h5>\n<\/li>\n<\/ul>\n<h5><span style=\"color: #000080;\">\u00a0<\/span><\/h5>\n<\/td>\n<td style=\"width: 50.225%; text-align: center;\">\n<h5><span style=\"color: #000080;\"><a style=\"color: #000080;\" href=\"https:\/\/www.fresnillo.gob.mx\/wp-content\/uploads\/2023\/05\/LEY-ORGANICA-MUNICIPIO-ESTADO-ZACATECAS.pdf\">LEY ORGANICA MUNICIPIO ESTADO ZACATECAS<\/a><\/span><\/h5>\n<\/td>\n<\/tr>\n<\/tbody>\n<\/table>\n<p>[\/vc_column_text][\/vc_column][\/vc_row][vc_row][vc_column][vc_column_text css=\u00bb\u00bb]<\/p>\n<h2 style=\"text-align: center;\"><span style=\"color: #800080;\"><strong>Marco Normativo<\/strong><\/span><\/h2>\n<table style=\"border-collapse: collapse; width: 100%;\" border=\"1\">\n<tbody>\n<tr style=\"height: 56px;\">\n<td style=\"width: 595.208px; height: 56px;\">\n<ul>\n<li>\n<h5><span style=\"color: #000080;\">\u00a0Reglamento Interior de la Administraci\u00f3n P\u00fablica del Municipio de Fresnillo\u00a0<\/span><\/h5>\n<\/li>\n<\/ul>\n<\/td>\n<td style=\"width: 620.792px; height: 56px; text-align: center;\">\n<h5><span style=\"color: #000080;\"><a style=\"color: #000080;\" href=\"https:\/\/www.fresnillo.gob.mx\/wp-content\/uploads\/2024\/09\/GACETA-JT-24-27-Imagenes.pdf\">Reglamento Interior de la Administraci\u00f3n P\u00fablica del Municipio de Fresnillo Zac.\u00a0<\/a><\/span><\/h5>\n<\/td>\n<\/tr>\n<tr style=\"height: 24px;\">\n<td style=\"width: 595.208px; height: 24px;\">\n<ul>\n<li>\n<h5><span style=\"color: #000080;\">Reglamento Interior de la Administraci\u00f3n P\u00fablica Municipal de Fresnillo<\/span><\/h5>\n<\/li>\n<\/ul>\n<\/td>\n<td style=\"width: 620.792px; height: 24px; text-align: center;\">\n<h5><span style=\"color: #000080;\"><a style=\"color: #000080;\" href=\"https:\/\/www.fresnillo.gob.mx\/wp-content\/uploads\/2024\/10\/GACETA-2-FE-DE-ERRATAS-REGLAMENTO-INT-DE-LA-ADMON-PUB-MPAL-2024.pdf\">GACETA (2) FE DE ERRATAS REGLAMENTO INT DE LA ADMON PUB MPAL 2024<\/a><\/span><\/h5>\n<\/td>\n<\/tr>\n<tr>\n<td style=\"width: 595.208px;\">\n<ul>\n<li>\n<h5><span style=\"color: #000080;\">Ley de Ingresos FLLO 2024<\/span><\/h5>\n<\/li>\n<\/ul>\n<h5><span style=\"color: #000080;\">\u00a0<\/span><\/h5>\n<\/td>\n<td style=\"width: 620.792px; text-align: center;\">\n<h5><span style=\"color: #000080;\"><a style=\"color: #000080;\" href=\"https:\/\/www.fresnillo.gob.mx\/wp-content\/uploads\/2024\/04\/Ley-de-Ingresos-Municipal-de-Fresnillo-2024.pdf\">Ley de Ingresos Municipal de Fresnillo 2024<\/a><\/span><\/h5>\n<\/td>\n<\/tr>\n<tr>\n<td style=\"width: 595.208px;\">\n<ul>\n<li>\n<h5><span style=\"color: #000080;\">Ley Org\u00e1nica Municipal del Estado de Zacatecas\u00a0<\/span><\/h5>\n<\/li>\n<\/ul>\n<h5><span style=\"color: #000080;\">\u00a0<\/span><\/h5>\n<\/td>\n<td style=\"width: 620.792px; text-align: center;\">\n<h5><span style=\"color: #000080;\"><a style=\"color: #000080;\" href=\"https:\/\/www.fresnillo.gob.mx\/wp-content\/uploads\/2023\/05\/LEY-ORGANICA-MUNICIPIO-ESTADO-ZACATECAS.pdf\">LEY ORGANICA MUNICIPIO ESTADO ZACATECAS<\/a><\/span><\/h5>\n<\/td>\n<\/tr>\n<tr>\n<td style=\"width: 595.208px;\">\n<h5><span style=\"color: #000080;\">REFORMA AL REGLAMENTO INTERIOR DE LA ADMINISTRACI\u00d3N P\u00daBLICA DEL MUNICIPIO DE FRESNILLO<\/span><\/h5>\n<\/td>\n<td style=\"width: 620.792px; text-align: center;\">\n<h5><\/h5>\n<h5><span style=\"color: #000080;\"><em><a style=\"color: #000080;\" href=\"https:\/\/www.fresnillo.gob.mx\/transparencia\/wp-content\/uploads\/2025\/10\/GACETA-13-REFORMA-AL-REGLAMENTO-INTERIOR-DE-LA-ADMINISTRACION-PUBLICA-DEL-MUNICIPIO-DE-FRESNILLO-1.pdf\" target=\"_blank\" rel=\"noopener\">REFORMA AL REGLAMENTO INTERIOR DE LA ADMINISTRACI\u00d3N P\u00daBLICA DEL MUNICIPIO DE FRESNILLO<\/a><\/em><\/span><\/h5>\n<h5><\/h5>\n<h5><span style=\"color: #000080;\">\u00a0<\/span><\/h5>\n<\/td>\n<\/tr>\n<tr>\n<td style=\"width: 595.208px;\">\n<h5><span style=\"color: #000080;\">MODIFICACI\u00d3N DEL PLAN MUNICIPAL DE DESARROLLO 2025-2027 DE FRESNILLO<\/span><\/h5>\n<\/td>\n<td style=\"width: 620.792px; text-align: center;\">\n<h5><\/h5>\n<h5><span style=\"color: #000080;\"><a style=\"color: #000080;\" href=\"https:\/\/www.fresnillo.gob.mx\/transparencia\/wp-content\/uploads\/2025\/11\/GACETA-14-MODIFICACION-DEL-PLAN-MUNICIPAL-DE-DESARROLLO-2025-2027-DE-FRESNILLO.pdf\" target=\"_blank\" rel=\"noopener\">MODIFICACI\u00d3N DEL PLAN MUNICIPAL DE DESARROLLO 2025-2027 DE FRESNILLO<\/a><\/span><\/h5>\n<h5><span style=\"color: #000080;\"><em>\u00a0<\/em><\/span><\/h5>\n<\/td>\n<\/tr>\n<tr>\n<td style=\"width: 595.208px;\">\n<h5><span style=\"color: #000080;\">Ley de Transparencia y Acceso a la Informaci\u00f3n P\u00fablica del Estado de Zacatecas 2025<\/span><\/h5>\n<h5><span style=\"color: #000080;\">\u00a0<\/span><\/h5>\n<\/td>\n<td style=\"width: 620.792px; text-align: center;\">\n<h5><span style=\"color: #000080;\"><a style=\"color: #000080;\" href=\"https:\/\/www.congresozac.gob.mx\/65\/ley&amp;cual=162\" target=\"_blank\" rel=\"noopener\">Ley de Transparencia y Acceso a la Informaci\u00f3n P\u00fablica del Estado de Zacatecas 2025<\/a><\/span><\/h5>\n<\/td>\n<\/tr>\n<tr>\n<td style=\"width: 595.208px;\">\n<h5><span style=\"color: #000080;\">LEY DE PROTECCI\u00d3N DE DATOS PERSONALES EN POSESI\u00d3N DE LOS SUJETOS OBLIGADOS DEL ESTADO DE ZACATECAS<\/span><\/h5>\n<h5><span style=\"color: #000080;\">\u00a0<\/span><\/h5>\n<\/td>\n<td style=\"width: 620.792px; text-align: center;\">\n<h5><span style=\"color: #000080;\"><a style=\"color: #000080;\" href=\"https:\/\/cgj.zacatecas.gob.mx\/MJE\/LEYES\/Ley%20de%20Protecci%C3%B3n%20de%20Datos%20Personales%20en%20Posesi%C3%B3n%20de%20los%20Sujetos%20Obligados%20del%20Estado%20de%20Zacatecas.pdf\" target=\"_blank\" rel=\"noopener\">LEY DE PROTECCI\u00d3N DE DATOS PERSONALES EN POSESI\u00d3N DE LOS SUJETOS OBLIGADOS DEL ESTADO DE ZACATECAS<\/a><\/span><\/h5>\n<\/td>\n<\/tr>\n<\/tbody>\n<\/table>\n<p>[\/vc_column_text][\/vc_column][\/vc_row]<\/p>\n<\/div>","protected":false},"excerpt":{"rendered":"<p>[vc_row][vc_column][vc_column_text css=\u00bb\u00bb] FRACCION I. El marco normativo aplicable al sujeto obligado, en el que deber\u00e1 incluirse leyes, c\u00f3digos, reglamentos, decretos de creaci\u00f3n, manuales administrativos, reglas de operaci\u00f3n, criterios, pol\u00edticas, entre otros. Fecha de\u00a0Actualizaci\u00f3n 31\/Marzo\/2026 [\/vc_column_text][\/vc_column][\/vc_row][vc_row][vc_column][vc_separator color=\u00bbviolet\u00bb border_width=\u00bb10&#8243; css=\u00bb\u00bb][\/vc_column][\/vc_row][vc_row][vc_column][vc_column_text css=\u00bb\u00bb] Constituci\u00f3n Pol\u00edtica de los Estados Unidos Mexicanos Constituci\u00f3n Pol\u00edtica del Estado Libre y Soberano de Zacatecas [&hellip;]<\/p>\n","protected":false},"author":1,"featured_media":0,"parent":9759,"menu_order":1,"comment_status":"closed","ping_status":"closed","template":"","meta":{"_uag_custom_page_level_css":"","advgb_blocks_editor_width":"","advgb_blocks_columns_visual_guide":"","footnotes":""},"class_list":["post-79653","page","type-page","status-publish","hentry"],"uagb_featured_image_src":{"full":false,"thumbnail":false,"medium":false,"medium_large":false,"large":false,"1536x1536":false,"2048x2048":false},"uagb_author_info":{"display_name":"admin","author_link":"https:\/\/www.fresnillo.gob.mx\/transparencia\/author\/admin\/"},"uagb_comment_info":0,"uagb_excerpt":"[vc_row][vc_column][vc_column_text css=\u00bb\u00bb] FRACCION I. El marco normativo aplicable al sujeto obligado, en el que deber\u00e1 incluirse leyes, c\u00f3digos, reglamentos, decretos de creaci\u00f3n, manuales administrativos, reglas de operaci\u00f3n, criterios, pol\u00edticas, entre otros. Fecha de\u00a0Actualizaci\u00f3n 31\/Marzo\/2026 [\/vc_column_text][\/vc_column][\/vc_row][vc_row][vc_column][vc_separator color=\u00bbviolet\u00bb border_width=\u00bb10&#8243; css=\u00bb\u00bb][\/vc_column][\/vc_row][vc_row][vc_column][vc_column_text css=\u00bb\u00bb] Constituci\u00f3n Pol\u00edtica de los Estados Unidos Mexicanos Constituci\u00f3n Pol\u00edtica del Estado Libre y Soberano de Zacatecas&hellip;","coauthors":[],"author_meta":{"author_link":"https:\/\/www.fresnillo.gob.mx\/transparencia\/author\/admin\/","display_name":"admin"},"relative_dates":{"created":"Publicado 4 semanas hace","modified":"Actualizado 2 semanas hace"},"absolute_dates":{"created":"Publicado el abril 7, 2026","modified":"Actualizado el abril 20, 2026"},"absolute_dates_time":{"created":"Publicado el abril 7, 2026 8:00 pm","modified":"Actualizado el abril 20, 2026 6:52 pm"},"featured_img_caption":"","featured_img":false,"series_order":"","_links":{"self":[{"href":"https:\/\/www.fresnillo.gob.mx\/transparencia\/wp-json\/wp\/v2\/pages\/79653","targetHints":{"allow":["GET"]}}],"collection":[{"href":"https:\/\/www.fresnillo.gob.mx\/transparencia\/wp-json\/wp\/v2\/pages"}],"about":[{"href":"https:\/\/www.fresnillo.gob.mx\/transparencia\/wp-json\/wp\/v2\/types\/page"}],"author":[{"embeddable":true,"href":"https:\/\/www.fresnillo.gob.mx\/transparencia\/wp-json\/wp\/v2\/users\/1"}],"replies":[{"embeddable":true,"href":"https:\/\/www.fresnillo.gob.mx\/transparencia\/wp-json\/wp\/v2\/comments?post=79653"}],"version-history":[{"count":7,"href":"https:\/\/www.fresnillo.gob.mx\/transparencia\/wp-json\/wp\/v2\/pages\/79653\/revisions"}],"predecessor-version":[{"id":80315,"href":"https:\/\/www.fresnillo.gob.mx\/transparencia\/wp-json\/wp\/v2\/pages\/79653\/revisions\/80315"}],"up":[{"embeddable":true,"href":"https:\/\/www.fresnillo.gob.mx\/transparencia\/wp-json\/wp\/v2\/pages\/9759"}],"wp:attachment":[{"href":"https:\/\/www.fresnillo.gob.mx\/transparencia\/wp-json\/wp\/v2\/media?parent=79653"}],"curies":[{"name":"wp","href":"https:\/\/api.w.org\/{rel}","templated":true}]}}