{"id":79657,"date":"2026-04-07T20:00:05","date_gmt":"2026-04-07T20:00:05","guid":{"rendered":""},"modified":"2026-04-08T18:55:17","modified_gmt":"2026-04-08T18:55:17","slug":"v-indicadores-ley2025","status":"publish","type":"page","link":"https:\/\/www.fresnillo.gob.mx\/transparencia\/siapasf\/articulo-39\/v-indicadores-ley2025\/","title":{"rendered":"V. Los indicadores relacionados con temas de interes publico"},"content":{"rendered":"<div class=\"wpb-content-wrapper\"><p>[vc_row][vc_column][vc_column_text css=\u00bb\u00bb]<\/p>\n<h1 style=\"text-align: center;\"><span style=\"color: #333399;\">FRACCION V.<\/span><\/h1>\n<h3 style=\"text-align: center;\"><span style=\"color: #3366ff;\"><em><strong>Los indicadores relacionados con temas de inter\u00e9s p\u00fablico o trascendencia social que, conforme a sus funciones, deban establecer, as\u00ed como los que permitan rendir cuenta de sus objetivos y resultados<\/strong><\/em><\/span><\/h3>\n<h4 style=\"text-align: right;\"><strong style=\"text-align: right; font-size: 16px;\">Fecha de Actualizaci\u00f3n <\/strong><strong>31\/Marzo\/2026<\/strong><\/h4>\n<p>[\/vc_column_text][\/vc_column][\/vc_row][vc_row][vc_column][vc_separator color=\u00bbviolet\u00bb border_width=\u00bb10&#8243; css=\u00bb\u00bb][\/vc_column][\/vc_row][vc_row][vc_column][vc_btn title=\u00bbCONSULTE EN LA PLATAFORMA NACIONAL DE TRANSPARENCIA\u00bb style=\u00bboutline\u00bb shape=\u00bbsquare\u00bb color=\u00bbviolet\u00bb size=\u00bblg\u00bb css=\u00bb\u00bb link=\u00bburl:https%3A%2F%2Fwww.plataformadetransparencia.org.mx%2FInicio|target:_blank\u00bb][\/vc_column][\/vc_row]<\/p>\n<\/div>","protected":false},"excerpt":{"rendered":"<p>[vc_row][vc_column][vc_column_text css=\u00bb\u00bb] FRACCION V. Los indicadores relacionados con temas de inter\u00e9s p\u00fablico o trascendencia social que, conforme a sus funciones, deban establecer, as\u00ed como los que permitan rendir cuenta de sus objetivos y resultados Fecha de Actualizaci\u00f3n 31\/Marzo\/2026 [\/vc_column_text][\/vc_column][\/vc_row][vc_row][vc_column][vc_separator color=\u00bbviolet\u00bb border_width=\u00bb10&#8243; css=\u00bb\u00bb][\/vc_column][\/vc_row][vc_row][vc_column][vc_btn title=\u00bbCONSULTE EN LA PLATAFORMA NACIONAL DE TRANSPARENCIA\u00bb style=\u00bboutline\u00bb shape=\u00bbsquare\u00bb color=\u00bbviolet\u00bb size=\u00bblg\u00bb css=\u00bb\u00bb link=\u00bburl:https%3A%2F%2Fwww.plataformadetransparencia.org.mx%2FInicio|target:_blank\u00bb][\/vc_column][\/vc_row]<\/p>\n","protected":false},"author":1,"featured_media":0,"parent":9759,"menu_order":5,"comment_status":"closed","ping_status":"closed","template":"","meta":{"_uag_custom_page_level_css":"","advgb_blocks_editor_width":"","advgb_blocks_columns_visual_guide":"","footnotes":""},"class_list":["post-79657","page","type-page","status-publish","hentry"],"uagb_featured_image_src":{"full":false,"thumbnail":false,"medium":false,"medium_large":false,"large":false,"1536x1536":false,"2048x2048":false},"uagb_author_info":{"display_name":"admin","author_link":"https:\/\/www.fresnillo.gob.mx\/transparencia\/author\/admin\/"},"uagb_comment_info":0,"uagb_excerpt":"[vc_row][vc_column][vc_column_text css=\u00bb\u00bb] FRACCION V. Los indicadores relacionados con temas de inter\u00e9s p\u00fablico o trascendencia social que, conforme a sus funciones, deban establecer, as\u00ed como los que permitan rendir cuenta de sus objetivos y resultados Fecha de Actualizaci\u00f3n 31\/Marzo\/2026 [\/vc_column_text][\/vc_column][\/vc_row][vc_row][vc_column][vc_separator color=\u00bbviolet\u00bb border_width=\u00bb10&#8243; css=\u00bb\u00bb][\/vc_column][\/vc_row][vc_row][vc_column][vc_btn title=\u00bbCONSULTE EN LA PLATAFORMA NACIONAL DE TRANSPARENCIA\u00bb style=\u00bboutline\u00bb shape=\u00bbsquare\u00bb color=\u00bbviolet\u00bb size=\u00bblg\u00bb css=\u00bb\u00bb link=\u00bburl:https%3A%2F%2Fwww.plataformadetransparencia.org.mx%2FInicio|target:_blank\u00bb][\/vc_column][\/vc_row]","coauthors":[],"author_meta":{"author_link":"https:\/\/www.fresnillo.gob.mx\/transparencia\/author\/admin\/","display_name":"admin"},"relative_dates":{"created":"Publicado 4 semanas hace","modified":"Actualizado 4 semanas hace"},"absolute_dates":{"created":"Publicado el abril 7, 2026","modified":"Actualizado el abril 8, 2026"},"absolute_dates_time":{"created":"Publicado el abril 7, 2026 8:00 pm","modified":"Actualizado el abril 8, 2026 6:55 pm"},"featured_img_caption":"","featured_img":false,"series_order":"","_links":{"self":[{"href":"https:\/\/www.fresnillo.gob.mx\/transparencia\/wp-json\/wp\/v2\/pages\/79657","targetHints":{"allow":["GET"]}}],"collection":[{"href":"https:\/\/www.fresnillo.gob.mx\/transparencia\/wp-json\/wp\/v2\/pages"}],"about":[{"href":"https:\/\/www.fresnillo.gob.mx\/transparencia\/wp-json\/wp\/v2\/types\/page"}],"author":[{"embeddable":true,"href":"https:\/\/www.fresnillo.gob.mx\/transparencia\/wp-json\/wp\/v2\/users\/1"}],"replies":[{"embeddable":true,"href":"https:\/\/www.fresnillo.gob.mx\/transparencia\/wp-json\/wp\/v2\/comments?post=79657"}],"version-history":[{"count":2,"href":"https:\/\/www.fresnillo.gob.mx\/transparencia\/wp-json\/wp\/v2\/pages\/79657\/revisions"}],"predecessor-version":[{"id":79926,"href":"https:\/\/www.fresnillo.gob.mx\/transparencia\/wp-json\/wp\/v2\/pages\/79657\/revisions\/79926"}],"up":[{"embeddable":true,"href":"https:\/\/www.fresnillo.gob.mx\/transparencia\/wp-json\/wp\/v2\/pages\/9759"}],"wp:attachment":[{"href":"https:\/\/www.fresnillo.gob.mx\/transparencia\/wp-json\/wp\/v2\/media?parent=79657"}],"curies":[{"name":"wp","href":"https:\/\/api.w.org\/{rel}","templated":true}]}}