{"id":79658,"date":"2026-04-07T20:00:06","date_gmt":"2026-04-07T20:00:06","guid":{"rendered":""},"modified":"2026-04-28T20:10:46","modified_gmt":"2026-04-28T20:10:46","slug":"vi-directorio-ley2025","status":"publish","type":"page","link":"https:\/\/www.fresnillo.gob.mx\/transparencia\/siapasf\/articulo-39\/vi-directorio-ley2025\/","title":{"rendered":"VI. El directorio de todas las personas servidoras publicas"},"content":{"rendered":"<div class=\"wpb-content-wrapper\"><p>[vc_row][vc_column][vc_column_text css=\u00bb\u00bb]<\/p>\n<h1 style=\"text-align: center;\"><span style=\"color: #333399;\">FRACCION VI.<\/span><\/h1>\n<h3 style=\"text-align: center;\"><span style=\"color: #3366ff;\"><strong><em>El directorio de todas las personas servidoras p\u00fablicas, a partir del nivel de jefe de departamento o su equivalente, o de menor nivel, cuando se brinde atenci\u00f3n al p\u00fablico; manejen o apliquen recursos p\u00fablicos; realicen actos de autoridad o presten servicios profesionales bajo el r\u00e9gimen de confianza u honorarios y personal de base. El directorio deber\u00e1 incluir, al menos, el nombre, cargo o nombramiento asignado, nivel del puesto en la estructura org\u00e1nica, fecha de alta en el cargo, n\u00famero telef\u00f3nico, domicilio para recibir correspondencia y direcci\u00f3n de correo electr\u00f3nico oficiales<\/em><\/strong><\/span><\/h3>\n<h2 style=\"text-align: right;\"><strong>Fecha de Actualizaci\u00f3n <\/strong><strong>31\/Marzo\/2026<\/strong><\/h2>\n<p>[\/vc_column_text][\/vc_column][\/vc_row][vc_row][vc_column][vc_separator color=\u00bbviolet\u00bb border_width=\u00bb10&#8243; css=\u00bb\u00bb][\/vc_column][\/vc_row][vc_row][vc_column][vc_column_text css=\u00bb\u00bb]<\/p>\n<table style=\"width: 100%; border-collapse: collapse; background-color: #a762b5;\" border=\"1\">\n<tbody>\n<tr style=\"height: 75px;\">\n<td style=\"width: 50.6446%; text-align: center; height: 75px;\">\n<h2><span style=\"color: #ffffff;\"><strong>Unidades Administrativas<\/strong><\/span><\/h2>\n<\/td>\n<td style=\"width: 49.3554%; text-align: center; height: 75px;\">\n<h2><span style=\"color: #ffffff;\"><strong>Directorio Trimestral<\/strong><\/span><\/h2>\n<\/td>\n<\/tr>\n<\/tbody>\n<\/table>\n<p>&nbsp;<\/p>\n<table class=\" aligncenter\" style=\"height: 2202px;\">\n<tbody>\n<tr style=\"height: 24px;\">\n<td style=\"width: 620px; height: 24px;\">\n<h6>SECRETARIA PARTICULAR<\/h6>\n<\/td>\n<td style=\"width: 578px; height: 24px;\"><a href=\"https:\/\/www.fresnillo.gob.mx\/transparencia\/wp-content\/uploads\/2026\/04\/DIRECTORIO.pdf\" target=\"_blank\" rel=\"noopener\">Consulta Directorio<\/a><\/td>\n<\/tr>\n<tr style=\"height: 24px;\">\n<td style=\"width: 620px; height: 24px;\">\n<h6>SECRETARIA TECNICA<\/h6>\n<\/td>\n<td style=\"width: 578px; height: 24px;\"><a href=\"https:\/\/www.fresnillo.gob.mx\/transparencia\/wp-content\/uploads\/2026\/04\/ORGANIGRAMA-ST-2026-1.pdf\" target=\"_blank\" rel=\"noopener\">Consulta Directorio<\/a><\/td>\n<\/tr>\n<tr style=\"height: 24px;\">\n<td style=\"width: 620px; height: 24px;\">\n<h6>SECRETARIA DEL AYUNTAMIENTO Y GOBIERNO MUNICIPAL<\/h6>\n<\/td>\n<td style=\"width: 578px; height: 24px;\"><a href=\"https:\/\/www.fresnillo.gob.mx\/transparencia\/wp-content\/uploads\/2026\/04\/Directorio.pdf\" target=\"_blank\" rel=\"noopener\">Consulta Directorio<\/a><\/td>\n<\/tr>\n<tr style=\"height: 24px;\">\n<td style=\"width: 620px; height: 24px;\">\n<h6>SINDICATURA MUNICIPAL<\/h6>\n<\/td>\n<td style=\"width: 578px; height: 24px;\"><a href=\"https:\/\/www.fresnillo.gob.mx\/transparencia\/wp-content\/uploads\/2026\/04\/DIRECTORIO-SINDICATURA.pdf\" target=\"_blank\" rel=\"noopener\">Consulta Directorio<\/a><\/td>\n<\/tr>\n<tr style=\"height: 24px;\">\n<td style=\"width: 620px; height: 24px;\">\n<h6>SECRETARIA DE DESARROLLO ECONOMICO Y AGROPECUARIO<\/h6>\n<\/td>\n<td style=\"width: 578px; height: 24px;\"><a href=\"https:\/\/www.fresnillo.gob.mx\/transparencia\/wp-content\/uploads\/2026\/04\/Directorio-DE-1-26.pdf\" target=\"_blank\" rel=\"noopener\">Consulta Directorio<\/a><\/td>\n<\/tr>\n<tr style=\"height: 24px;\">\n<td style=\"width: 620px; height: 24px;\">\n<h6>SECRETARIA DE DESARROLLO SOCIAL<\/h6>\n<\/td>\n<td style=\"width: 578px; height: 24px;\"><a href=\"https:\/\/www.fresnillo.gob.mx\/transparencia\/wp-content\/uploads\/2026\/04\/DIRECTORIO-DESARROLLO-SOCIAL-3.pdf\" target=\"_blank\" rel=\"noopener\">Consulta Directorio<\/a><\/td>\n<\/tr>\n<tr style=\"height: 24px;\">\n<td style=\"width: 620px; height: 24px;\">\n<h6>SECRETARIA DE FINANZAS Y TESORERIA<\/h6>\n<\/td>\n<td style=\"width: 578px; height: 24px;\">\n<h6><\/h6>\n<\/td>\n<\/tr>\n<tr style=\"height: 24px;\">\n<td style=\"width: 620px; height: 24px;\">\n<h6>SECRETARIA DE OBRAS PUBLICAS Y DESARROLLO URBANO<\/h6>\n<\/td>\n<td style=\"width: 578px; height: 24px;\">\n<h6><\/h6>\n<\/td>\n<\/tr>\n<tr style=\"height: 24px;\">\n<td style=\"width: 620px; height: 24px;\">\n<h6>SECRETARIA DE PLANEACI\u00d3N ESTRATEGICA<\/h6>\n<\/td>\n<td style=\"width: 578px; height: 24px;\"><a href=\"https:\/\/www.fresnillo.gob.mx\/transparencia\/wp-content\/uploads\/2026\/04\/DIRECTORIO-PLANEACION-ACTUALIZADO.pdf\" target=\"_blank\" rel=\"noopener\">Consulta Directorio<\/a><\/td>\n<\/tr>\n<tr style=\"height: 24px;\">\n<td style=\"width: 620px; height: 24px;\">\n<h6>SECRETARIA DE SEGURIDAD PUBLICA MUNICIPAL DE FRESNILLO<\/h6>\n<\/td>\n<td style=\"width: 578px; height: 24px;\"><a href=\"https:\/\/www.fresnillo.gob.mx\/transparencia\/wp-content\/uploads\/2026\/04\/DIRECTORIO-MARZO-2026-1.pdf\" target=\"_blank\" rel=\"noopener\">Consulta Directorio<\/a><\/td>\n<\/tr>\n<tr style=\"height: 24px;\">\n<td style=\"width: 620px; height: 24px;\">\n<h6>SECRETARIA DE ADMINISTRACI\u00d3N<\/h6>\n<\/td>\n<td style=\"width: 578px; height: 24px;\"><a href=\"https:\/\/www.fresnillo.gob.mx\/transparencia\/wp-content\/uploads\/2026\/04\/1-1ER-TRIM-2026-DIRECTORIO-DE-PERSONAL-SECRETARIA-DE-ADMINISTRACION.pdf\" target=\"_blank\" rel=\"noopener\">Consulta Directorio<\/a><\/td>\n<\/tr>\n<tr style=\"height: 66px;\">\n<td style=\"width: 620px; height: 66px;\">\n<h6>SECRETARIA DE SERVICIOS PUBLICOS<\/h6>\n<\/td>\n<td style=\"width: 578px; height: 66px;\"><a href=\"https:\/\/www.fresnillo.gob.mx\/transparencia\/wp-content\/uploads\/2026\/04\/DIRECTORIO-2.pdf\" target=\"_blank\" rel=\"noopener\">Consulta Directorio<\/a><\/td>\n<\/tr>\n<tr style=\"height: 24px;\">\n<td style=\"width: 620px; height: 24px;\">\n<h6>SISTEMA MUNICIPAL DE DESARROLLO INTEGRAL DE LA FAMILIA<\/h6>\n<\/td>\n<td style=\"width: 578px; height: 24px;\"><a href=\"https:\/\/www.fresnillo.gob.mx\/transparencia\/wp-content\/uploads\/2026\/04\/DIRECTORIO-3.pdf\" target=\"_blank\" rel=\"noopener\">Consulta Directorio<\/a><\/td>\n<\/tr>\n<tr style=\"height: 24px;\">\n<td style=\"width: 620px; height: 24px;\">\n<h6>PROCURADURIA DE PROTECCI\u00d3N A NI\u00d1AS, NI\u00d1OS Y ADOLESCENTES<\/h6>\n<\/td>\n<td style=\"width: 578px; height: 24px;\"><a href=\"https:\/\/www.fresnillo.gob.mx\/transparencia\/wp-content\/uploads\/2026\/04\/DIREC-PERSONAL-2026-copia.pdf\" target=\"_blank\" rel=\"noopener\">Consulta Directorio<\/a><\/td>\n<\/tr>\n<tr style=\"height: 24px;\">\n<td style=\"width: 620px; height: 24px;\">\n<h6>ORGANO INTERNO DE CONTROL<\/h6>\n<\/td>\n<td style=\"width: 578px; height: 24px;\"><a href=\"https:\/\/www.fresnillo.gob.mx\/transparencia\/wp-content\/uploads\/2026\/04\/DIRECTORIO-OIC.pdf\" target=\"_blank\" rel=\"noopener\">Consulta Directorio<\/a><\/td>\n<\/tr>\n<tr style=\"height: 24px;\">\n<td style=\"width: 620px; height: 24px;\">\n<h6>DIRECCION DE COMUNICACI\u00d3N SOCIAL<\/h6>\n<\/td>\n<td style=\"width: 578px; height: 24px;\"><a href=\"https:\/\/www.fresnillo.gob.mx\/transparencia\/wp-content\/uploads\/2026\/04\/directorio-1er-trim-26.pdf\" target=\"_blank\" rel=\"noopener\">Consulta Directorio<\/a><\/td>\n<\/tr>\n<tr style=\"height: 96px;\">\n<td style=\"width: 620px; height: 96px;\">\n<h6>DIRECCI\u00d3N DE ATENCION A LA POBLACION LGTBQ+<\/h6>\n<\/td>\n<td style=\"width: 578px; height: 96px;\"><a href=\"https:\/\/www.fresnillo.gob.mx\/transparencia\/wp-content\/uploads\/2026\/04\/directorio-lgtb-ENE-MARZO.pdf\" target=\"_blank\" rel=\"noopener\">Consulta Directorio<\/a><\/td>\n<\/tr>\n<tr style=\"height: 24px;\">\n<td style=\"width: 620px; height: 24px;\">\n<h6>DIRECCION DE ALUMBRADO PUBLICO<\/h6>\n<\/td>\n<td style=\"width: 578px; height: 24px;\"><a href=\"https:\/\/www.fresnillo.gob.mx\/transparencia\/wp-content\/uploads\/2026\/04\/directorio.pdf\" target=\"_blank\" rel=\"noopener\">Consulta Directorio<\/a><\/td>\n<\/tr>\n<tr style=\"height: 48px;\">\n<td style=\"width: 620px; height: 48px;\">\n<h6>DIRECCION DE ATENCION A LAS VICTIMAS INDIRECTAS DE PERSONAS DESAPARECIDAS<\/h6>\n<\/td>\n<td style=\"width: 578px; height: 48px;\"><a href=\"https:\/\/www.fresnillo.gob.mx\/transparencia\/wp-content\/uploads\/2026\/04\/DIRECTORIO-4.pdf\" target=\"_blank\" rel=\"noopener\">Consulta Directorio<\/a><\/td>\n<\/tr>\n<tr style=\"height: 24px;\">\n<td style=\"width: 620px; height: 24px;\">\n<h6>DIRECCION DE BIBLIOTECAS MUNICIPALES<\/h6>\n<\/td>\n<td style=\"width: 578px; height: 24px;\"><a href=\"https:\/\/www.fresnillo.gob.mx\/transparencia\/wp-content\/uploads\/2026\/04\/Directorio-1er-trimestre-2026.pdf\" target=\"_blank\" rel=\"noopener\">Consulta Directorio<\/a><\/td>\n<\/tr>\n<tr style=\"height: 24px;\">\n<td style=\"width: 620px; height: 24px;\">\n<h6>DIRECCION DE CATASTRO<\/h6>\n<\/td>\n<td style=\"width: 578px; height: 24px;\"><a href=\"https:\/\/www.fresnillo.gob.mx\/transparencia\/wp-content\/uploads\/2026\/04\/ANEXO-2-DIRECTORIO-CATASTRO-1-2026.pdf\" target=\"_blank\" rel=\"noopener\">Consulta Directorio<\/a><\/td>\n<\/tr>\n<tr style=\"height: 24px;\">\n<td style=\"width: 620px; height: 24px;\">\n<h6>DIRECCION DE DESARROLLO AGROPECUARIO<\/h6>\n<\/td>\n<td style=\"width: 578px; height: 24px;\"><a href=\"https:\/\/www.fresnillo.gob.mx\/transparencia\/wp-content\/uploads\/2026\/04\/DIRECTORIO-SECRETARIA-DE-DESARROLLO-AGROPECUARIO.pdf\" target=\"_blank\" rel=\"noopener\">Consulta Directorio<\/a><\/td>\n<\/tr>\n<tr style=\"height: 96px;\">\n<td style=\"width: 620px; height: 96px;\">\n<h6>DIRECCION DE ECOLOGIA Y MEDIO AMBIENTE<\/h6>\n<\/td>\n<td style=\"width: 578px; height: 96px;\"><a href=\"https:\/\/www.fresnillo.gob.mx\/transparencia\/wp-content\/uploads\/2026\/04\/DIRECTORIO-ECOLOGIA-Y-MEDIO-AMBIENTE-1ER-TRIMESTRE.pdf\" target=\"_blank\" rel=\"noopener\">Consulta Directorio<\/a><\/td>\n<\/tr>\n<tr style=\"height: 24px;\">\n<td style=\"width: 620px; height: 24px;\">\n<h6>DIRECCION DE LICITACIONES<\/h6>\n<\/td>\n<td style=\"width: 578px; height: 24px;\"><a href=\"https:\/\/www.fresnillo.gob.mx\/transparencia\/wp-content\/uploads\/2026\/04\/1ER-INFORME-TRIMESTRAL-DEL-DIRECTORIO-DE-LA-DIRECCION-DE-LICITACIONES-2026.pdf\" target=\"_blank\" rel=\"noopener\">Consulta Directorio<\/a><\/td>\n<\/tr>\n<tr style=\"height: 24px;\">\n<td style=\"width: 620px; height: 24px;\">\n<h6>DIRECCION DE PARQUES Y JARDINES<\/h6>\n<\/td>\n<td style=\"width: 578px; height: 24px;\"><a href=\"https:\/\/www.fresnillo.gob.mx\/transparencia\/wp-content\/uploads\/2026\/04\/DIRECTORIO-5.pdf\" target=\"_blank\" rel=\"noopener\">Consulta Directorio<\/a><\/td>\n<\/tr>\n<tr style=\"height: 24px;\">\n<td style=\"width: 620px; height: 24px;\">\n<h6>DIRECCION DE RECOLECCION Y LIMPIA<\/h6>\n<\/td>\n<td style=\"width: 578px; height: 24px;\"><a href=\"https:\/\/www.fresnillo.gob.mx\/transparencia\/wp-content\/uploads\/2026\/04\/DIRECTORIO-PRIMER-TRIMESTRE-2026.pdf\" target=\"_blank\" rel=\"noopener\">Consulta Directorio<\/a><\/td>\n<\/tr>\n<tr style=\"height: 96px;\">\n<td style=\"width: 620px; height: 96px;\">\n<h6>DIRECCION DE RECURSOS HUMANOS<\/h6>\n<\/td>\n<td style=\"width: 578px; height: 96px;\"><a href=\"https:\/\/www.fresnillo.gob.mx\/transparencia\/wp-content\/uploads\/2026\/04\/DIRECTORIO-6.pdf\" target=\"_blank\" rel=\"noopener\">Consulta Directorio<\/a><\/td>\n<\/tr>\n<tr style=\"height: 24px;\">\n<td style=\"width: 620px; height: 24px;\">\n<h6>DIRECCION DE SERVICIOS GENERALES<\/h6>\n<\/td>\n<td style=\"width: 578px; height: 24px;\"><a href=\"https:\/\/www.fresnillo.gob.mx\/transparencia\/wp-content\/uploads\/2026\/04\/DIRECTORIO-DE-SERVICIOS-GENERALES.pdf\" target=\"_blank\" rel=\"noopener\">Consulta Directorio<\/a><\/td>\n<\/tr>\n<tr style=\"height: 96px;\">\n<td style=\"width: 620px; height: 96px;\">\n<h6>DIRECCION DE SERVICIOS RECAUDATORIOS Y REGULATORIOS<\/h6>\n<\/td>\n<td style=\"width: 578px; height: 96px;\"><a href=\"https:\/\/www.fresnillo.gob.mx\/transparencia\/wp-content\/uploads\/2026\/04\/DIRECTORIO-7.pdf\" target=\"_blank\" rel=\"noopener\">Consulta Directorio<\/a><\/td>\n<\/tr>\n<tr style=\"height: 24px;\">\n<td style=\"width: 620px; height: 24px;\">\n<h6>DIRECCION DE TURISMO<\/h6>\n<\/td>\n<td style=\"width: 578px; height: 24px;\"><a href=\"https:\/\/www.fresnillo.gob.mx\/transparencia\/wp-content\/uploads\/2026\/04\/Directorio-1o-Trimestre-2026-\u00b7-Direccion-de-Turismo.pdf\" target=\"_blank\" rel=\"noopener\">Consulta Directorio<\/a><\/td>\n<\/tr>\n<tr style=\"height: 24px;\">\n<td style=\"width: 620px; height: 24px;\">\n<h6>DIRECCION DEL RASTRO MUNICIPAL<\/h6>\n<\/td>\n<td style=\"width: 578px; height: 24px;\"><a href=\"https:\/\/www.fresnillo.gob.mx\/transparencia\/wp-content\/uploads\/2026\/04\/DIRECTORIO-RM-ENERO-MARZO-2026-CORREGIDO.pdf\" target=\"_blank\" rel=\"noopener\">Consulta Directorio<\/a><\/td>\n<\/tr>\n<tr style=\"height: 24px;\">\n<td style=\"width: 620px; height: 24px;\">\n<h6>DIRECCION DEL REGISTRO CIVIL<\/h6>\n<\/td>\n<td style=\"width: 578px; height: 24px;\"><a href=\"https:\/\/www.fresnillo.gob.mx\/transparencia\/wp-content\/uploads\/2026\/04\/DIRECTORIO-DEL-PERSONAL_ENE-MAR-2026.pdf\" target=\"_blank\" rel=\"noopener\">Consulta Directorio<\/a><\/td>\n<\/tr>\n<tr style=\"height: 96px;\">\n<td style=\"width: 620px; height: 96px;\">\n<h6>DIRECCION DEL FRESNILLENSE RADICADO EN EL EXTERIOR<\/h6>\n<\/td>\n<td style=\"width: 578px; height: 96px;\"><a href=\"https:\/\/www.fresnillo.gob.mx\/transparencia\/wp-content\/uploads\/2026\/04\/Directorio-FRE-1-26.pdf\" target=\"_blank\" rel=\"noopener\">Consulta Directorio<\/a><\/td>\n<\/tr>\n<tr style=\"height: 24px;\">\n<td style=\"width: 620px; height: 24px;\">\n<h6>DIRECCCION DE DESARROLLO COMUNITARIO<\/h6>\n<\/td>\n<td style=\"width: 578px; height: 24px;\"><a href=\"https:\/\/www.fresnillo.gob.mx\/transparencia\/wp-content\/uploads\/2026\/04\/directorio-1.pdf\">Consulta Directorio<\/a><\/td>\n<\/tr>\n<tr style=\"height: 96px;\">\n<td style=\"width: 620px; height: 96px;\">\n<h6>INSTITUTO DE LA JUVENTUD FRESNILLENSE<\/h6>\n<\/td>\n<td style=\"width: 578px; height: 96px;\"><a href=\"https:\/\/www.fresnillo.gob.mx\/transparencia\/wp-content\/uploads\/2026\/04\/directorio-2.pdf\" target=\"_blank\" rel=\"noopener\">Consulta Directorio<\/a><\/td>\n<\/tr>\n<tr style=\"height: 24px;\">\n<td style=\"width: 620px; height: 24px;\">\n<h6>INSTITUTO MUNICIPAL DE CULTURA<\/h6>\n<\/td>\n<td style=\"width: 578px; height: 24px;\"><a href=\"https:\/\/www.fresnillo.gob.mx\/transparencia\/wp-content\/uploads\/2026\/04\/DIRECTORIO-2026PDF.pdf\" target=\"_blank\" rel=\"noopener\">Consulta Directorio<\/a><\/td>\n<\/tr>\n<tr style=\"height: 96px;\">\n<td style=\"width: 620px; height: 96px;\">\n<h6>INSTITUTO MUNICIPAL DEL DEPORTE<\/h6>\n<\/td>\n<td style=\"width: 578px; height: 96px;\"><a href=\"https:\/\/www.fresnillo.gob.mx\/transparencia\/wp-content\/uploads\/2026\/04\/DIRECTORIO-INMUDE-27-03-2026.pdf\" target=\"_blank\" rel=\"noopener\">Consulta Directorio<\/a><\/td>\n<\/tr>\n<tr style=\"height: 24px;\">\n<td style=\"width: 620px; height: 24px;\">\n<h6>INSTITUTO MUNICIPAL PARA LAS MUJERES DE FRESNILLO<\/h6>\n<\/td>\n<td style=\"width: 578px; height: 24px;\"><a href=\"https:\/\/www.fresnillo.gob.mx\/transparencia\/wp-content\/uploads\/2026\/04\/1\u00b0-TRIMESTRAL-directorio-2026.pdf\" target=\"_blank\" rel=\"noopener\">Consulta Directorio<\/a><\/td>\n<\/tr>\n<tr style=\"height: 48px;\">\n<td style=\"width: 620px; height: 48px;\">\n<h6>INSTITUTO PARA LA ATENCI\u00d3N E INCLUSION<\/h6>\n<h6>PARA PERSONAS CON DISCAPACIDAD<\/h6>\n<\/td>\n<td style=\"width: 578px; height: 48px;\"><a href=\"https:\/\/www.fresnillo.gob.mx\/transparencia\/wp-content\/uploads\/2026\/04\/DIRECTORIO-PRIMER-TRIMESTRE-2026-1.pdf\" target=\"_blank\" rel=\"noopener\">Consulta Directorio<\/a><\/td>\n<\/tr>\n<tr style=\"height: 96px;\">\n<td style=\"width: 620px; height: 96px;\">\n<h6>JUZGADO COMUNITARIO<\/h6>\n<\/td>\n<td style=\"width: 578px; height: 96px;\"><a href=\"https:\/\/www.fresnillo.gob.mx\/transparencia\/wp-content\/uploads\/2026\/04\/DIRECTORIO-DEL-PERSONAL-PRIMER-TRIMESTRE-2026-1.pdf\" target=\"_blank\" rel=\"noopener\">Consulta Directorio<\/a><\/td>\n<\/tr>\n<tr style=\"height: 48px;\">\n<td style=\"width: 620px; height: 48px;\">\n<h6>OFICINA MUNICIPAL DE ENLACE FRESNILLO<\/h6>\n<h6>CON LA S R E DELEGACION ZACATECAS<\/h6>\n<\/td>\n<td style=\"width: 578px; height: 48px;\"><a href=\"https:\/\/www.fresnillo.gob.mx\/transparencia\/wp-content\/uploads\/2026\/04\/DIRECTORIO-DE-LA-OME.pdf\" target=\"_blank\" rel=\"noopener\">Consulta Directorio<\/a><\/td>\n<\/tr>\n<tr style=\"height: 96px;\">\n<td style=\"width: 620px; height: 96px;\">\n<h6>SECRETARIA EJECUTIVA DEL SISTEMA DE PROTECCI\u00d3N INTEGRAL<\/h6>\n<h6>DE NI\u00d1AS, NI\u00d1OS Y ADOLESCENTES<\/h6>\n<\/td>\n<td style=\"width: 578px; height: 96px;\"><a href=\"https:\/\/www.fresnillo.gob.mx\/transparencia\/wp-content\/uploads\/2026\/04\/DIRECTORIO-SIPINNA.pdf\" target=\"_blank\" rel=\"noopener\">Consulta Directorio<\/a><\/td>\n<\/tr>\n<tr style=\"height: 24px;\">\n<td style=\"width: 620px; height: 24px;\">\n<h6>JEFATURA DE GABINETE<\/h6>\n<\/td>\n<td style=\"width: 578px; height: 24px;\"><a href=\"https:\/\/www.fresnillo.gob.mx\/transparencia\/wp-content\/uploads\/2026\/04\/directorio-jefatura-de-gabinete.pdf\" target=\"_blank\" rel=\"noopener\">Consulta Directorio<\/a><\/td>\n<\/tr>\n<tr style=\"height: 24px;\">\n<td style=\"width: 620px; height: 24px;\">\n<h6>UNIDAD DE TRANSPARENCIA<\/h6>\n<\/td>\n<td style=\"width: 578px; height: 24px;\"><a href=\"https:\/\/www.fresnillo.gob.mx\/transparencia\/wp-content\/uploads\/2026\/04\/Directorio-4to-Trim-2025-Unidad-de-Transparencia.pdf\" target=\"_blank\" rel=\"noopener\">Consulta Directorio<\/a><\/td>\n<\/tr>\n<tr style=\"height: 24px;\">\n<td style=\"width: 620px; height: 24px;\">\n<h6>COORDINACION DE REGIDORES<\/h6>\n<\/td>\n<td style=\"width: 578px; height: 24px;\"><a href=\"https:\/\/www.fresnillo.gob.mx\/transparencia\/wp-content\/uploads\/2026\/04\/DIRECTORIO-1er.-TRIMESTRE-2026.pdf\" target=\"_blank\" rel=\"noopener\">Consulta Directorio<\/a><\/td>\n<\/tr>\n<tr style=\"height: 24px;\">\n<td style=\"width: 620px; height: 24px;\">\n<h6>JUNTA MUNICIPAL DE RECLUTAMIENTO<\/h6>\n<\/td>\n<td style=\"width: 578px; height: 24px;\"><a href=\"https:\/\/www.fresnillo.gob.mx\/transparencia\/wp-content\/uploads\/2026\/04\/directorio-2026.pdf\" target=\"_blank\" rel=\"noopener\">Consulta Directorio<\/a><\/td>\n<\/tr>\n<tr style=\"height: 24px;\">\n<td style=\"width: 620px; height: 24px;\">\n<h6>COORDINACION GENERAL DE ARCHIVOS DEL MUNICIPIO<\/h6>\n<\/td>\n<td style=\"width: 578px; height: 24px;\"><a href=\"https:\/\/www.fresnillo.gob.mx\/transparencia\/wp-content\/uploads\/2026\/04\/Directorio-Archivo-1er-Trimestre-2026.pdf\" target=\"_blank\" rel=\"noopener\">Consulta Directorio<\/a><\/td>\n<\/tr>\n<tr style=\"height: 24px;\">\n<td style=\"width: 620px; height: 24px;\">\n<h6>DEPARTAMENTO DE ALCOHOLES<\/h6>\n<\/td>\n<td style=\"width: 578px; height: 24px;\"><a href=\"https:\/\/www.fresnillo.gob.mx\/transparencia\/wp-content\/uploads\/2026\/04\/Directorio-General-2026.pdf\" target=\"_blank\" rel=\"noopener\">Consulta Directorio<\/a><\/td>\n<\/tr>\n<tr style=\"height: 24px;\">\n<td style=\"width: 620px; height: 24px;\">\n<h6>COORDINACI\u00d3N JURIDICA<\/h6>\n<\/td>\n<td style=\"width: 578px; height: 24px;\"><a href=\"https:\/\/www.fresnillo.gob.mx\/transparencia\/wp-content\/uploads\/2026\/04\/DIRECTORIO-COORDINACION-JURIDICA-2026.pdf\" target=\"_blank\" rel=\"noopener\">Consulta Directorio<\/a><\/td>\n<\/tr>\n<tr style=\"height: 24px;\">\n<td style=\"width: 620px; height: 24px;\">\n<h6>CONTROL VEHICULAR<\/h6>\n<\/td>\n<td style=\"width: 578px; height: 24px;\">\n<h6><\/h6>\n<\/td>\n<\/tr>\n<tr style=\"height: 24px;\">\n<td style=\"width: 620px; height: 24px;\">\n<h6>DEPARTAMENTO DE ESPECTACULOS<\/h6>\n<\/td>\n<td style=\"width: 578px; height: 24px;\"><a href=\"https:\/\/www.fresnillo.gob.mx\/transparencia\/wp-content\/uploads\/2026\/04\/directorio-1er-trim-nuevo-correo-2026-1.pdf\" target=\"_blank\" rel=\"noopener\">Consulta Directorio<\/a><\/td>\n<\/tr>\n<tr style=\"height: 24px;\">\n<td style=\"width: 620px; height: 24px;\">\n<h6>DEPARTAMENTO DE FIERROS DE HERRAR<\/h6>\n<\/td>\n<td style=\"width: 578px; height: 24px;\"><a href=\"https:\/\/www.fresnillo.gob.mx\/transparencia\/wp-content\/uploads\/2026\/04\/DIRECTORIO-PRIMER-INFORME-TRIMESTRAL-2026.pdf\" target=\"_blank\" rel=\"noopener\">Consulta Directorio<\/a><\/td>\n<\/tr>\n<tr style=\"height: 24px;\">\n<td style=\"width: 620px; height: 24px;\">\n<h6>DEPARTAMENTO DE PARTICIPACION CIVICA Y CIUDADANA<\/h6>\n<\/td>\n<td style=\"width: 578px; height: 24px;\"><a href=\"https:\/\/www.fresnillo.gob.mx\/transparencia\/wp-content\/uploads\/2026\/04\/DIRECTORIO-DEL-PERSONAL-PARTICIPACION-CIVICA-Y-CIUDADANA-MARZO2026-.pdf\" target=\"_blank\" rel=\"noopener\">Consulta Directorio<\/a><\/td>\n<\/tr>\n<tr style=\"height: 24px;\">\n<td style=\"width: 620px; height: 24px;\">\n<h6>DEPARTAMENTO DE PROTECCION CIVIL Y BOMBEROS<\/h6>\n<\/td>\n<td style=\"width: 578px; height: 24px;\"><a href=\"https:\/\/www.fresnillo.gob.mx\/transparencia\/wp-content\/uploads\/2026\/04\/01-Directorio-del-personal-2025.pdf\" target=\"_blank\" rel=\"noopener\">Consulta Directorio<\/a><\/td>\n<\/tr>\n<tr style=\"height: 24px;\">\n<td style=\"width: 620px; height: 24px;\">\n<h6>DEPARTAMENTO DE SANIDAD<\/h6>\n<\/td>\n<td style=\"width: 578px; height: 24px;\"><a href=\"https:\/\/www.fresnillo.gob.mx\/transparencia\/wp-content\/uploads\/2026\/04\/DIRECTORIO-PRIMER-TRIMESTRE-2026-.pdf\" target=\"_blank\" rel=\"noopener\">Consulta Directorio<\/a><\/td>\n<\/tr>\n<tr style=\"height: 24px;\">\n<td style=\"width: 620px; height: 24px;\">\n<h6>UNIDAD DE COMERCIO, PLAZAS Y MERCADOS<\/h6>\n<\/td>\n<td style=\"width: 578px; height: 24px;\"><a href=\"https:\/\/www.fresnillo.gob.mx\/transparencia\/wp-content\/uploads\/2026\/04\/Directorio-1.pdf\" target=\"_blank\" rel=\"noopener\">Consulta Directorio<\/a><\/td>\n<\/tr>\n<tr style=\"height: 96px;\">\n<td style=\"width: 620px; height: 96px;\">\n<h6>SUTSEMOP Delegaci\u00f3n Fresnillo<\/h6>\n<\/td>\n<td style=\"width: 578px; height: 96px;\"><a href=\"https:\/\/www.fresnillo.gob.mx\/transparencia\/wp-content\/uploads\/2026\/04\/DIRECTORIO-PRIMER-TRIMESTRE-SUTSEMOP.pdf\" target=\"_blank\" rel=\"noopener\">Consulta Directorio<\/a><\/td>\n<\/tr>\n<\/tbody>\n<\/table>\n<p>&nbsp;<\/p>\n<p>&nbsp;<\/p>\n<p>&nbsp;<\/p>\n<p>&nbsp;<\/p>\n<p>&nbsp;<\/p>\n<p>&nbsp;<\/p>\n<p>&nbsp;<\/p>\n<p>&nbsp;<\/p>\n<p>&nbsp;<\/p>\n<p>&nbsp;<\/p>\n<p>&nbsp;<\/p>\n<p>&nbsp;<\/p>\n<p>&nbsp;<\/p>\n<p>&nbsp;<\/p>\n<p>&nbsp;<\/p>\n<p>&nbsp;<\/p>\n<p>&nbsp;<\/p>\n<p>&nbsp;<\/p>\n<p>&nbsp;<\/p>\n<p>&nbsp;<\/p>\n<p>&nbsp;<\/p>\n<p>&nbsp;<\/p>\n<p>&nbsp;<\/p>\n<p>&nbsp;<\/p>\n<p>&nbsp;<\/p>\n<p>&nbsp;<\/p>\n<p>&nbsp;<\/p>\n<p>&nbsp;<\/p>\n<p>&nbsp;<\/p>\n<p>&nbsp;<\/p>\n<p>&nbsp;<\/p>\n<p>&nbsp;<\/p>\n<p>&nbsp;<\/p>\n<p>&nbsp;<\/p>\n<p>&nbsp;<\/p>\n<p>&nbsp;<\/p>\n<p>&nbsp;<\/p>\n<p>&nbsp;<\/p>\n<p>&nbsp;<\/p>\n<p>&nbsp;<\/p>\n<p>&nbsp;<\/p>\n<p>&nbsp;<\/p>\n<p>&nbsp;<\/p>\n<p>&nbsp;<\/p>\n<p>&nbsp;<\/p>\n<p>&nbsp;<\/p>\n<p>&nbsp;<\/p>\n<p>&nbsp;<\/p>\n<p>&nbsp;<\/p>\n<p>&nbsp;<\/p>\n<p>&nbsp;<\/p>\n<p>&nbsp;<\/p>\n<p>&nbsp;<\/p>\n<p>&nbsp;<\/p>\n<p>&nbsp;<\/p>\n<p>&nbsp;<\/p>\n<p>&nbsp;<\/p>\n<p>&nbsp;<\/p>\n<p>&nbsp;<\/p>\n<p>&nbsp;[\/vc_column_text][\/vc_column][\/vc_row]<\/p>\n<\/div>","protected":false},"excerpt":{"rendered":"<p>[vc_row][vc_column][vc_column_text css=\u00bb\u00bb] FRACCION VI. El directorio de todas las personas servidoras p\u00fablicas, a partir del nivel de jefe de departamento o su equivalente, o de menor nivel, cuando se brinde atenci\u00f3n al p\u00fablico; manejen o apliquen recursos p\u00fablicos; realicen actos de autoridad o presten servicios profesionales bajo el r\u00e9gimen de confianza u honorarios y personal [&hellip;]<\/p>\n","protected":false},"author":1,"featured_media":0,"parent":9759,"menu_order":6,"comment_status":"closed","ping_status":"closed","template":"","meta":{"_uag_custom_page_level_css":"","advgb_blocks_editor_width":"","advgb_blocks_columns_visual_guide":"","footnotes":""},"class_list":["post-79658","page","type-page","status-publish","hentry"],"uagb_featured_image_src":{"full":false,"thumbnail":false,"medium":false,"medium_large":false,"large":false,"1536x1536":false,"2048x2048":false},"uagb_author_info":{"display_name":"admin","author_link":"https:\/\/www.fresnillo.gob.mx\/transparencia\/author\/admin\/"},"uagb_comment_info":0,"uagb_excerpt":"[vc_row][vc_column][vc_column_text css=\u00bb\u00bb] FRACCION VI. El directorio de todas las personas servidoras p\u00fablicas, a partir del nivel de jefe de departamento o su equivalente, o de menor nivel, cuando se brinde atenci\u00f3n al p\u00fablico; manejen o apliquen recursos p\u00fablicos; realicen actos de autoridad o presten servicios profesionales bajo el r\u00e9gimen de confianza u honorarios y personal&hellip;","coauthors":[],"author_meta":{"author_link":"https:\/\/www.fresnillo.gob.mx\/transparencia\/author\/admin\/","display_name":"admin"},"relative_dates":{"created":"Publicado 4 semanas hace","modified":"Actualizado 1 semana hace"},"absolute_dates":{"created":"Publicado el abril 7, 2026","modified":"Actualizado el abril 28, 2026"},"absolute_dates_time":{"created":"Publicado el abril 7, 2026 8:00 pm","modified":"Actualizado el abril 28, 2026 8:10 pm"},"featured_img_caption":"","featured_img":false,"series_order":"","_links":{"self":[{"href":"https:\/\/www.fresnillo.gob.mx\/transparencia\/wp-json\/wp\/v2\/pages\/79658","targetHints":{"allow":["GET"]}}],"collection":[{"href":"https:\/\/www.fresnillo.gob.mx\/transparencia\/wp-json\/wp\/v2\/pages"}],"about":[{"href":"https:\/\/www.fresnillo.gob.mx\/transparencia\/wp-json\/wp\/v2\/types\/page"}],"author":[{"embeddable":true,"href":"https:\/\/www.fresnillo.gob.mx\/transparencia\/wp-json\/wp\/v2\/users\/1"}],"replies":[{"embeddable":true,"href":"https:\/\/www.fresnillo.gob.mx\/transparencia\/wp-json\/wp\/v2\/comments?post=79658"}],"version-history":[{"count":18,"href":"https:\/\/www.fresnillo.gob.mx\/transparencia\/wp-json\/wp\/v2\/pages\/79658\/revisions"}],"predecessor-version":[{"id":80449,"href":"https:\/\/www.fresnillo.gob.mx\/transparencia\/wp-json\/wp\/v2\/pages\/79658\/revisions\/80449"}],"up":[{"embeddable":true,"href":"https:\/\/www.fresnillo.gob.mx\/transparencia\/wp-json\/wp\/v2\/pages\/9759"}],"wp:attachment":[{"href":"https:\/\/www.fresnillo.gob.mx\/transparencia\/wp-json\/wp\/v2\/media?parent=79658"}],"curies":[{"name":"wp","href":"https:\/\/api.w.org\/{rel}","templated":true}]}}