{"id":79666,"date":"2026-04-07T20:00:14","date_gmt":"2026-04-07T20:00:14","guid":{"rendered":""},"modified":"2026-04-17T19:41:27","modified_gmt":"2026-04-17T19:41:27","slug":"xiv-subsidios-ley2025","status":"publish","type":"page","link":"https:\/\/www.fresnillo.gob.mx\/transparencia\/siapasf\/articulo-39\/xiv-subsidios-ley2025\/","title":{"rendered":"XIV. La informacion de los programas de subsidios estimulos y apoyos"},"content":{"rendered":"<div class=\"wpb-content-wrapper\"><p>[vc_row][vc_column][vc_column_text css=\u00bb\u00bb]<\/p>\n<h1 style=\"text-align: center;\"><span style=\"color: #333399;\">FRACCION XIV.<\/span><\/h1>\n<h3 style=\"text-align: center;\"><span style=\"color: #3366ff;\"><em><strong>La informaci\u00f3n de los programas de subsidios, est\u00edmulos y apoyos, en el que se deber\u00e1 informar respecto de los programas de transferencia, de servicios, de infraestructura social y de subsidio.<\/strong><\/em><\/span><\/h3>\n<h2 style=\"text-align: right;\"><strong>Fecha de Actualizaci\u00f3n <\/strong><strong>31\/Marzo\/2026<\/strong><\/h2>\n<p>[\/vc_column_text][\/vc_column][\/vc_row][vc_row][vc_column][vc_separator color=\u00bbviolet\u00bb border_width=\u00bb10&#8243; css=\u00bb\u00bb][\/vc_column][\/vc_row][vc_row][vc_column][vc_tta_tabs style=\u00bbmodern\u00bb color=\u00bbviolet\u00bb spacing=\u00bb10&#8243; active_section=\u00bb1&#8243; title=\u00bbEJERCICIO 2026&#8243;][vc_tta_section title=\u00bbSISTEMA MUNICIPAL DIF\u00bb tab_id=\u00bb1776447421883-e471a3b5-3b10&#8243;][vc_column_text css=\u00bb\u00bb]<a href=\"https:\/\/www.fresnillo.gob.mx\/transparencia\/wp-content\/uploads\/2026\/04\/1000-DIAS-DE-VIDA-2026.pdf\" target=\"_blank\" rel=\"noopener\">Padron de 1000 DIAS DE VIDA 2026<\/a><\/p>\n<p><a href=\"https:\/\/www.fresnillo.gob.mx\/transparencia\/wp-content\/uploads\/2026\/04\/LISTA-DE-COMEDOR-COMUNITARIOS-2026.pdf\" target=\"_blank\" rel=\"noopener\">Padron de LISTA DE COMEDOR COMUNITARIOS 2026<\/a><\/p>\n<p><a href=\"https:\/\/www.fresnillo.gob.mx\/transparencia\/wp-content\/uploads\/2026\/04\/Padroin-de-Desayunos-Escolares-caliente-2026.pdf\" target=\"_blank\" rel=\"noopener\">Padron de Desayunos Escolares caliente 2026<\/a><\/p>\n<p><a href=\"https:\/\/www.fresnillo.gob.mx\/transparencia\/wp-content\/uploads\/2026\/04\/Padroin-de-Desayunos-Escolares-frios-2026.pdf\" target=\"_blank\" rel=\"noopener\">Padron de Desayunos Escolares frios 2026<\/a><\/p>\n<p><a href=\"https:\/\/www.fresnillo.gob.mx\/transparencia\/wp-content\/uploads\/2026\/04\/PADRON-DE-ABUELONCHES-2026.pdf\" target=\"_blank\" rel=\"noopener\">Padron de ABUELONCHES 2026<\/a><\/p>\n<p><a href=\"https:\/\/www.fresnillo.gob.mx\/transparencia\/wp-content\/uploads\/2026\/04\/PROGRAMA-DE-2-A-5-NINOS-NINAS-2026.pdf\" target=\"_blank\" rel=\"noopener\">Padron de PROGRAMA DE 2 A 5 NI\u00d1OS, NI\u00d1AS 2026<\/a><\/p>\n<p>&nbsp;[\/vc_column_text][\/vc_tta_section][vc_tta_section title=\u00bbDirecci\u00f3n de Atenci\u00f3n de V\u00edctimas Indirectas de Personas Desaparecidas\u00bb tab_id=\u00bb1776447421889-d52f7e5a-bd4b\u00bb][vc_column_text css=\u00bb\u00bb]<a href=\"https:\/\/www.fresnillo.gob.mx\/transparencia\/wp-content\/uploads\/2026\/04\/PADRON.pdf\">PADRON<\/a>[\/vc_column_text][\/vc_tta_section][\/vc_tta_tabs][\/vc_column][\/vc_row]<\/p>\n<\/div>","protected":false},"excerpt":{"rendered":"<p>[vc_row][vc_column][vc_column_text css=\u00bb\u00bb] FRACCION XIV. La informaci\u00f3n de los programas de subsidios, est\u00edmulos y apoyos, en el que se deber\u00e1 informar respecto de los programas de transferencia, de servicios, de infraestructura social y de subsidio. Fecha de Actualizaci\u00f3n 31\/Marzo\/2026 [\/vc_column_text][\/vc_column][\/vc_row][vc_row][vc_column][vc_separator color=\u00bbviolet\u00bb border_width=\u00bb10&#8243; css=\u00bb\u00bb][\/vc_column][\/vc_row][vc_row][vc_column][vc_tta_tabs style=\u00bbmodern\u00bb color=\u00bbviolet\u00bb spacing=\u00bb10&#8243; active_section=\u00bb1&#8243; title=\u00bbEJERCICIO 2026&#8243;][vc_tta_section title=\u00bbSISTEMA MUNICIPAL DIF\u00bb tab_id=\u00bb1776447421883-e471a3b5-3b10&#8243;][vc_column_text css=\u00bb\u00bb]Padron de 1000 [&hellip;]<\/p>\n","protected":false},"author":1,"featured_media":0,"parent":9759,"menu_order":14,"comment_status":"closed","ping_status":"closed","template":"","meta":{"_uag_custom_page_level_css":"","advgb_blocks_editor_width":"","advgb_blocks_columns_visual_guide":"","footnotes":""},"class_list":["post-79666","page","type-page","status-publish","hentry"],"uagb_featured_image_src":{"full":false,"thumbnail":false,"medium":false,"medium_large":false,"large":false,"1536x1536":false,"2048x2048":false},"uagb_author_info":{"display_name":"admin","author_link":"https:\/\/www.fresnillo.gob.mx\/transparencia\/author\/admin\/"},"uagb_comment_info":0,"uagb_excerpt":"[vc_row][vc_column][vc_column_text css=\u00bb\u00bb] FRACCION XIV. La informaci\u00f3n de los programas de subsidios, est\u00edmulos y apoyos, en el que se deber\u00e1 informar respecto de los programas de transferencia, de servicios, de infraestructura social y de subsidio. Fecha de Actualizaci\u00f3n 31\/Marzo\/2026 [\/vc_column_text][\/vc_column][\/vc_row][vc_row][vc_column][vc_separator color=\u00bbviolet\u00bb border_width=\u00bb10&#8243; css=\u00bb\u00bb][\/vc_column][\/vc_row][vc_row][vc_column][vc_tta_tabs style=\u00bbmodern\u00bb color=\u00bbviolet\u00bb spacing=\u00bb10&#8243; active_section=\u00bb1&#8243; title=\u00bbEJERCICIO 2026&#8243;][vc_tta_section title=\u00bbSISTEMA MUNICIPAL DIF\u00bb tab_id=\u00bb1776447421883-e471a3b5-3b10&#8243;][vc_column_text css=\u00bb\u00bb]Padron de 1000&hellip;","coauthors":[],"author_meta":{"author_link":"https:\/\/www.fresnillo.gob.mx\/transparencia\/author\/admin\/","display_name":"admin"},"relative_dates":{"created":"Publicado 4 semanas hace","modified":"Actualizado 3 semanas hace"},"absolute_dates":{"created":"Publicado el abril 7, 2026","modified":"Actualizado el abril 17, 2026"},"absolute_dates_time":{"created":"Publicado el abril 7, 2026 8:00 pm","modified":"Actualizado el abril 17, 2026 7:41 pm"},"featured_img_caption":"","featured_img":false,"series_order":"","_links":{"self":[{"href":"https:\/\/www.fresnillo.gob.mx\/transparencia\/wp-json\/wp\/v2\/pages\/79666","targetHints":{"allow":["GET"]}}],"collection":[{"href":"https:\/\/www.fresnillo.gob.mx\/transparencia\/wp-json\/wp\/v2\/pages"}],"about":[{"href":"https:\/\/www.fresnillo.gob.mx\/transparencia\/wp-json\/wp\/v2\/types\/page"}],"author":[{"embeddable":true,"href":"https:\/\/www.fresnillo.gob.mx\/transparencia\/wp-json\/wp\/v2\/users\/1"}],"replies":[{"embeddable":true,"href":"https:\/\/www.fresnillo.gob.mx\/transparencia\/wp-json\/wp\/v2\/comments?post=79666"}],"version-history":[{"count":5,"href":"https:\/\/www.fresnillo.gob.mx\/transparencia\/wp-json\/wp\/v2\/pages\/79666\/revisions"}],"predecessor-version":[{"id":80195,"href":"https:\/\/www.fresnillo.gob.mx\/transparencia\/wp-json\/wp\/v2\/pages\/79666\/revisions\/80195"}],"up":[{"embeddable":true,"href":"https:\/\/www.fresnillo.gob.mx\/transparencia\/wp-json\/wp\/v2\/pages\/9759"}],"wp:attachment":[{"href":"https:\/\/www.fresnillo.gob.mx\/transparencia\/wp-json\/wp\/v2\/media?parent=79666"}],"curies":[{"name":"wp","href":"https:\/\/api.w.org\/{rel}","templated":true}]}}