{"id":79680,"date":"2026-04-07T20:00:28","date_gmt":"2026-04-07T20:00:28","guid":{"rendered":""},"modified":"2026-04-20T18:34:48","modified_gmt":"2026-04-20T18:34:48","slug":"xxviii-estadisticas-ley2025","status":"publish","type":"page","link":"https:\/\/www.fresnillo.gob.mx\/transparencia\/siapasf\/articulo-39\/xxviii-estadisticas-ley2025\/","title":{"rendered":"XXVIII. Las estadisticas que generen en cumplimiento de sus facultades"},"content":{"rendered":"<div class=\"wpb-content-wrapper\"><p>[vc_row][vc_column][vc_column_text css=\u00bb\u00bb]<\/p>\n<h1 style=\"text-align: center;\"><span style=\"color: #333399;\">FRACCION XXVIII.<\/span><\/h1>\n<h3 style=\"text-align: center;\"><span style=\"color: #3366ff;\"><em><strong>Las estad\u00edsticas que generen en cumplimiento de sus facultades, competencias o funciones con la mayor desagregaci\u00f3n posible.<\/strong><\/em><\/span><\/h3>\n<h2 style=\"text-align: right;\"><strong>Fecha de Actualizaci\u00f3n 31\/Marzo\/2026<\/strong><\/h2>\n<p>[\/vc_column_text][\/vc_column][\/vc_row][vc_row][vc_column][vc_separator color=\u00bbviolet\u00bb border_width=\u00bb10&#8243; css=\u00bb\u00bb][\/vc_column][\/vc_row][vc_row][vc_column][vc_tta_tabs style=\u00bbmodern\u00bb shape=\u00bbsquare\u00bb color=\u00bbviolet\u00bb spacing=\u00bb10&#8243; active_section=\u00bb1&#8243; title=\u00bbEJERCICIO 2026&#8243;][vc_tta_section title=\u00bbSECRETARIA TECNICA\u00bb tab_id=\u00bb1776702938764-975db468-68ce\u00bb][vc_column_text css=\u00bb\u00bb]<\/p>\n<h3><span style=\"color: #0000ff;\"><strong>PRIMER TRIMESTRE<\/strong><\/span><\/h3>\n<p>&nbsp;<\/p>\n<h3><span style=\"color: #3366ff;\"><a style=\"color: #3366ff;\" href=\"https:\/\/www.fresnillo.gob.mx\/transparencia\/wp-content\/uploads\/2026\/04\/Base-de-Datos-Estadisticas-Generadas.pdf\">Base de Datos Estadisticas Generadas<\/a><\/span><\/h3>\n<p><span style=\"color: #3366ff;\"><strong><a style=\"color: #3366ff;\" href=\"https:\/\/www.fresnillo.gob.mx\/transparencia\/wp-content\/uploads\/2026\/04\/VARIABLES-A-LA-ESTADISTICA-GENERADAS-POR-LA-SECRETARIA-TECNICA.pdf\">VARIABLES A LA ESTAD\u00cdSTICA GENERADAS POR LA SECRETAR\u00cdA T\u00c9CNICA<\/a><\/strong><\/span><\/p>\n<h3><span style=\"color: #3366ff;\"><a style=\"color: #3366ff;\" href=\"https:\/\/www.fresnillo.gob.mx\/transparencia\/wp-content\/uploads\/2026\/04\/Hipervinculo-a-la-Base-de-Datos-Enero-Marzo-2026.pdf\">Hipervinculo a la Base de Datos Enero &#8211; Marzo 2026<\/a><\/span><\/h3>\n<p>[\/vc_column_text][\/vc_tta_section][\/vc_tta_tabs][\/vc_column][\/vc_row]<\/p>\n<\/div>","protected":false},"excerpt":{"rendered":"<p>[vc_row][vc_column][vc_column_text css=\u00bb\u00bb] FRACCION XXVIII. Las estad\u00edsticas que generen en cumplimiento de sus facultades, competencias o funciones con la mayor desagregaci\u00f3n posible. Fecha de Actualizaci\u00f3n 31\/Marzo\/2026 [\/vc_column_text][\/vc_column][\/vc_row][vc_row][vc_column][vc_separator color=\u00bbviolet\u00bb border_width=\u00bb10&#8243; css=\u00bb\u00bb][\/vc_column][\/vc_row][vc_row][vc_column][vc_tta_tabs style=\u00bbmodern\u00bb shape=\u00bbsquare\u00bb color=\u00bbviolet\u00bb spacing=\u00bb10&#8243; active_section=\u00bb1&#8243; title=\u00bbEJERCICIO 2026&#8243;][vc_tta_section title=\u00bbSECRETARIA TECNICA\u00bb tab_id=\u00bb1776702938764-975db468-68ce\u00bb][vc_column_text css=\u00bb\u00bb] PRIMER TRIMESTRE &nbsp; Base de Datos Estadisticas Generadas VARIABLES A LA ESTAD\u00cdSTICA GENERADAS POR LA [&hellip;]<\/p>\n","protected":false},"author":1,"featured_media":0,"parent":9759,"menu_order":28,"comment_status":"closed","ping_status":"closed","template":"","meta":{"_uag_custom_page_level_css":"","advgb_blocks_editor_width":"","advgb_blocks_columns_visual_guide":"","footnotes":""},"class_list":["post-79680","page","type-page","status-publish","hentry"],"uagb_featured_image_src":{"full":false,"thumbnail":false,"medium":false,"medium_large":false,"large":false,"1536x1536":false,"2048x2048":false},"uagb_author_info":{"display_name":"admin","author_link":"https:\/\/www.fresnillo.gob.mx\/transparencia\/author\/admin\/"},"uagb_comment_info":0,"uagb_excerpt":"[vc_row][vc_column][vc_column_text css=\u00bb\u00bb] FRACCION XXVIII. Las estad\u00edsticas que generen en cumplimiento de sus facultades, competencias o funciones con la mayor desagregaci\u00f3n posible. Fecha de Actualizaci\u00f3n 31\/Marzo\/2026 [\/vc_column_text][\/vc_column][\/vc_row][vc_row][vc_column][vc_separator color=\u00bbviolet\u00bb border_width=\u00bb10&#8243; css=\u00bb\u00bb][\/vc_column][\/vc_row][vc_row][vc_column][vc_tta_tabs style=\u00bbmodern\u00bb shape=\u00bbsquare\u00bb color=\u00bbviolet\u00bb spacing=\u00bb10&#8243; active_section=\u00bb1&#8243; title=\u00bbEJERCICIO 2026&#8243;][vc_tta_section title=\u00bbSECRETARIA TECNICA\u00bb tab_id=\u00bb1776702938764-975db468-68ce\u00bb][vc_column_text css=\u00bb\u00bb] PRIMER TRIMESTRE &nbsp; Base de Datos Estadisticas Generadas VARIABLES A LA ESTAD\u00cdSTICA GENERADAS POR LA&hellip;","coauthors":[],"author_meta":{"author_link":"https:\/\/www.fresnillo.gob.mx\/transparencia\/author\/admin\/","display_name":"admin"},"relative_dates":{"created":"Publicado 4 semanas hace","modified":"Actualizado 2 semanas hace"},"absolute_dates":{"created":"Publicado el abril 7, 2026","modified":"Actualizado el abril 20, 2026"},"absolute_dates_time":{"created":"Publicado el abril 7, 2026 8:00 pm","modified":"Actualizado el abril 20, 2026 6:34 pm"},"featured_img_caption":"","featured_img":false,"series_order":"","_links":{"self":[{"href":"https:\/\/www.fresnillo.gob.mx\/transparencia\/wp-json\/wp\/v2\/pages\/79680","targetHints":{"allow":["GET"]}}],"collection":[{"href":"https:\/\/www.fresnillo.gob.mx\/transparencia\/wp-json\/wp\/v2\/pages"}],"about":[{"href":"https:\/\/www.fresnillo.gob.mx\/transparencia\/wp-json\/wp\/v2\/types\/page"}],"author":[{"embeddable":true,"href":"https:\/\/www.fresnillo.gob.mx\/transparencia\/wp-json\/wp\/v2\/users\/1"}],"replies":[{"embeddable":true,"href":"https:\/\/www.fresnillo.gob.mx\/transparencia\/wp-json\/wp\/v2\/comments?post=79680"}],"version-history":[{"count":5,"href":"https:\/\/www.fresnillo.gob.mx\/transparencia\/wp-json\/wp\/v2\/pages\/79680\/revisions"}],"predecessor-version":[{"id":80312,"href":"https:\/\/www.fresnillo.gob.mx\/transparencia\/wp-json\/wp\/v2\/pages\/79680\/revisions\/80312"}],"up":[{"embeddable":true,"href":"https:\/\/www.fresnillo.gob.mx\/transparencia\/wp-json\/wp\/v2\/pages\/9759"}],"wp:attachment":[{"href":"https:\/\/www.fresnillo.gob.mx\/transparencia\/wp-json\/wp\/v2\/media?parent=79680"}],"curies":[{"name":"wp","href":"https:\/\/api.w.org\/{rel}","templated":true}]}}