{"id":79682,"date":"2026-04-07T20:00:30","date_gmt":"2026-04-07T20:00:30","guid":{"rendered":""},"modified":"2026-04-30T20:39:58","modified_gmt":"2026-04-30T20:39:58","slug":"xxx-padron-ley2025","status":"publish","type":"page","link":"https:\/\/www.fresnillo.gob.mx\/transparencia\/siapasf\/articulo-39\/xxx-padron-ley2025\/","title":{"rendered":"XXX. Padron de proveedores y contratistas"},"content":{"rendered":"<div class=\"wpb-content-wrapper\"><p>[vc_row][vc_column][vc_column_text css=\u00bb\u00bb]<\/p>\n<h1 style=\"text-align: center;\"><span style=\"color: #333399;\">FRACCION XXX.<\/span><\/h1>\n<h3 style=\"text-align: center;\"><span style=\"color: #3366ff;\"><em><strong>Padr\u00f3n de proveedores y contratistas en los sistemas habilitados para ello, de conformidad con las disposiciones jur\u00eddicas aplicables.<\/strong><\/em><\/span><\/h3>\n<h2 style=\"text-align: right;\"><strong>Fecha de Actualizaci\u00f3n 31\/Marzo\/2026<\/strong><\/h2>\n<p>[\/vc_column_text][\/vc_column][\/vc_row][vc_row][vc_column][vc_separator color=\u00bbviolet\u00bb border_width=\u00bb10&#8243; css=\u00bb\u00bb][\/vc_column][\/vc_row][vc_row][vc_column][vc_tta_tabs shape=\u00bbsquare\u00bb color=\u00bbviolet\u00bb spacing=\u00bb10&#8243; active_section=\u00bb1&#8243; title=\u00bbEJERCICIO 2026&#8243;][vc_tta_section title=\u00bbPRIMER TRIMESTRE 2026&#8243; tab_id=\u00bb1777569526867-f86b6ea7-9c2b\u00bb][vc_column_text css=\u00bb\u00bb]<a href=\"https:\/\/www.fresnillo.gob.mx\/transparencia\/wp-content\/uploads\/2026\/04\/padron-primer-informe-tirmestral-2026.pdf\" target=\"_blank\" rel=\"noopener\">Padron de Proveedores y Contratistas<\/a><\/p>\n<p><a href=\"https:\/\/www.fresnillo.gob.mx\/transparencia\/wp-content\/uploads\/2026\/04\/20260430_152910.pdf\" target=\"_blank\" rel=\"noopener\">Registro de proveedores o contratistas sancionados<\/a><\/p>\n<p><a href=\"https:\/\/www.fresnillo.gob.mx\/transparencia\/wp-content\/uploads\/2026\/04\/20260430_152857.pdf\" target=\"_blank\" rel=\"noopener\">No se cuenta con el registro electronico de Proveedores y Contratistas<\/a>[\/vc_column_text][\/vc_tta_section][vc_tta_section title=\u00bbSEGUNDO TRIMESTRE\u00bb tab_id=\u00bb1777569526868-f121cecc-01db\u00bb][\/vc_tta_section][\/vc_tta_tabs][\/vc_column][\/vc_row]<\/p>\n<\/div>","protected":false},"excerpt":{"rendered":"<p>[vc_row][vc_column][vc_column_text css=\u00bb\u00bb] FRACCION XXX. Padr\u00f3n de proveedores y contratistas en los sistemas habilitados para ello, de conformidad con las disposiciones jur\u00eddicas aplicables. Fecha de Actualizaci\u00f3n 31\/Marzo\/2026 [\/vc_column_text][\/vc_column][\/vc_row][vc_row][vc_column][vc_separator color=\u00bbviolet\u00bb border_width=\u00bb10&#8243; css=\u00bb\u00bb][\/vc_column][\/vc_row][vc_row][vc_column][vc_tta_tabs shape=\u00bbsquare\u00bb color=\u00bbviolet\u00bb spacing=\u00bb10&#8243; active_section=\u00bb1&#8243; title=\u00bbEJERCICIO 2026&#8243;][vc_tta_section title=\u00bbPRIMER TRIMESTRE 2026&#8243; tab_id=\u00bb1777569526867-f86b6ea7-9c2b\u00bb][vc_column_text css=\u00bb\u00bb]Padron de Proveedores y Contratistas Registro de proveedores o contratistas sancionados No se cuenta con [&hellip;]<\/p>\n","protected":false},"author":1,"featured_media":0,"parent":9759,"menu_order":30,"comment_status":"closed","ping_status":"closed","template":"","meta":{"_uag_custom_page_level_css":"","advgb_blocks_editor_width":"","advgb_blocks_columns_visual_guide":"","footnotes":""},"class_list":["post-79682","page","type-page","status-publish","hentry"],"uagb_featured_image_src":{"full":false,"thumbnail":false,"medium":false,"medium_large":false,"large":false,"1536x1536":false,"2048x2048":false},"uagb_author_info":{"display_name":"admin","author_link":"https:\/\/www.fresnillo.gob.mx\/transparencia\/author\/admin\/"},"uagb_comment_info":0,"uagb_excerpt":"[vc_row][vc_column][vc_column_text css=\u00bb\u00bb] FRACCION XXX. Padr\u00f3n de proveedores y contratistas en los sistemas habilitados para ello, de conformidad con las disposiciones jur\u00eddicas aplicables. Fecha de Actualizaci\u00f3n 31\/Marzo\/2026 [\/vc_column_text][\/vc_column][\/vc_row][vc_row][vc_column][vc_separator color=\u00bbviolet\u00bb border_width=\u00bb10&#8243; css=\u00bb\u00bb][\/vc_column][\/vc_row][vc_row][vc_column][vc_tta_tabs shape=\u00bbsquare\u00bb color=\u00bbviolet\u00bb spacing=\u00bb10&#8243; active_section=\u00bb1&#8243; title=\u00bbEJERCICIO 2026&#8243;][vc_tta_section title=\u00bbPRIMER TRIMESTRE 2026&#8243; tab_id=\u00bb1777569526867-f86b6ea7-9c2b\u00bb][vc_column_text css=\u00bb\u00bb]Padron de Proveedores y Contratistas Registro de proveedores o contratistas sancionados No se cuenta con&hellip;","coauthors":[],"author_meta":{"author_link":"https:\/\/www.fresnillo.gob.mx\/transparencia\/author\/admin\/","display_name":"admin"},"relative_dates":{"created":"Publicado 4 semanas hace","modified":"Actualizado 6 d\u00edas hace"},"absolute_dates":{"created":"Publicado el abril 7, 2026","modified":"Actualizado el abril 30, 2026"},"absolute_dates_time":{"created":"Publicado el abril 7, 2026 8:00 pm","modified":"Actualizado el abril 30, 2026 8:39 pm"},"featured_img_caption":"","featured_img":false,"series_order":"","_links":{"self":[{"href":"https:\/\/www.fresnillo.gob.mx\/transparencia\/wp-json\/wp\/v2\/pages\/79682","targetHints":{"allow":["GET"]}}],"collection":[{"href":"https:\/\/www.fresnillo.gob.mx\/transparencia\/wp-json\/wp\/v2\/pages"}],"about":[{"href":"https:\/\/www.fresnillo.gob.mx\/transparencia\/wp-json\/wp\/v2\/types\/page"}],"author":[{"embeddable":true,"href":"https:\/\/www.fresnillo.gob.mx\/transparencia\/wp-json\/wp\/v2\/users\/1"}],"replies":[{"embeddable":true,"href":"https:\/\/www.fresnillo.gob.mx\/transparencia\/wp-json\/wp\/v2\/comments?post=79682"}],"version-history":[{"count":5,"href":"https:\/\/www.fresnillo.gob.mx\/transparencia\/wp-json\/wp\/v2\/pages\/79682\/revisions"}],"predecessor-version":[{"id":80482,"href":"https:\/\/www.fresnillo.gob.mx\/transparencia\/wp-json\/wp\/v2\/pages\/79682\/revisions\/80482"}],"up":[{"embeddable":true,"href":"https:\/\/www.fresnillo.gob.mx\/transparencia\/wp-json\/wp\/v2\/pages\/9759"}],"wp:attachment":[{"href":"https:\/\/www.fresnillo.gob.mx\/transparencia\/wp-json\/wp\/v2\/media?parent=79682"}],"curies":[{"name":"wp","href":"https:\/\/api.w.org\/{rel}","templated":true}]}}