{"id":79683,"date":"2026-04-07T20:00:31","date_gmt":"2026-04-07T20:00:31","guid":{"rendered":""},"modified":"2026-04-17T18:31:58","modified_gmt":"2026-04-17T18:31:58","slug":"xxxi-convenios-ley2025","status":"publish","type":"page","link":"https:\/\/www.fresnillo.gob.mx\/transparencia\/siapasf\/articulo-39\/xxxi-convenios-ley2025\/","title":{"rendered":"XXXI. Los convenios de coordinacion y concertacion"},"content":{"rendered":"<div class=\"wpb-content-wrapper\"><p>[vc_row][vc_column][vc_column_text css=\u00bb\u00bb]<\/p>\n<h1 style=\"text-align: center;\"><span style=\"color: #333399;\">FRACCION XXXI.<\/span><\/h1>\n<h2 style=\"text-align: center;\"><span style=\"color: #3366ff;\"><em><strong>Los convenios de coordinaci\u00f3n y de concertaci\u00f3n con los sectores social y privado.<\/strong><\/em><\/span><\/h2>\n<h2 style=\"text-align: right;\"><strong>Fecha de Actualizaci\u00f3n 31\/Marzo\/2026<\/strong><\/h2>\n<p>[\/vc_column_text][\/vc_column][\/vc_row][vc_row][vc_column][vc_separator color=\u00bbviolet\u00bb border_width=\u00bb10&#8243; css=\u00bb\u00bb][\/vc_column][\/vc_row][vc_row][vc_column][vc_tta_tabs style=\u00bbmodern\u00bb shape=\u00bbsquare\u00bb color=\u00bbviolet\u00bb active_section=\u00bb1&#8243; title=\u00bbEJERCICIO 2026&#8243;][vc_tta_section title=\u00bbSINDICATURA\u00bb tab_id=\u00bb1776446352437-af7bddac-2a80&#8243;][vc_column_text css=\u00bb\u00bb]<a href=\"https:\/\/www.fresnillo.gob.mx\/transparencia\/wp-content\/uploads\/2026\/04\/convenio-Fonacot.pdf\" target=\"_blank\" rel=\"noopener\">Convenio Fonacot<\/a><\/p>\n<p><a href=\"https:\/\/www.fresnillo.gob.mx\/transparencia\/wp-content\/uploads\/2026\/04\/convenio-INSUS.pdf\" target=\"_blank\" rel=\"noopener\">Convenio INSUS<\/a><\/p>\n<p><a href=\"https:\/\/www.fresnillo.gob.mx\/transparencia\/wp-content\/uploads\/2026\/04\/ITSF.pdf\" target=\"_blank\" rel=\"noopener\">Convenio ITSF<\/a><\/p>\n<p><a href=\"https:\/\/www.fresnillo.gob.mx\/transparencia\/wp-content\/uploads\/2026\/04\/MONREAL-SANDOVAL-.pdf\" target=\"_blank\" rel=\"noopener\">Convenio MONREAL SANDOVAL<\/a><\/p>\n<p><a href=\"https:\/\/www.fresnillo.gob.mx\/transparencia\/wp-content\/uploads\/2026\/04\/UAD.pdf\" target=\"_blank\" rel=\"noopener\">Convenio UAD<\/a><\/p>\n<p><a href=\"https:\/\/www.fresnillo.gob.mx\/transparencia\/wp-content\/uploads\/2026\/04\/UAF.pdf\" target=\"_blank\" rel=\"noopener\">Convenio UAF<\/a><\/p>\n<p><a href=\"https:\/\/www.fresnillo.gob.mx\/transparencia\/wp-content\/uploads\/2026\/04\/UAZ.pdf\" target=\"_blank\" rel=\"noopener\">Convenio UAZ<\/a><\/p>\n<p><a href=\"https:\/\/www.fresnillo.gob.mx\/transparencia\/wp-content\/uploads\/2026\/04\/UNID.pdf\" target=\"_blank\" rel=\"noopener\">Convenio UNID<\/a><\/p>\n<p><a href=\"https:\/\/www.fresnillo.gob.mx\/transparencia\/wp-content\/uploads\/2026\/04\/UPZ.pdf\" target=\"_blank\" rel=\"noopener\">Convenio UPZ<\/a>[\/vc_column_text][\/vc_tta_section][vc_tta_section title=\u00bbSMDIF\u00bb tab_id=\u00bb1776446352437-0f1cdcae-6a4e\u00bb][vc_column_text css=\u00bb\u00bb]<a href=\"https:\/\/www.fresnillo.gob.mx\/transparencia\/wp-content\/uploads\/2026\/04\/convenios-2026.pdf\">convenios 2026<\/a>[\/vc_column_text][\/vc_tta_section][\/vc_tta_tabs][\/vc_column][\/vc_row]<\/p>\n<\/div>","protected":false},"excerpt":{"rendered":"<p>[vc_row][vc_column][vc_column_text css=\u00bb\u00bb] FRACCION XXXI. Los convenios de coordinaci\u00f3n y de concertaci\u00f3n con los sectores social y privado. Fecha de Actualizaci\u00f3n 31\/Marzo\/2026 [\/vc_column_text][\/vc_column][\/vc_row][vc_row][vc_column][vc_separator color=\u00bbviolet\u00bb border_width=\u00bb10&#8243; css=\u00bb\u00bb][\/vc_column][\/vc_row][vc_row][vc_column][vc_tta_tabs style=\u00bbmodern\u00bb shape=\u00bbsquare\u00bb color=\u00bbviolet\u00bb active_section=\u00bb1&#8243; title=\u00bbEJERCICIO 2026&#8243;][vc_tta_section title=\u00bbSINDICATURA\u00bb tab_id=\u00bb1776446352437-af7bddac-2a80&#8243;][vc_column_text css=\u00bb\u00bb]Convenio Fonacot Convenio INSUS Convenio ITSF Convenio MONREAL SANDOVAL Convenio UAD Convenio UAF Convenio UAZ Convenio UNID Convenio UPZ[\/vc_column_text][\/vc_tta_section][vc_tta_section title=\u00bbSMDIF\u00bb tab_id=\u00bb1776446352437-0f1cdcae-6a4e\u00bb][vc_column_text css=\u00bb\u00bb]convenios [&hellip;]<\/p>\n","protected":false},"author":1,"featured_media":0,"parent":9759,"menu_order":31,"comment_status":"closed","ping_status":"closed","template":"","meta":{"_uag_custom_page_level_css":"","advgb_blocks_editor_width":"","advgb_blocks_columns_visual_guide":"","footnotes":""},"class_list":["post-79683","page","type-page","status-publish","hentry"],"uagb_featured_image_src":{"full":false,"thumbnail":false,"medium":false,"medium_large":false,"large":false,"1536x1536":false,"2048x2048":false},"uagb_author_info":{"display_name":"admin","author_link":"https:\/\/www.fresnillo.gob.mx\/transparencia\/author\/admin\/"},"uagb_comment_info":0,"uagb_excerpt":"[vc_row][vc_column][vc_column_text css=\u00bb\u00bb] FRACCION XXXI. Los convenios de coordinaci\u00f3n y de concertaci\u00f3n con los sectores social y privado. Fecha de Actualizaci\u00f3n 31\/Marzo\/2026 [\/vc_column_text][\/vc_column][\/vc_row][vc_row][vc_column][vc_separator color=\u00bbviolet\u00bb border_width=\u00bb10&#8243; css=\u00bb\u00bb][\/vc_column][\/vc_row][vc_row][vc_column][vc_tta_tabs style=\u00bbmodern\u00bb shape=\u00bbsquare\u00bb color=\u00bbviolet\u00bb active_section=\u00bb1&#8243; title=\u00bbEJERCICIO 2026&#8243;][vc_tta_section title=\u00bbSINDICATURA\u00bb tab_id=\u00bb1776446352437-af7bddac-2a80&#8243;][vc_column_text css=\u00bb\u00bb]Convenio Fonacot Convenio INSUS Convenio ITSF Convenio MONREAL SANDOVAL Convenio UAD Convenio UAF Convenio UAZ Convenio UNID Convenio UPZ[\/vc_column_text][\/vc_tta_section][vc_tta_section title=\u00bbSMDIF\u00bb tab_id=\u00bb1776446352437-0f1cdcae-6a4e\u00bb][vc_column_text css=\u00bb\u00bb]convenios&hellip;","coauthors":[],"author_meta":{"author_link":"https:\/\/www.fresnillo.gob.mx\/transparencia\/author\/admin\/","display_name":"admin"},"relative_dates":{"created":"Publicado 4 semanas hace","modified":"Actualizado 3 semanas hace"},"absolute_dates":{"created":"Publicado el abril 7, 2026","modified":"Actualizado el abril 17, 2026"},"absolute_dates_time":{"created":"Publicado el abril 7, 2026 8:00 pm","modified":"Actualizado el abril 17, 2026 6:31 pm"},"featured_img_caption":"","featured_img":false,"series_order":"","_links":{"self":[{"href":"https:\/\/www.fresnillo.gob.mx\/transparencia\/wp-json\/wp\/v2\/pages\/79683","targetHints":{"allow":["GET"]}}],"collection":[{"href":"https:\/\/www.fresnillo.gob.mx\/transparencia\/wp-json\/wp\/v2\/pages"}],"about":[{"href":"https:\/\/www.fresnillo.gob.mx\/transparencia\/wp-json\/wp\/v2\/types\/page"}],"author":[{"embeddable":true,"href":"https:\/\/www.fresnillo.gob.mx\/transparencia\/wp-json\/wp\/v2\/users\/1"}],"replies":[{"embeddable":true,"href":"https:\/\/www.fresnillo.gob.mx\/transparencia\/wp-json\/wp\/v2\/comments?post=79683"}],"version-history":[{"count":5,"href":"https:\/\/www.fresnillo.gob.mx\/transparencia\/wp-json\/wp\/v2\/pages\/79683\/revisions"}],"predecessor-version":[{"id":80179,"href":"https:\/\/www.fresnillo.gob.mx\/transparencia\/wp-json\/wp\/v2\/pages\/79683\/revisions\/80179"}],"up":[{"embeddable":true,"href":"https:\/\/www.fresnillo.gob.mx\/transparencia\/wp-json\/wp\/v2\/pages\/9759"}],"wp:attachment":[{"href":"https:\/\/www.fresnillo.gob.mx\/transparencia\/wp-json\/wp\/v2\/media?parent=79683"}],"curies":[{"name":"wp","href":"https:\/\/api.w.org\/{rel}","templated":true}]}}