{"id":79695,"date":"2026-04-07T20:00:43","date_gmt":"2026-04-07T20:00:43","guid":{"rendered":""},"modified":"2026-04-21T19:08:45","modified_gmt":"2026-04-21T19:08:45","slug":"xliii-catalogo-ley2025","status":"publish","type":"page","link":"https:\/\/www.fresnillo.gob.mx\/transparencia\/siapasf\/articulo-39\/xliii-catalogo-ley2025\/","title":{"rendered":"XLIII. El catalogo de disposicion y guia de archivo documental"},"content":{"rendered":"<div class=\"wpb-content-wrapper\"><p>[vc_row][vc_column][vc_column_text css=\u00bb\u00bb]<\/p>\n<h1 style=\"text-align: center;\"><span style=\"color: #333399;\">FRACCION XLIII.<\/span><\/h1>\n<h3 style=\"text-align: center;\"><span style=\"color: #3366ff;\"><em><strong>El cat\u00e1logo de disposici\u00f3n y gu\u00eda de archivo documental.<\/strong><\/em><\/span><\/h3>\n<h2 style=\"text-align: right;\"><strong>Fecha de Actualizaci\u00f3n 31\/Marzo\/2026<\/strong><\/h2>\n<p>[\/vc_column_text][vc_separator color=\u00bbviolet\u00bb border_width=\u00bb10&#8243; css=\u00bb\u00bb][vc_tta_tabs style=\u00bbmodern\u00bb color=\u00bbviolet\u00bb spacing=\u00bb20&#8243; active_section=\u00bb1&#8243; title=\u00bbEJERCICIO 2026&#8243;][vc_tta_section title=\u00bb4TO TRIMESTRE 2025&#8243; tab_id=\u00bb1776176335816-9667afcd-a3e7&#8243;][vc_column_text css=\u00bb\u00bb]&nbsp;<\/p>\n<h3><em><strong><span style=\"color: #3366ff;\">Cuadro General de Clasificaci\u00f3n Archivista<\/span><\/strong><\/em><\/h3>\n<h4><a href=\"https:\/\/www.fresnillo.gob.mx\/transparencia\/wp-content\/uploads\/2025\/07\/CATALOGO-DE-DISPOSICION-DOCUMENTAL-CaDiDo.pdf\">CATALOGO DE DISPOSICION DOCUMENTAL (CaDiDo)<\/a><\/h4>\n<h4><a href=\"https:\/\/www.fresnillo.gob.mx\/transparencia\/wp-content\/uploads\/2025\/07\/CUADRO-GENERAL-DE-CLASIFICACION-ARCHIVISTICA-CGCA.pdf\">CUADRO GENERAL DE CLASIFICACION ARCHIVISTICA (CGCA)<\/a><\/h4>\n<h4><a href=\"https:\/\/www.fresnillo.gob.mx\/transparencia\/wp-content\/uploads\/2025\/07\/FICHA-TECNICA-DE-VALORACION-DOCUMENTAL-FTVD.pdf\">FICHA TECNICA DE VALORACI\u00d3N DOCUMENTAL (FTVD)<\/a><\/h4>\n<h4><\/h4>\n<p>&nbsp;<\/p>\n<h3><em><strong><span style=\"color: #3366ff;\">Inventarios Documentales<\/span><\/strong><\/em><\/h3>\n<h4><a href=\"https:\/\/www.fresnillo.gob.mx\/transparencia\/wp-content\/uploads\/2026\/03\/GUIAS-DE-CONCENTRACION.pdf\">GUIAS DE CONCENTRACI\u00d3N<\/a><\/h4>\n<h4><a href=\"https:\/\/www.fresnillo.gob.mx\/transparencia\/wp-content\/uploads\/2026\/03\/GUIAS-DE-CONTEMPORANEO.pdf\">GUIAS DE CONTEMPORANEO<\/a><\/h4>\n<h4><a href=\"https:\/\/www.fresnillo.gob.mx\/transparencia\/wp-content\/uploads\/2026\/03\/GUIAS-DE-HISTORICO.pdf\">GUIAS DE HISTORICO<\/a><\/h4>\n<h4><a href=\"https:\/\/www.fresnillo.gob.mx\/transparencia\/wp-content\/uploads\/2026\/03\/GUIAS-DEL-CRONISTA.pdf\">GUIAS DEL CRONISTA<\/a><\/h4>\n<h4><a href=\"https:\/\/www.fresnillo.gob.mx\/transparencia\/wp-content\/uploads\/2025\/07\/INVENTARIO-DE-ARCHIVO-DE-TRAMITE-IGAT.pdf\">INVENTARIO DE ARCHIVO DE TRAMITE (IGAT)<\/a><\/h4>\n<h4><a href=\"https:\/\/www.fresnillo.gob.mx\/transparencia\/wp-content\/uploads\/2025\/07\/INVENTARIO-DE-BAJA-DOCUMENTAL-IBD.pdf\">INVENTARIO DE BAJA DOCUMENTAL (IBD)<\/a><\/h4>\n<h4><a href=\"https:\/\/www.fresnillo.gob.mx\/transparencia\/wp-content\/uploads\/2025\/07\/INVENTARIO-DE-BAJA-DOCUMENTAL-IBD-1.pdf\">INVENTARIO DE BAJA DOCUMENTAL (IBD)<\/a><a href=\"https:\/\/www.fresnillo.gob.mx\/transparencia\/wp-content\/uploads\/2025\/07\/INVENTARIO-DE-TRANSFERENCIA-PRIMARIA-ITP.pdf\">INVENTARIO DE TRANSFERENCIA PRIMARIA (ITP)<\/a><\/h4>\n<h4><a href=\"https:\/\/www.fresnillo.gob.mx\/transparencia\/wp-content\/uploads\/2025\/07\/INVENTARIO-DE-TRANSFERENCIA-SECUNDARIA-ITS.pdf\">INVENTARIO DE TRANSFERENCIA SECUNDARIA (ITS)<\/a><\/h4>\n<p>&nbsp;<\/p>\n<p>&nbsp;<\/p>\n<h3><em><strong><span style=\"color: #3366ff;\">\u00cdndice de expedientes clasificados como reservados<\/span><\/strong><\/em><\/h3>\n<h4><a href=\"https:\/\/www.fresnillo.gob.mx\/transparencia\/wp-content\/uploads\/2025\/10\/INDICE-DE-EXPEDIENTES-CLASIFICADOS.pdf\">INDICE DE EXPEDIENTES CLASIFICADOS<\/a><\/h4>\n<p>[\/vc_column_text][\/vc_tta_section][vc_tta_section title=\u00bbPRIMER TRIMESTRE 2026&#8243; tab_id=\u00bb1776176335816-f1712d38-a305&#8243;][vc_column_text css=\u00bb\u00bb][\/vc_column_text][vc_column_text css=\u00bb\u00bb]<\/p>\n<table style=\"border-collapse: collapse; width: 100%;\" border=\"1\">\n<tbody>\n<tr>\n<td style=\"width: 100%; background-color: #a762b5; text-align: center;\">\n<h2><span style=\"color: #ffffff;\">UNIDADES ADMINISTRATIVAS<\/span><\/h2>\n<\/td>\n<\/tr>\n<\/tbody>\n<\/table>\n<h3 style=\"text-align: center;\"><\/h3>\n<table style=\"border-collapse: collapse; width: 100%;\" border=\"1\">\n<tbody>\n<tr style=\"height: 44px;\">\n<td style=\"width: 100%; height: 44px;\"><a href=\"https:\/\/www.fresnillo.gob.mx\/transparencia\/wp-content\/uploads\/2026\/04\/Secretaria-de-Desarrollo-Economico.pdf\">Secretaria de Desarrollo Economico<\/a><\/td>\n<\/tr>\n<tr style=\"height: 55px;\">\n<td style=\"width: 100%; height: 55px;\"><a href=\"https:\/\/www.fresnillo.gob.mx\/transparencia\/wp-content\/uploads\/2026\/04\/Sistema-Municipal-de-Proteccion-de-Ninos-y-Ninas.pdf\">Sistema Municipal de Protecci\u00f3n de Ni\u00f1os y Ni\u00f1as<\/a><\/td>\n<\/tr>\n<tr style=\"height: 56px;\">\n<td style=\"width: 100%; height: 56px;\"><a href=\"https:\/\/www.fresnillo.gob.mx\/transparencia\/wp-content\/uploads\/2026\/04\/Secretaria-de-Servicios-Publicos.pdf\">Secretaria de Servicios P\u00fablicos<\/a><\/td>\n<\/tr>\n<tr style=\"height: 96px;\">\n<td style=\"width: 100%; height: 69px;\"><a href=\"https:\/\/www.fresnillo.gob.mx\/transparencia\/wp-content\/uploads\/2026\/04\/Jefatura-de-Oficina-de-Enlace-con-la-SRE.pdf\">Jefatura de Oficina de Enlace con la SRE<\/a><\/td>\n<\/tr>\n<tr style=\"height: 96px;\">\n<td style=\"width: 100%; height: 24px;\"><a href=\"https:\/\/www.fresnillo.gob.mx\/transparencia\/wp-content\/uploads\/2026\/04\/Jefatura-Administrativa-de-Panteones.pdf\">Jefatura Administrativa de Panteones<\/a><\/td>\n<\/tr>\n<tr style=\"height: 96px;\">\n<td style=\"width: 100%; height: 61px;\"><a href=\"https:\/\/www.fresnillo.gob.mx\/transparencia\/wp-content\/uploads\/2026\/04\/Direccion-de-Recoleccion-y-Limpia.pdf\">Direcci\u00f3n de Recolecci\u00f3n y Limpia<\/a><\/td>\n<\/tr>\n<tr style=\"height: 96px;\">\n<td style=\"width: 100%; height: 60px;\"><a href=\"https:\/\/www.fresnillo.gob.mx\/transparencia\/wp-content\/uploads\/2026\/04\/Direccion-de-Parques-y-Jardines.pdf\">Direcci\u00f3n de Parques y Jardines<\/a><\/td>\n<\/tr>\n<tr style=\"height: 96px;\">\n<td style=\"width: 100%; height: 35px;\"><a href=\"https:\/\/www.fresnillo.gob.mx\/transparencia\/wp-content\/uploads\/2026\/04\/Direccion-de-Rastro-Municipal.pdf\">Direcci\u00f3n de Rastro Municipal<\/a><\/td>\n<\/tr>\n<tr style=\"height: 96px;\">\n<td style=\"width: 100%; height: 51px;\"><a href=\"https:\/\/www.fresnillo.gob.mx\/transparencia\/wp-content\/uploads\/2026\/04\/Direccion-de-Ecologia-y-Medio-Ambiente.pdf\">Direcci\u00f3n de Ecolog\u00eda y Medio Ambiente<\/a><\/td>\n<\/tr>\n<tr style=\"height: 96px;\">\n<td style=\"width: 100%; height: 96px;\"><a href=\"https:\/\/www.fresnillo.gob.mx\/transparencia\/wp-content\/uploads\/2026\/04\/Direccion-de-Bibliotecas.pdf\">Direcci\u00f3n de Bibliotecas<\/a><\/td>\n<\/tr>\n<tr style=\"height: 96px;\">\n<td style=\"width: 100%; height: 96px;\"><a href=\"https:\/\/www.fresnillo.gob.mx\/transparencia\/wp-content\/uploads\/2026\/04\/Direccion-de-Alumbrado-Publico.pdf\">Direcci\u00f3n de Alumbrado P\u00fablico<\/a><\/td>\n<\/tr>\n<tr style=\"height: 96px;\">\n<td style=\"width: 100%; height: 96px;\"><a href=\"https:\/\/www.fresnillo.gob.mx\/transparencia\/wp-content\/uploads\/2026\/04\/Departamento-de-Comercio-Plazas-y-Mercados.pdf\">Departamento de Comercio, Plazas y Mercados<\/a><\/td>\n<\/tr>\n<tr style=\"height: 96px;\">\n<td style=\"width: 100%; height: 96px;\">\n<p><a href=\"https:\/\/www.fresnillo.gob.mx\/transparencia\/wp-content\/uploads\/2026\/04\/Departamento-de-Sanidad.pdf\">Departamento de Sanidad<\/a><\/p>\n<p>&nbsp;<\/td>\n<\/tr>\n<tr style=\"height: 96px;\">\n<td style=\"width: 100%; height: 53px;\"><a href=\"https:\/\/www.fresnillo.gob.mx\/transparencia\/wp-content\/uploads\/2026\/04\/Departamento-de-Alcoholes.pdf\">Departamento de Alcoholes<\/a><\/td>\n<\/tr>\n<tr style=\"height: 96px;\">\n<td style=\"width: 100%; height: 60px;\"><a href=\"https:\/\/www.fresnillo.gob.mx\/transparencia\/wp-content\/uploads\/2026\/04\/Coordinacion-de-Regidores.pdf\">Coordinaci\u00f3n de Regidores<\/a><\/td>\n<\/tr>\n<tr style=\"height: 96px;\">\n<td style=\"width: 100%; height: 60px;\"><a href=\"https:\/\/www.fresnillo.gob.mx\/transparencia\/wp-content\/uploads\/2026\/04\/Coordinacion-General-de-Archivo-del-Municipio.pdf\">Coordinaci\u00f3n General de Archivo del Municipio<\/a><\/td>\n<\/tr>\n<tr style=\"height: 96px;\">\n<td style=\"width: 100%; height: 53px;\"><a href=\"https:\/\/www.fresnillo.gob.mx\/transparencia\/wp-content\/uploads\/2026\/04\/Secretaria-del-Ayuntamiento-y-Gobierno-Municipal.pdf\">Secretaria del Ayuntamiento y Gobierno Municipal<\/a><\/td>\n<\/tr>\n<tr style=\"height: 96px;\">\n<td style=\"width: 100%; height: 58px;\"><a href=\"https:\/\/www.fresnillo.gob.mx\/transparencia\/wp-content\/uploads\/2026\/04\/Sistema-Municipal-DIF.pdf\">Sistema Municipal DIF<\/a><\/td>\n<\/tr>\n<tr style=\"height: 96px;\">\n<td style=\"width: 100%; height: 50px;\"><a href=\"https:\/\/www.fresnillo.gob.mx\/transparencia\/wp-content\/uploads\/2026\/04\/Secretaria-de-Desarrollo-Social.pdf\">Secretaria de Desarrollo Social<\/a><\/td>\n<\/tr>\n<tr style=\"height: 96px;\">\n<td style=\"width: 100%; height: 57px;\"><a href=\"https:\/\/www.fresnillo.gob.mx\/transparencia\/wp-content\/uploads\/2026\/04\/Secretaria-de-Planeacion-Estrategica.pdf\">Secretaria de Planeaci\u00f3n Estrategica<\/a><\/td>\n<\/tr>\n<tr style=\"height: 96px;\">\n<td style=\"width: 100%; height: 46px;\"><a href=\"https:\/\/www.fresnillo.gob.mx\/transparencia\/wp-content\/uploads\/2026\/04\/Jefatura-de-Gabinete.pdf\">Jefatura de Gabinete<\/a><\/td>\n<\/tr>\n<tr style=\"height: 96px;\">\n<td style=\"width: 100%; height: 48px;\"><a href=\"https:\/\/www.fresnillo.gob.mx\/transparencia\/wp-content\/uploads\/2026\/04\/Junta-Municipal-de-Reclutamiento.pdf\">Junta Municipal de Reclutamiento<\/a><\/td>\n<\/tr>\n<tr style=\"height: 96px;\">\n<td style=\"width: 100%; height: 58px;\"><a href=\"https:\/\/www.fresnillo.gob.mx\/transparencia\/wp-content\/uploads\/2026\/04\/Instituto-Municipal-para-las-Mujeres-de-Fresnillo.pdf\">Instituto Municipal para las Mujeres de Fresnillo<\/a><\/td>\n<\/tr>\n<tr style=\"height: 24px;\">\n<td style=\"width: 100%; height: 47px;\"><a href=\"https:\/\/www.fresnillo.gob.mx\/transparencia\/wp-content\/uploads\/2026\/04\/Instituto-Municipal-para-la-Atencion-de-Personas-con-Discapacidad.pdf\">Instituto Municipal para la Atenci\u00f3n de Personas con Discapacidad<\/a><\/td>\n<\/tr>\n<tr style=\"height: 24px;\">\n<td style=\"width: 100%; height: 42px;\"><a href=\"https:\/\/www.fresnillo.gob.mx\/transparencia\/wp-content\/uploads\/2026\/04\/Istituto-Municipal-del-Deporte.pdf\">Istituto Municipal del Deporte<\/a><\/td>\n<\/tr>\n<tr style=\"height: 24px;\">\n<td style=\"width: 100%; height: 44px;\"><a href=\"https:\/\/www.fresnillo.gob.mx\/transparencia\/wp-content\/uploads\/2026\/04\/Instituto-Municipal-de-Cultura-Teatro.pdf\">Instituto Municipal de Cultura Teatro<\/a><\/td>\n<\/tr>\n<tr style=\"height: 96px;\">\n<td style=\"width: 100%; height: 58px;\"><a href=\"https:\/\/www.fresnillo.gob.mx\/transparencia\/wp-content\/uploads\/2026\/04\/Instituto-Municipal-de-Cultura-Agora.pdf\">Instituto Municipal de Cultura Agora<\/a><\/td>\n<\/tr>\n<tr style=\"height: 56px;\">\n<td style=\"width: 100%; height: 66px;\"><a href=\"https:\/\/www.fresnillo.gob.mx\/transparencia\/wp-content\/uploads\/2026\/04\/Instituto-Municipal-de-Cultura-Mateo-Gallegos.pdf\">Instituto Municipal de Cultura Mateo Gallegos<\/a><\/td>\n<\/tr>\n<tr style=\"height: 24px;\">\n<td style=\"width: 100%; height: 10px;\"><a href=\"https:\/\/www.fresnillo.gob.mx\/transparencia\/wp-content\/uploads\/2026\/04\/Direccion-de-Proteccion-Civil-y-Bomberos.pdf\">Direcci\u00f3n de Protecci\u00f3n Civil y Bomberos<\/a><\/td>\n<\/tr>\n<tr style=\"height: 24px;\">\n<td style=\"width: 100%; height: 24px;\"><a href=\"https:\/\/www.fresnillo.gob.mx\/transparencia\/wp-content\/uploads\/2026\/04\/Direccion-de-Servicios-Regulatorios-y-Recaudatorios.pdf\">Direcci\u00f3n de Servicios Regulatorios y Recaudatorios<\/a><\/td>\n<\/tr>\n<tr style=\"height: 24px;\">\n<td style=\"width: 100%; height: 45px;\"><a href=\"https:\/\/www.fresnillo.gob.mx\/transparencia\/wp-content\/uploads\/2026\/04\/Direccion-de-Recursos-Humanos.pdf\">Direcci\u00f3n de Recursos Humanos<\/a><\/td>\n<\/tr>\n<tr style=\"height: 24px;\">\n<td style=\"width: 100%; height: 47px;\"><a href=\"https:\/\/www.fresnillo.gob.mx\/transparencia\/wp-content\/uploads\/2026\/04\/Prevencion-Social-del-Delito.pdf\">Prevenci\u00f3n Social del Delito<\/a><\/td>\n<\/tr>\n<tr style=\"height: 24px;\">\n<td style=\"width: 100%; height: 44px;\"><a href=\"https:\/\/www.fresnillo.gob.mx\/transparencia\/wp-content\/uploads\/2026\/04\/Secretaria-de-Desarrollo-Agropecuario.pdf\">Secretaria de Desarrollo Agropecuario<\/a><\/td>\n<\/tr>\n<tr style=\"height: 24px;\">\n<td style=\"width: 100%; height: 44px;\"><a href=\"https:\/\/www.fresnillo.gob.mx\/transparencia\/wp-content\/uploads\/2026\/04\/Direccion-de-Atencion-a-las-Victimas-Idirectas-de-Personas-Desaparecidas.pdf\">Direcci\u00f3n de Atenci\u00f3n a las Victimas Idirectas de Personas Desaparecidas<\/a><\/td>\n<\/tr>\n<tr style=\"height: 24px;\">\n<td style=\"width: 100%; height: 43px;\"><a href=\"https:\/\/www.fresnillo.gob.mx\/transparencia\/wp-content\/uploads\/2026\/04\/Direccion-en-Atencion-a-la-Poblacion-LGBTTIQ.pdf\">Direcci\u00f3n en Atenci\u00f3n a la Poblaci\u00f3n LGBTTIQ+<\/a><\/td>\n<\/tr>\n<tr style=\"height: 24px;\">\n<td style=\"width: 100%; height: 46px;\"><a href=\"https:\/\/www.fresnillo.gob.mx\/transparencia\/wp-content\/uploads\/2026\/04\/Direccion-de-Registro-Civil.pdf\">Direcci\u00f3n de Registro Civil<\/a><\/td>\n<\/tr>\n<tr style=\"height: 47px;\">\n<td style=\"width: 100%; height: 47px;\"><a href=\"https:\/\/www.fresnillo.gob.mx\/transparencia\/wp-content\/uploads\/2026\/04\/Departamento-de-Fierros-de-Herrar.pdf\">Departamento de Fierros de Herrar<\/a><\/td>\n<\/tr>\n<tr style=\"height: 49px;\">\n<td style=\"width: 100%; height: 49px;\"><a href=\"https:\/\/www.fresnillo.gob.mx\/transparencia\/wp-content\/uploads\/2026\/04\/Departamento-De-Espectaculos.pdf\">Departamento De Espectaculos<\/a><\/td>\n<\/tr>\n<tr style=\"height: 41px;\">\n<td style=\"width: 100%; height: 41px;\"><a href=\"https:\/\/www.fresnillo.gob.mx\/transparencia\/wp-content\/uploads\/2026\/04\/Cronista-Municipal.pdf\">Cronista Municipal<\/a><\/td>\n<\/tr>\n<tr style=\"height: 44px;\">\n<td style=\"width: 100%; height: 44px;\"><a href=\"https:\/\/www.fresnillo.gob.mx\/transparencia\/wp-content\/uploads\/2026\/04\/Medico-Municipal.pdf\">Medico Municipal<\/a><\/td>\n<\/tr>\n<tr style=\"height: 24px;\">\n<td style=\"width: 100%; height: 41px;\"><a href=\"https:\/\/www.fresnillo.gob.mx\/transparencia\/wp-content\/uploads\/2026\/04\/Secretaria-de-Finanzas-y-Tesoreria.pdf\">Secretaria de Finanzas y Tesoreria<\/a><\/td>\n<\/tr>\n<\/tbody>\n<\/table>\n<p>&nbsp;<\/p>\n<p>&nbsp;<\/p>\n<p>&nbsp;<\/p>\n<p>&nbsp;[\/vc_column_text][\/vc_tta_section][\/vc_tta_tabs][\/vc_column][\/vc_row]<\/p>\n<\/div>","protected":false},"excerpt":{"rendered":"<p>[vc_row][vc_column][vc_column_text css=\u00bb\u00bb] FRACCION XLIII. El cat\u00e1logo de disposici\u00f3n y gu\u00eda de archivo documental. Fecha de Actualizaci\u00f3n 31\/Marzo\/2026 [\/vc_column_text][vc_separator color=\u00bbviolet\u00bb border_width=\u00bb10&#8243; css=\u00bb\u00bb][vc_tta_tabs style=\u00bbmodern\u00bb color=\u00bbviolet\u00bb spacing=\u00bb20&#8243; active_section=\u00bb1&#8243; title=\u00bbEJERCICIO 2026&#8243;][vc_tta_section title=\u00bb4TO TRIMESTRE 2025&#8243; tab_id=\u00bb1776176335816-9667afcd-a3e7&#8243;][vc_column_text css=\u00bb\u00bb]&nbsp; Cuadro General de Clasificaci\u00f3n Archivista CATALOGO DE DISPOSICION DOCUMENTAL (CaDiDo) CUADRO GENERAL DE CLASIFICACION ARCHIVISTICA (CGCA) FICHA TECNICA DE VALORACI\u00d3N DOCUMENTAL (FTVD) &nbsp; [&hellip;]<\/p>\n","protected":false},"author":1,"featured_media":0,"parent":9759,"menu_order":43,"comment_status":"closed","ping_status":"closed","template":"","meta":{"_uag_custom_page_level_css":"","advgb_blocks_editor_width":"","advgb_blocks_columns_visual_guide":"","footnotes":""},"class_list":["post-79695","page","type-page","status-publish","hentry"],"uagb_featured_image_src":{"full":false,"thumbnail":false,"medium":false,"medium_large":false,"large":false,"1536x1536":false,"2048x2048":false},"uagb_author_info":{"display_name":"admin","author_link":"https:\/\/www.fresnillo.gob.mx\/transparencia\/author\/admin\/"},"uagb_comment_info":0,"uagb_excerpt":"[vc_row][vc_column][vc_column_text css=\u00bb\u00bb] FRACCION XLIII. El cat\u00e1logo de disposici\u00f3n y gu\u00eda de archivo documental. Fecha de Actualizaci\u00f3n 31\/Marzo\/2026 [\/vc_column_text][vc_separator color=\u00bbviolet\u00bb border_width=\u00bb10&#8243; css=\u00bb\u00bb][vc_tta_tabs style=\u00bbmodern\u00bb color=\u00bbviolet\u00bb spacing=\u00bb20&#8243; active_section=\u00bb1&#8243; title=\u00bbEJERCICIO 2026&#8243;][vc_tta_section title=\u00bb4TO TRIMESTRE 2025&#8243; tab_id=\u00bb1776176335816-9667afcd-a3e7&#8243;][vc_column_text css=\u00bb\u00bb]&nbsp; Cuadro General de Clasificaci\u00f3n Archivista CATALOGO DE DISPOSICION DOCUMENTAL (CaDiDo) CUADRO GENERAL DE CLASIFICACION ARCHIVISTICA (CGCA) FICHA TECNICA DE VALORACI\u00d3N DOCUMENTAL (FTVD) &nbsp;&hellip;","coauthors":[],"author_meta":{"author_link":"https:\/\/www.fresnillo.gob.mx\/transparencia\/author\/admin\/","display_name":"admin"},"relative_dates":{"created":"Publicado 4 semanas hace","modified":"Actualizado 2 semanas hace"},"absolute_dates":{"created":"Publicado el abril 7, 2026","modified":"Actualizado el abril 21, 2026"},"absolute_dates_time":{"created":"Publicado el abril 7, 2026 8:00 pm","modified":"Actualizado el abril 21, 2026 7:08 pm"},"featured_img_caption":"","featured_img":false,"series_order":"","_links":{"self":[{"href":"https:\/\/www.fresnillo.gob.mx\/transparencia\/wp-json\/wp\/v2\/pages\/79695","targetHints":{"allow":["GET"]}}],"collection":[{"href":"https:\/\/www.fresnillo.gob.mx\/transparencia\/wp-json\/wp\/v2\/pages"}],"about":[{"href":"https:\/\/www.fresnillo.gob.mx\/transparencia\/wp-json\/wp\/v2\/types\/page"}],"author":[{"embeddable":true,"href":"https:\/\/www.fresnillo.gob.mx\/transparencia\/wp-json\/wp\/v2\/users\/1"}],"replies":[{"embeddable":true,"href":"https:\/\/www.fresnillo.gob.mx\/transparencia\/wp-json\/wp\/v2\/comments?post=79695"}],"version-history":[{"count":12,"href":"https:\/\/www.fresnillo.gob.mx\/transparencia\/wp-json\/wp\/v2\/pages\/79695\/revisions"}],"predecessor-version":[{"id":80375,"href":"https:\/\/www.fresnillo.gob.mx\/transparencia\/wp-json\/wp\/v2\/pages\/79695\/revisions\/80375"}],"up":[{"embeddable":true,"href":"https:\/\/www.fresnillo.gob.mx\/transparencia\/wp-json\/wp\/v2\/pages\/9759"}],"wp:attachment":[{"href":"https:\/\/www.fresnillo.gob.mx\/transparencia\/wp-json\/wp\/v2\/media?parent=79695"}],"curies":[{"name":"wp","href":"https:\/\/api.w.org\/{rel}","templated":true}]}}