{"id":79698,"date":"2026-04-07T20:00:46","date_gmt":"2026-04-07T20:00:46","guid":{"rendered":""},"modified":"2026-04-30T20:29:24","modified_gmt":"2026-04-30T20:29:24","slug":"xlvi-otra-info-ley2025","status":"publish","type":"page","link":"https:\/\/www.fresnillo.gob.mx\/transparencia\/siapasf\/articulo-39\/xlvi-otra-info-ley2025\/","title":{"rendered":"XLVI. Cualquier otra informacion que sea de utilidad o se considere relevante"},"content":{"rendered":"<div class=\"wpb-content-wrapper\"><p>[vc_row][vc_column][vc_column_text css=\u00bb\u00bb]<\/p>\n<h1 style=\"text-align: center;\"><span style=\"color: #333399;\">FRACCION XLVI.<\/span><\/h1>\n<h2 style=\"text-align: center;\"><span style=\"color: #3366ff;\"><em><strong>Cualquier otra informaci\u00f3n que sea de utilidad o se considere relevante, y la que se encuentre prevista en otras disposiciones jur\u00eddicas aplicables.<\/strong><\/em><\/span><\/h2>\n<h2 style=\"text-align: right;\"><strong>Fecha de Actualizaci\u00f3n 31\/Marzo\/2026<\/strong><\/h2>\n<p>[\/vc_column_text][\/vc_column][\/vc_row][vc_row][vc_column][vc_separator color=\u00bbviolet\u00bb border_width=\u00bb10&#8243; css=\u00bb\u00bb][\/vc_column][\/vc_row][vc_row][vc_column][vc_tta_tabs style=\u00bboutline\u00bb color=\u00bbviolet\u00bb spacing=\u00bb10&#8243; active_section=\u00bb1&#8243; title=\u00bbEJERCICIO 2026&#8243;][vc_tta_section title=\u00bbPRIMER TRIMESTRE\u00bb tab_id=\u00bb1777576947684-fee5791b-d541&#8243;][vc_column_text css=\u00bb\u00bb]<\/p>\n<h5><a href=\"https:\/\/www.fresnillo.gob.mx\/transparencia\/wp-content\/uploads\/2026\/04\/AGUA-POTABLE-SANEAMIENTO-Y-ALCANTARILLADO.pdf\">AGUA POTABLE, SANEAMIENTO Y ALCANTARILLADO<\/a><\/h5>\n<h5><a href=\"https:\/\/www.fresnillo.gob.mx\/transparencia\/wp-content\/uploads\/2026\/04\/ASUNTOS-BINACIONALES.pdf\">ASUNTOS BINACIONALES<\/a><\/h5>\n<h5><a href=\"https:\/\/www.fresnillo.gob.mx\/transparencia\/wp-content\/uploads\/2026\/04\/DEPORTES-Y-JUVENTUD.pdf\">DEPORTES Y JUVENTUD<\/a><\/h5>\n<h5><a href=\"https:\/\/www.fresnillo.gob.mx\/transparencia\/wp-content\/uploads\/2026\/04\/DESARRLLO-RURAL-SUSTENTABLE.pdf\" target=\"_blank\" rel=\"noopener\">DESARROLLO RURAL SUSTENTABLE<\/a><\/h5>\n<h5><a href=\"https:\/\/www.fresnillo.gob.mx\/transparencia\/wp-content\/uploads\/2026\/04\/DESARROLLO-ECONOMICO-Y-FOMENTO.pdf\">DESARROLLO ECONOMICO Y FOMENTO<\/a><\/h5>\n<h5><a href=\"https:\/\/www.fresnillo.gob.mx\/transparencia\/wp-content\/uploads\/2026\/04\/DESARROLLO-SOCIAL.pdf\">DESARROLLO SOCIAL<\/a><\/h5>\n<h5><a href=\"https:\/\/www.fresnillo.gob.mx\/transparencia\/wp-content\/uploads\/2026\/04\/ECOLOGIA-Y-MEDIO-AMBIENTE.pdf\">ECOLOGIA Y MEDIO AMBIENTE<\/a><\/h5>\n<h5><a href=\"https:\/\/www.fresnillo.gob.mx\/transparencia\/wp-content\/uploads\/2026\/04\/EDUCACION-CULTURA-Y-RECREACION.pdf\">EDUCACION, CULTURA Y RECREACIO\u0301N.<\/a><\/h5>\n<h5><a href=\"https:\/\/www.fresnillo.gob.mx\/transparencia\/wp-content\/uploads\/2026\/04\/IGUALDAD-ENTRE-LOS-GENEROS-Y-DERECHOS-HUMANOS.pdf\">IGUALDAD ENTRE LOS GENEROS Y DERECHOS HUMANOS<\/a><\/h5>\n<h5><a href=\"https:\/\/www.fresnillo.gob.mx\/transparencia\/wp-content\/uploads\/2026\/04\/PLANEACION-DESARROLLO-URBANO-Y-OBRAS-PUBLICAS.pdf\">PLANEACION, DESARROLLO URBANO Y OBRAS PUBLICAS.<\/a><\/h5>\n<h5><a href=\"https:\/\/www.fresnillo.gob.mx\/transparencia\/wp-content\/uploads\/2026\/04\/REGLAMENTACION.pdf\">REGLAMENTACIO\u0301N<\/a><\/h5>\n<h5><a href=\"https:\/\/www.fresnillo.gob.mx\/transparencia\/wp-content\/uploads\/2026\/04\/SALUD-ASISTENCIA-SOCIAL-Y-ATENCION-A-GRUPOS-VULNERABLES.pdf\">SALUD, ASISTENCIA SOCIAL Y ATENCION A GRUPOS VULNERABLES<\/a><\/h5>\n<h5><a href=\"https:\/\/www.fresnillo.gob.mx\/transparencia\/wp-content\/uploads\/2026\/04\/SERVICIOS-PUBLICOS-MUNICIPALES.pdf\">SERVICIOS PUBLICOS MUNICIPALES<\/a><\/h5>\n<h5><a href=\"https:\/\/www.fresnillo.gob.mx\/transparencia\/wp-content\/uploads\/2026\/04\/TRANSITO-Y-VIALIDAD.pdf\">TRANSITO Y VIALIDAD<\/a><\/h5>\n<h5><a href=\"https:\/\/www.fresnillo.gob.mx\/transparencia\/wp-content\/uploads\/2026\/04\/TRANSPARENCIA-Y-ACCESO-A-LA-INFORMACION-PUBLICA.pdf\">TRANSPARENCIA Y ACCESO A LA INFORMACION PUBLICA<\/a><\/h5>\n<p>[\/vc_column_text][\/vc_tta_section][vc_tta_section title=\u00bbSEGUNDO TRIMESTRE\u00bb tab_id=\u00bb1777576947684-f0e7320b-281e\u00bb][\/vc_tta_section][\/vc_tta_tabs][\/vc_column][\/vc_row]<\/p>\n<\/div>","protected":false},"excerpt":{"rendered":"<p>[vc_row][vc_column][vc_column_text css=\u00bb\u00bb] FRACCION XLVI. Cualquier otra informaci\u00f3n que sea de utilidad o se considere relevante, y la que se encuentre prevista en otras disposiciones jur\u00eddicas aplicables. Fecha de Actualizaci\u00f3n 31\/Marzo\/2026 [\/vc_column_text][\/vc_column][\/vc_row][vc_row][vc_column][vc_separator color=\u00bbviolet\u00bb border_width=\u00bb10&#8243; css=\u00bb\u00bb][\/vc_column][\/vc_row][vc_row][vc_column][vc_tta_tabs style=\u00bboutline\u00bb color=\u00bbviolet\u00bb spacing=\u00bb10&#8243; active_section=\u00bb1&#8243; title=\u00bbEJERCICIO 2026&#8243;][vc_tta_section title=\u00bbPRIMER TRIMESTRE\u00bb tab_id=\u00bb1777576947684-fee5791b-d541&#8243;][vc_column_text css=\u00bb\u00bb] AGUA POTABLE, SANEAMIENTO Y ALCANTARILLADO ASUNTOS BINACIONALES DEPORTES Y JUVENTUD DESARROLLO [&hellip;]<\/p>\n","protected":false},"author":1,"featured_media":0,"parent":9759,"menu_order":46,"comment_status":"closed","ping_status":"closed","template":"","meta":{"_uag_custom_page_level_css":"","advgb_blocks_editor_width":"","advgb_blocks_columns_visual_guide":"","footnotes":""},"class_list":["post-79698","page","type-page","status-publish","hentry"],"uagb_featured_image_src":{"full":false,"thumbnail":false,"medium":false,"medium_large":false,"large":false,"1536x1536":false,"2048x2048":false},"uagb_author_info":{"display_name":"admin","author_link":"https:\/\/www.fresnillo.gob.mx\/transparencia\/author\/admin\/"},"uagb_comment_info":0,"uagb_excerpt":"[vc_row][vc_column][vc_column_text css=\u00bb\u00bb] FRACCION XLVI. Cualquier otra informaci\u00f3n que sea de utilidad o se considere relevante, y la que se encuentre prevista en otras disposiciones jur\u00eddicas aplicables. Fecha de Actualizaci\u00f3n 31\/Marzo\/2026 [\/vc_column_text][\/vc_column][\/vc_row][vc_row][vc_column][vc_separator color=\u00bbviolet\u00bb border_width=\u00bb10&#8243; css=\u00bb\u00bb][\/vc_column][\/vc_row][vc_row][vc_column][vc_tta_tabs style=\u00bboutline\u00bb color=\u00bbviolet\u00bb spacing=\u00bb10&#8243; active_section=\u00bb1&#8243; title=\u00bbEJERCICIO 2026&#8243;][vc_tta_section title=\u00bbPRIMER TRIMESTRE\u00bb tab_id=\u00bb1777576947684-fee5791b-d541&#8243;][vc_column_text css=\u00bb\u00bb] AGUA POTABLE, SANEAMIENTO Y ALCANTARILLADO ASUNTOS BINACIONALES DEPORTES Y JUVENTUD DESARROLLO&hellip;","coauthors":[],"author_meta":{"author_link":"https:\/\/www.fresnillo.gob.mx\/transparencia\/author\/admin\/","display_name":"admin"},"relative_dates":{"created":"Publicado 4 semanas hace","modified":"Actualizado 6 d\u00edas hace"},"absolute_dates":{"created":"Publicado el abril 7, 2026","modified":"Actualizado el abril 30, 2026"},"absolute_dates_time":{"created":"Publicado el abril 7, 2026 8:00 pm","modified":"Actualizado el abril 30, 2026 8:29 pm"},"featured_img_caption":"","featured_img":false,"series_order":"","_links":{"self":[{"href":"https:\/\/www.fresnillo.gob.mx\/transparencia\/wp-json\/wp\/v2\/pages\/79698","targetHints":{"allow":["GET"]}}],"collection":[{"href":"https:\/\/www.fresnillo.gob.mx\/transparencia\/wp-json\/wp\/v2\/pages"}],"about":[{"href":"https:\/\/www.fresnillo.gob.mx\/transparencia\/wp-json\/wp\/v2\/types\/page"}],"author":[{"embeddable":true,"href":"https:\/\/www.fresnillo.gob.mx\/transparencia\/wp-json\/wp\/v2\/users\/1"}],"replies":[{"embeddable":true,"href":"https:\/\/www.fresnillo.gob.mx\/transparencia\/wp-json\/wp\/v2\/comments?post=79698"}],"version-history":[{"count":4,"href":"https:\/\/www.fresnillo.gob.mx\/transparencia\/wp-json\/wp\/v2\/pages\/79698\/revisions"}],"predecessor-version":[{"id":80478,"href":"https:\/\/www.fresnillo.gob.mx\/transparencia\/wp-json\/wp\/v2\/pages\/79698\/revisions\/80478"}],"up":[{"embeddable":true,"href":"https:\/\/www.fresnillo.gob.mx\/transparencia\/wp-json\/wp\/v2\/pages\/9759"}],"wp:attachment":[{"href":"https:\/\/www.fresnillo.gob.mx\/transparencia\/wp-json\/wp\/v2\/media?parent=79698"}],"curies":[{"name":"wp","href":"https:\/\/api.w.org\/{rel}","templated":true}]}}