{"id":79750,"date":"2026-04-07T21:00:06","date_gmt":"2026-04-07T21:00:06","guid":{"rendered":""},"modified":"2026-04-08T19:39:18","modified_gmt":"2026-04-08T19:39:18","slug":"vi-desarrollo-urbano-art54-ley2025","status":"publish","type":"page","link":"https:\/\/www.fresnillo.gob.mx\/transparencia\/siapasf\/articulo-41\/vi-desarrollo-urbano-art54-ley2025\/","title":{"rendered":"VI. Los planes de desarrollo urbano ordenamiento territorial y ecologico"},"content":{"rendered":"<div class=\"wpb-content-wrapper\"><p>[vc_row][vc_column][vc_column_text css=\u00bb\u00bb]<\/p>\n<h1 style=\"text-align: center;\"><span style=\"color: #333399;\">FRACCION VI.<\/span><\/h1>\n<h3 style=\"text-align: center;\"><span style=\"color: #3366ff;\"><em><strong>Los planes de desarrollo urbano, ordenamiento territorial y ecol\u00f3gico, los tipos y usos de suelo, licencias de uso y construcci\u00f3n otorgadas por los gobiernos municipales<\/strong><\/em><\/span><\/h3>\n<h2 style=\"text-align: right;\"><strong>Fecha de Actualizaci\u00f3n <\/strong><strong>31\/Marzo\/2026<\/strong><\/h2>\n<p>[\/vc_column_text][\/vc_column][\/vc_row]<\/p>\n<\/div>","protected":false},"excerpt":{"rendered":"<p>[vc_row][vc_column][vc_column_text css=\u00bb\u00bb] FRACCION VI. Los planes de desarrollo urbano, ordenamiento territorial y ecol\u00f3gico, los tipos y usos de suelo, licencias de uso y construcci\u00f3n otorgadas por los gobiernos municipales Fecha de Actualizaci\u00f3n 31\/Marzo\/2026 [\/vc_column_text][\/vc_column][\/vc_row]<\/p>\n","protected":false},"author":1,"featured_media":0,"parent":9830,"menu_order":6,"comment_status":"closed","ping_status":"closed","template":"","meta":{"_uag_custom_page_level_css":"","advgb_blocks_editor_width":"","advgb_blocks_columns_visual_guide":"","footnotes":""},"class_list":["post-79750","page","type-page","status-publish","hentry"],"uagb_featured_image_src":{"full":false,"thumbnail":false,"medium":false,"medium_large":false,"large":false,"1536x1536":false,"2048x2048":false},"uagb_author_info":{"display_name":"admin","author_link":"https:\/\/www.fresnillo.gob.mx\/transparencia\/author\/admin\/"},"uagb_comment_info":0,"uagb_excerpt":"[vc_row][vc_column][vc_column_text css=\u00bb\u00bb] FRACCION VI. Los planes de desarrollo urbano, ordenamiento territorial y ecol\u00f3gico, los tipos y usos de suelo, licencias de uso y construcci\u00f3n otorgadas por los gobiernos municipales Fecha de Actualizaci\u00f3n 31\/Marzo\/2026 [\/vc_column_text][\/vc_column][\/vc_row]","coauthors":[],"author_meta":{"author_link":"https:\/\/www.fresnillo.gob.mx\/transparencia\/author\/admin\/","display_name":"admin"},"relative_dates":{"created":"Publicado 4 semanas hace","modified":"Actualizado 4 semanas hace"},"absolute_dates":{"created":"Publicado el abril 7, 2026","modified":"Actualizado el abril 8, 2026"},"absolute_dates_time":{"created":"Publicado el abril 7, 2026 9:00 pm","modified":"Actualizado el abril 8, 2026 7:39 pm"},"featured_img_caption":"","featured_img":false,"series_order":"","_links":{"self":[{"href":"https:\/\/www.fresnillo.gob.mx\/transparencia\/wp-json\/wp\/v2\/pages\/79750","targetHints":{"allow":["GET"]}}],"collection":[{"href":"https:\/\/www.fresnillo.gob.mx\/transparencia\/wp-json\/wp\/v2\/pages"}],"about":[{"href":"https:\/\/www.fresnillo.gob.mx\/transparencia\/wp-json\/wp\/v2\/types\/page"}],"author":[{"embeddable":true,"href":"https:\/\/www.fresnillo.gob.mx\/transparencia\/wp-json\/wp\/v2\/users\/1"}],"replies":[{"embeddable":true,"href":"https:\/\/www.fresnillo.gob.mx\/transparencia\/wp-json\/wp\/v2\/comments?post=79750"}],"version-history":[{"count":1,"href":"https:\/\/www.fresnillo.gob.mx\/transparencia\/wp-json\/wp\/v2\/pages\/79750\/revisions"}],"predecessor-version":[{"id":79945,"href":"https:\/\/www.fresnillo.gob.mx\/transparencia\/wp-json\/wp\/v2\/pages\/79750\/revisions\/79945"}],"up":[{"embeddable":true,"href":"https:\/\/www.fresnillo.gob.mx\/transparencia\/wp-json\/wp\/v2\/pages\/9830"}],"wp:attachment":[{"href":"https:\/\/www.fresnillo.gob.mx\/transparencia\/wp-json\/wp\/v2\/media?parent=79750"}],"curies":[{"name":"wp","href":"https:\/\/api.w.org\/{rel}","templated":true}]}}