{"id":9761,"date":"2018-12-17T16:39:21","date_gmt":"2018-12-17T16:39:21","guid":{"rendered":"https:\/\/www.seguiremoshaciendohistoria.gob.mx\/?page_id=9761"},"modified":"2025-01-10T18:50:39","modified_gmt":"2025-01-10T18:50:39","slug":"i-marco-normativo-aplicable-al-sujeto-obligado","status":"publish","type":"page","link":"https:\/\/www.fresnillo.gob.mx\/transparencia\/siapasf\/articulo-39\/i-marco-normativo-aplicable-al-sujeto-obligado\/","title":{"rendered":"I. Marco Normativo Aplicable al Sujeto Obligado"},"content":{"rendered":"<div class=\"wpb-content-wrapper\"><p>[vc_row][vc_column][vc_tta_tabs style=\u00bbmodern\u00bb shape=\u00bbround\u00bb color=\u00bbsky\u00bb autoplay=\u00bb10&#8243; active_section=\u00bb1&#8243; css_animation=\u00bbnone\u00bb no_fill_content_area=\u00bbtrue\u00bb title=\u00bbNORMATIVIDAD\u00bb][vc_tta_section i_icon_fontawesome=\u00bbfas fa-balance-scale\u00bb add_icon=\u00bbtrue\u00bb title=\u00bbACTAS\u00bb tab_id=\u00bb1613408614507-87f7fb79-9c1c\u00bb][vc_column_text]<\/p>\n<ul>\n<li><span style=\"color: #3366ff;\"><a style=\"color: #3366ff;\" href=\"https:\/\/www.fresnillo.gob.mx\/wp-content\/uploads\/2019\/06\/Acta-de-Instalacion-del-SIAPASF.pdf\"><span style=\"color: #3366ff;\"><b>ACTA DE INSTALACI\u00d3N DEL <\/b><\/span><span style=\"color: #3366ff;\"><b>SIAPASF<\/b><\/span><\/a><\/span><\/li>\n<\/ul>\n<p>[\/vc_column_text][\/vc_tta_section][vc_tta_section i_icon_fontawesome=\u00bbfas fa-balance-scale\u00bb add_icon=\u00bbtrue\u00bb title=\u00bbCODIGOS\u00bb tab_id=\u00bb1613408614539-1b0fa960-dbba\u00bb][vc_column_text]<\/p>\n<ul>\n<li><span style=\"color: #3366ff;\"><strong><a style=\"color: #3366ff;\" href=\"https:\/\/www.fresnillo.gob.mx\/wp-content\/uploads\/2021\/07\/CODIGO-DE-PROCEDIMIENTOS-CIVILES-PARA-EL-ESTADO-DE-ZACATECAS.pdf\">C\u00d3DIGO DE PROCEDIMIENTOS CIVILES PARA EL ESTADO DE ZACATECAS<\/a><\/strong><\/span><\/li>\n<li><span style=\"color: #3366ff;\"><strong><a style=\"color: #3366ff;\" href=\"https:\/\/www.fresnillo.gob.mx\/wp-content\/uploads\/2019\/04\/C\u00d3DIGO-DE-PROCEDIMIENTOS-PENALES-PARA-EL-ESTADO-DE-ZACATECAS.pdf\">C\u00d3DIGO DE PROCEDIMIENTOS PENALES\u00a0 PARA EL ESTADO DE ZACATECAS<\/a><\/strong><\/span><\/li>\n<li><span style=\"color: #3366ff;\"><strong><a style=\"color: #3366ff;\" href=\"https:\/\/www.fresnillo.gob.mx\/wp-content\/uploads\/2021\/07\/CODIGO-DE-COMERCIO.pdf\">C\u00d3DIGO DE COMERCIO<\/a><\/strong><\/span><\/li>\n<li><span style=\"color: #3366ff;\"><strong><a style=\"color: #3366ff;\" href=\"https:\/\/www.fresnillo.gob.mx\/wp-content\/uploads\/2021\/07\/CODIGO-NACIONAL-DE-PROCEDIMIENTOS-PENALES.pdf\">C\u00d3DIGO NACIONAL DE PROCEDIMIENTOS PENALES<\/a><\/strong><\/span><\/li>\n<li><span style=\"color: #3366ff;\"><strong><a href=\"https:\/\/www.fresnillo.gob.mx\/wp-content\/uploads\/2022\/04\/CODIGO-FISCAL-DEL-ESTADO-DE-ZACATECAS-Y-SUS-MUNICIPIOS.pdf\">C\u00d3DIGO FISCAL DEL ESTADO DE ZACATECAS Y SUS MUNICIPIOS<\/a><\/strong><\/span><\/li>\n<li><span style=\"color: #3366ff;\"><strong><a href=\"https:\/\/www.fresnillo.gob.mx\/wp-content\/uploads\/2022\/07\/CODIGO-CIVIL-DEL-ESTADO-DE-ZACATECAS.pdf\">CODIGO CIVIL DEL ESTADO DE ZACATECAS<\/a><\/strong><\/span><\/li>\n<li><span style=\"color: #3366ff;\"><strong><a href=\"https:\/\/www.fresnillo.gob.mx\/wp-content\/uploads\/2022\/07\/CODIGO-PENAL-DEL-ESTADO-DE-ZACATECAS.pdf\">CODIGO PENAL DEL ESTADO DE ZACATECAS<\/a><\/strong><\/span><\/li>\n<\/ul>\n<p>[\/vc_column_text][\/vc_tta_section][vc_tta_section i_icon_fontawesome=\u00bbfas fa-balance-scale\u00bb add_icon=\u00bbtrue\u00bb title=\u00bbCONSTITUCIONES\u00bb tab_id=\u00bb1613409599193-c3ba0041-b301&#8243;][vc_column_text]<\/p>\n<ul>\n<li><span style=\"color: #3366ff;\"><strong><a style=\"color: #3366ff;\" href=\"https:\/\/www.fresnillo.gob.mx\/wp-content\/uploads\/2021\/07\/CONSTITUCION-POLITICA-DE-LOS-ESTADOS-UNIDOS-MEXICANOS.pdf\">CONSTITUCI\u00d3N POL\u00cdTICA DE LOS ESTADOS UNIDOS MEXICANOS<\/a><\/strong><\/span><\/li>\n<li><span style=\"color: #3366ff;\"><strong><a style=\"color: #3366ff;\" href=\"https:\/\/www.fresnillo.gob.mx\/wp-content\/uploads\/2021\/10\/CONSTITUCION-POLITICA-DEL-ESTADO-LIBRE-Y-SOBERANO-DE-ZACATECAS.pdf\">CONSTITUCION POLITICA DEL ESTADO LIBRE Y SOBERANO DE ZACATECAS<\/a><\/strong><\/span><\/li>\n<\/ul>\n<p>[\/vc_column_text][\/vc_tta_section][vc_tta_section i_icon_fontawesome=\u00bbfas fa-balance-scale\u00bb add_icon=\u00bbtrue\u00bb title=\u00bbLEYES\u00bb tab_id=\u00bb1613409629207-8d26613b-046e\u00bb][vc_column_text]<\/p>\n<ul>\n<li><span style=\"color: #3366ff;\"><strong><a style=\"color: #3366ff;\" href=\"https:\/\/www.fresnillo.gob.mx\/wp-content\/uploads\/2019\/06\/LEY-DEL-IMPUESTO-SOBRE-LA-RENTA.pdf\" rel=\"noopener noreferrer\">LEY DEL IMPUESTO SOBRE LA RENTA<\/a><\/strong><\/span><\/li>\n<li><span style=\"color: #3366ff;\"><strong><a style=\"color: #3366ff;\" href=\"https:\/\/www.fresnillo.gob.mx\/wp-content\/uploads\/2019\/04\/LEY-DE-FRACCIONAMIENTOS-RURALES-PARA-EL-ESTADO-DE-ZACATECAS.pdf\">LEY DE FRACCIONAMIENTOS RURALES PARA EL ESTADO DE ZACATEAS<\/a><\/strong><\/span><\/li>\n<li><span style=\"color: #3366ff;\"><strong><a style=\"color: #3366ff;\" href=\"https:\/\/www.fresnillo.gob.mx\/wp-content\/uploads\/2021\/07\/LEY-DE-TRANSPARENCIA-Y-ACCESO-A-LA-INFORMACION-PUBLICA-DEL-ESTADO-DE-ZACATECAS-1.pdf\">LEY DE TRANSPARENCIA Y ACCESO A LA INFORMACI\u00d3N P\u00daBLICA DEL ESTADO DE ZACATECAS<\/a><\/strong><\/span><\/li>\n<li><span style=\"color: #3366ff;\"><strong><a style=\"color: #3366ff;\" href=\"https:\/\/www.fresnillo.gob.mx\/wp-content\/uploads\/2019\/04\/LEY-GENERAL-DE-PROTECCI\u00d3N-DE-DATOS-PERSONALES-EN-POSESI\u00d3N-DE-SUJETOS-OBLIGADOS.pdf\">LEY GENERAL DE PROTECCI\u00d3N DE DATOS PERSONALES EN POSESI\u00d3N DE LOS SUJETOS OBLIGADOS<\/a><\/strong><\/span><\/li>\n<li><span style=\"color: #3366ff;\"><strong><a style=\"color: #3366ff;\" href=\"https:\/\/www.fresnillo.gob.mx\/wp-content\/uploads\/2019\/07\/21_ley_de_mejora_regulatoria_del_estado_de_zacatecas_y_sus_municipios.pdf\">LEL DE LA MEJORA REGULATORIA DEL ESTADO DE ZACATECQAS Y SUS MUNICIPIOS<\/a><\/strong><\/span><\/li>\n<li><span style=\"color: #3366ff;\"><strong><a style=\"color: #3366ff;\" href=\"https:\/\/www.fresnillo.gob.mx\/wp-content\/uploads\/2021\/07\/LEY-DE-LOS-DERECHOS-Y-DEFENSA-DEL-CONTRIBUYENTE-DEL-ESTADO-DE-ZACATECAS-Y-SUS-MUNICIPIOS.pdf\">LEY DE LOS DERECHOS Y DEFENSA DEL CONTRIBUYENTE DEL ESTADO DE ZACATECAS Y SUS MUNICIPIOS<\/a><\/strong><\/span><\/li>\n<li><span style=\"color: #3366ff;\"><strong><a style=\"color: #3366ff;\" href=\"https:\/\/www.fresnillo.gob.mx\/wp-content\/uploads\/2021\/07\/LEY-DE-LOS-SISTEMAS-DE-AGUA-POTABLE-ALCANTARILLADO-Y-SANEAMIENTO-DEL-ESTADO-DE-ZACATECAS.pdf\">LEY DE LOS SISTEMAS DE AGUA POTABLE, ALCANTARILLADO Y SANEAMIENTO DEL ESTADO DE ZACATECAS<\/a><\/strong><\/span><\/li>\n<li><span style=\"color: #3366ff;\"><strong><a style=\"color: #3366ff;\" href=\"https:\/\/www.fresnillo.gob.mx\/wp-content\/uploads\/2021\/07\/LEY-DE-PROCEDIMIENTO-ADMINISTRATIVO-DEL-ESTADO-Y-MUNICIPIOS-DE-ZACATECAS.pdf\">LEY DE PROCEDIMIENTO ADMINISTRATIVO DEL ESTADO Y MUNICIPIOS DE ZACATECAS<\/a><\/strong><\/span><\/li>\n<li><span style=\"color: #3366ff;\"><strong><a style=\"color: #3366ff;\" href=\"https:\/\/www.fresnillo.gob.mx\/wp-content\/uploads\/2021\/07\/LEY-DE-PROTECCION-DE-DATOS-PERSONALES-EN-POSESION-DE-LOS-SUJETOS-OBLIGADOS-DEL-ESTADO-DE-ZACATECAS.pdf\">LEY DE PROTECCI\u00d3N DE DATOS PERSONALES EN POSESI\u00d3N DE LOS SUJETOS OBLIGADOS DEL ESTADO DE ZACATECAS<\/a><\/strong><\/span><\/li>\n<li><span style=\"color: #3366ff;\"><strong><a style=\"color: #3366ff;\" href=\"https:\/\/www.fresnillo.gob.mx\/wp-content\/uploads\/2021\/07\/LEY-DE-RESPONSABILIDADES-DE-LOS-SERVIDORES-PUBLICOS-DEL-ESTADO-Y-MUNICIPIOS.pdf\">LEY DE RESPONSABILIDADES DE LOS SERVIDORES P\u00daBLICOS DEL ESTADO Y MUNICIPIOS<\/a><\/strong><\/span><\/li>\n<li><span style=\"color: #3366ff;\"><strong><a style=\"color: #3366ff;\" href=\"https:\/\/www.fresnillo.gob.mx\/wp-content\/uploads\/2021\/07\/LEY-DE-JUSTICIA-ADMINISTRATIVA-DEL-ESTADO-DE-ZACATECAS.pdf\">LEY DE JUSTICIA ADMINISTRATIVA DEL ESTADO DE ZACATECAS<\/a><\/strong><\/span><\/li>\n<li><span style=\"color: #3366ff;\"><strong><a style=\"color: #3366ff;\" href=\"https:\/\/www.fresnillo.gob.mx\/wp-content\/uploads\/2021\/10\/LEY-GENERAL-DE-TRANSPARENCIA-Y-ACCESO-A-LA-INFORMACION-PUBLICA.pdf\">LEY GENERAL DE TRANSPARENCIA Y ACCESO A LA INFORMACI\u00d3N P\u00daBLICA<\/a><\/strong><\/span><\/li>\n<li><span style=\"color: #3366ff;\"><strong><a style=\"color: #3366ff;\" href=\"https:\/\/www.fresnillo.gob.mx\/wp-content\/uploads\/2022\/01\/LEY-GENERAL-DE-TRANSPARENCIA-Y-ACCESO-A-LA-INFORMACION.pdf\">LEY GENERAL DE TRANSPARENCIA Y ACCESO A LA INFORMACI\u00d3N<\/a><\/strong><\/span><\/li>\n<li><strong><span style=\"color: #3366ff;\"><a style=\"color: #3366ff;\" href=\"https:\/\/www.fresnillo.gob.mx\/wp-content\/uploads\/2022\/01\/LEY-GENERAL-DE-RESPONSABILIDADES-ADMINISTRATIVAS.pdf\">LEY GENERAL DE RESPONSABILIDADES ADMINISTRATIVAS<\/a><\/span><\/strong><\/li>\n<li><strong><span style=\"color: #3366ff;\"><a href=\"https:\/\/www.fresnillo.gob.mx\/wp-content\/uploads\/2022\/07\/LEY-DEL-SEGURO-SOCIAL.pdf\">LEY DEL SEGURO SOCIAL<\/a><\/span><\/strong><\/li>\n<li><span style=\"color: #3366ff;\"><strong><a style=\"color: #3366ff;\" href=\"https:\/\/www.fresnillo.gob.mx\/wp-content\/uploads\/2022\/01\/LEY-DE-AMPARO.pdf\">LEY DE AMPARO<\/a><\/strong><\/span><\/li>\n<li><span style=\"color: #3366ff;\"><strong><a href=\"https:\/\/www.fresnillo.gob.mx\/wp-content\/uploads\/2022\/07\/LEY-COMISION-FEDERAL-DE-ELECTRICIDAD.pdf\">LEY COMISION FEDERAL DE ELECTRICIDAD<\/a><\/strong><\/span><\/li>\n<li><span style=\"color: #3366ff;\"><strong><a href=\"https:\/\/www.fresnillo.gob.mx\/wp-content\/uploads\/2022\/07\/LEY-FEDERAL-DEL-TRABAJO-2022.pdf\">LEY FEDERAL DEL TRABAJO 2022<\/a><\/strong><\/span><\/li>\n<\/ul>\n<p>[\/vc_column_text][\/vc_tta_section][vc_tta_section i_icon_fontawesome=\u00bbfas fa-balance-scale\u00bb add_icon=\u00bbtrue\u00bb title=\u00bbREGLAMENTOS\u00bb tab_id=\u00bb1613409661697-4191026c-6bc5&#8243;][vc_column_text]<\/p>\n<ul>\n<li><span style=\"color: #3366ff;\"><strong><a style=\"color: #3366ff;\" href=\"https:\/\/www.fresnillo.gob.mx\/wp-content\/uploads\/2019\/04\/Reglamento-Interno-2018-SIAPASF.pdf\">REGLAMENTO INTERNO DEL SIAPASF 2018<\/a><\/strong><\/span><\/li>\n<li><span style=\"color: #3366ff;\"><strong><a style=\"color: #3366ff;\" href=\"https:\/\/www.fresnillo.gob.mx\/wp-content\/uploads\/2019\/07\/Reglamento-para-fondo-de-ahorro.pdf\">REGLAMENTO PARA FONDO DE AHORRO<\/a><\/strong><\/span><\/li>\n<li><span style=\"color: #3366ff;\"><strong><a style=\"color: #3366ff;\" href=\"https:\/\/www.fresnillo.gob.mx\/wp-content\/uploads\/2021\/07\/Reglamento-Interior-del-Tribunal-de-Justicia-Administrativa-del-Estado-de-Zacatecas.pdf\">REGLAMENTO INTERIOR DEL TRIBUNAL DE JUSTICIA ADMINISTRATIVA DEL ESTADO DE ZACATECAS<\/a><\/strong><\/span><\/li>\n<\/ul>\n<p>[\/vc_column_text][\/vc_tta_section][vc_tta_section i_icon_fontawesome=\u00bbfas fa-balance-scale\u00bb add_icon=\u00bbtrue\u00bb title=\u00bbCONDICIONES\u00bb tab_id=\u00bb1613409698113-d0ecb12b-311e\u00bb][vc_column_text]<\/p>\n<ul>\n<li style=\"list-style-type: none;\">\n<ul>\n<li><span style=\"color: #3366ff;\"><strong><a style=\"color: #3366ff;\" href=\"https:\/\/www.fresnillo.gob.mx\/wp-content\/uploads\/2019\/05\/CONDICCIONES-GENERALES-DE-TRABAJO-1.pdf\">CONDICIONES GENERALES DE TRABAJO DEL SIAPASF<\/a><\/strong><\/span><\/li>\n<\/ul>\n<\/li>\n<\/ul>\n<p>[\/vc_column_text][\/vc_tta_section][vc_tta_section i_icon_fontawesome=\u00bbfas fa-balance-scale\u00bb add_icon=\u00bbtrue\u00bb title=\u00bbSIAPASF SUJETO OBLIGADO\u00bb tab_id=\u00bb1613409764271-f8f1fff8-c7fd\u00bb][vc_column_text]<\/p>\n<ul>\n<li><span style=\"color: #3366ff;\"><strong><a style=\"color: #3366ff;\" href=\"https:\/\/www.fresnillo.gob.mx\/wp-content\/uploads\/2019\/05\/OFICIO-DE-SUJETO-OBLIGADO-SIAPASF.pdf\">OFICIO DEL SUJETO OBLIGADO DEL\u00a0 SIAPASF<\/a><\/strong><\/span><\/li>\n<\/ul>\n<p>[\/vc_column_text][\/vc_tta_section][vc_tta_section i_icon_fontawesome=\u00bbfas fa-balance-scale\u00bb add_icon=\u00bbtrue\u00bb title=\u00bbLINEAMIENTOS\u00bb tab_id=\u00bb1613409795490-8e224856-7f3d\u00bb][vc_column_text]<\/p>\n<ul>\n<li><span style=\"color: #3366ff;\"><strong><a style=\"color: #3366ff;\" href=\"https:\/\/www.fresnillo.gob.mx\/wp-content\/uploads\/2019\/10\/lineamientos-2018.pdf\">LINEAMIENTOS T\u00c9CNICOS GENERALES PARA LA PUBLICACI\u00d3N DE LAS OBLIGACIONES DE TRANSPARENCIA 2018<\/a><\/strong><\/span><\/li>\n<\/ul>\n<p>[\/vc_column_text][\/vc_tta_section][vc_tta_section i_icon_fontawesome=\u00bbfas fa-balance-scale\u00bb add_icon=\u00bbtrue\u00bb title=\u00bbNORMAS\u00bb tab_id=\u00bb1613409823738-e9443606-1b2b\u00bb][vc_column_text]<\/p>\n<ul>\n<li><span style=\"color: #3366ff;\"><strong><a style=\"color: #3366ff;\" href=\"https:\/\/www.fresnillo.gob.mx\/wp-content\/uploads\/2020\/07\/Norma-127.pdf\">NORMA 127<\/a><\/strong><\/span><\/li>\n<li><span style=\"color: #3366ff;\"><strong><a style=\"color: #3366ff;\" href=\"https:\/\/www.fresnillo.gob.mx\/wp-content\/uploads\/2020\/07\/Norma-179.pdf\">NORMA 179<\/a><\/strong><\/span><\/li>\n<\/ul>\n<p>[\/vc_column_text][\/vc_tta_section][\/vc_tta_tabs][\/vc_column][\/vc_row][vc_row][vc_column][vc_column_text]4to. TRIMESTRE 2022<\/p>\n<p><a href=\"https:\/\/www.fresnillo.gob.mx\/wp-content\/uploads\/2023\/01\/CODIGO-CIVIL-DEL-ESTADO-DE-ZACATECA1.pdf\">C\u00d3DIGO CIVIL DEL ESTADO DE ZACATECA<\/a><\/p>\n<p><a href=\"https:\/\/www.fresnillo.gob.mx\/wp-content\/uploads\/2023\/01\/CODIGO-CIVIL-DEL-ESTADO-DE-ZACATECA1.pdf\">1<\/a><a href=\"https:\/\/www.fresnillo.gob.mx\/wp-content\/uploads\/2023\/01\/CONSTITUCION-POLITICA-DE-LOS-ESTADOS-UNIDOS-MEXICANOS.pdf\">CONSTITUCI\u00d3N POLITICA DE LOS ESTADOS UNIDOS MEXICANOS<\/a><\/p>\n<p><a href=\"https:\/\/www.fresnillo.gob.mx\/wp-content\/uploads\/2023\/01\/LEY-DE-JUSTICIA-ADMINISTRATIVA-DEL-ESTADO-DE-ZACATECAS.pdf\">LEY DE JUSTICIA ADMINISTRATIVA DEL ESTADO DE ZACATECAS<\/a><\/p>\n<p><a href=\"https:\/\/www.fresnillo.gob.mx\/wp-content\/uploads\/2023\/01\/LEY-DEL-SEGURO-SOCIAL.pdf\">LEY DEL SEGURO SOCIAL<\/a>[\/vc_column_text][vc_column_text][\/vc_column_text][vc_column_text]<\/p>\n<h1><strong>2023<\/strong><\/h1>\n<p><em>PRIMER TRIMESTRE 2023<\/em><\/p>\n<p><a href=\"https:\/\/www.fresnillo.gob.mx\/wp-content\/uploads\/2023\/04\/LEY-DE-DISCIPLINA-FINANCIERA-DE-LAS-ENTIDADES-FEDERATIVAS-Y-LOS-MUNICIPIOS.pdf\">LEY DE DISCIPLINA FINANCIERA DE LAS ENTIDADES FEDERATIVAS Y LOS MUNICIPIOS<\/a><\/p>\n<p><a href=\"https:\/\/www.fresnillo.gob.mx\/wp-content\/uploads\/2023\/04\/LEY-DE-FISCALIZACION-Y-RENDICION-DE-CUENTAS-DEL-ESTADO-DE-ZACATECAS.pdf\">LEY DE FISCALIZACION Y RENDICION DE CUENTAS DEL ESTADO DE ZACATECAS<\/a><\/p>\n<p><a href=\"https:\/\/www.fresnillo.gob.mx\/wp-content\/uploads\/2023\/04\/LEY-GENERAL-DE-CONTABILIDAD-GUBERNAMENTAL.pdf\">LEY GENERAL DE CONTABILIDAD GUBERNAMENTAL<\/a><\/p>\n<p><a href=\"https:\/\/www.fresnillo.gob.mx\/wp-content\/uploads\/2023\/04\/LEY-GENERAL-DEL-SISTEMA-NACIONAL-ANTICORRUPCION.pdf\">LEY GENERAL DEL SISTEMA NACIONAL ANTICORRUPCI\u00d3N<\/a><\/p>\n<p><a href=\"https:\/\/www.fresnillo.gob.mx\/wp-content\/uploads\/2023\/04\/LEY-ORGANICA-DEL-MUNICIPIO-DEL-ESTADO-DE-ZACATECAS.pdf\">LEY ORGANICA DEL MUNICIPIO DEL ESTADO DE ZACATECAS<\/a><\/p>\n<p>SEGUNDO TRIMESTRE 2023<\/p>\n<p><a href=\"https:\/\/www.fresnillo.gob.mx\/wp-content\/uploads\/2023\/07\/CODIGO-FISCAL-DEL-ESTADO-DE-ZACATECAS-Y-SUS-MUNICIPIOS-1.pdf\">CODIGO FISCAL DEL ESTADO DE ZACATECAS Y SUS MUNICIPIOS<\/a><\/p>\n<p><a href=\"https:\/\/www.fresnillo.gob.mx\/wp-content\/uploads\/2023\/07\/CODIGO-NACIONAL-DE-PROCEDIMIENTOS-PENALES-1.pdf\">CODIGO NACIONAL DE PROCEDIMIENTOS PENALES<\/a><\/p>\n<p><a href=\"https:\/\/www.fresnillo.gob.mx\/wp-content\/uploads\/2023\/07\/CODIGO-PENAL-PARA-EL-ESTADO-DE-ZACATECAS-1.pdf\">CODIGO PENAL PARA EL ESTADO DE ZACATECAS<\/a><\/p>\n<p><a href=\"https:\/\/www.fresnillo.gob.mx\/wp-content\/uploads\/2023\/07\/CONSTITUCION-POLITICA-DE-LOS-ESTADOS-UNIDOS-MEXICANOS-1.pdf\">CONSTITUCION POLITICA DE LOS ESTADOS UNIDOS MEXICANOS<\/a><\/p>\n<p><a href=\"https:\/\/www.fresnillo.gob.mx\/wp-content\/uploads\/2023\/07\/CONSTITUCION-POLITICA-DEL-ESTADO-LIBRE-Y-SOBERANO-DE-ZACATECAS-1.pdf\">CONSTITUCION POLITICA DEL ESTADO LIBRE Y SOBERANO DE ZACATECAS<\/a><\/p>\n<p><a href=\"https:\/\/www.fresnillo.gob.mx\/wp-content\/uploads\/2023\/07\/LEY-GENERAL-DE-RESPONSABILIDADES-ADMINISTRATIVAS-1.pdf\">LEY GENERAL DE RESPONSABILIDADES ADMINISTRATIVAS<\/a><\/p>\n<p><a href=\"https:\/\/www.fresnillo.gob.mx\/wp-content\/uploads\/2023\/07\/LFT-2do-trimestre-1.pdf\">LFT 2do trimestre<\/a><\/p>\n<p><a href=\"https:\/\/www.fresnillo.gob.mx\/wp-content\/uploads\/2023\/07\/LSS-1.pdf\">LSS<\/a><\/p>\n<p><a href=\"https:\/\/www.fresnillo.gob.mx\/wp-content\/uploads\/2023\/07\/ZAC-CC-1.pdf\">ZAC-CC<\/a>[\/vc_column_text][vc_column_text]<\/p>\n<h1>EJERCICIO 2024<\/h1>\n<p><strong>PRIMER TRIMESTRE 2024<\/strong><\/p>\n<p><a href=\"https:\/\/www.fresnillo.gob.mx\/wp-content\/uploads\/2024\/04\/CODIGO-DE-COMERCIO.pdf\">C\u00d3DIGO DE COMERCIO<\/a><\/p>\n<p><a href=\"https:\/\/www.fresnillo.gob.mx\/wp-content\/uploads\/2024\/04\/CODIGO-NACIONAL-DE-PROCEDIMIENTOS-PENALES.pdf\">CODIGO NACIONAL DE PROCEDIMIENTOS PENALES<\/a><\/p>\n<p><a href=\"https:\/\/www.fresnillo.gob.mx\/wp-content\/uploads\/2024\/04\/CONSTITUCION-POLITICA-DE-LOS-ESTADOS-UNIDOS-MEXICANOS.pdf\">CONSTITUCION POLITICA DE LOS ESTADOS UNIDOS MEXICANOS<\/a><\/p>\n<p><a href=\"https:\/\/www.fresnillo.gob.mx\/wp-content\/uploads\/2024\/04\/CONSTITUCION-POLITICA-DEL-ESTADO-LIBRE-Y-SOBERANO-DE-ZACATECAS.pdf\">CONSTITUCION POLITICA DEL ESTADO LIBRE Y SOBERANO DE ZACATECAS<\/a><\/p>\n<p><a href=\"https:\/\/www.fresnillo.gob.mx\/wp-content\/uploads\/2024\/04\/LEY-DE-AMPARO.pdf\">LEY DE AMPARO<\/a><\/p>\n<p><a href=\"https:\/\/www.fresnillo.gob.mx\/wp-content\/uploads\/2024\/04\/LEY-DE-DISCIPLINA-FINANCIERA-DE-LAS-ENTIDADES-FEDERATIVAS-Y-LOS-MUNICIPIOS.pdf\">LEY DE DISCIPLINA FINANCIERA DE LAS ENTIDADES FEDERATIVAS Y LOS MUNICIPIOS<\/a><\/p>\n<p><a href=\"https:\/\/www.fresnillo.gob.mx\/wp-content\/uploads\/2024\/04\/LEY-DE-JUSTICIA-ADMINISTRATIVA-DEL-ESTADO-DE-ZACATECAS.pdf\">LEY DE JUSTICIA ADMINISTRATIVA DEL ESTADO DE ZACATECAS<\/a><\/p>\n<p><a href=\"https:\/\/www.fresnillo.gob.mx\/wp-content\/uploads\/2024\/04\/LEY-DE-LA-COMISION-FEDERAL-DE-ELECTRICIDAD.pdf\">LEY DE LA COMISION FEDERAL DE ELECTRICIDAD<\/a><\/p>\n<p><a href=\"https:\/\/www.fresnillo.gob.mx\/wp-content\/uploads\/2024\/04\/LEY-DEL-SEGURO-SOCIAL.pdf\">LEY DEL SEGURO SOCIAL<\/a><\/p>\n<p><a href=\"https:\/\/www.fresnillo.gob.mx\/wp-content\/uploads\/2024\/04\/LEY-FEDERAL-DEL-TRABAJO.pdf\">LEY FEDERAL DEL TRABAJO<\/a><\/p>\n<p><a href=\"https:\/\/www.fresnillo.gob.mx\/wp-content\/uploads\/2024\/04\/LEY-GENERAL-DE-CONTABILIDAD-GUBERNAMENTAL.pdf\">LEY GENERAL DE CONTABILIDAD GUBERNAMENTAL<\/a><\/p>\n<p><a href=\"https:\/\/www.fresnillo.gob.mx\/wp-content\/uploads\/2024\/04\/LEY-GENERAL-DE-PROTECCION-DE-DATOS-PERSONALES-EN-POSESION-DE-SUJETOS-OBLIGADOS.pdf\">LEY GENERAL DE PROTECCION DE DATOS PERSONALES EN POSESION DE SUJETOS OBLIGADOS<\/a><\/p>\n<p><a href=\"https:\/\/www.fresnillo.gob.mx\/wp-content\/uploads\/2024\/04\/LEY-GENERAL-DE-RESPONSABILIDADES-ADMINISTRATIVAS.pdf\">LEY GENERAL DE RESPONSABILIDADES ADMINISTRATIVAS<\/a><\/p>\n<p><a href=\"https:\/\/www.fresnillo.gob.mx\/wp-content\/uploads\/2024\/04\/LEY-GENERAL-DE-TRANSPARENCIA-Y-ACCESO-A-LA-INFORMACION-PUBLICA.pdf\">LEY GENERAL DE TRANSPARENCIA Y ACCESO A LA INFORMACION PUBLICA<\/a><\/p>\n<p><a href=\"https:\/\/www.fresnillo.gob.mx\/wp-content\/uploads\/2024\/04\/LEY-GENERAL-DEL-SISTEMA-NACIONAL-ANTICORRUPCION.pdf\">LEY GENERAL DEL SISTEMA NACIONAL ANTICORRUPCION<\/a><\/p>\n<p><a href=\"https:\/\/www.fresnillo.gob.mx\/wp-content\/uploads\/2024\/04\/REGLAMENTO-INTERIOR-DEL-TRIBUNAL-DE-JUSTICIA-ADMINISTRATIVA-DEL-ESTADO-DE-ZACATECAS.pdf\">REGLAMENTO INTERIOR DEL TRIBUNAL DE JUSTICIA ADMINISTRATIVA DEL ESTADO DE ZACATECAS<\/a><\/p>\n<p><a href=\"https:\/\/www.fresnillo.gob.mx\/wp-content\/uploads\/2024\/04\/REGLAMENTO-INTERNO-SIAPASF.pdf\">REGLAMENTO-INTERNO-SIAPASF<\/a>[\/vc_column_text][\/vc_column][\/vc_row]<\/p>\n<\/div>","protected":false},"excerpt":{"rendered":"<p>[vc_row][vc_column][vc_tta_tabs style=\u00bbmodern\u00bb shape=\u00bbround\u00bb color=\u00bbsky\u00bb autoplay=\u00bb10&#8243; active_section=\u00bb1&#8243; css_animation=\u00bbnone\u00bb no_fill_content_area=\u00bbtrue\u00bb title=\u00bbNORMATIVIDAD\u00bb][vc_tta_section i_icon_fontawesome=\u00bbfas fa-balance-scale\u00bb add_icon=\u00bbtrue\u00bb title=\u00bbACTAS\u00bb tab_id=\u00bb1613408614507-87f7fb79-9c1c\u00bb][vc_column_text] ACTA DE INSTALACI\u00d3N DEL SIAPASF [\/vc_column_text][\/vc_tta_section][vc_tta_section i_icon_fontawesome=\u00bbfas fa-balance-scale\u00bb add_icon=\u00bbtrue\u00bb title=\u00bbCODIGOS\u00bb tab_id=\u00bb1613408614539-1b0fa960-dbba\u00bb][vc_column_text] C\u00d3DIGO DE PROCEDIMIENTOS CIVILES PARA EL ESTADO DE ZACATECAS C\u00d3DIGO DE PROCEDIMIENTOS PENALES\u00a0 PARA EL ESTADO DE ZACATECAS C\u00d3DIGO DE COMERCIO C\u00d3DIGO NACIONAL DE PROCEDIMIENTOS PENALES C\u00d3DIGO FISCAL DEL ESTADO [&hellip;]<\/p>\n","protected":false},"author":1,"featured_media":0,"parent":9759,"menu_order":0,"comment_status":"closed","ping_status":"closed","template":"page-templates\/template-articulos-siapasf.php","meta":{"_uag_custom_page_level_css":"","advgb_blocks_editor_width":"","advgb_blocks_columns_visual_guide":"","footnotes":""},"class_list":["post-9761","page","type-page","status-publish","hentry"],"uagb_featured_image_src":{"full":false,"thumbnail":false,"medium":false,"medium_large":false,"large":false,"1536x1536":false,"2048x2048":false},"uagb_author_info":{"display_name":"admin","author_link":"https:\/\/www.fresnillo.gob.mx\/transparencia\/author\/admin\/"},"uagb_comment_info":0,"uagb_excerpt":"[vc_row][vc_column][vc_tta_tabs style=\u00bbmodern\u00bb shape=\u00bbround\u00bb color=\u00bbsky\u00bb autoplay=\u00bb10&#8243; active_section=\u00bb1&#8243; css_animation=\u00bbnone\u00bb no_fill_content_area=\u00bbtrue\u00bb title=\u00bbNORMATIVIDAD\u00bb][vc_tta_section i_icon_fontawesome=\u00bbfas fa-balance-scale\u00bb add_icon=\u00bbtrue\u00bb title=\u00bbACTAS\u00bb tab_id=\u00bb1613408614507-87f7fb79-9c1c\u00bb][vc_column_text] ACTA DE INSTALACI\u00d3N DEL SIAPASF [\/vc_column_text][\/vc_tta_section][vc_tta_section i_icon_fontawesome=\u00bbfas fa-balance-scale\u00bb add_icon=\u00bbtrue\u00bb title=\u00bbCODIGOS\u00bb tab_id=\u00bb1613408614539-1b0fa960-dbba\u00bb][vc_column_text] C\u00d3DIGO DE PROCEDIMIENTOS CIVILES PARA EL ESTADO DE ZACATECAS C\u00d3DIGO DE PROCEDIMIENTOS PENALES\u00a0 PARA EL ESTADO DE ZACATECAS C\u00d3DIGO DE COMERCIO C\u00d3DIGO NACIONAL DE PROCEDIMIENTOS PENALES C\u00d3DIGO FISCAL DEL ESTADO&hellip;","coauthors":[],"author_meta":{"author_link":"https:\/\/www.fresnillo.gob.mx\/transparencia\/author\/admin\/","display_name":"admin"},"relative_dates":{"created":"Publicado 7 a\u00f1os hace","modified":"Actualizado 1 a\u00f1o hace"},"absolute_dates":{"created":"Publicado el diciembre 17, 2018","modified":"Actualizado el enero 10, 2025"},"absolute_dates_time":{"created":"Publicado el diciembre 17, 2018 4:39 pm","modified":"Actualizado el enero 10, 2025 6:50 pm"},"featured_img_caption":"","featured_img":false,"series_order":"","_links":{"self":[{"href":"https:\/\/www.fresnillo.gob.mx\/transparencia\/wp-json\/wp\/v2\/pages\/9761","targetHints":{"allow":["GET"]}}],"collection":[{"href":"https:\/\/www.fresnillo.gob.mx\/transparencia\/wp-json\/wp\/v2\/pages"}],"about":[{"href":"https:\/\/www.fresnillo.gob.mx\/transparencia\/wp-json\/wp\/v2\/types\/page"}],"author":[{"embeddable":true,"href":"https:\/\/www.fresnillo.gob.mx\/transparencia\/wp-json\/wp\/v2\/users\/1"}],"replies":[{"embeddable":true,"href":"https:\/\/www.fresnillo.gob.mx\/transparencia\/wp-json\/wp\/v2\/comments?post=9761"}],"version-history":[{"count":1,"href":"https:\/\/www.fresnillo.gob.mx\/transparencia\/wp-json\/wp\/v2\/pages\/9761\/revisions"}],"predecessor-version":[{"id":70028,"href":"https:\/\/www.fresnillo.gob.mx\/transparencia\/wp-json\/wp\/v2\/pages\/9761\/revisions\/70028"}],"up":[{"embeddable":true,"href":"https:\/\/www.fresnillo.gob.mx\/transparencia\/wp-json\/wp\/v2\/pages\/9759"}],"wp:attachment":[{"href":"https:\/\/www.fresnillo.gob.mx\/transparencia\/wp-json\/wp\/v2\/media?parent=9761"}],"curies":[{"name":"wp","href":"https:\/\/api.w.org\/{rel}","templated":true}]}}