{"id":9798,"date":"2018-12-17T17:03:40","date_gmt":"2018-12-17T17:03:40","guid":{"rendered":"https:\/\/www.seguiremoshaciendohistoria.gob.mx\/?page_id=9798"},"modified":"2025-01-27T21:06:45","modified_gmt":"2025-01-27T21:06:45","slug":"vii-directorios-de-todos-los-servidores-publicos","status":"publish","type":"page","link":"https:\/\/www.fresnillo.gob.mx\/transparencia\/siapasf\/articulo-39\/vii-directorios-de-todos-los-servidores-publicos\/","title":{"rendered":"VII. Directorios de Todos los Servidores P\u00fablicos"},"content":{"rendered":"<div class=\"wpb-content-wrapper\"><p>[vc_row css=\u00bb.vc_custom_1546531995446{background-color: #e5e5e5 !important;}\u00bb][vc_column][vc_tta_tabs style=\u00bbmodern\u00bb shape=\u00bbround\u00bb color=\u00bbblue\u00bb alignment=\u00bbcenter\u00bb active_section=\u00bb1&#8243; no_fill_content_area=\u00bbtrue\u00bb css=\u00bb.vc_custom_1613413384529{background-color: #ffffff !important;}\u00bb title=\u00bbDIRECTORIO SIAPASF\u00bb][vc_tta_section i_icon_fontawesome=\u00bbfar fa-address-book\u00bb add_icon=\u00bbtrue\u00bb title=\u00bb2017&#8243; tab_id=\u00bb1546456067125-9f71930a-6653&#8243;][vc_column_text]<\/p>\n<ul>\n<li><span style=\"color: #3366ff;\"><strong><a style=\"color: #3366ff;\" href=\"https:\/\/www.fresnillo.gob.mx\/wp-content\/uploads\/2019\/01\/directorio_de_servidores_publicos_rh-PRIMER-TRIMESTRE-2017-2.pdf\">Direcci\u00f3n de Recursos Humanos y Materiales<\/a><\/strong><\/span><\/li>\n<li><span style=\"color: #3366ff;\"><strong><a style=\"color: #3366ff;\" href=\"https:\/\/www.fresnillo.gob.mx\/wp-content\/uploads\/2019\/01\/directorio_de_servidores_publicos_contraloria_interna_3er_trimestre_jul-sep_2017.pdf\">Contralor\u00eda Interna<\/a><\/strong><\/span><\/li>\n<li><span style=\"color: #3366ff;\"><strong><a style=\"color: #3366ff;\" href=\"https:\/\/www.fresnillo.gob.mx\/wp-content\/uploads\/2019\/01\/directorio_servidores_publicos_ingenierias.pdf\">Coordinaci\u00f3n de Ingenier\u00edas<\/a><\/strong><\/span><\/li>\n<li><span style=\"color: #3366ff;\"><strong><a style=\"color: #3366ff;\" href=\"https:\/\/www.fresnillo.gob.mx\/wp-content\/uploads\/2019\/01\/formato_directorio_de_servidores_publicos_dir_general.pdf\">Direcci\u00f3n General<\/a><\/strong><\/span><\/li>\n<li><span style=\"color: #3366ff;\"><strong><a style=\"color: #3366ff;\" href=\"https:\/\/www.fresnillo.gob.mx\/wp-content\/uploads\/2019\/01\/formato_directorio_de_servidores_publicos__3_trim.pdf\">Direcci\u00f3n Administrativa<\/a><\/strong><\/span><\/li>\n<li><span style=\"color: #3366ff;\"><strong><a style=\"color: #3366ff;\" href=\"https:\/\/www.fresnillo.gob.mx\/wp-content\/uploads\/2019\/01\/formato_directorio_de_servidores_publicos_todos_deptos_2017.pdf\">Direcci\u00f3n de Servicios de Agua Potable<\/a><\/strong><\/span><\/li>\n<li><span style=\"color: #3366ff;\"><strong><a style=\"color: #3366ff;\" href=\"https:\/\/www.fresnillo.gob.mx\/wp-content\/uploads\/2019\/01\/formato_directorio_de_servidores_publicos_juridico.pdf\">Direcci\u00f3n Jur\u00eddica<\/a><\/strong><\/span><\/li>\n<li><span style=\"color: #3366ff;\"><strong><a style=\"color: #3366ff;\" href=\"https:\/\/www.fresnillo.gob.mx\/wp-content\/uploads\/2019\/01\/formato_directorio_de_servidores_publicos-comercial-2017.pdf\">Direcci\u00f3n Comercial<\/a><\/strong><\/span><\/li>\n<li><span style=\"color: #3366ff;\"><strong><a style=\"color: #3366ff;\" href=\"https:\/\/www.fresnillo.gob.mx\/wp-content\/uploads\/2019\/01\/directorio-de-servidores-publicos-comunicacion-social.pdf\">Comunicaci\u00f3n Social<\/a><\/strong><\/span><\/li>\n<\/ul>\n<p>[\/vc_column_text][\/vc_tta_section][vc_tta_section i_icon_fontawesome=\u00bbfar fa-address-book\u00bb add_icon=\u00bbtrue\u00bb title=\u00bb2018&#8243; tab_id=\u00bb1546456067206-3000873c-f6f5&#8243;][vc_column_text]<\/p>\n<ul>\n<li><span style=\"color: #3366ff;\"><strong><a style=\"color: #3366ff;\" href=\"https:\/\/www.fresnillo.gob.mx\/wp-content\/uploads\/2019\/01\/Directorio-Contralor\u00eda-2018.pdf\">Contralor\u00eda Interna<\/a><\/strong><\/span><\/li>\n<li><span style=\"color: #3366ff;\"><strong><a style=\"color: #3366ff;\" href=\"https:\/\/www.fresnillo.gob.mx\/wp-content\/uploads\/2019\/01\/Directorio-Direci\u00f3n-General-2018.pdf\">Direcci\u00f3n General <\/a><\/strong><\/span><\/li>\n<li><span style=\"color: #3366ff;\"><strong><a style=\"color: #3366ff;\" href=\"https:\/\/www.fresnillo.gob.mx\/wp-content\/uploads\/2019\/01\/Directorio-Recursos-Humanos-2018.pdf\">Direcci\u00f3n de Recursos Humanos<\/a><\/strong><\/span><\/li>\n<li><span style=\"color: #3366ff;\"><strong><a style=\"color: #3366ff;\" href=\"https:\/\/www.fresnillo.gob.mx\/wp-content\/uploads\/2019\/01\/Directorio-Sub-Dir.-Comercial-2018.pdf\">Direcci\u00f3n Comercial<\/a><\/strong><\/span><\/li>\n<li><span style=\"color: #3366ff;\"><strong><a style=\"color: #3366ff;\" href=\"https:\/\/www.fresnillo.gob.mx\/wp-content\/uploads\/2019\/01\/Directorio-Subdirecci\u00f3n-Administrativa-2018.pdf\">Direcci\u00f3n Administrativa<\/a><\/strong><\/span><\/li>\n<li><span style=\"color: #3366ff;\"><strong><a style=\"color: #3366ff;\" href=\"https:\/\/www.fresnillo.gob.mx\/wp-content\/uploads\/2019\/01\/Directorio-Subdirecci\u00f3n-Tecnica.pdf\">Subdirecci\u00f3n T\u00e9cnica<\/a><\/strong><\/span><\/li>\n<li><span style=\"color: #3366ff;\"><strong><a style=\"color: #3366ff;\" href=\"https:\/\/www.fresnillo.gob.mx\/wp-content\/uploads\/2019\/01\/Directorio-Unidad-de-Transparencia-2018.pdf\">Unidad de Transparencia<\/a><\/strong><\/span><\/li>\n<li><span style=\"color: #3366ff;\"><strong><a style=\"color: #3366ff;\" href=\"https:\/\/www.fresnillo.gob.mx\/wp-content\/uploads\/2019\/01\/Directorio-Comit\u00e9-de-Transparencia-2018.pdf\">Comit\u00e9 de Transparencia <\/a><\/strong><\/span><\/li>\n<li><span style=\"color: #3366ff;\"><strong><a style=\"color: #3366ff;\" href=\"https:\/\/www.fresnillo.gob.mx\/wp-content\/uploads\/2019\/01\/Directorio-Comunicaci\u00f3n-Social-2018.pdf\">Comunicaci\u00f3n Social <\/a><\/strong><\/span><\/li>\n<li><span style=\"color: #3366ff;\"><strong><a style=\"color: #3366ff;\" href=\"https:\/\/www.fresnillo.gob.mx\/wp-content\/uploads\/2019\/01\/Directorio-Jefatura-de-Planeaci\u00f3n-2018.pdf\">Jefatura de Planeaci\u00f3n<\/a><\/strong><\/span><\/li>\n<\/ul>\n<p>[\/vc_column_text][\/vc_tta_section][vc_tta_section i_icon_fontawesome=\u00bbfar fa-address-book\u00bb add_icon=\u00bbtrue\u00bb title=\u00bb2019&#8243; tab_id=\u00bb1556043533245-bfbc31a8-ae80&#8243;][vc_column_text]<\/p>\n<ul>\n<li><span style=\"color: #3366ff;\"><strong><a style=\"color: #3366ff;\" href=\"https:\/\/www.fresnillo.gob.mx\/wp-content\/uploads\/2019\/07\/Directorio-de-empleados-SIAPASF.pdf\">TRABAJADORES SIAPASF<\/a><\/strong><\/span><\/li>\n<li><span style=\"color: #3366ff;\"><strong><a style=\"color: #3366ff;\" href=\"https:\/\/www.fresnillo.gob.mx\/wp-content\/uploads\/2019\/10\/directorio.pdf\">SIAPASF Agosto 2019<\/a><\/strong><\/span><\/li>\n<li><span style=\"color: #3366ff;\"><strong><a style=\"color: #3366ff;\" href=\"https:\/\/www.fresnillo.gob.mx\/wp-content\/uploads\/2020\/01\/Directorio-Siapasf-Diciembre-2019.pdf\">SIAPASF Diciembre 2019<\/a><\/strong><\/span><\/li>\n<\/ul>\n<p>[\/vc_column_text][\/vc_tta_section][vc_tta_section i_icon_fontawesome=\u00bbfar fa-address-book\u00bb add_icon=\u00bbtrue\u00bb title=\u00bb2020&#8243; tab_id=\u00bb1587049578885-7e2cbaa4-f60b\u00bb][vc_column_text]<\/p>\n<ul>\n<li><span style=\"color: #3366ff;\"><strong><a style=\"color: #3366ff;\" href=\"https:\/\/www.fresnillo.gob.mx\/wp-content\/uploads\/2020\/05\/DIRECTORIO-PRIMER-TRIMESTRE-2020.pdf\">PRIMER TRIMESTRE 2020<\/a><\/strong><\/span><\/li>\n<li><span style=\"color: #3366ff;\"><strong><span style=\"color: #3366ff;\"><a style=\"color: #3366ff;\" href=\"https:\/\/www.fresnillo.gob.mx\/wp-content\/uploads\/2020\/07\/Directorio-Abril-Junio-2020.pdf\">SEGUNDO TRIMESTRE 2020<\/a><\/span><\/strong><\/span><\/li>\n<li><span style=\"color: #3366ff;\"><strong><a style=\"color: #3366ff;\" href=\"https:\/\/www.fresnillo.gob.mx\/wp-content\/uploads\/2020\/10\/Directorio.pdf\">TERCER TRIMESTRE 2020<\/a><\/strong><\/span><\/li>\n<li><span style=\"color: #3366ff;\"><strong><a style=\"color: #3366ff;\" href=\"https:\/\/www.fresnillo.gob.mx\/wp-content\/uploads\/2021\/01\/LTAIPEZ-39XVI.xlsx.pdf\">CUARTO TRIMESTRE 2020<\/a><\/strong><\/span><\/li>\n<\/ul>\n<p>[\/vc_column_text][\/vc_tta_section][vc_tta_section i_icon_fontawesome=\u00bbfar fa-address-book\u00bb add_icon=\u00bbtrue\u00bb title=\u00bb2021&#8243; tab_id=\u00bb1613412518717-7705ebd3-9ad2&#8243;][vc_column_text]<\/p>\n<ul>\n<li><span style=\"color: #3366ff;\"><strong><a style=\"color: #3366ff;\" href=\"https:\/\/www.fresnillo.gob.mx\/wp-content\/uploads\/2021\/04\/DIRECTORIO-2021.pdf\">Primer Trimestre 2021<\/a><\/strong><\/span><\/li>\n<li><span style=\"color: #3366ff;\"><strong><a style=\"color: #3366ff;\" href=\"https:\/\/www.fresnillo.gob.mx\/wp-content\/uploads\/2021\/07\/Directorio.pdf\">Segundo Trimestre 2021<\/a><\/strong><\/span><\/li>\n<li><span style=\"color: #3366ff;\"><strong><a style=\"color: #3366ff;\" href=\"https:\/\/www.fresnillo.gob.mx\/wp-content\/uploads\/2021\/10\/Directorio-3.pdf\">Tercer Trimestre 2021<\/a><\/strong><\/span><\/li>\n<li><span style=\"color: #3366ff;\"><strong><a style=\"color: #3366ff;\" href=\"https:\/\/www.fresnillo.gob.mx\/wp-content\/uploads\/2022\/01\/Cuarto-Trimestre.pdf\">Cuarto Trimestre 2021<\/a><\/strong><\/span><\/li>\n<\/ul>\n<p>[\/vc_column_text][\/vc_tta_section][vc_tta_section title=\u00bb2022&#8243; tab_id=\u00bb1646750711977-dbf0fe76-907f\u00bb][vc_column_text]<a href=\"https:\/\/www.fresnillo.gob.mx\/wp-content\/uploads\/2022\/04\/DIRECTORIO.pdf\">DIRECTORIO<\/a> 1er. TRIMESTRE 2022<\/p>\n<p><a href=\"https:\/\/www.fresnillo.gob.mx\/wp-content\/uploads\/2022\/07\/DIRECTORIO-2do-TRIM-2022.pdf\">DIRECTORIO 2do TRIM 2022<\/a><\/p>\n<p><a href=\"https:\/\/www.fresnillo.gob.mx\/wp-content\/uploads\/2022\/10\/DIRECTORIO-3-er.-Trim.-DE-SERVIDORES-PUBLICOS-DEL-SIAPASF-1.pdf\">DIRECTORIO 3 er. Trim. DE SERVIDORES PUBLICOS DEL SIAPASF<\/a><\/p>\n<p>DIRECTORIO 4to. TRIMESTRE 2022 <a href=\"https:\/\/www.fresnillo.gob.mx\/wp-content\/uploads\/2023\/01\/DIRECTORIO-DE-SERVIDORES-PUBLICOS-4\u00b0-TRIM.-2022.pdf\">DIRECTORIO DE SERVIDORES PUBLICOS 4\u00b0 TRIM. 2022<\/a><\/p>\n<p>[\/vc_column_text][\/vc_tta_section][vc_tta_section title=\u00bb2023&#8243; tab_id=\u00bb1681834495588-7d549198-3fb1&#8243;][vc_column_text]PDTO. REC. HUMANOS Y MAT. 2023<\/p>\n<p>PRIMER TRIMESTRE 2023<\/p>\n<p><a href=\"https:\/\/www.fresnillo.gob.mx\/wp-content\/uploads\/2023\/04\/DIRECTORIO-SIAPASF-PRIMER-TRIMESTRE-2023.pdf\">DIRECTORIO SIAPASF PRIMER TRIMESTRE 2023<\/a><\/p>\n<p>SEGUNDO TRIMESTRE 2023<\/p>\n<p><a href=\"https:\/\/www.fresnillo.gob.mx\/wp-content\/uploads\/2023\/07\/FRACC-VII-DIRECTORIO-REC-HUM.pdf\">FRACC VII DIRECTORIO REC HUM<\/a><\/p>\n<p>TERCER TRIMESTRE 2023<\/p>\n<p><a href=\"https:\/\/www.fresnillo.gob.mx\/wp-content\/uploads\/2023\/10\/Directorio2023.pdf\">Directorio2023<\/a><\/p>\n<p>CUARTO TRIMESTRE 2023<\/p>\n<p><a href=\"https:\/\/www.fresnillo.gob.mx\/wp-content\/uploads\/2024\/01\/DIRECTORIO-CUARTO-TRIMESTRE-2023-FRACC-VII-REC-HUM.pdf\">DIRECTORIO CUARTO TRIMESTRE 2023 FRACC VII REC HUM<\/a>[\/vc_column_text][\/vc_tta_section][vc_tta_section title=\u00bb2024&#8243; tab_id=\u00bb1736535327613-45d05c2e-479b\u00bb][vc_column_text css=\u00bb\u00bb]<\/p>\n<h1>EJERCICIO 2024<\/h1>\n<p>PRIMER TRIMESTRE 2024<\/p>\n<p><a href=\"https:\/\/www.fresnillo.gob.mx\/wp-content\/uploads\/2024\/04\/FraccionVII-Directorio-.pdf\">FraccionVII Directorio<\/a><\/p>\n<p><a href=\"https:\/\/www.fresnillo.gob.mx\/wp-content\/uploads\/2024\/07\/DIRECTORIO-SEGUNDO-TRIMESTRE-2024-1.pdf\">DIRECTORIO SEGUNDO TRIMESTRE 2024<\/a><\/p>\n<p>TERCER TRIMESTRE 2024<\/p>\n<p><a href=\"https:\/\/www.fresnillo.gob.mx\/wp-content\/uploads\/2024\/10\/FRACCION-VII-DIRECTORIO.pdf\">FRACCION VII DIRECTORIO<\/a><\/p>\n<h2><strong>4to. TRIMESTRE 2024<\/strong><\/h2>\n<p><a href=\"https:\/\/www.fresnillo.gob.mx\/transparencia\/wp-content\/uploads\/2025\/01\/FRACCION-VII-DIRECTORIORECURSOS-HUMANOS-copia.pdf\">FRACCION VII DIRECTORIORECURSOS HUMANOS &#8211; copia<\/a>[\/vc_column_text][\/vc_tta_section][\/vc_tta_tabs][\/vc_column][\/vc_row]<\/p>\n<\/div>","protected":false},"excerpt":{"rendered":"<p>[vc_row css=\u00bb.vc_custom_1546531995446{background-color: #e5e5e5 !important;}\u00bb][vc_column][vc_tta_tabs style=\u00bbmodern\u00bb shape=\u00bbround\u00bb color=\u00bbblue\u00bb alignment=\u00bbcenter\u00bb active_section=\u00bb1&#8243; no_fill_content_area=\u00bbtrue\u00bb css=\u00bb.vc_custom_1613413384529{background-color: #ffffff !important;}\u00bb title=\u00bbDIRECTORIO SIAPASF\u00bb][vc_tta_section i_icon_fontawesome=\u00bbfar fa-address-book\u00bb add_icon=\u00bbtrue\u00bb title=\u00bb2017&#8243; tab_id=\u00bb1546456067125-9f71930a-6653&#8243;][vc_column_text] Direcci\u00f3n de Recursos Humanos y Materiales Contralor\u00eda Interna Coordinaci\u00f3n de Ingenier\u00edas Direcci\u00f3n General Direcci\u00f3n Administrativa Direcci\u00f3n de Servicios de Agua Potable Direcci\u00f3n Jur\u00eddica Direcci\u00f3n Comercial Comunicaci\u00f3n Social [\/vc_column_text][\/vc_tta_section][vc_tta_section i_icon_fontawesome=\u00bbfar fa-address-book\u00bb add_icon=\u00bbtrue\u00bb title=\u00bb2018&#8243; tab_id=\u00bb1546456067206-3000873c-f6f5&#8243;][vc_column_text] Contralor\u00eda Interna [&hellip;]<\/p>\n","protected":false},"author":1,"featured_media":0,"parent":9759,"menu_order":27,"comment_status":"closed","ping_status":"closed","template":"page-templates\/template-articulos-siapasf.php","meta":{"_uag_custom_page_level_css":"","advgb_blocks_editor_width":"","advgb_blocks_columns_visual_guide":"","footnotes":""},"class_list":["post-9798","page","type-page","status-publish","hentry"],"uagb_featured_image_src":{"full":false,"thumbnail":false,"medium":false,"medium_large":false,"large":false,"1536x1536":false,"2048x2048":false},"uagb_author_info":{"display_name":"admin","author_link":"https:\/\/www.fresnillo.gob.mx\/transparencia\/author\/admin\/"},"uagb_comment_info":0,"uagb_excerpt":"[vc_row css=\u00bb.vc_custom_1546531995446{background-color: #e5e5e5 !important;}\u00bb][vc_column][vc_tta_tabs style=\u00bbmodern\u00bb shape=\u00bbround\u00bb color=\u00bbblue\u00bb alignment=\u00bbcenter\u00bb active_section=\u00bb1&#8243; no_fill_content_area=\u00bbtrue\u00bb css=\u00bb.vc_custom_1613413384529{background-color: #ffffff !important;}\u00bb title=\u00bbDIRECTORIO SIAPASF\u00bb][vc_tta_section i_icon_fontawesome=\u00bbfar fa-address-book\u00bb add_icon=\u00bbtrue\u00bb title=\u00bb2017&#8243; tab_id=\u00bb1546456067125-9f71930a-6653&#8243;][vc_column_text] Direcci\u00f3n de Recursos Humanos y Materiales Contralor\u00eda Interna Coordinaci\u00f3n de Ingenier\u00edas Direcci\u00f3n General Direcci\u00f3n Administrativa Direcci\u00f3n de Servicios de Agua Potable Direcci\u00f3n Jur\u00eddica Direcci\u00f3n Comercial Comunicaci\u00f3n Social [\/vc_column_text][\/vc_tta_section][vc_tta_section i_icon_fontawesome=\u00bbfar fa-address-book\u00bb add_icon=\u00bbtrue\u00bb title=\u00bb2018&#8243; tab_id=\u00bb1546456067206-3000873c-f6f5&#8243;][vc_column_text] Contralor\u00eda Interna&hellip;","coauthors":[],"author_meta":{"author_link":"https:\/\/www.fresnillo.gob.mx\/transparencia\/author\/admin\/","display_name":"admin"},"relative_dates":{"created":"Publicado 7 a\u00f1os hace","modified":"Actualizado 1 a\u00f1o hace"},"absolute_dates":{"created":"Publicado el diciembre 17, 2018","modified":"Actualizado el enero 27, 2025"},"absolute_dates_time":{"created":"Publicado el diciembre 17, 2018 5:03 pm","modified":"Actualizado el enero 27, 2025 9:06 pm"},"featured_img_caption":"","featured_img":false,"series_order":"","_links":{"self":[{"href":"https:\/\/www.fresnillo.gob.mx\/transparencia\/wp-json\/wp\/v2\/pages\/9798","targetHints":{"allow":["GET"]}}],"collection":[{"href":"https:\/\/www.fresnillo.gob.mx\/transparencia\/wp-json\/wp\/v2\/pages"}],"about":[{"href":"https:\/\/www.fresnillo.gob.mx\/transparencia\/wp-json\/wp\/v2\/types\/page"}],"author":[{"embeddable":true,"href":"https:\/\/www.fresnillo.gob.mx\/transparencia\/wp-json\/wp\/v2\/users\/1"}],"replies":[{"embeddable":true,"href":"https:\/\/www.fresnillo.gob.mx\/transparencia\/wp-json\/wp\/v2\/comments?post=9798"}],"version-history":[{"count":5,"href":"https:\/\/www.fresnillo.gob.mx\/transparencia\/wp-json\/wp\/v2\/pages\/9798\/revisions"}],"predecessor-version":[{"id":70759,"href":"https:\/\/www.fresnillo.gob.mx\/transparencia\/wp-json\/wp\/v2\/pages\/9798\/revisions\/70759"}],"up":[{"embeddable":true,"href":"https:\/\/www.fresnillo.gob.mx\/transparencia\/wp-json\/wp\/v2\/pages\/9759"}],"wp:attachment":[{"href":"https:\/\/www.fresnillo.gob.mx\/transparencia\/wp-json\/wp\/v2\/media?parent=9798"}],"curies":[{"name":"wp","href":"https:\/\/api.w.org\/{rel}","templated":true}]}}