{"id":9800,"date":"2018-12-17T17:09:50","date_gmt":"2018-12-17T17:09:50","guid":{"rendered":"https:\/\/www.seguiremoshaciendohistoria.gob.mx\/?page_id=9800"},"modified":"2025-11-18T16:05:29","modified_gmt":"2025-11-18T16:05:29","slug":"xxii-informacion-relativa-a-la-deuda-publica","status":"publish","type":"page","link":"https:\/\/www.fresnillo.gob.mx\/transparencia\/siapasf\/articulo-39\/xxii-informacion-relativa-a-la-deuda-publica\/","title":{"rendered":"XXII. Informaci\u00f3n Relativa a la Deuda P\u00fablica"},"content":{"rendered":"<div class=\"wpb-content-wrapper\"><p>[vc_row][vc_column][vc_column_text css=\u00bb\u00bb]<\/p>\n<h1 style=\"text-align: center;\"><span style=\"color: #333399;\">FRACCI\u00d3N XXI.<\/span><\/h1>\n<h1 style=\"text-align: center;\"><em><span style=\"color: #3366ff;\">Informaci\u00f3n Relativa a la Deuda P\u00fablica.<\/span><\/em><\/h1>\n<p>&nbsp;<\/p>\n<h2 class=\"has-text-align-right\" style=\"text-align: right;\"><span style=\"color: #333399;\"><strong>Fecha de Actualizaci\u00f3n 30\/Septiembre\/2025<\/strong><\/span><\/h2>\n<h2 class=\"cms-plugin cms-plugin-639\"><\/h2>\n<p>[\/vc_column_text][vc_separator color=\u00bbblue\u00bb border_width=\u00bb10&#8243; css=\u00bb\u00bb][\/vc_column][\/vc_row][vc_row][vc_column][vc_tta_tabs color=\u00bbblue\u00bb spacing=\u00bb10&#8243; active_section=\u00bb1&#8243; no_fill_content_area=\u00bbtrue\u00bb][vc_tta_section title=\u00bbHist\u00f3rico\u00bb tab_id=\u00bb1756740949287-1b458c5c-2243&#8243;][vc_btn title=\u00bbConsulta la Informaci\u00f3n\u00bb style=\u00bb3d\u00bb color=\u00bbprimary\u00bb css=\u00bb\u00bb link=\u00bburl:https%3A%2F%2Ftinyurl.com%2F2yr7fv6g|target:_blank\u00bb][\/vc_tta_section][vc_tta_section title=\u00bbAdministraci\u00f3n Actual 2024 &#8211; 2027&#8243; tab_id=\u00bb1756740949311-b3822de4-3a09&#8243;][vc_btn title=\u00bbConsulta la Informaci\u00f3n\u00bb style=\u00bb3d\u00bb color=\u00bbprimary\u00bb css=\u00bb\u00bb link=\u00bburl:https%3A%2F%2Ftinyurl.com%2F23b4l4ry|target:_blank\u00bb][\/vc_tta_section][\/vc_tta_tabs][\/vc_column][\/vc_row]<\/p>\n<\/div>","protected":false},"excerpt":{"rendered":"<p>[vc_row][vc_column][vc_column_text css=\u00bb\u00bb] FRACCI\u00d3N XXI. Informaci\u00f3n Relativa a la Deuda P\u00fablica. &nbsp; Fecha de Actualizaci\u00f3n 30\/Septiembre\/2025 [\/vc_column_text][vc_separator color=\u00bbblue\u00bb border_width=\u00bb10&#8243; css=\u00bb\u00bb][\/vc_column][\/vc_row][vc_row][vc_column][vc_tta_tabs color=\u00bbblue\u00bb spacing=\u00bb10&#8243; active_section=\u00bb1&#8243; no_fill_content_area=\u00bbtrue\u00bb][vc_tta_section title=\u00bbHist\u00f3rico\u00bb tab_id=\u00bb1756740949287-1b458c5c-2243&#8243;][vc_btn title=\u00bbConsulta la Informaci\u00f3n\u00bb style=\u00bb3d\u00bb color=\u00bbprimary\u00bb css=\u00bb\u00bb link=\u00bburl:https%3A%2F%2Ftinyurl.com%2F2yr7fv6g|target:_blank\u00bb][\/vc_tta_section][vc_tta_section title=\u00bbAdministraci\u00f3n Actual 2024 &#8211; 2027&#8243; tab_id=\u00bb1756740949311-b3822de4-3a09&#8243;][vc_btn title=\u00bbConsulta la Informaci\u00f3n\u00bb style=\u00bb3d\u00bb color=\u00bbprimary\u00bb css=\u00bb\u00bb link=\u00bburl:https%3A%2F%2Ftinyurl.com%2F23b4l4ry|target:_blank\u00bb][\/vc_tta_section][\/vc_tta_tabs][\/vc_column][\/vc_row]<\/p>\n","protected":false},"author":1,"featured_media":0,"parent":9759,"menu_order":59,"comment_status":"closed","ping_status":"closed","template":"page-templates\/template-articulos-siapasf.php","meta":{"_uag_custom_page_level_css":"","advgb_blocks_editor_width":"","advgb_blocks_columns_visual_guide":"","footnotes":""},"class_list":["post-9800","page","type-page","status-publish","hentry"],"uagb_featured_image_src":{"full":false,"thumbnail":false,"medium":false,"medium_large":false,"large":false,"1536x1536":false,"2048x2048":false},"uagb_author_info":{"display_name":"admin","author_link":"https:\/\/www.fresnillo.gob.mx\/transparencia\/author\/admin\/"},"uagb_comment_info":0,"uagb_excerpt":"[vc_row][vc_column][vc_column_text css=\u00bb\u00bb] FRACCI\u00d3N XXI. Informaci\u00f3n Relativa a la Deuda P\u00fablica. &nbsp; Fecha de Actualizaci\u00f3n 30\/Septiembre\/2025 [\/vc_column_text][vc_separator color=\u00bbblue\u00bb border_width=\u00bb10&#8243; css=\u00bb\u00bb][\/vc_column][\/vc_row][vc_row][vc_column][vc_tta_tabs color=\u00bbblue\u00bb spacing=\u00bb10&#8243; active_section=\u00bb1&#8243; no_fill_content_area=\u00bbtrue\u00bb][vc_tta_section title=\u00bbHist\u00f3rico\u00bb tab_id=\u00bb1756740949287-1b458c5c-2243&#8243;][vc_btn title=\u00bbConsulta la Informaci\u00f3n\u00bb style=\u00bb3d\u00bb color=\u00bbprimary\u00bb css=\u00bb\u00bb link=\u00bburl:https%3A%2F%2Ftinyurl.com%2F2yr7fv6g|target:_blank\u00bb][\/vc_tta_section][vc_tta_section title=\u00bbAdministraci\u00f3n Actual 2024 &#8211; 2027&#8243; tab_id=\u00bb1756740949311-b3822de4-3a09&#8243;][vc_btn title=\u00bbConsulta la Informaci\u00f3n\u00bb style=\u00bb3d\u00bb color=\u00bbprimary\u00bb css=\u00bb\u00bb link=\u00bburl:https%3A%2F%2Ftinyurl.com%2F23b4l4ry|target:_blank\u00bb][\/vc_tta_section][\/vc_tta_tabs][\/vc_column][\/vc_row]","coauthors":[],"author_meta":{"author_link":"https:\/\/www.fresnillo.gob.mx\/transparencia\/author\/admin\/","display_name":"admin"},"relative_dates":{"created":"Publicado 7 a\u00f1os hace","modified":"Actualizado 5 meses hace"},"absolute_dates":{"created":"Publicado el diciembre 17, 2018","modified":"Actualizado el noviembre 18, 2025"},"absolute_dates_time":{"created":"Publicado el diciembre 17, 2018 5:09 pm","modified":"Actualizado el noviembre 18, 2025 4:05 pm"},"featured_img_caption":"","featured_img":false,"series_order":"","_links":{"self":[{"href":"https:\/\/www.fresnillo.gob.mx\/transparencia\/wp-json\/wp\/v2\/pages\/9800","targetHints":{"allow":["GET"]}}],"collection":[{"href":"https:\/\/www.fresnillo.gob.mx\/transparencia\/wp-json\/wp\/v2\/pages"}],"about":[{"href":"https:\/\/www.fresnillo.gob.mx\/transparencia\/wp-json\/wp\/v2\/types\/page"}],"author":[{"embeddable":true,"href":"https:\/\/www.fresnillo.gob.mx\/transparencia\/wp-json\/wp\/v2\/users\/1"}],"replies":[{"embeddable":true,"href":"https:\/\/www.fresnillo.gob.mx\/transparencia\/wp-json\/wp\/v2\/comments?post=9800"}],"version-history":[{"count":5,"href":"https:\/\/www.fresnillo.gob.mx\/transparencia\/wp-json\/wp\/v2\/pages\/9800\/revisions"}],"predecessor-version":[{"id":76571,"href":"https:\/\/www.fresnillo.gob.mx\/transparencia\/wp-json\/wp\/v2\/pages\/9800\/revisions\/76571"}],"up":[{"embeddable":true,"href":"https:\/\/www.fresnillo.gob.mx\/transparencia\/wp-json\/wp\/v2\/pages\/9759"}],"wp:attachment":[{"href":"https:\/\/www.fresnillo.gob.mx\/transparencia\/wp-json\/wp\/v2\/media?parent=9800"}],"curies":[{"name":"wp","href":"https:\/\/api.w.org\/{rel}","templated":true}]}}