{"id":9820,"date":"2018-12-17T17:16:45","date_gmt":"2018-12-17T17:16:45","guid":{"rendered":"https:\/\/www.seguiremoshaciendohistoria.gob.mx\/?page_id=9820"},"modified":"2025-03-11T21:12:19","modified_gmt":"2025-03-11T21:12:19","slug":"xxxix-actas-y-resoluciones-del-comite-de-transparencia-de-los-sujetos-obligados","status":"publish","type":"page","link":"https:\/\/www.fresnillo.gob.mx\/transparencia\/siapasf\/articulo-39\/xxxix-actas-y-resoluciones-del-comite-de-transparencia-de-los-sujetos-obligados\/","title":{"rendered":"XXXIX. Actas y Resoluciones del Comit\u00e9 de Transparencia de los Sujetos Obligados"},"content":{"rendered":"<div class=\"wpb-content-wrapper\"><p>[vc_row][vc_column][vc_tta_tabs style=\u00bbmodern\u00bb shape=\u00bbround\u00bb color=\u00bbblue\u00bb alignment=\u00bbcenter\u00bb active_section=\u00bb1&#8243; no_fill_content_area=\u00bbtrue\u00bb title=\u00bb2019&#8243;][vc_tta_section title=\u00bb4to. Trimestre\u00bb tab_id=\u00bb1613490921845-b3cd04f8-0472&#8243;][vc_column_text css=\u00bb\u00bb]<\/p>\n<ul>\n<li><span style=\"color: #3366ff;\"><b><\/b><b style=\"color: #3366ff;\"><a style=\"color: #3366ff;\" href=\"https:\/\/www.seguiremoshaciendohistoria.gob.mx\/wp-content\/uploads\/2020\/01\/Primera-Sesi\u00f3n-Ordinaria-Comite-de-Transparencia.pdf\">1a.<\/a><\/b><b><\/b><a style=\"color: #3366ff;\" href=\"https:\/\/www.fresnillo.gob.mx\/wp-content\/uploads\/2020\/01\/Primera-Sesi\u00f3n-Ordinaria-Comite-de-Transparencia.pdf\"><span style=\"color: #3366ff;\"><b> Sesi\u00f3n Ordinaria <\/b><\/span><span style=\"color: #3366ff;\"><b>Comit\u00e9<\/b><\/span><span style=\"color: #3366ff;\"><b>\u00a0de Transparencia<\/b><\/span><\/a><\/span><\/li>\n<li><span style=\"color: #3366ff;\"><b><\/b><a style=\"color: #3366ff;\" href=\"https:\/\/www.fresnillo.gob.mx\/wp-content\/uploads\/2020\/01\/Segunda-Sesion-Ordinaria-Comite-de-Transparencia.pdf\"><span style=\"color: #3366ff;\"><b>2a. Sesi\u00f3n Ordinaria <\/b><\/span><span style=\"color: #3366ff;\"><b>Comit\u00e9<\/b><\/span><span style=\"color: #3366ff;\"><b>\u00a0de Transparencia<\/b><\/span><\/a><\/span><\/li>\n<li><span style=\"color: #3366ff;\"><a style=\"color: #3366ff;\" href=\"https:\/\/www.fresnillo.gob.mx\/wp-content\/uploads\/2020\/01\/RESPUESTA-DE-RESOLUCION-A-OFICIO-1298.pdf\"><span style=\"color: #3366ff;\"><b style=\"color: #3366ff;\">3a. Sesi\u00f3n Ordinaria del <\/b><span style=\"color: #3366ff;\"><b>Comit\u00e9<\/b><\/span><b style=\"color: #3366ff;\"> &#8211; Respuesta de Resoluci\u00f3n\u00a0<\/b><\/span><\/a><\/span><\/li>\n<\/ul>\n<p>[\/vc_column_text][\/vc_tta_section][\/vc_tta_tabs][vc_tta_tabs style=\u00bbmodern\u00bb shape=\u00bbround\u00bb color=\u00bbblue\u00bb alignment=\u00bbcenter\u00bb active_section=\u00bb1&#8243; no_fill_content_area=\u00bbtrue\u00bb title=\u00bb2020&#8243;][vc_tta_section title=\u00bb1er. Trimestre\u00bb tab_id=\u00bb1588865427021-e3768f84-830d\u00bb][vc_column_text css=\u00bb\u00bb]<\/p>\n<ul>\n<li><span style=\"color: #3366ff;\"><a style=\"color: #3366ff;\" href=\"https:\/\/www.fresnillo.gob.mx\/wp-content\/uploads\/2020\/05\/1A.-SESION-ENERO-2020.pdf\"><span style=\"color: #3366ff;\"><b style=\"color: #3366ff;\">1a. <\/b><b>Sesi\u00f3n<\/b><b style=\"color: #3366ff;\"> Ordinaria de <\/b><\/span><span style=\"color: #3366ff;\"><b>Comit\u00e9<\/b><\/span><span style=\"color: #3366ff;\"><b>\u00a0de Transparencia Enero 2020<\/b><\/span><\/a><\/span><\/li>\n<\/ul>\n<p>[\/vc_column_text][\/vc_tta_section][vc_tta_section title=\u00bb2do. Trimestre\u00bb tab_id=\u00bb1595613184970-d4920a78-72d3&#8243;][vc_column_text css=\u00bb\u00bb]<\/p>\n<ul>\n<li><span style=\"color: #3366ff;\"><strong><a style=\"color: #3366ff;\" href=\"https:\/\/www.fresnillo.gob.mx\/wp-content\/uploads\/2020\/07\/2a.-Sesion-Ordinaria-del-Comite-de-Transparencia-26-de-mayo-2020.pdf\">2a. Sesion Ordinaria del Comite de Transparencia 26 de mayo 2020<\/a><\/strong><\/span><\/li>\n<\/ul>\n<p>[\/vc_column_text][\/vc_tta_section][vc_tta_section title=\u00bb3er. Trimestre\u00bb tab_id=\u00bb1602000365794-f9db9663-7a2d\u00bb][vc_column_text css=\u00bb\u00bb]<\/p>\n<ul>\n<li><span style=\"color: #3366ff;\"><strong><a style=\"color: #3366ff;\" href=\"https:\/\/www.fresnillo.gob.mx\/wp-content\/uploads\/2020\/10\/Folio-No.-00398720-Respuesta-en-Jul-2020.pdf\">Folio No. 00398720\u00a0<\/a><\/strong><\/span><\/li>\n<li><span style=\"color: #3366ff;\"><strong><a style=\"color: #3366ff;\" href=\"https:\/\/www.fresnillo.gob.mx\/wp-content\/uploads\/2020\/10\/Folio-No.-00553820-Respuesta-en-Sep-2020.pdf\">Folio No. 00553820<\/a><\/strong><\/span><\/li>\n<li><span style=\"color: #3366ff;\"><strong><a style=\"color: #3366ff;\" href=\"https:\/\/www.fresnillo.gob.mx\/wp-content\/uploads\/2020\/10\/Folio-No.-00575420-Respuesta-en-Ago-2020.pdf\">Folio No. 00575420<\/a><\/strong><\/span><\/li>\n<li><span style=\"color: #3366ff;\"><strong><a style=\"color: #3366ff;\" href=\"https:\/\/www.fresnillo.gob.mx\/wp-content\/uploads\/2020\/10\/Folio-No.-00751520-Respuesta-30-sep.pdf\">Folio No. 00751520<\/a><\/strong><\/span><\/li>\n<li><span style=\"color: #3366ff;\"><strong><a style=\"color: #3366ff;\" href=\"https:\/\/www.fresnillo.gob.mx\/wp-content\/uploads\/2020\/10\/Acta-No.-3.pdf\">Acta No. 3<\/a><\/strong><\/span><\/li>\n<li><span style=\"color: #3366ff;\"><strong><a style=\"color: #3366ff;\" href=\"https:\/\/www.fresnillo.gob.mx\/wp-content\/uploads\/2020\/10\/Acta-Sesion-Extraordinaria-31-AGO-2020.pdf\">Acta Sesion Extraordinaria 31 AGO 2020<\/a><\/strong><\/span><\/li>\n<\/ul>\n<p>[\/vc_column_text][\/vc_tta_section][vc_tta_section title=\u00bb4to. Trimestre\u00bb tab_id=\u00bb1611758459904-c3201439-4544&#8243;][vc_column_text css=\u00bb\u00bb]<\/p>\n<ul>\n<li><span style=\"color: #3366ff;\"><strong><a style=\"color: #3366ff;\" href=\"https:\/\/www.fresnillo.gob.mx\/wp-content\/uploads\/2021\/01\/Sesion-04-Comite-de-Transparencia-22-oct-2020.pdf\">Sesi\u00f3n 04 Comite de Transparencia 22 oct 2020<\/a><\/strong><\/span><\/li>\n<\/ul>\n<p>[\/vc_column_text][\/vc_tta_section][\/vc_tta_tabs][\/vc_column][\/vc_row][vc_section][\/vc_section][vc_row][vc_column][vc_tta_tabs active_section=\u00bb1&#8243; title=\u00bb2021&#8243;][vc_tta_section title=\u00bb1er. Trimestre\u00bb tab_id=\u00bb1618939864424-f88cd9f9-12ee\u00bb][vc_column_text css=\u00bb\u00bb]<\/p>\n<ul>\n<li><span style=\"color: #3366ff;\"><strong><a style=\"color: #3366ff;\" href=\"https:\/\/www.fresnillo.gob.mx\/wp-content\/uploads\/2021\/04\/Acta-No.-1.pdf\">Acta No. 1<\/a><\/strong><\/span><\/li>\n<li><span style=\"color: #3366ff;\"><strong><a style=\"color: #3366ff;\" href=\"https:\/\/www.fresnillo.gob.mx\/wp-content\/uploads\/2021\/04\/Acta-No.-2.pdf\">Acta No. 2<\/a><\/strong><\/span><\/li>\n<\/ul>\n<p>[\/vc_column_text][\/vc_tta_section][vc_tta_section title=\u00bb2do. Trimestre\u00bb tab_id=\u00bb1626712348330-c075ca83-a504&#8243;][vc_column_text css=\u00bb\u00bb]<\/p>\n<ul>\n<li><span style=\"color: #3366ff;\"><strong><a style=\"color: #3366ff;\" href=\"https:\/\/www.fresnillo.gob.mx\/wp-content\/uploads\/2021\/07\/Acta-No.-3-Segunda-sesion-Ordinaria-26-abril-2021.pdf\">Acta No. 3 Segunda Sesi\u00f3n Ordinaria 26 abril 2021<\/a><\/strong><\/span><\/li>\n<li><span style=\"color: #3366ff;\"><strong><a style=\"color: #3366ff;\" href=\"https:\/\/www.fresnillo.gob.mx\/wp-content\/uploads\/2021\/07\/Acta-No.-4-Primera-Sesiion-Extraordinaria-17-mayo-2021.pdf\">Acta No. 4 Primera Sesi\u00f3n Extraordinaria 17 mayo 2021<\/a><\/strong><\/span><\/li>\n<li><span style=\"color: #3366ff;\"><strong><a style=\"color: #3366ff;\" href=\"https:\/\/www.fresnillo.gob.mx\/wp-content\/uploads\/2021\/07\/Acta-No.-5-Segunda-Sesion-Extraordinaria-31-de-Mayo-2021.pdf\">Acta No. 5 Segunda Sesi\u00f3n Extraordinaria 31 de Mayo 2021<\/a><\/strong><\/span><\/li>\n<li><span style=\"color: #3366ff;\"><strong><a style=\"color: #3366ff;\" href=\"https:\/\/www.fresnillo.gob.mx\/wp-content\/uploads\/2021\/07\/Acta-No.-6-Tercera-Sesion-Extraordinaria-18-de-Junio-2021.pdf\">Acta No. 6 Tercera Sesi\u00f3n Extraordinaria 18 de Junio 2021<\/a><\/strong><\/span><\/li>\n<\/ul>\n<p>[\/vc_column_text][\/vc_tta_section][vc_tta_section title=\u00bb3er. Trimestre\u00bb tab_id=\u00bb1634049716495-1849ec40-902d\u00bb][vc_column_text css=\u00bb\u00bb]<\/p>\n<ul>\n<li><span style=\"color: #3366ff;\"><strong><a style=\"color: #3366ff;\" href=\"https:\/\/www.fresnillo.gob.mx\/wp-content\/uploads\/2021\/10\/Acta-No.-8-Tercera-Sesion-Ordinaria-23-Julio-2021.pdf\">Acta No. 8 Tercera Sesi\u00f3n Ordinaria\u00a0<\/a><\/strong><\/span><\/li>\n<li><span style=\"color: #3366ff;\"><strong><a style=\"color: #3366ff;\" href=\"https:\/\/www.fresnillo.gob.mx\/wp-content\/uploads\/2021\/10\/Acta-No.-2-Comite-de-Transparencia-21-sept-2021.pdf\">Acta No. 2 Comit\u00e9 de Transparencia\u00a0<\/a><\/strong><\/span><\/li>\n<li><span style=\"color: #3366ff;\"><strong><a style=\"color: #3366ff;\" href=\"https:\/\/www.fresnillo.gob.mx\/wp-content\/uploads\/2021\/10\/Acta-No.-2-Sesion-Extraordinaria-25-Agosto-2021.pdf\">Acta No. 2 Sesi\u00f3n Extraordinaria<\/a><\/strong><\/span><\/li>\n<\/ul>\n<p>[\/vc_column_text][\/vc_tta_section][vc_tta_section title=\u00bb4to. Trimestre\u00bb tab_id=\u00bb1643053677041-b64f5459-1091&#8243;][vc_column_text css=\u00bb\u00bb]<\/p>\n<ul>\n<li><span style=\"color: #3366ff;\"><strong><a style=\"color: #3366ff;\" href=\"https:\/\/www.fresnillo.gob.mx\/wp-content\/uploads\/2022\/01\/Acta-No.-9-Cuarta-Sesion-Ordinaria-22-Octubre-2021.pdf\">Acta No. 9 Cuarta Sesi\u00f3n Ordinaria 22 Octubre 2021<\/a><\/strong><\/span><\/li>\n<\/ul>\n<p>[\/vc_column_text][\/vc_tta_section][\/vc_tta_tabs][vc_tta_tabs active_section=\u00bb1&#8243; title=\u00bb2022&#8243;][vc_tta_section title=\u00bb1er. Trimestre 2022&#8243; tab_id=\u00bb1649087729513-3c3bb2aa-ee20&#8243;][vc_column_text css=\u00bb\u00bb]<a href=\"https:\/\/www.fresnillo.gob.mx\/wp-content\/uploads\/2022\/04\/PRIMER-ACTA-ORDINARIA-DEL-COMITE-DE-TRANSPARENCIA-DE-25-DE-ENERO-2022.pdf\"><strong>PRIMER ACTA ORDINARIA DEL COMITE DE TRANSPARENCIA DE 25 DE ENERO 2022<\/strong><\/a>[\/vc_column_text][\/vc_tta_section][vc_tta_section title=\u00bb2do Trimestre 2022&#8243; tab_id=\u00bb1658173226188-43f7dfca-04dc\u00bb][vc_column_text css=\u00bb\u00bb]Segunda Acta\u00a0 Ordinaria del Comit\u00e9 de Transparencia 18 de abril de 2022<\/p>\n<p>&nbsp;<\/p>\n<p><a href=\"https:\/\/www.fresnillo.gob.mx\/wp-content\/uploads\/2022\/07\/ACTA-NUMERO-2-DEL-COMITE-DE-TRANSP.-DE-FECHA-2-DEL-18-DE-ABRIL-2022.pdf\"><strong>ACTA NUMERO 2 DEL COMITE DE TRANSP. DE FECHA 2 DEL 18 DE ABRIL 2022<\/strong><\/a>[\/vc_column_text][\/vc_tta_section][vc_tta_section title=\u00bb3er Trimestre 2022&#8243; tab_id=\u00bb1665508844426-aea9ce72-1543&#8243;][vc_column_text css=\u00bb\u00bb]<a href=\"https:\/\/www.fresnillo.gob.mx\/wp-content\/uploads\/2022\/10\/ACTA-NUM-3-DEL-COMITE-DE-TRANSPARENCIA-SIAPASF.pdf\">ACTA NUM 3 DEL COMITE DE TRANSPARENCIA SIAPASF<\/a>[\/vc_column_text][\/vc_tta_section][vc_tta_section title=\u00bb4to. Timestre 2022&#8243; tab_id=\u00bb1674837839443-77d81acb-78db\u00bb][vc_column_text css=\u00bb\u00bb]<a href=\"https:\/\/www.fresnillo.gob.mx\/wp-content\/uploads\/2023\/01\/ACTA-DE-SEION-ORDINARI-DEL-COMITE-DE-TRANSPARENCIA.pdf\">ACTA DE SEION ORDINARI DEL COMITE DE TRANSPARENCIA<\/a><\/p>\n<p><a href=\"https:\/\/www.fresnillo.gob.mx\/wp-content\/uploads\/2023\/01\/TESTADO-RESOLUCION-DE-COMITE-DE-TRANSPARENCIA-SIAPASF.pdf\">TESTADO RESOLUCION DE COMITE DE TRANSPARENCIA SIAPASF<\/a>[\/vc_column_text][\/vc_tta_section][\/vc_tta_tabs][\/vc_column][\/vc_row][vc_row][vc_column][vc_column_text css=\u00bb\u00bb]<\/p>\n<h1><strong>EJERCICIO 2023<\/strong>.<\/h1>\n<p><a href=\"https:\/\/www.fresnillo.gob.mx\/wp-content\/uploads\/2023\/04\/ACTA-1RA-SESION-DE-COMITE-DE-TRANSP-2023.pdf\">ACTA 1RA SESION DE COMITE DE TRANSP 2023<\/a><\/p>\n<p><a href=\"https:\/\/www.fresnillo.gob.mx\/wp-content\/uploads\/2023\/07\/SEGUNDA-SESION-ORDINARIA-DE-COMITE-DE-TRANSP-18-ABRIL-23.pdf\">SEGUNDA SESION ORDINARIA DE COMITE DE TRANSP 18 ABRIL 23<\/a><\/p>\n<p><a href=\"https:\/\/www.fresnillo.gob.mx\/wp-content\/uploads\/2023\/07\/PRIMERA-ACTA-EXTRAORDINARIA-COMITE-DE-TRANSAP-CLASIFICACION.pdf\">PRIMERA ACTA EXTRAORDINARIA COMITE DE TRANSAP CLASIFICACION<\/a><\/p>\n<p><a href=\"https:\/\/www.fresnillo.gob.mx\/wp-content\/uploads\/2023\/10\/SESION-ORDINARIA-DEL-COMITE-DE-TRANSPARENCIA-DE-FECHA-14-DE-JULIO-DE-2023-1.pdf\">SESI\u00d3N ORDINARIA DEL COMIT\u00c9 DE TRANSPARENCIA DE FECHA 14 DE JULIO DE 2023<\/a><\/p>\n<p><a href=\"https:\/\/www.fresnillo.gob.mx\/wp-content\/uploads\/2024\/01\/SESION-ORDINARIA-DE-COMITE-DE-TRANSPARENCIA-25-DE-OCTUBRE-2023.pdf\">SESION ORDINARIA DE COMITE DE TRANSPARENCIA 25 DE OCTUBRE 2023<\/a>[\/vc_column_text][vc_column_text css=\u00bb\u00bb]<\/p>\n<h1>EJERCICIO 2024<\/h1>\n<p><a href=\"https:\/\/www.fresnillo.gob.mx\/wp-content\/uploads\/2024\/04\/ACTA-NUMERO-O1-1ERA-SESION-ORDINARIA-DEL-COMITE-DE-TRANSPARENCIA-DE-FECHA-26-DE-ENERO-2024.pdf\">ACTA NUMERO O1 1ERA SESION ORDINARIA DEL COMITE DE TRANSPARENCIA DE FECHA 26 DE ENERO 2024<\/a><\/p>\n<p><a href=\"https:\/\/www.fresnillo.gob.mx\/wp-content\/uploads\/2024\/07\/SEGUNDA-SESION-ORDINARIA-DEL-COMITE-DE-TRANSPARENCIA-DEL-SIAPASF-DEL-17-DE-ABRIL-2024-1.pdf\">SEGUNDA SESI\u00d3N ORDINARIA DEL COMITE DE TRANSPARENCIA DEL SIAPASF DEL 17 DE ABRIL 2024<\/a><\/p>\n<p><a href=\"https:\/\/www.fresnillo.gob.mx\/wp-content\/uploads\/2024\/10\/TERCERA-SESION-ORDINARIA-DEL-COMITE-DE-TRANSPARENCIA-DE-FECHA-22-DE-JULIO-2024.pdf\">TERCERA SESI\u00d3N ORDINARIA DEL COMIT\u00c9 DE TRANSPARENCIA DE FECHA 22 DE JULIO 2024<\/a><\/p>\n<p><a href=\"https:\/\/www.fresnillo.gob.mx\/transparencia\/wp-content\/uploads\/2025\/01\/acta-4-22-octubre2024.pdf\">acta 4 22 octubre2024<\/a><\/p>\n<h2><strong>EJERCICIO 2025<\/strong><\/h2>\n<p><a href=\"https:\/\/www.fresnillo.gob.mx\/transparencia\/wp-content\/uploads\/2025\/03\/ACTA-DE-SOLICITUD-DE-PRORROGA-copia.pdf\">ACTA DE SOLICITUD DE PRORROGA &#8211; copia<\/a>[\/vc_column_text][\/vc_column][\/vc_row]<\/p>\n<\/div>","protected":false},"excerpt":{"rendered":"<p>[vc_row][vc_column][vc_tta_tabs style=\u00bbmodern\u00bb shape=\u00bbround\u00bb color=\u00bbblue\u00bb alignment=\u00bbcenter\u00bb active_section=\u00bb1&#8243; no_fill_content_area=\u00bbtrue\u00bb title=\u00bb2019&#8243;][vc_tta_section title=\u00bb4to. Trimestre\u00bb tab_id=\u00bb1613490921845-b3cd04f8-0472&#8243;][vc_column_text css=\u00bb\u00bb] 1a. Sesi\u00f3n Ordinaria Comit\u00e9\u00a0de Transparencia 2a. Sesi\u00f3n Ordinaria Comit\u00e9\u00a0de Transparencia 3a. Sesi\u00f3n Ordinaria del Comit\u00e9 &#8211; Respuesta de Resoluci\u00f3n\u00a0 [\/vc_column_text][\/vc_tta_section][\/vc_tta_tabs][vc_tta_tabs style=\u00bbmodern\u00bb shape=\u00bbround\u00bb color=\u00bbblue\u00bb alignment=\u00bbcenter\u00bb active_section=\u00bb1&#8243; no_fill_content_area=\u00bbtrue\u00bb title=\u00bb2020&#8243;][vc_tta_section title=\u00bb1er. Trimestre\u00bb tab_id=\u00bb1588865427021-e3768f84-830d\u00bb][vc_column_text css=\u00bb\u00bb] 1a. Sesi\u00f3n Ordinaria de Comit\u00e9\u00a0de Transparencia Enero 2020 [\/vc_column_text][\/vc_tta_section][vc_tta_section title=\u00bb2do. Trimestre\u00bb tab_id=\u00bb1595613184970-d4920a78-72d3&#8243;][vc_column_text [&hellip;]<\/p>\n","protected":false},"author":1,"featured_media":0,"parent":9759,"menu_order":96,"comment_status":"closed","ping_status":"closed","template":"page-templates\/template-articulos-siapasf.php","meta":{"_uag_custom_page_level_css":"","advgb_blocks_editor_width":"","advgb_blocks_columns_visual_guide":"","footnotes":""},"class_list":["post-9820","page","type-page","status-publish","hentry"],"uagb_featured_image_src":{"full":false,"thumbnail":false,"medium":false,"medium_large":false,"large":false,"1536x1536":false,"2048x2048":false},"uagb_author_info":{"display_name":"admin","author_link":"https:\/\/www.fresnillo.gob.mx\/transparencia\/author\/admin\/"},"uagb_comment_info":0,"uagb_excerpt":"[vc_row][vc_column][vc_tta_tabs style=\u00bbmodern\u00bb shape=\u00bbround\u00bb color=\u00bbblue\u00bb alignment=\u00bbcenter\u00bb active_section=\u00bb1&#8243; no_fill_content_area=\u00bbtrue\u00bb title=\u00bb2019&#8243;][vc_tta_section title=\u00bb4to. Trimestre\u00bb tab_id=\u00bb1613490921845-b3cd04f8-0472&#8243;][vc_column_text css=\u00bb\u00bb] 1a. Sesi\u00f3n Ordinaria Comit\u00e9\u00a0de Transparencia 2a. Sesi\u00f3n Ordinaria Comit\u00e9\u00a0de Transparencia 3a. Sesi\u00f3n Ordinaria del Comit\u00e9 &#8211; Respuesta de Resoluci\u00f3n\u00a0 [\/vc_column_text][\/vc_tta_section][\/vc_tta_tabs][vc_tta_tabs style=\u00bbmodern\u00bb shape=\u00bbround\u00bb color=\u00bbblue\u00bb alignment=\u00bbcenter\u00bb active_section=\u00bb1&#8243; no_fill_content_area=\u00bbtrue\u00bb title=\u00bb2020&#8243;][vc_tta_section title=\u00bb1er. Trimestre\u00bb tab_id=\u00bb1588865427021-e3768f84-830d\u00bb][vc_column_text css=\u00bb\u00bb] 1a. Sesi\u00f3n Ordinaria de Comit\u00e9\u00a0de Transparencia Enero 2020 [\/vc_column_text][\/vc_tta_section][vc_tta_section title=\u00bb2do. Trimestre\u00bb tab_id=\u00bb1595613184970-d4920a78-72d3&#8243;][vc_column_text&hellip;","coauthors":[],"author_meta":{"author_link":"https:\/\/www.fresnillo.gob.mx\/transparencia\/author\/admin\/","display_name":"admin"},"relative_dates":{"created":"Publicado 7 a\u00f1os hace","modified":"Actualizado 1 a\u00f1o hace"},"absolute_dates":{"created":"Publicado el diciembre 17, 2018","modified":"Actualizado el marzo 11, 2025"},"absolute_dates_time":{"created":"Publicado el diciembre 17, 2018 5:16 pm","modified":"Actualizado el marzo 11, 2025 9:12 pm"},"featured_img_caption":"","featured_img":false,"series_order":"","_links":{"self":[{"href":"https:\/\/www.fresnillo.gob.mx\/transparencia\/wp-json\/wp\/v2\/pages\/9820","targetHints":{"allow":["GET"]}}],"collection":[{"href":"https:\/\/www.fresnillo.gob.mx\/transparencia\/wp-json\/wp\/v2\/pages"}],"about":[{"href":"https:\/\/www.fresnillo.gob.mx\/transparencia\/wp-json\/wp\/v2\/types\/page"}],"author":[{"embeddable":true,"href":"https:\/\/www.fresnillo.gob.mx\/transparencia\/wp-json\/wp\/v2\/users\/1"}],"replies":[{"embeddable":true,"href":"https:\/\/www.fresnillo.gob.mx\/transparencia\/wp-json\/wp\/v2\/comments?post=9820"}],"version-history":[{"count":3,"href":"https:\/\/www.fresnillo.gob.mx\/transparencia\/wp-json\/wp\/v2\/pages\/9820\/revisions"}],"predecessor-version":[{"id":72278,"href":"https:\/\/www.fresnillo.gob.mx\/transparencia\/wp-json\/wp\/v2\/pages\/9820\/revisions\/72278"}],"up":[{"embeddable":true,"href":"https:\/\/www.fresnillo.gob.mx\/transparencia\/wp-json\/wp\/v2\/pages\/9759"}],"wp:attachment":[{"href":"https:\/\/www.fresnillo.gob.mx\/transparencia\/wp-json\/wp\/v2\/media?parent=9820"}],"curies":[{"name":"wp","href":"https:\/\/api.w.org\/{rel}","templated":true}]}}