{"id":9823,"date":"2018-12-17T17:17:15","date_gmt":"2018-12-17T17:17:15","guid":{"rendered":"https:\/\/www.seguiremoshaciendohistoria.gob.mx\/?page_id=9823"},"modified":"2025-01-27T23:40:24","modified_gmt":"2025-01-27T23:40:24","slug":"xliii-ingresos-recibidos-por-cualquier-concepto-senalado-el-nombre-de-los-responsables-de-recibirlos-administrarlos-y-ejercerlos","status":"publish","type":"page","link":"https:\/\/www.fresnillo.gob.mx\/transparencia\/siapasf\/articulo-39\/xliii-ingresos-recibidos-por-cualquier-concepto-senalado-el-nombre-de-los-responsables-de-recibirlos-administrarlos-y-ejercerlos\/","title":{"rendered":"XLIII. Ingresos Recibidos por Cualquier Concepto Se\u00f1alado el Nombre de los Responsables de Recibirlos, Administrarlos y Ejercerlos"},"content":{"rendered":"<div class=\"wpb-content-wrapper\"><p>[vc_row][vc_column][vc_tta_tabs style=\u00bbmodern\u00bb shape=\u00bbround\u00bb color=\u00bbblue\u00bb alignment=\u00bbcenter\u00bb active_section=\u00bb1&#8243; no_fill_content_area=\u00bbtrue\u00bb title=\u00bb2017&#8243;][vc_tta_section title=\u00bb3er. Trimestre\u00bb tab_id=\u00bb1613491502716-e54ccd6b-d1ec\u00bb][vc_column_text]<\/p>\n<ul>\n<li><span style=\"color: #3366ff;\"><strong><a style=\"color: #3366ff;\" href=\"https:\/\/www.fresnillo.gob.mx\/wp-content\/uploads\/2018\/12\/INGRESOS-RECIBIDOS-JUL-SEPTIEMBRE-2017.pdf\">Ingresos Recibidos<\/a><\/strong><\/span><\/li>\n<\/ul>\n<p>[\/vc_column_text][\/vc_tta_section][vc_tta_section title=\u00bb4to. Trimestre\u00bb tab_id=\u00bb1613491502741-1af823d0-c7cc\u00bb][vc_column_text]<\/p>\n<ul>\n<li><span style=\"color: #3366ff;\"><strong><a style=\"color: #3366ff;\" href=\"https:\/\/www.fresnillo.gob.mx\/wp-content\/uploads\/2018\/12\/INGRESOS-RECIBIDOS-OCT-DICIEMBRE-2017.pdf\">Ingresos Recibidos<\/a><\/strong><\/span><\/li>\n<\/ul>\n<p>[\/vc_column_text][\/vc_tta_section][\/vc_tta_tabs][vc_tta_tabs style=\u00bbmodern\u00bb shape=\u00bbround\u00bb color=\u00bbblue\u00bb alignment=\u00bbcenter\u00bb active_section=\u00bb1&#8243; no_fill_content_area=\u00bbtrue\u00bb title=\u00bb2018&#8243;][vc_tta_section i_icon_fontawesome=\u00bbfa fa-usd\u00bb add_icon=\u00bbtrue\u00bb title=\u00bb1er. Trimestre\u00bb tab_id=\u00bb1545418924571-6cfaeb03-798e\u00bb][vc_column_text]<\/p>\n<ul>\n<li><span style=\"color: #3366ff;\"><strong><a style=\"color: #3366ff;\" href=\"https:\/\/www.fresnillo.gob.mx\/wp-content\/uploads\/2019\/01\/analitico_del_activo-1.pdf\">Reporte Anal\u00edtico del Activo<\/a><\/strong><\/span><\/li>\n<li><span style=\"color: #3366ff;\"><strong><a style=\"color: #3366ff;\" href=\"https:\/\/www.fresnillo.gob.mx\/wp-content\/uploads\/2019\/01\/analitico_del_pasivo-1.pdf\">Reporte Anal\u00edtico del Pasivo<\/a><\/strong><\/span><\/li>\n<li><span style=\"color: #3366ff;\"><strong><a style=\"color: #3366ff;\" href=\"https:\/\/www.fresnillo.gob.mx\/wp-content\/uploads\/2019\/01\/balanza_de_comprobacion_bancos.pdf\">Balanza de Comprobaci\u00f3n (Bancos)<\/a><\/strong><\/span><\/li>\n<li><span style=\"color: #3366ff;\"><strong><a style=\"color: #3366ff;\" href=\"https:\/\/www.fresnillo.gob.mx\/wp-content\/uploads\/2019\/01\/balanzacomprobacion.pdf\">Balanza de Comprobaci\u00f3n<\/a><\/strong><\/span><\/li>\n<li><span style=\"color: #3366ff;\"><strong><a style=\"color: #3366ff;\" href=\"https:\/\/www.fresnillo.gob.mx\/wp-content\/uploads\/2019\/01\/estado_analitico_del_ejercicio_del_presupuesto_de_egresos_con_clasificacion_administrativa.pdf\">Estado Anal\u00edtico del Ejercicio del Presupuesto de Egresos con Clasificaci\u00f3n Administrativa<\/a><\/strong><\/span><\/li>\n<li><span style=\"color: #3366ff;\"><strong><a style=\"color: #3366ff;\" href=\"https:\/\/www.fresnillo.gob.mx\/wp-content\/uploads\/2019\/01\/estado_analitico_del_ejercicio_del_presupuesto_de_egresos_con_clasificacion_economica.pdf\">Estado Anal\u00edtico del Ejercicio del Presupuesto de Egresos con Clasificaci\u00f3n Econ\u00f3mica<\/a><\/strong><\/span><\/li>\n<li><span style=\"color: #3366ff;\"><strong><a style=\"color: #3366ff;\" href=\"https:\/\/www.fresnillo.gob.mx\/wp-content\/uploads\/2019\/01\/estado_analitico_del_ejercicio_del_presupuesto_de_egresos_por_objeto_de_gasto.pdf\">Estado Anal\u00edtico del Ejercicio del Presupuesto de Egresos por objeto de Gastos<\/a><\/strong><\/span><\/li>\n<li><span style=\"color: #3366ff;\"><strong><a style=\"color: #3366ff;\" href=\"https:\/\/www.fresnillo.gob.mx\/wp-content\/uploads\/2019\/01\/estado_de_actividades-1.pdf\">Estado de Actividades<\/a><\/strong><\/span><\/li>\n<li><span style=\"color: #3366ff;\"><strong><a style=\"color: #3366ff;\" href=\"https:\/\/www.fresnillo.gob.mx\/wp-content\/uploads\/2019\/01\/estado_de_cambios_en_la_situacion_financiera-1.pdf\">Estado de Cambios en la Situaci\u00f3n Financiera<\/a><\/strong><\/span><\/li>\n<li><span style=\"color: #3366ff;\"><strong><a style=\"color: #3366ff;\" href=\"https:\/\/www.fresnillo.gob.mx\/wp-content\/uploads\/2019\/01\/estado_de_flujos_de_efectivo-1.pdf\">Estado de Flujo de Efectivo<\/a><\/strong><\/span><\/li>\n<li><span style=\"color: #3366ff;\"><strong><a style=\"color: #3366ff;\" href=\"https:\/\/www.fresnillo.gob.mx\/wp-content\/uploads\/2019\/01\/estado_de_origen_y_aplicacion_de_recursos-1.pdf\">Estado de Origen y Aplicaci\u00f3n de Recursos<\/a><\/strong><\/span><\/li>\n<li><span style=\"color: #3366ff;\"><strong><a style=\"color: #3366ff;\" href=\"https:\/\/www.fresnillo.gob.mx\/wp-content\/uploads\/2019\/01\/estado_de_resultados-1.pdf\">Estado de Resultados<\/a><\/strong><\/span><\/li>\n<li><span style=\"color: #3366ff;\"><strong><a style=\"color: #3366ff;\" href=\"https:\/\/www.fresnillo.gob.mx\/wp-content\/uploads\/2019\/01\/estado_de_situacion_financiera-1.pdf\">Estado de Situaci\u00f3n Financiera<\/a><\/strong><\/span><\/li>\n<li><span style=\"color: #3366ff;\"><strong><a style=\"color: #3366ff;\" href=\"https:\/\/www.fresnillo.gob.mx\/wp-content\/uploads\/2019\/01\/estado_de_variaciones_en_la_hacienda_publica-1.pdf\">Estado de Variaciones en la Hacienda P\u00fablica<\/a><\/strong><\/span><\/li>\n<li><span style=\"color: #3366ff;\"><strong><a style=\"color: #3366ff;\" href=\"https:\/\/www.fresnillo.gob.mx\/wp-content\/uploads\/2019\/01\/estado_del_ejercicio_del_presupuesto_de_egresos-1.pdf\">Estado del Ejercicio del Presupuesto de Egresos<\/a><\/strong><\/span><\/li>\n<li><span style=\"color: #3366ff;\"><strong><a style=\"color: #3366ff;\" href=\"https:\/\/www.fresnillo.gob.mx\/wp-content\/uploads\/2019\/01\/estado_sobre_el_ejercicio_de_los_ingresos-1.pdf\">Estado del Ejercicio del Presupuesto de Ingresos<\/a><\/strong><\/span><\/li>\n<\/ul>\n<p>[\/vc_column_text][\/vc_tta_section][vc_tta_section i_icon_fontawesome=\u00bbfa fa-usd\u00bb add_icon=\u00bbtrue\u00bb title=\u00bb2do. Trimestre\u00bb tab_id=\u00bb1545418953585-fcf3e883-2d7c\u00bb][vc_column_text]<\/p>\n<ul>\n<li><span style=\"color: #3366ff;\"><strong><a style=\"color: #3366ff;\" href=\"https:\/\/www.fresnillo.gob.mx\/wp-content\/uploads\/2018\/12\/INGRESOS-ABRIL-JUNIO-2018.pdf\">Ingresos<\/a><\/strong><\/span><\/li>\n<\/ul>\n<p>[\/vc_column_text][\/vc_tta_section][vc_tta_section i_icon_fontawesome=\u00bbfa fa-usd\u00bb add_icon=\u00bbtrue\u00bb title=\u00bb3er. Trimestre\u00bb tab_id=\u00bb1545418972306-8460430d-38ad\u00bb][vc_column_text]<\/p>\n<ul>\n<li><span style=\"color: #3366ff;\"><strong><a style=\"color: #3366ff;\" href=\"https:\/\/www.fresnillo.gob.mx\/wp-content\/uploads\/2018\/12\/INGRESOS-JULIO-SEPTIEMBRE-1.pdf\">Ingresos<\/a><\/strong><\/span><\/li>\n<\/ul>\n<p>[\/vc_column_text][\/vc_tta_section][vc_tta_section i_icon_fontawesome=\u00bbfa fa-usd\u00bb add_icon=\u00bbtrue\u00bb title=\u00bb4to. Trimestre\u00bb tab_id=\u00bb1545418994912-03e93252-0757&#8243;][vc_column_text]<\/p>\n<ul>\n<li><span style=\"color: #3366ff;\"><strong><a style=\"color: #3366ff;\" href=\"https:\/\/www.fresnillo.gob.mx\/wp-content\/uploads\/2019\/01\/INGRESOS-RECIBIDOS-OCT-DIC.pdf\">Ingresos<\/a><\/strong><\/span><\/li>\n<\/ul>\n<p>[\/vc_column_text][\/vc_tta_section][\/vc_tta_tabs][vc_tta_tabs style=\u00bbmodern\u00bb shape=\u00bbround\u00bb color=\u00bbblue\u00bb alignment=\u00bbcenter\u00bb active_section=\u00bb1&#8243; no_fill_content_area=\u00bbtrue\u00bb title=\u00bb2019&#8243;][vc_tta_section i_icon_fontawesome=\u00bbfa fa-usd\u00bb add_icon=\u00bbtrue\u00bb title=\u00bb1er. Trimestre\u00bb tab_id=\u00bb1560793910172-7535d49e-2aa1&#8243;][vc_column_text]<\/p>\n<ul>\n<li><strong><span style=\"color: #3366ff;\"><u>ANAL\u00cdTICO<\/u><\/span><a style=\"color: #3366ff;\" href=\"https:\/\/www.fresnillo.gob.mx\/wp-content\/uploads\/2019\/07\/ANALITICO-MENSUAL-DE-INGRESOS-ENERO-MARZO-2019.pdf\">\u00a0MENSUAL DE INGRESOS ENERO-MARZO 2019<\/a><\/strong><\/li>\n<\/ul>\n<p>[\/vc_column_text][\/vc_tta_section][vc_tta_section i_icon_fontawesome=\u00bbfa fa-usd\u00bb add_icon=\u00bbtrue\u00bb title=\u00bb2do. Trimestre\u00bb tab_id=\u00bb1560793910189-c0d13c84-5b31&#8243;][vc_column_text]<\/p>\n<ul>\n<li><span style=\"color: #3366ff;\"><b><u>ANAL\u00cdTICO<\/u><\/b><\/span><strong style=\"color: #3366ff;\"><a style=\"color: #3366ff;\" href=\"https:\/\/www.fresnillo.gob.mx\/wp-content\/uploads\/2019\/07\/ANALITICO-MENSUAL-DE-INGRESOS-ABRIL-JUNIO-2019.pdf\">\u00a0MENSUAL DE INGRESOS ABRIL-JUNIO 2019<\/a><\/strong><\/li>\n<\/ul>\n<p>[\/vc_column_text][\/vc_tta_section][vc_tta_section title=\u00bb3er. Trimestre\u00bb tab_id=\u00bb1571145867051-4f235ba4-3d23&#8243;][vc_column_text]<\/p>\n<ul>\n<li><span style=\"color: #3366ff;\"><strong><a style=\"color: #3366ff;\" href=\"https:\/\/www.fresnillo.gob.mx\/wp-content\/uploads\/2019\/10\/ANALITICO-MENSUAL-DE-INGRESOS-JULIO-SEPTIEMBRE.pdf\">ANALITICO MENSUAL DE INGRESOS JULIO-SEPTIEMBRE<\/a><\/strong><\/span><\/li>\n<\/ul>\n<p>[\/vc_column_text][\/vc_tta_section][vc_tta_section title=\u00bb4to. Trimestre\u00bb tab_id=\u00bb1579538138258-6eb0a855-1860&#8243;][vc_column_text]<\/p>\n<ul>\n<li><span style=\"color: #3366ff;\"><strong><a style=\"color: #3366ff;\" href=\"https:\/\/www.fresnillo.gob.mx\/wp-content\/uploads\/2020\/01\/ESTADO-ANALITICO-DE-INGRESOS.pdf\">ESTADO ANALITICO DE INGRESOS<\/a><\/strong><\/span><\/li>\n<\/ul>\n<p>[\/vc_column_text][\/vc_tta_section][\/vc_tta_tabs][vc_tta_tabs style=\u00bbmodern\u00bb shape=\u00bbround\u00bb color=\u00bbblue\u00bb alignment=\u00bbcenter\u00bb active_section=\u00bb1&#8243; no_fill_content_area=\u00bbtrue\u00bb title=\u00bb2020&#8243;][vc_tta_section title=\u00bb1er. Trimestre\u00bb tab_id=\u00bb1588865633843-72870ac0-f38d\u00bb][vc_column_text]<\/p>\n<ul>\n<li><span style=\"color: #3366ff;\"><strong><a style=\"color: #3366ff;\" href=\"https:\/\/www.fresnillo.gob.mx\/wp-content\/uploads\/2020\/05\/ESTADO-ANALITICO-DEL-PRESUPUESTO-DE-INGRESOS.pdf\">Estado An\u00e1litico del Presupuesto de Ingresos<\/a><\/strong><\/span><\/li>\n<\/ul>\n<p>[\/vc_column_text][\/vc_tta_section][vc_tta_section title=\u00bb2do. Trimestre\u00bb tab_id=\u00bb1595602816745-9e09193b-8da1&#8243;][vc_column_text]<\/p>\n<ul>\n<li><span style=\"color: #3366ff;\"><strong><a style=\"color: #3366ff;\" href=\"https:\/\/www.fresnillo.gob.mx\/wp-content\/uploads\/2020\/07\/ESTADO-ANALITICO-DE-INGRESOS-ABRIL-JUNIO.pdf\">ESTADO ANALITICO DE INGRESOS ABRIL-JUNIO<\/a><\/strong><\/span><\/li>\n<\/ul>\n<p>[\/vc_column_text][\/vc_tta_section][vc_tta_section title=\u00bb3er. Trimestre\u00bb tab_id=\u00bb1603215317614-087524ce-8c83&#8243;][vc_column_text]<\/p>\n<ul>\n<li><span style=\"color: #3366ff;\"><strong><a style=\"color: #3366ff;\" href=\"https:\/\/www.fresnillo.gob.mx\/wp-content\/uploads\/2020\/10\/ANALITICO-DEL-PRESUPUESTO-DE-INGRESOS-JULIO-SEPTIEMBRE.pdf\">ANALITICO DEL PRESUPUESTO DE INGRESOS JULIO-SEPTIEMBRE<\/a><\/strong><\/span><\/li>\n<\/ul>\n<p>[\/vc_column_text][\/vc_tta_section][vc_tta_section title=\u00bb4to. Trimestre\u00bb tab_id=\u00bb1611247444092-8ef938c9-407a\u00bb][vc_column_text]<\/p>\n<ul>\n<li><span style=\"color: #3366ff;\"><strong><a style=\"color: #3366ff;\" href=\"https:\/\/www.fresnillo.gob.mx\/wp-content\/uploads\/2021\/01\/ESTADO-ANALITICO-DE-INGRESOS-OCTUBRE-DICIEMBRE-2020.pdf\">ESTADO ANALITICO DE INGRESOS OCTUBRE-DICIEMBRE 2020<\/a><\/strong><\/span><\/li>\n<\/ul>\n<p>[\/vc_column_text][\/vc_tta_section][\/vc_tta_tabs][\/vc_column][\/vc_row][vc_row][vc_column][vc_tta_tabs active_section=\u00bb1&#8243; title=\u00bb2021&#8243;][vc_tta_section title=\u00bb1er. Trimestre\u00bb tab_id=\u00bb1619547838866-1f22e784-c035&#8243;][vc_column_text]<\/p>\n<ul>\n<li><strong><span style=\"color: #3366ff;\"><span style=\"color: #3366ff;\"><u>Anal\u00edtico<\/u><\/span><a style=\"color: #3366ff;\" href=\"https:\/\/www.fresnillo.gob.mx\/wp-content\/uploads\/2021\/04\/AnaliticoPresupuestoIngresos.pdf\"> Presupuesto Ingresos<\/a><\/span><\/strong><\/li>\n<\/ul>\n<p>[\/vc_column_text][\/vc_tta_section][vc_tta_section title=\u00bb2do. Trimestre\u00bb tab_id=\u00bb1626884192311-baeeedff-d201&#8243;][vc_column_text]<\/p>\n<ul>\n<li><span style=\"color: #3366ff;\"><strong><a style=\"color: #3366ff;\" href=\"https:\/\/www.fresnillo.gob.mx\/wp-content\/uploads\/2021\/07\/ESTADO-ANALITICO-DEL-PRESUPUESTO-DE-INGRESOS.pdf\">ESTADO ANALITICO DEL PRESUPUESTO DE INGRESOS<\/a><\/strong><\/span><\/li>\n<\/ul>\n<p>[\/vc_column_text][\/vc_tta_section][vc_tta_section title=\u00bb3er. Trimestre\u00bb tab_id=\u00bb1634049758911-c57d22c6-a249&#8243;][vc_column_text]<\/p>\n<ul>\n<li><span style=\"color: #3366ff;\"><strong><a style=\"color: #3366ff;\" href=\"https:\/\/www.fresnillo.gob.mx\/wp-content\/uploads\/2021\/10\/ESTADO-ANALITICO-DE-INGRESOS.pdf\">ESTADO ANALITICO DE INGRESOS<\/a><\/strong><\/span><\/li>\n<\/ul>\n<p>[\/vc_column_text][\/vc_tta_section][vc_tta_section title=\u00bb4to. Trimestre\u00bb tab_id=\u00bb1643037492808-74d1d4d2-e500&#8243;][vc_column_text]<\/p>\n<ul>\n<li><span style=\"color: #3366ff;\"><strong><a style=\"color: #3366ff;\" href=\"https:\/\/www.fresnillo.gob.mx\/wp-content\/uploads\/2022\/01\/ESTADO-ANALITICO-DEL-PRESUPUESTO-DE-INGRESOS.pdf\">ESTADO ANALITICO DEL PRESUPUESTO DE INGRESOS<\/a><\/strong><\/span><\/li>\n<\/ul>\n<p>[\/vc_column_text][\/vc_tta_section][\/vc_tta_tabs][vc_tta_tabs active_section=\u00bb1&#8243; title=\u00bb2022&#8243;][vc_tta_section title=\u00bb1er. Trimestre\u00bb tab_id=\u00bb1649087792725-3630e4b2-7a94&#8243;][vc_column_text]<span style=\"color: #33cccc;\"><strong>PRIMER TRIMESTRE 2022<\/strong><\/span><\/p>\n<p><a href=\"https:\/\/www.fresnillo.gob.mx\/wp-content\/uploads\/2022\/04\/ESTADO-ANALITICO-DE-INGRESOS.pdf\"><strong><span style=\"color: #33cccc;\">ESTADO ANALITICO DE INGRESOS<\/span><\/strong><\/a>[\/vc_column_text][\/vc_tta_section][vc_tta_section title=\u00bb2do. Trimestre 2022&#8243; tab_id=\u00bb1658418666652-75e09e23-5f16&#8243;][\/vc_tta_section][vc_tta_section title=\u00bb3ER. Trimestre 2022&#8243; tab_id=\u00bb1666020656713-52055452-6e58&#8243;][vc_column_text]<a href=\"https:\/\/www.fresnillo.gob.mx\/wp-content\/uploads\/2022\/10\/ESTADO-ANALITICO-DEL-PRESUPUESTO-DE-INGRESOS.pdf\">ESTADO ANALITICO DEL PRESUPUESTO DE INGRESOS<\/a>[\/vc_column_text][\/vc_tta_section][vc_tta_section title=\u00bb4to Trimestre 2022&#8243; tab_id=\u00bb1674584259864-c686ebe5-8d05&#8243;][vc_column_text]<a href=\"https:\/\/www.fresnillo.gob.mx\/wp-content\/uploads\/2023\/01\/ANALITICO-DEL-PRESUPUESTO-DE-INGRESOS.pdf\">ANALITICO DEL PRESUPUESTO DE INGRESOS<\/a>[\/vc_column_text][\/vc_tta_section][\/vc_tta_tabs][vc_column_text]<a href=\"https:\/\/www.fresnillo.gob.mx\/wp-content\/uploads\/2022\/07\/PRESUPUESTO-DE-INGRESOS.pdf\">PRESUPUESTO DE INGRESOS<\/a>[\/vc_column_text][\/vc_column][\/vc_row][vc_row][vc_column][vc_column_text]<\/p>\n<h1><strong>EJERCICIO 2023.<\/strong><\/h1>\n<p>PRIMER TRIMESTERE<\/p>\n<p><a href=\"https:\/\/www.fresnillo.gob.mx\/wp-content\/uploads\/2023\/04\/ESTADO-ANALITICO-DEL-PRESUPUESTO-DE-INGRESOS.pdf\">ESTADO ANALITICO DEL PRESUPUESTO DE INGRESOS<\/a><\/p>\n<h1><strong>SEGUNDO TRIMESTRE 2023<\/strong><\/h1>\n<p><a href=\"https:\/\/www.fresnillo.gob.mx\/wp-content\/uploads\/2023\/07\/ESTADO-ANALITICO-DEL-PRESUPUESTO-DE-INGRESOS.pdf\">ESTADO ANALITICO DEL PRESUPUESTO DE INGRESOS<\/a><\/p>\n<h1><strong>TERCER TRIMESTRE 2023<\/strong><\/h1>\n<p><a href=\"https:\/\/www.fresnillo.gob.mx\/wp-content\/uploads\/2023\/10\/ESTADO-ANALITICO-DEL-PRESUPUESTO-DE-INGRESOS.pdf\">ESTADO ANALITICO DEL PRESUPUESTO DE INGRESOS<\/a><\/p>\n<h1><strong>CUARTO TRIMESTRE 2023<\/strong><\/h1>\n<p><a href=\"https:\/\/www.fresnillo.gob.mx\/wp-content\/uploads\/2024\/01\/ESTADO-ANALITICO-DEL-PRESUPUESTO-DE-INGRESOS.pdf\">ESTADO ANALITICO DEL PRESUPUESTO DE INGRESOS<\/a>[\/vc_column_text][\/vc_column][\/vc_row][vc_row][vc_column][vc_column_text css=\u00bb\u00bb]<\/p>\n<h1>EJERCICIO 2024<\/h1>\n<p>PRIMER TRIMESTRE 2024<\/p>\n<p><a href=\"https:\/\/www.fresnillo.gob.mx\/wp-content\/uploads\/2024\/04\/ESTADO-ANALITICO-DE-INGRESOS.pdf\">ESTADO ANALITICO DE INGRESOS<\/a><\/p>\n<p>SEGUNDO TRIMESTRE 2024<\/p>\n<p><a href=\"https:\/\/www.fresnillo.gob.mx\/wp-content\/uploads\/2024\/07\/ESTADO-ANALITICO-DEL-PRESUPUESTO-DE-INGRESOS.pdf\">ESTADO ANALITICO DEL PRESUPUESTO DE INGRESOS<\/a><\/p>\n<p>TRECER TRIMESTRE 2024<\/p>\n<p><a href=\"https:\/\/www.fresnillo.gob.mx\/wp-content\/uploads\/2024\/10\/ESTADO-ANALITICO-DE-LOS-INGRESOS-1.pdf\">ESTADO ANALITICO DE LOS INGRESOS<\/a><\/p>\n<p>CUARTO TRIMESTRE 2024<\/p>\n<p><a href=\"https:\/\/www.fresnillo.gob.mx\/transparencia\/wp-content\/uploads\/2025\/01\/ANALITICO-DE-INGRESOS-OCTUBRE-DICIEMBRE-2024.pdf\">ANALITICO DE INGRESOS OCTUBRE-DICIEMBRE 2024<\/a>[\/vc_column_text][\/vc_column][\/vc_row]<\/p>\n<\/div>","protected":false},"excerpt":{"rendered":"<p>[vc_row][vc_column][vc_tta_tabs style=\u00bbmodern\u00bb shape=\u00bbround\u00bb color=\u00bbblue\u00bb alignment=\u00bbcenter\u00bb active_section=\u00bb1&#8243; no_fill_content_area=\u00bbtrue\u00bb title=\u00bb2017&#8243;][vc_tta_section title=\u00bb3er. Trimestre\u00bb tab_id=\u00bb1613491502716-e54ccd6b-d1ec\u00bb][vc_column_text] Ingresos Recibidos [\/vc_column_text][\/vc_tta_section][vc_tta_section title=\u00bb4to. Trimestre\u00bb tab_id=\u00bb1613491502741-1af823d0-c7cc\u00bb][vc_column_text] Ingresos Recibidos [\/vc_column_text][\/vc_tta_section][\/vc_tta_tabs][vc_tta_tabs style=\u00bbmodern\u00bb shape=\u00bbround\u00bb color=\u00bbblue\u00bb alignment=\u00bbcenter\u00bb active_section=\u00bb1&#8243; no_fill_content_area=\u00bbtrue\u00bb title=\u00bb2018&#8243;][vc_tta_section i_icon_fontawesome=\u00bbfa fa-usd\u00bb add_icon=\u00bbtrue\u00bb title=\u00bb1er. Trimestre\u00bb tab_id=\u00bb1545418924571-6cfaeb03-798e\u00bb][vc_column_text] Reporte Anal\u00edtico del Activo Reporte Anal\u00edtico del Pasivo Balanza de Comprobaci\u00f3n (Bancos) Balanza de Comprobaci\u00f3n Estado Anal\u00edtico del Ejercicio del Presupuesto de [&hellip;]<\/p>\n","protected":false},"author":1,"featured_media":0,"parent":9759,"menu_order":104,"comment_status":"closed","ping_status":"closed","template":"page-templates\/template-articulos-siapasf.php","meta":{"_uag_custom_page_level_css":"","advgb_blocks_editor_width":"","advgb_blocks_columns_visual_guide":"","footnotes":""},"class_list":["post-9823","page","type-page","status-publish","hentry"],"uagb_featured_image_src":{"full":false,"thumbnail":false,"medium":false,"medium_large":false,"large":false,"1536x1536":false,"2048x2048":false},"uagb_author_info":{"display_name":"admin","author_link":"https:\/\/www.fresnillo.gob.mx\/transparencia\/author\/admin\/"},"uagb_comment_info":0,"uagb_excerpt":"[vc_row][vc_column][vc_tta_tabs style=\u00bbmodern\u00bb shape=\u00bbround\u00bb color=\u00bbblue\u00bb alignment=\u00bbcenter\u00bb active_section=\u00bb1&#8243; no_fill_content_area=\u00bbtrue\u00bb title=\u00bb2017&#8243;][vc_tta_section title=\u00bb3er. Trimestre\u00bb tab_id=\u00bb1613491502716-e54ccd6b-d1ec\u00bb][vc_column_text] Ingresos Recibidos [\/vc_column_text][\/vc_tta_section][vc_tta_section title=\u00bb4to. Trimestre\u00bb tab_id=\u00bb1613491502741-1af823d0-c7cc\u00bb][vc_column_text] Ingresos Recibidos [\/vc_column_text][\/vc_tta_section][\/vc_tta_tabs][vc_tta_tabs style=\u00bbmodern\u00bb shape=\u00bbround\u00bb color=\u00bbblue\u00bb alignment=\u00bbcenter\u00bb active_section=\u00bb1&#8243; no_fill_content_area=\u00bbtrue\u00bb title=\u00bb2018&#8243;][vc_tta_section i_icon_fontawesome=\u00bbfa fa-usd\u00bb add_icon=\u00bbtrue\u00bb title=\u00bb1er. Trimestre\u00bb tab_id=\u00bb1545418924571-6cfaeb03-798e\u00bb][vc_column_text] Reporte Anal\u00edtico del Activo Reporte Anal\u00edtico del Pasivo Balanza de Comprobaci\u00f3n (Bancos) Balanza de Comprobaci\u00f3n Estado Anal\u00edtico del Ejercicio del Presupuesto de&hellip;","coauthors":[],"author_meta":{"author_link":"https:\/\/www.fresnillo.gob.mx\/transparencia\/author\/admin\/","display_name":"admin"},"relative_dates":{"created":"Publicado 7 a\u00f1os hace","modified":"Actualizado 1 a\u00f1o hace"},"absolute_dates":{"created":"Publicado el diciembre 17, 2018","modified":"Actualizado el enero 27, 2025"},"absolute_dates_time":{"created":"Publicado el diciembre 17, 2018 5:17 pm","modified":"Actualizado el enero 27, 2025 11:40 pm"},"featured_img_caption":"","featured_img":false,"series_order":"","_links":{"self":[{"href":"https:\/\/www.fresnillo.gob.mx\/transparencia\/wp-json\/wp\/v2\/pages\/9823","targetHints":{"allow":["GET"]}}],"collection":[{"href":"https:\/\/www.fresnillo.gob.mx\/transparencia\/wp-json\/wp\/v2\/pages"}],"about":[{"href":"https:\/\/www.fresnillo.gob.mx\/transparencia\/wp-json\/wp\/v2\/types\/page"}],"author":[{"embeddable":true,"href":"https:\/\/www.fresnillo.gob.mx\/transparencia\/wp-json\/wp\/v2\/users\/1"}],"replies":[{"embeddable":true,"href":"https:\/\/www.fresnillo.gob.mx\/transparencia\/wp-json\/wp\/v2\/comments?post=9823"}],"version-history":[{"count":2,"href":"https:\/\/www.fresnillo.gob.mx\/transparencia\/wp-json\/wp\/v2\/pages\/9823\/revisions"}],"predecessor-version":[{"id":70770,"href":"https:\/\/www.fresnillo.gob.mx\/transparencia\/wp-json\/wp\/v2\/pages\/9823\/revisions\/70770"}],"up":[{"embeddable":true,"href":"https:\/\/www.fresnillo.gob.mx\/transparencia\/wp-json\/wp\/v2\/pages\/9759"}],"wp:attachment":[{"href":"https:\/\/www.fresnillo.gob.mx\/transparencia\/wp-json\/wp\/v2\/media?parent=9823"}],"curies":[{"name":"wp","href":"https:\/\/api.w.org\/{rel}","templated":true}]}}